{"id":10113,"date":"2023-03-21T14:10:53","date_gmt":"2023-03-21T13:10:53","guid":{"rendered":"http:\/\/webwp.igme.es\/pruebaigme\/?page_id=10113"},"modified":"2023-04-12T13:59:22","modified_gmt":"2023-04-12T11:59:22","slug":"sistema-de-informacion-documental","status":"publish","type":"page","link":"https:\/\/webwp.igme.es\/pruebaigme\/en\/data-and-maps\/sistema-de-informacion-documental\/","title":{"rendered":"Documentary Information System"},"content":{"rendered":"\t\t<div data-elementor-type=\"wp-page\" data-elementor-id=\"10113\" class=\"elementor elementor-10113\" data-elementor-post-type=\"page\">\n\t\t\t\t\t\t<section class=\"elementor-section elementor-top-section elementor-element elementor-element-35fe6d0 elementor-section-height-min-height elementor-section-boxed elementor-section-height-default elementor-section-items-middle\" data-id=\"35fe6d0\" data-element_type=\"section\" data-settings=\"{&quot;jet_parallax_layout_list&quot;:[],&quot;background_background&quot;:&quot;classic&quot;,&quot;background_motion_fx_motion_fx_scrolling&quot;:&quot;yes&quot;,&quot;background_motion_fx_translateY_effect&quot;:&quot;yes&quot;,&quot;background_motion_fx_translateY_speed&quot;:{&quot;unit&quot;:&quot;px&quot;,&quot;size&quot;:4,&quot;sizes&quot;:[]},&quot;background_motion_fx_translateY_affectedRange&quot;:{&quot;unit&quot;:&quot;%&quot;,&quot;size&quot;:&quot;&quot;,&quot;sizes&quot;:{&quot;start&quot;:0,&quot;end&quot;:100}},&quot;background_motion_fx_devices&quot;:[&quot;desktop&quot;,&quot;tablet&quot;,&quot;mobile_extra&quot;,&quot;mobile&quot;]}\">\n\t\t\t\t\t\t<div class=\"elementor-container elementor-column-gap-default\">\n\t\t\t\t\t<div class=\"elementor-column elementor-col-100 elementor-top-column elementor-element elementor-element-c9b4905\" data-id=\"c9b4905\" data-element_type=\"column\">\n\t\t\t<div class=\"elementor-widget-wrap elementor-element-populated\">\n\t\t\t\t\t\t<div class=\"elementor-element elementor-element-99c4220 elementor-widget__width-initial elementor-widget elementor-widget-heading\" data-id=\"99c4220\" data-element_type=\"widget\" data-widget_type=\"heading.default\">\n\t\t\t\t<div class=\"elementor-widget-container\">\n\t\t\t<style>\/*! elementor - v3.19.0 - 07-02-2024 *\/\n.elementor-heading-title{padding:0;margin:0;line-height:1}.elementor-widget-heading .elementor-heading-title[class*=elementor-size-]>a{color:inherit;font-size:inherit;line-height:inherit}.elementor-widget-heading .elementor-heading-title.elementor-size-small{font-size:15px}.elementor-widget-heading .elementor-heading-title.elementor-size-medium{font-size:19px}.elementor-widget-heading .elementor-heading-title.elementor-size-large{font-size:29px}.elementor-widget-heading .elementor-heading-title.elementor-size-xl{font-size:39px}.elementor-widget-heading .elementor-heading-title.elementor-size-xxl{font-size:59px}<\/style><h2 class=\"elementor-heading-title elementor-size-default\">Documentary Information System- SID<\/h2>\t\t<\/div>\n\t\t\t\t<\/div>\n\t\t\t\t\t<\/div>\n\t\t<\/div>\n\t\t\t\t\t<\/div>\n\t\t<\/section>\n\t\t\t\t<section class=\"elementor-section elementor-top-section elementor-element elementor-element-1d62974 elementor-section-boxed elementor-section-height-default elementor-section-height-default\" data-id=\"1d62974\" data-element_type=\"section\" data-settings=\"{&quot;jet_parallax_layout_list&quot;:[]}\">\n\t\t\t\t\t\t<div class=\"elementor-container elementor-column-gap-default\">\n\t\t\t\t\t<div class=\"elementor-column elementor-col-100 elementor-top-column elementor-element elementor-element-f1522c3\" data-id=\"f1522c3\" data-element_type=\"column\">\n\t\t\t<div class=\"elementor-widget-wrap elementor-element-populated\">\n\t\t\t\t\t\t<div class=\"elementor-element elementor-element-49b4597 elementor-widget elementor-widget-spacer\" data-id=\"49b4597\" data-element_type=\"widget\" data-widget_type=\"spacer.default\">\n\t\t\t\t<div class=\"elementor-widget-container\">\n\t\t\t<style>\/*! elementor - v3.19.0 - 07-02-2024 *\/\n.elementor-column .elementor-spacer-inner{height:var(--spacer-size)}.e-con{--container-widget-width:100%}.e-con-inner>.elementor-widget-spacer,.e-con>.elementor-widget-spacer{width:var(--container-widget-width,var(--spacer-size));--align-self:var(--container-widget-align-self,initial);--flex-shrink:0}.e-con-inner>.elementor-widget-spacer>.elementor-widget-container,.e-con>.elementor-widget-spacer>.elementor-widget-container{height:100%;width:100%}.e-con-inner>.elementor-widget-spacer>.elementor-widget-container>.elementor-spacer,.e-con>.elementor-widget-spacer>.elementor-widget-container>.elementor-spacer{height:100%}.e-con-inner>.elementor-widget-spacer>.elementor-widget-container>.elementor-spacer>.elementor-spacer-inner,.e-con>.elementor-widget-spacer>.elementor-widget-container>.elementor-spacer>.elementor-spacer-inner{height:var(--container-widget-height,var(--spacer-size))}.e-con-inner>.elementor-widget-spacer.elementor-widget-empty,.e-con>.elementor-widget-spacer.elementor-widget-empty{position:relative;min-height:22px;min-width:22px}.e-con-inner>.elementor-widget-spacer.elementor-widget-empty .elementor-widget-empty-icon,.e-con>.elementor-widget-spacer.elementor-widget-empty .elementor-widget-empty-icon{position:absolute;top:0;bottom:0;left:0;right:0;margin:auto;padding:0;width:22px;height:22px}<\/style>\t\t<div class=\"elementor-spacer\">\n\t\t\t<div class=\"elementor-spacer-inner\"><\/div>\n\t\t<\/div>\n\t\t\t\t<\/div>\n\t\t\t\t<\/div>\n\t\t\t\t<div class=\"elementor-element elementor-element-37cef08 elementor-widget elementor-widget-text-editor\" data-id=\"37cef08\" data-element_type=\"widget\" data-widget_type=\"text-editor.default\">\n\t\t\t\t<div class=\"elementor-widget-container\">\n\t\t\t<style>\/*! elementor - v3.19.0 - 07-02-2024 *\/\n.elementor-widget-text-editor.elementor-drop-cap-view-stacked .elementor-drop-cap{background-color:#69727d;color:#fff}.elementor-widget-text-editor.elementor-drop-cap-view-framed .elementor-drop-cap{color:#69727d;border:3px solid;background-color:transparent}.elementor-widget-text-editor:not(.elementor-drop-cap-view-default) .elementor-drop-cap{margin-top:8px}.elementor-widget-text-editor:not(.elementor-drop-cap-view-default) .elementor-drop-cap-letter{width:1em;height:1em}.elementor-widget-text-editor .elementor-drop-cap{float:left;text-align:center;line-height:1;font-size:50px}.elementor-widget-text-editor .elementor-drop-cap-letter{display:inline-block}<\/style>\t\t\t\t<p>Integra y pone a disposici\u00f3n de los usuarios los informes y documentos peri\u00f3dicos y no peri\u00f3dicos del Centro de Documentaci\u00f3n del IGME<span lang=\"es\">\u00a0y documentos de acceso libre de la Biblioteca del IGME.<\/span><\/p>\t\t\t\t\t\t<\/div>\n\t\t\t\t<\/div>\n\t\t\t\t\t<\/div>\n\t\t<\/div>\n\t\t\t\t\t<\/div>\n\t\t<\/section>\n\t\t\t\t<section class=\"elementor-section elementor-top-section elementor-element elementor-element-587db7b elementor-section-boxed elementor-section-height-default elementor-section-height-default\" data-id=\"587db7b\" data-element_type=\"section\" data-settings=\"{&quot;jet_parallax_layout_list&quot;:[]}\">\n\t\t\t\t\t\t<div class=\"elementor-container elementor-column-gap-default\">\n\t\t\t\t\t<div class=\"elementor-column elementor-col-50 elementor-top-column elementor-element elementor-element-d462b99\" data-id=\"d462b99\" data-element_type=\"column\">\n\t\t\t<div class=\"elementor-widget-wrap elementor-element-populated\">\n\t\t\t\t\t\t<div class=\"elementor-element elementor-element-5b35b75 elementor-widget elementor-widget-heading\" data-id=\"5b35b75\" data-element_type=\"widget\" data-widget_type=\"heading.default\">\n\t\t\t\t<div class=\"elementor-widget-container\">\n\t\t\t<h3 class=\"elementor-heading-title elementor-size-default\"><a href=\"https:\/\/www.igme.es\/sistemas_infor\/Sid\/ayudabiblio.htm\">Ayuda para consultas<\/a><\/h3>\t\t<\/div>\n\t\t\t\t<\/div>\n\t\t\t\t<div class=\"elementor-element elementor-element-aa1fb57 elementor-widget elementor-widget-text-editor\" data-id=\"aa1fb57\" data-element_type=\"widget\" data-widget_type=\"text-editor.default\">\n\t\t\t\t<div class=\"elementor-widget-container\">\n\t\t\t\t\t\t\t<p style=\"text-align: center;\">Ayuda sobre c\u00f3mo consultar el SID. Monograf\u00edas sobre Ciencias de la Tierra en general (Informes del IGME, documentos peri\u00f3dicos y no peri\u00f3dicos, revistas,&#8230;) \u200b<\/p><p align=\"justify\">Para localizar los documentos\u00a0deber\u00eda rellenar, al menos, uno de los campos principales de b\u00fasqueda: T\u00edtulo,\u00a0Autor, Editor, etc. Aunque en el caso de los Informes, no hace falta\u00a0rellenar ning\u00fan campo ya que al pulsar\u00a0<strong><em>buscar<\/em><\/strong>,\u00a0 se buscan\u00a0todos los registros con Informes del IGME.\u00a0Para realizar la consulta, se puede utilizar uno o varios campos combin\u00e1ndolos con los operadores booleanos Y\/O\/NO, operadores que aparecen a la izquierda de los campos de texto. Puede seleccionar tambi\u00e9n el tipo de coincidencia seg\u00fan las siguientes opciones:<\/p><p align=\"justify\">a)\u00a0<strong><u>Cualquier parte del campo<\/u>,<\/strong>\u00a0obtendr\u00edamos el t\u00e9rmino de la consulta en cualquier posici\u00f3n del campo seleccionado.\u00a0<em>Ejemplo<\/em>\u00a0: Si se escribe \u00abagua\u00bb aparecer\u00e1 \u00abaguas\u00bb, \u00abaguado\u00bb&#8230;, etc.<\/p><p align=\"justify\">b)\u00a0\u00a0<strong><u>Comienzo del campo<\/u>,\u00a0<\/strong>recuperar\u00edamos del campo seleccionado todos los registros que contengan, el t\u00e9rmino al comienzo.\u00a0<em>Ejemplo<\/em>: Si se escribe \u00abtermal\u00bb aparecer\u00e1 \u00abhidrotermal\u00bb, \u00abtermales\u00bb&#8230;, etc<\/p><p align=\"justify\">c)\u00a0<strong><u>Hacer coincidir todo el campo<\/u>,\u00a0<\/strong>busca exactamente aquellos documentos que contengan, en el campo seleccionado, los t\u00e9rminos exactos tal y como han sido introducidos.\u00a0<em>Ejemplo<\/em>: Si se escribe \u00abBiolog\u00eda\u00bb aparecer\u00e1n los registros cuyo valor del campo sea \u00abBiolog\u00eda\u00bb pero no aparecer\u00e1n \u00abExobiologia\u00bb ni \u00abLa evolucion y la biologia molecular\u00bb.<\/p>\t\t\t\t\t\t<\/div>\n\t\t\t\t<\/div>\n\t\t\t\t\t<\/div>\n\t\t<\/div>\n\t\t\t\t<div class=\"elementor-column elementor-col-50 elementor-top-column elementor-element elementor-element-a8529d8\" data-id=\"a8529d8\" data-element_type=\"column\">\n\t\t\t<div class=\"elementor-widget-wrap elementor-element-populated\">\n\t\t\t\t\t\t<div class=\"elementor-element elementor-element-3e641e5 elementor-widget elementor-widget-image\" data-id=\"3e641e5\" data-element_type=\"widget\" data-widget_type=\"image.default\">\n\t\t\t\t<div class=\"elementor-widget-container\">\n\t\t\t<style>\/*! elementor - v3.19.0 - 07-02-2024 *\/\n.elementor-widget-image{text-align:center}.elementor-widget-image a{display:inline-block}.elementor-widget-image a img[src$=\".svg\"]{width:48px}.elementor-widget-image img{vertical-align:middle;display:inline-block}<\/style>\t\t\t\t\t\t\t\t\t\t\t<a href=\"https:\/\/www.igme.es\/sistemas_infor\/Sid\/ayudabiblio.htm\">\n\t\t\t\t\t\t\t<img fetchpriority=\"high\" decoding=\"async\" width=\"300\" height=\"222\" src=\"https:\/\/webwp.igme.es\/pruebaigme\/wp-content\/uploads\/2023\/02\/Imagen12-300x222.gif\" class=\"attachment-medium size-medium wp-image-7526\" alt=\"\" \/>\t\t\t\t\t\t\t\t<\/a>\n\t\t\t\t\t\t\t\t\t\t\t\t\t<\/div>\n\t\t\t\t<\/div>\n\t\t\t\t\t<\/div>\n\t\t<\/div>\n\t\t\t\t\t<\/div>\n\t\t<\/section>\n\t\t\t\t<section class=\"elementor-section elementor-top-section elementor-element elementor-element-b94a14d elementor-section-boxed elementor-section-height-default elementor-section-height-default\" data-id=\"b94a14d\" data-element_type=\"section\" data-settings=\"{&quot;jet_parallax_layout_list&quot;:[],&quot;background_background&quot;:&quot;classic&quot;}\">\n\t\t\t\t\t\t<div class=\"elementor-container elementor-column-gap-default\">\n\t\t\t\t\t<div class=\"elementor-column elementor-col-50 elementor-top-column elementor-element elementor-element-41fc98e\" data-id=\"41fc98e\" data-element_type=\"column\">\n\t\t\t<div class=\"elementor-widget-wrap elementor-element-populated\">\n\t\t\t\t\t\t<div class=\"elementor-element elementor-element-8e3e9ee elementor-widget elementor-widget-heading\" data-id=\"8e3e9ee\" data-element_type=\"widget\" data-widget_type=\"heading.default\">\n\t\t\t\t<div class=\"elementor-widget-container\">\n\t\t\t<h3 class=\"elementor-heading-title elementor-size-default\"><a href=\"https:\/\/info.igme.es\/sid\/\">Consulta tem\u00e1tica y espacial de informes<\/a><\/h3>\t\t<\/div>\n\t\t\t\t<\/div>\n\t\t\t\t<div class=\"elementor-element elementor-element-b0c77cf elementor-widget elementor-widget-text-editor\" data-id=\"b0c77cf\" data-element_type=\"widget\" data-widget_type=\"text-editor.default\">\n\t\t\t\t<div class=\"elementor-widget-container\">\n\t\t\t\t\t\t\t<p style=\"text-align: center;\">Ayuda sobre c\u00f3mo consultar el SID. Monograf\u00edas sobre Ciencias de la Tierra en general (Informes del IGME, documentos peri\u00f3dicos y no peri\u00f3dicos, revistas,&#8230;) \u200b<\/p>\t\t\t\t\t\t<\/div>\n\t\t\t\t<\/div>\n\t\t\t\t\t<\/div>\n\t\t<\/div>\n\t\t\t\t<div class=\"elementor-column elementor-col-50 elementor-top-column elementor-element elementor-element-f87f718\" data-id=\"f87f718\" data-element_type=\"column\">\n\t\t\t<div class=\"elementor-widget-wrap elementor-element-populated\">\n\t\t\t\t\t\t<div class=\"elementor-element elementor-element-070b129 elementor-widget elementor-widget-image\" data-id=\"070b129\" data-element_type=\"widget\" data-widget_type=\"image.default\">\n\t\t\t\t<div class=\"elementor-widget-container\">\n\t\t\t\t\t\t\t\t\t\t\t\t\t\t<a href=\"https:\/\/info.igme.es\/sid\/\">\n\t\t\t\t\t\t\t<img decoding=\"async\" width=\"300\" height=\"225\" src=\"https:\/\/webwp.igme.es\/pruebaigme\/wp-content\/uploads\/2023\/02\/biblioteca-IGME-300x225.jpg\" class=\"attachment-medium size-medium wp-image-7040\" alt=\"IGME Library lecture room picture.\" srcset=\"https:\/\/webwp.igme.es\/pruebaigme\/wp-content\/uploads\/2023\/02\/biblioteca-IGME-300x225.jpg 300w, https:\/\/webwp.igme.es\/pruebaigme\/wp-content\/uploads\/2023\/02\/biblioteca-IGME.webp 650w\" sizes=\"(max-width: 300px) 100vw, 300px\" \/>\t\t\t\t\t\t\t\t<\/a>\n\t\t\t\t\t\t\t\t\t\t\t\t\t<\/div>\n\t\t\t\t<\/div>\n\t\t\t\t\t<\/div>\n\t\t<\/div>\n\t\t\t\t\t<\/div>\n\t\t<\/section>\n\t\t\t\t<section class=\"elementor-section elementor-top-section elementor-element elementor-element-41b61ae elementor-section-boxed elementor-section-height-default elementor-section-height-default\" data-id=\"41b61ae\" data-element_type=\"section\" data-settings=\"{&quot;jet_parallax_layout_list&quot;:[]}\">\n\t\t\t\t\t\t<div class=\"elementor-container elementor-column-gap-default\">\n\t\t\t\t\t<div class=\"elementor-column elementor-col-50 elementor-top-column elementor-element elementor-element-c2df22b\" data-id=\"c2df22b\" data-element_type=\"column\">\n\t\t\t<div class=\"elementor-widget-wrap elementor-element-populated\">\n\t\t\t\t\t\t<div class=\"elementor-element elementor-element-14a6e72 elementor-widget elementor-widget-heading\" data-id=\"14a6e72\" data-element_type=\"widget\" data-widget_type=\"heading.default\">\n\t\t\t\t<div class=\"elementor-widget-container\">\n\t\t\t<h3 class=\"elementor-heading-title elementor-size-default\"><a href=\"http:\/\/info.igme.es\/ConsultaSID\/Index.asp\">Consulta de informes<\/a><\/h3>\t\t<\/div>\n\t\t\t\t<\/div>\n\t\t\t\t<div class=\"elementor-element elementor-element-86dc620 elementor-widget elementor-widget-text-editor\" data-id=\"86dc620\" data-element_type=\"widget\" data-widget_type=\"text-editor.default\">\n\t\t\t\t<div class=\"elementor-widget-container\">\n\t\t\t\t\t\t\t<p style=\"text-align: center;\">Informaci\u00f3n sobre Informes y Mapas del Centro de Documentaci\u00f3n<\/p>\t\t\t\t\t\t<\/div>\n\t\t\t\t<\/div>\n\t\t\t\t\t<\/div>\n\t\t<\/div>\n\t\t\t\t<div class=\"elementor-column elementor-col-50 elementor-top-column elementor-element elementor-element-972b7b2\" data-id=\"972b7b2\" data-element_type=\"column\">\n\t\t\t<div class=\"elementor-widget-wrap elementor-element-populated\">\n\t\t\t\t\t\t<div class=\"elementor-element elementor-element-42852b8 elementor-widget elementor-widget-image\" data-id=\"42852b8\" data-element_type=\"widget\" data-widget_type=\"image.default\">\n\t\t\t\t<div class=\"elementor-widget-container\">\n\t\t\t\t\t\t\t\t\t\t\t\t\t\t<a href=\"http:\/\/info.igme.es\/ConsultaSID\/Index.asp\">\n\t\t\t\t\t\t\t<img decoding=\"async\" width=\"300\" height=\"150\" src=\"https:\/\/webwp.igme.es\/pruebaigme\/wp-content\/uploads\/2023\/02\/biblioteca-scaled-e1701346170375-300x150.jpg\" class=\"attachment-medium size-medium wp-image-7111\" alt=\"Imagen de fondo de estanter\u00edas llenas de libros\" srcset=\"https:\/\/webwp.igme.es\/pruebaigme\/wp-content\/uploads\/2023\/02\/biblioteca-scaled-e1701346170375-300x150.jpg 300w, https:\/\/webwp.igme.es\/pruebaigme\/wp-content\/uploads\/2023\/02\/biblioteca-scaled-e1701346170375-1024x512.jpg 1024w, https:\/\/webwp.igme.es\/pruebaigme\/wp-content\/uploads\/2023\/02\/biblioteca-scaled-e1701346170375-768x384.jpg 768w, https:\/\/webwp.igme.es\/pruebaigme\/wp-content\/uploads\/2023\/02\/biblioteca-scaled-e1701346170375-1536x768.jpg 1536w, https:\/\/webwp.igme.es\/pruebaigme\/wp-content\/uploads\/2023\/02\/biblioteca-scaled-e1701346170375.webp 1920w, https:\/\/webwp.igme.es\/pruebaigme\/wp-content\/uploads\/2023\/02\/elementor\/thumbs\/biblioteca-scaled-e1701346170375-qjh9mu5oh3aw4eqb32klgd0newnzdzn5xnpurhcm1s.webp 800w\" sizes=\"(max-width: 300px) 100vw, 300px\" \/>\t\t\t\t\t\t\t\t<\/a>\n\t\t\t\t\t\t\t\t\t\t\t\t\t<\/div>\n\t\t\t\t<\/div>\n\t\t\t\t\t<\/div>\n\t\t<\/div>\n\t\t\t\t\t<\/div>\n\t\t<\/section>\n\t\t\t\t<section class=\"elementor-section elementor-top-section elementor-element elementor-element-ceb8f89 elementor-section-boxed elementor-section-height-default elementor-section-height-default\" data-id=\"ceb8f89\" data-element_type=\"section\" data-settings=\"{&quot;jet_parallax_layout_list&quot;:[],&quot;background_background&quot;:&quot;classic&quot;}\">\n\t\t\t\t\t\t<div class=\"elementor-container elementor-column-gap-default\">\n\t\t\t\t\t<div class=\"elementor-column elementor-col-50 elementor-top-column elementor-element elementor-element-d33a45f\" data-id=\"d33a45f\" data-element_type=\"column\">\n\t\t\t<div class=\"elementor-widget-wrap elementor-element-populated\">\n\t\t\t\t\t\t<div class=\"elementor-element elementor-element-416ed6b elementor-widget elementor-widget-heading\" data-id=\"416ed6b\" data-element_type=\"widget\" data-widget_type=\"heading.default\">\n\t\t\t\t<div class=\"elementor-widget-container\">\n\t\t\t<h3 class=\"elementor-heading-title elementor-size-default\"><a href=\"http:\/\/info.igme.es\/tesauro\/Default.aspx\">Tesauro IGME<\/a><\/h3>\t\t<\/div>\n\t\t\t\t<\/div>\n\t\t\t\t<div class=\"elementor-element elementor-element-7a52b3d elementor-widget elementor-widget-text-editor\" data-id=\"7a52b3d\" data-element_type=\"widget\" data-widget_type=\"text-editor.default\">\n\t\t\t\t<div class=\"elementor-widget-container\">\n\t\t\t\t\t\t\t<p style=\"text-align: center;\">Tesauro IGME de ciencias de la tierra<\/p>\t\t\t\t\t\t<\/div>\n\t\t\t\t<\/div>\n\t\t\t\t\t<\/div>\n\t\t<\/div>\n\t\t\t\t<div class=\"elementor-column elementor-col-50 elementor-top-column elementor-element elementor-element-1b4f184\" data-id=\"1b4f184\" data-element_type=\"column\">\n\t\t\t<div class=\"elementor-widget-wrap elementor-element-populated\">\n\t\t\t\t\t\t<div class=\"elementor-element elementor-element-f008772 elementor-widget elementor-widget-image\" data-id=\"f008772\" data-element_type=\"widget\" data-widget_type=\"image.default\">\n\t\t\t\t<div class=\"elementor-widget-container\">\n\t\t\t\t\t\t\t\t\t\t\t\t\t\t<a href=\"http:\/\/info.igme.es\/tesauro\/Default.aspx\">\n\t\t\t\t\t\t\t<img loading=\"lazy\" decoding=\"async\" width=\"300\" height=\"200\" src=\"https:\/\/webwp.igme.es\/pruebaigme\/wp-content\/uploads\/2023\/02\/pexels-george-milton-7034644-300x200.jpg\" class=\"attachment-medium size-medium wp-image-6407\" alt=\"\" srcset=\"https:\/\/webwp.igme.es\/pruebaigme\/wp-content\/uploads\/2023\/02\/pexels-george-milton-7034644-300x200.jpg 300w, https:\/\/webwp.igme.es\/pruebaigme\/wp-content\/uploads\/2023\/02\/pexels-george-milton-7034644-1024x683.jpg 1024w, https:\/\/webwp.igme.es\/pruebaigme\/wp-content\/uploads\/2023\/02\/pexels-george-milton-7034644-768x512.jpg 768w, https:\/\/webwp.igme.es\/pruebaigme\/wp-content\/uploads\/2023\/02\/pexels-george-milton-7034644-1536x1024.jpg 1536w, https:\/\/webwp.igme.es\/pruebaigme\/wp-content\/uploads\/2023\/02\/pexels-george-milton-7034644-scaled.webp 1920w\" sizes=\"(max-width: 300px) 100vw, 300px\" \/>\t\t\t\t\t\t\t\t<\/a>\n\t\t\t\t\t\t\t\t\t\t\t\t\t<\/div>\n\t\t\t\t<\/div>\n\t\t\t\t\t<\/div>\n\t\t<\/div>\n\t\t\t\t\t<\/div>\n\t\t<\/section>\n\t\t\t\t<\/div>\n\t\t","protected":false},"excerpt":{"rendered":"<p>Documentary Information System- SID Integra y pone a disposici\u00f3n de los usuarios los informes y documentos peri\u00f3dicos y no peri\u00f3dicos del Centro de Documentaci\u00f3n del IGME\u00a0y documentos de acceso libre de la Biblioteca del IGME. Ayuda para consultas Ayuda sobre c\u00f3mo consultar el SID. Monograf\u00edas sobre Ciencias de la Tierra en general (Informes del IGME,&#8230;<\/p>\n","protected":false},"author":3,"featured_media":0,"parent":6595,"menu_order":0,"comment_status":"closed","ping_status":"closed","template":"","meta":{"_kad_post_transparent":"","_kad_post_title":"hide","_kad_post_layout":"fullwidth","_kad_post_sidebar_id":"","_kad_post_content_style":"unboxed","_kad_post_vertical_padding":"hide","_kad_post_feature":"hide","_kad_post_feature_position":"","_kad_post_header":false,"_kad_post_footer":false,"footnotes":""},"aioseo_notices":[],"_links":{"self":[{"href":"https:\/\/webwp.igme.es\/pruebaigme\/wp-json\/wp\/v2\/pages\/10113"}],"collection":[{"href":"https:\/\/webwp.igme.es\/pruebaigme\/wp-json\/wp\/v2\/pages"}],"about":[{"href":"https:\/\/webwp.igme.es\/pruebaigme\/wp-json\/wp\/v2\/types\/page"}],"author":[{"embeddable":true,"href":"https:\/\/webwp.igme.es\/pruebaigme\/wp-json\/wp\/v2\/users\/3"}],"replies":[{"embeddable":true,"href":"https:\/\/webwp.igme.es\/pruebaigme\/wp-json\/wp\/v2\/comments?post=10113"}],"version-history":[{"count":8,"href":"https:\/\/webwp.igme.es\/pruebaigme\/wp-json\/wp\/v2\/pages\/10113\/revisions"}],"predecessor-version":[{"id":11582,"href":"https:\/\/webwp.igme.es\/pruebaigme\/wp-json\/wp\/v2\/pages\/10113\/revisions\/11582"}],"up":[{"embeddable":true,"href":"https:\/\/webwp.igme.es\/pruebaigme\/wp-json\/wp\/v2\/pages\/6595"}],"wp:attachment":[{"href":"https:\/\/webwp.igme.es\/pruebaigme\/wp-json\/wp\/v2\/media?parent=10113"}],"curies":[{"name":"wp","href":"https:\/\/api.w.org\/{rel}","templated":true}]}}