{"id":14883,"date":"2023-08-16T07:44:30","date_gmt":"2023-08-16T05:44:30","guid":{"rendered":"http:\/\/webwp.igme.es\/pruebaigme\/?page_id=14883"},"modified":"2024-02-07T22:27:42","modified_gmt":"2024-02-07T21:27:42","slug":"modulo-divulgativo-historia-de-la-tierra-y-de-la-vida","status":"publish","type":"page","link":"https:\/\/webwp.igme.es\/pruebaigme\/estacion-paleontologica-valle-del-rio-fardes\/modulo-divulgativo-historia-de-la-tierra-y-de-la-vida\/","title":{"rendered":"M\u00f3dulo divulgativo Historia de la Tierra y de la Vida"},"content":{"rendered":"\t\t<div data-elementor-type=\"wp-page\" data-elementor-id=\"14883\" class=\"elementor elementor-14883\" data-elementor-post-type=\"page\">\n\t\t\t\t\t\t<section class=\"elementor-section elementor-top-section elementor-element elementor-element-5fad943 elementor-section-boxed elementor-section-height-default elementor-section-height-default\" data-id=\"5fad943\" data-element_type=\"section\" data-settings=\"{&quot;jet_parallax_layout_list&quot;:[]}\">\n\t\t\t\t\t\t<div class=\"elementor-container elementor-column-gap-default\">\n\t\t\t\t\t<div class=\"elementor-column elementor-col-100 elementor-top-column elementor-element elementor-element-bf08b12\" data-id=\"bf08b12\" data-element_type=\"column\">\n\t\t\t<div class=\"elementor-widget-wrap elementor-element-populated\">\n\t\t\t\t\t\t<div class=\"elementor-element elementor-element-676d049 elementor-widget elementor-widget-heading\" data-id=\"676d049\" data-element_type=\"widget\" data-widget_type=\"heading.default\">\n\t\t\t\t<div class=\"elementor-widget-container\">\n\t\t\t<style>\/*! elementor - v3.19.0 - 07-02-2024 *\/\n.elementor-heading-title{padding:0;margin:0;line-height:1}.elementor-widget-heading .elementor-heading-title[class*=elementor-size-]>a{color:inherit;font-size:inherit;line-height:inherit}.elementor-widget-heading .elementor-heading-title.elementor-size-small{font-size:15px}.elementor-widget-heading .elementor-heading-title.elementor-size-medium{font-size:19px}.elementor-widget-heading .elementor-heading-title.elementor-size-large{font-size:29px}.elementor-widget-heading .elementor-heading-title.elementor-size-xl{font-size:39px}.elementor-widget-heading .elementor-heading-title.elementor-size-xxl{font-size:59px}<\/style><h5 class=\"elementor-heading-title elementor-size-default\">En la idea de complementar el discurso divulgativo, y de apoyo a la docencia, en la Estaci\u00f3n paleontol\u00f3gica Valle del r\u00edo Fardes hemos seleccionado contenidos, dise\u00f1ado e incluido un nuevo m\u00f3dulo divulgativo en la visita al Centro paleontol\u00f3gico Fonelas P-1: M\u00f3dulo divulgativo Historia de la Tierra y de la Vida.<\/h5>\t\t<\/div>\n\t\t\t\t<\/div>\n\t\t\t\t\t<\/div>\n\t\t<\/div>\n\t\t\t\t\t<\/div>\n\t\t<\/section>\n\t\t\t\t<section class=\"elementor-section elementor-top-section elementor-element elementor-element-cf787d6 elementor-section-boxed elementor-section-height-default elementor-section-height-default\" data-id=\"cf787d6\" data-element_type=\"section\" data-settings=\"{&quot;background_background&quot;:&quot;classic&quot;,&quot;jet_parallax_layout_list&quot;:[]}\">\n\t\t\t\t\t\t<div class=\"elementor-container elementor-column-gap-default\">\n\t\t\t\t\t<div class=\"elementor-column elementor-col-100 elementor-top-column elementor-element elementor-element-a3c0415\" data-id=\"a3c0415\" data-element_type=\"column\">\n\t\t\t<div class=\"elementor-widget-wrap elementor-element-populated\">\n\t\t\t\t\t\t<div class=\"elementor-element elementor-element-e69eae7 elementor-widget elementor-widget-text-editor\" data-id=\"e69eae7\" data-element_type=\"widget\" data-widget_type=\"text-editor.default\">\n\t\t\t\t<div class=\"elementor-widget-container\">\n\t\t\t<style>\/*! elementor - v3.19.0 - 07-02-2024 *\/\n.elementor-widget-text-editor.elementor-drop-cap-view-stacked .elementor-drop-cap{background-color:#69727d;color:#fff}.elementor-widget-text-editor.elementor-drop-cap-view-framed .elementor-drop-cap{color:#69727d;border:3px solid;background-color:transparent}.elementor-widget-text-editor:not(.elementor-drop-cap-view-default) .elementor-drop-cap{margin-top:8px}.elementor-widget-text-editor:not(.elementor-drop-cap-view-default) .elementor-drop-cap-letter{width:1em;height:1em}.elementor-widget-text-editor .elementor-drop-cap{float:left;text-align:center;line-height:1;font-size:50px}.elementor-widget-text-editor .elementor-drop-cap-letter{display:inline-block}<\/style>\t\t\t\t<p>Hasta ahora, en la visita a nuestras instalaciones, existen numerosos elementos de apoyo a la divulgaci\u00f3n focalizados en el Cuaternario.<\/p><p>Con este nuevo M\u00f3dulo, presentamos los elementos b\u00e1sicos en relaci\u00f3n con la Historia de la Tierra y de la Vida durante el Paleozoico, el Mesozoico y el Cenozoico; comenzando por el C\u00e1mbrico (hace 541 millones de a\u00f1os) y finalizando en el Plioceno (hace 2,58 millones de a\u00f1os), con el matiz final de la coexistencia de los \u00faltimos mastodontes del Plioceno (Anancus) con los primeros mamuts del Pleistoceno (Cuaternario; Mammuthus) hace 2.4 Ma en la Hoya de Guadix. Y, a partir de aqu\u00ed, se desarrollar\u00eda la visita est\u00e1ndar a los contenidos ya presentes sobre el Cuaternario en el Centro paleontol\u00f3gico Fonelas P-1.<\/p><p>Este conjunto expositivo consta de: 9 paneles (con la explicaci\u00f3n de las claves b\u00e1sicas sobre la evoluci\u00f3n y\/o los cambios de Tierra y de la Vida, de forma sint\u00e9tica y sencilla, desde el C\u00e1mbrico hasta el Plioceno) distribuidos en tres m\u00f3dulos de metal (Paleozoico, Mesozoico y Cenozoico), cada unos de los cuales tiene una r\u00e9plica exenta de un animal caracter\u00edstico (trilobite, Alosaurio y oso de las cavernas) y una gran urna de cristal integrada con originales y r\u00e9plicas de algunos de los seres vivos caracter\u00edsticos de cada Era.<\/p><p>Esta peque\u00f1a infraestructura todav\u00eda no es visitable, no est\u00e1 abierta al p\u00fablico, pues faltan por finalizar aspectos museogr\u00e1ficos y de control de acceso. En primavera del 2020 ya se podr\u00e1 visitar este nuevo m\u00f3dulo como parte de la visita a la Estaci\u00f3n paleontol\u00f3gica y Centro paleontol\u00f3gico Fonelas P-1 del IGME en Fonelas.<\/p><p>Con esta entrada vamos abriendo boca para el 2020, que sin duda ser\u00e1 un a\u00f1o estupendo en estas tierras.<\/p><p><strong>E<\/strong><b>sta actividad es fruto de la cooperaci\u00f3n entre la EPVRF del IGME y la Diputaci\u00f3n de Granada.<\/b><\/p>\t\t\t\t\t\t<\/div>\n\t\t\t\t<\/div>\n\t\t\t\t\t<\/div>\n\t\t<\/div>\n\t\t\t\t\t<\/div>\n\t\t<\/section>\n\t\t\t\t<section class=\"elementor-section elementor-top-section elementor-element elementor-element-6fa1fc4 elementor-section-boxed elementor-section-height-default elementor-section-height-default\" data-id=\"6fa1fc4\" data-element_type=\"section\" data-settings=\"{&quot;background_background&quot;:&quot;classic&quot;,&quot;jet_parallax_layout_list&quot;:[]}\">\n\t\t\t\t\t\t<div class=\"elementor-container elementor-column-gap-default\">\n\t\t\t\t\t<div class=\"elementor-column elementor-col-100 elementor-top-column elementor-element elementor-element-63097ee\" data-id=\"63097ee\" data-element_type=\"column\">\n\t\t\t<div class=\"elementor-widget-wrap elementor-element-populated\">\n\t\t\t\t\t\t<div class=\"elementor-element elementor-element-4e8ae83 elementor-widget elementor-widget-image\" data-id=\"4e8ae83\" data-element_type=\"widget\" data-widget_type=\"image.default\">\n\t\t\t\t<div class=\"elementor-widget-container\">\n\t\t\t<style>\/*! elementor - v3.19.0 - 07-02-2024 *\/\n.elementor-widget-image{text-align:center}.elementor-widget-image a{display:inline-block}.elementor-widget-image a img[src$=\".svg\"]{width:48px}.elementor-widget-image img{vertical-align:middle;display:inline-block}<\/style>\t\t\t\t\t\t\t\t\t\t\t<a href=\"https:\/\/webwp.igme.es\/pruebaigme\/wp-content\/uploads\/2023\/08\/Modulo_divulgativo_Historia_Tierra_Vida.jpg\" data-elementor-open-lightbox=\"yes\" data-elementor-lightbox-title=\"Estaci\u00f3n Paleontol\u00f3gica Valle del r\u00edo Fardes | Fonelas | EPVRF | Ruta geol\u00f3gica |  M\u00f3dulo divulgativo Historia de la Tierra y la Vida\" data-e-action-hash=\"#elementor-action%3Aaction%3Dlightbox%26settings%3DeyJpZCI6MTQ4ODUsInVybCI6Imh0dHBzOlwvXC93ZWJ3cC5pZ21lLmVzXC9wcnVlYmFpZ21lXC93cC1jb250ZW50XC91cGxvYWRzXC8yMDIzXC8wOFwvTW9kdWxvX2RpdnVsZ2F0aXZvX0hpc3RvcmlhX1RpZXJyYV9WaWRhLndlYnAifQ%3D%3D\">\n\t\t\t\t\t\t\t<img fetchpriority=\"high\" decoding=\"async\" width=\"934\" height=\"531\" src=\"https:\/\/webwp.igme.es\/pruebaigme\/wp-content\/uploads\/2023\/08\/Modulo_divulgativo_Historia_Tierra_Vida.webp\" class=\"attachment-large size-large wp-image-14885\" alt=\"Ruta geol\u00f3gica | M\u00f3dulo divulgativo Historia de la Tierra y la Vida\" srcset=\"https:\/\/webwp.igme.es\/pruebaigme\/wp-content\/uploads\/2023\/08\/Modulo_divulgativo_Historia_Tierra_Vida.webp 934w, https:\/\/webwp.igme.es\/pruebaigme\/wp-content\/uploads\/2023\/08\/Modulo_divulgativo_Historia_Tierra_Vida-300x171.jpg 300w, https:\/\/webwp.igme.es\/pruebaigme\/wp-content\/uploads\/2023\/08\/Modulo_divulgativo_Historia_Tierra_Vida-768x437.jpg 768w\" sizes=\"(max-width: 934px) 100vw, 934px\" \/>\t\t\t\t\t\t\t\t<\/a>\n\t\t\t\t\t\t\t\t\t\t\t\t\t<\/div>\n\t\t\t\t<\/div>\n\t\t\t\t\t<\/div>\n\t\t<\/div>\n\t\t\t\t\t<\/div>\n\t\t<\/section>\n\t\t\t\t<\/div>\n\t\t","protected":false},"excerpt":{"rendered":"<p>\/*! elementor &#8211; v3.17.0 &#8211; 08-11-2023 *\/ .elementor-heading-title{padding:0;margin:0;line-height:1}.elementor-widget-heading .elementor-heading-title[class*=elementor-size-]&gt;a{color:inherit;font-size:inherit;line-height:inherit}.elementor-widget-heading .elementor-heading-title.elementor-size-small{font-size:15px}.elementor-widget-heading .elementor-heading-title.elementor-size-medium{font-size:19px}.elementor-widget-heading .elementor-heading-title.elementor-size-large{font-size:29px}.elementor-widget-heading .elementor-heading-title.elementor-size-xl{font-size:39px}.elementor-widget-heading .elementor-heading-title.elementor-size-xxl{font-size:59px} En la idea de complementar el discurso divulgativo, y de apoyo a la docencia, en la Estaci\u00f3n paleontol\u00f3gica Valle del r\u00edo Fardes hemos seleccionado contenidos, dise\u00f1ado e incluido un nuevo m\u00f3dulo divulgativo en la visita al Centro paleontol\u00f3gico Fonelas P-1: M\u00f3dulo&#8230;<\/p>\n","protected":false},"author":18,"featured_media":14885,"parent":5369,"menu_order":0,"comment_status":"closed","ping_status":"closed","template":"","meta":{"_kad_post_transparent":"","_kad_post_title":"hide","_kad_post_layout":"fullwidth","_kad_post_sidebar_id":"","_kad_post_content_style":"unboxed","_kad_post_vertical_padding":"hide","_kad_post_feature":"hide","_kad_post_feature_position":"","_kad_post_header":false,"_kad_post_footer":false,"footnotes":""},"aioseo_notices":[],"_links":{"self":[{"href":"https:\/\/webwp.igme.es\/pruebaigme\/wp-json\/wp\/v2\/pages\/14883"}],"collection":[{"href":"https:\/\/webwp.igme.es\/pruebaigme\/wp-json\/wp\/v2\/pages"}],"about":[{"href":"https:\/\/webwp.igme.es\/pruebaigme\/wp-json\/wp\/v2\/types\/page"}],"author":[{"embeddable":true,"href":"https:\/\/webwp.igme.es\/pruebaigme\/wp-json\/wp\/v2\/users\/18"}],"replies":[{"embeddable":true,"href":"https:\/\/webwp.igme.es\/pruebaigme\/wp-json\/wp\/v2\/comments?post=14883"}],"version-history":[{"count":37,"href":"https:\/\/webwp.igme.es\/pruebaigme\/wp-json\/wp\/v2\/pages\/14883\/revisions"}],"predecessor-version":[{"id":33438,"href":"https:\/\/webwp.igme.es\/pruebaigme\/wp-json\/wp\/v2\/pages\/14883\/revisions\/33438"}],"up":[{"embeddable":true,"href":"https:\/\/webwp.igme.es\/pruebaigme\/wp-json\/wp\/v2\/pages\/5369"}],"wp:featuredmedia":[{"embeddable":true,"href":"https:\/\/webwp.igme.es\/pruebaigme\/wp-json\/wp\/v2\/media\/14885"}],"wp:attachment":[{"href":"https:\/\/webwp.igme.es\/pruebaigme\/wp-json\/wp\/v2\/media?parent=14883"}],"curies":[{"name":"wp","href":"https:\/\/api.w.org\/{rel}","templated":true}]}}