{"id":14960,"date":"2023-08-17T08:33:51","date_gmt":"2023-08-17T06:33:51","guid":{"rendered":"http:\/\/webwp.igme.es\/pruebaigme\/?page_id=14960"},"modified":"2024-03-08T08:18:53","modified_gmt":"2024-03-08T07:18:53","slug":"el-centro-paleontologico-fonelas-p-1","status":"publish","type":"page","link":"https:\/\/webwp.igme.es\/pruebaigme\/estacion-paleontologica-valle-del-rio-fardes\/el-centro-paleontologico-fonelas-p-1\/","title":{"rendered":"El Centro Paleontol\u00f3gico Fonelas P-1"},"content":{"rendered":"\t\t<div data-elementor-type=\"wp-page\" data-elementor-id=\"14960\" class=\"elementor elementor-14960\" data-elementor-post-type=\"page\">\n\t\t\t\t\t\t<section class=\"elementor-section elementor-top-section elementor-element elementor-element-71bb46f elementor-section-boxed elementor-section-height-default elementor-section-height-default\" data-id=\"71bb46f\" data-element_type=\"section\" data-settings=\"{&quot;jet_parallax_layout_list&quot;:[]}\">\n\t\t\t\t\t\t<div class=\"elementor-container elementor-column-gap-default\">\n\t\t\t\t\t<div class=\"elementor-column elementor-col-100 elementor-top-column elementor-element elementor-element-db69a67\" data-id=\"db69a67\" data-element_type=\"column\">\n\t\t\t<div class=\"elementor-widget-wrap elementor-element-populated\">\n\t\t\t\t\t\t<div class=\"elementor-element elementor-element-11dd057 elementor-widget elementor-widget-heading\" data-id=\"11dd057\" data-element_type=\"widget\" data-widget_type=\"heading.default\">\n\t\t\t\t<div class=\"elementor-widget-container\">\n\t\t\t<style>\/*! elementor - v3.19.0 - 07-02-2024 *\/\n.elementor-heading-title{padding:0;margin:0;line-height:1}.elementor-widget-heading .elementor-heading-title[class*=elementor-size-]>a{color:inherit;font-size:inherit;line-height:inherit}.elementor-widget-heading .elementor-heading-title.elementor-size-small{font-size:15px}.elementor-widget-heading .elementor-heading-title.elementor-size-medium{font-size:19px}.elementor-widget-heading .elementor-heading-title.elementor-size-large{font-size:29px}.elementor-widget-heading .elementor-heading-title.elementor-size-xl{font-size:39px}.elementor-widget-heading .elementor-heading-title.elementor-size-xxl{font-size:59px}<\/style><h5 class=\"elementor-heading-title elementor-size-default\">El Centro Paleontol\u00f3gico Fonelas P-1 nace como eje central de la Estaci\u00f3n paleontol\u00f3gica Valle del r\u00edo Fardes, dedicado al estudio e investigaci\u00f3n, divulgaci\u00f3n y docencia de la geolog\u00eda, en sus aspectos de paleontolog\u00eda, tafonom\u00eda, paleoecolog\u00eda y paleoclimatolog\u00eda, estratigraf\u00eda y sedimentolog\u00eda, siendo el yacimiento paleontol\u00f3gico de grandes mam\u00edferos cuaternarios de Fonelas P-1 el referente de estudio y transferencia de los distintos campos de actuaci\u00f3n.<\/h5>\t\t<\/div>\n\t\t\t\t<\/div>\n\t\t\t\t\t<\/div>\n\t\t<\/div>\n\t\t\t\t\t<\/div>\n\t\t<\/section>\n\t\t\t\t<section class=\"elementor-section elementor-top-section elementor-element elementor-element-38657c1 elementor-section-height-min-height elementor-section-boxed elementor-section-height-default elementor-section-items-middle\" data-id=\"38657c1\" data-element_type=\"section\" data-settings=\"{&quot;background_background&quot;:&quot;classic&quot;,&quot;jet_parallax_layout_list&quot;:[]}\">\n\t\t\t\t\t\t<div class=\"elementor-container elementor-column-gap-default\">\n\t\t\t\t\t<div class=\"elementor-column elementor-col-33 elementor-top-column elementor-element elementor-element-bede162\" data-id=\"bede162\" data-element_type=\"column\" data-settings=\"{&quot;background_background&quot;:&quot;slideshow&quot;,&quot;background_slideshow_gallery&quot;:[{&quot;id&quot;:15106,&quot;url&quot;:&quot;http:\\\/\\\/webwp.igme.es\\\/pruebaigme\\\/wp-content\\\/uploads\\\/2023\\\/08\\\/10520718_756778644373457_4558411264369266209_n.webp&quot;},{&quot;id&quot;:15105,&quot;url&quot;:&quot;http:\\\/\\\/webwp.igme.es\\\/pruebaigme\\\/wp-content\\\/uploads\\\/2023\\\/08\\\/457862_377645282286797_1043403113_o.jpg&quot;},{&quot;id&quot;:15080,&quot;url&quot;:&quot;http:\\\/\\\/webwp.igme.es\\\/pruebaigme\\\/wp-content\\\/uploads\\\/2023\\\/08\\\/Acinonyx-pardinensis.webp&quot;},{&quot;id&quot;:15072,&quot;url&quot;:&quot;http:\\\/\\\/webwp.igme.es\\\/pruebaigme\\\/wp-content\\\/uploads\\\/2023\\\/08\\\/Mammuthus-meridionalis.webp&quot;},{&quot;id&quot;:15075,&quot;url&quot;:&quot;http:\\\/\\\/webwp.igme.es\\\/pruebaigme\\\/wp-content\\\/uploads\\\/2023\\\/08\\\/Gazellospira-torticornis-hispanica.webp&quot;}],&quot;background_slideshow_loop&quot;:&quot;yes&quot;,&quot;background_slideshow_slide_duration&quot;:5000,&quot;background_slideshow_slide_transition&quot;:&quot;fade&quot;,&quot;background_slideshow_transition_duration&quot;:500}\">\n\t\t\t<div class=\"elementor-widget-wrap elementor-element-populated\">\n\t\t\t\t\t\t<div class=\"elementor-element elementor-element-e5be20c elementor-widget elementor-widget-heading\" data-id=\"e5be20c\" data-element_type=\"widget\" data-widget_type=\"heading.default\">\n\t\t\t\t<div class=\"elementor-widget-container\">\n\t\t\t<h1 class=\"elementor-heading-title elementor-size-small\">Investigaci\u00f3n<\/h1>\t\t<\/div>\n\t\t\t\t<\/div>\n\t\t\t\t<div class=\"elementor-element elementor-element-57fd841 elementor-align-center elementor-widget elementor-widget-button\" data-id=\"57fd841\" data-element_type=\"widget\" data-widget_type=\"button.default\">\n\t\t\t\t<div class=\"elementor-widget-container\">\n\t\t\t\t\t<div class=\"elementor-button-wrapper\">\n\t\t\t<a class=\"elementor-button elementor-button-link elementor-size-xs\" href=\"https:\/\/webwp.igme.es\/pruebaigme\/estacion-paleontologica-valle-del-rio-fardes\/el-centro-paleontologico-fonelas-p-1\/investigacion\/\">\n\t\t\t\t\t\t<span class=\"elementor-button-content-wrapper\">\n\t\t\t\t\t\t<span class=\"elementor-button-icon elementor-align-icon-left\">\n\t\t\t\t<i aria-hidden=\"true\" class=\"icomoon icomoon-info\"><\/i>\t\t\t<\/span>\n\t\t\t\t\t\t<span class=\"elementor-button-text\">M\u00e1s informaci\u00f3n<\/span>\n\t\t<\/span>\n\t\t\t\t\t<\/a>\n\t\t<\/div>\n\t\t\t\t<\/div>\n\t\t\t\t<\/div>\n\t\t\t\t\t<\/div>\n\t\t<\/div>\n\t\t\t\t<div class=\"elementor-column elementor-col-33 elementor-top-column elementor-element elementor-element-d7f719a\" data-id=\"d7f719a\" data-element_type=\"column\" data-settings=\"{&quot;background_background&quot;:&quot;slideshow&quot;,&quot;background_slideshow_gallery&quot;:[{&quot;id&quot;:15049,&quot;url&quot;:&quot;http:\\\/\\\/webwp.igme.es\\\/pruebaigme\\\/wp-content\\\/uploads\\\/2023\\\/08\\\/110707_200412_GGG_008-scaled.webp&quot;}],&quot;background_slideshow_loop&quot;:&quot;yes&quot;,&quot;background_slideshow_slide_duration&quot;:5000,&quot;background_slideshow_slide_transition&quot;:&quot;fade&quot;,&quot;background_slideshow_transition_duration&quot;:500}\">\n\t\t\t<div class=\"elementor-widget-wrap elementor-element-populated\">\n\t\t\t\t\t\t<div class=\"elementor-element elementor-element-5732c93 elementor-widget elementor-widget-heading\" data-id=\"5732c93\" data-element_type=\"widget\" data-widget_type=\"heading.default\">\n\t\t\t\t<div class=\"elementor-widget-container\">\n\t\t\t<h1 class=\"elementor-heading-title elementor-size-small\">Divulgaci\u00f3n<\/h1>\t\t<\/div>\n\t\t\t\t<\/div>\n\t\t\t\t<div class=\"elementor-element elementor-element-9811fc3 elementor-align-center elementor-widget elementor-widget-button\" data-id=\"9811fc3\" data-element_type=\"widget\" data-widget_type=\"button.default\">\n\t\t\t\t<div class=\"elementor-widget-container\">\n\t\t\t\t\t<div class=\"elementor-button-wrapper\">\n\t\t\t<a class=\"elementor-button elementor-button-link elementor-size-xs\" href=\"https:\/\/webwp.igme.es\/pruebaigme\/estacion-paleontologica-valle-del-rio-fardes\/el-centro-paleontologico-fonelas-p-1\/divulgacion\/\">\n\t\t\t\t\t\t<span class=\"elementor-button-content-wrapper\">\n\t\t\t\t\t\t<span class=\"elementor-button-icon elementor-align-icon-left\">\n\t\t\t\t<i aria-hidden=\"true\" class=\"icomoon icomoon-info\"><\/i>\t\t\t<\/span>\n\t\t\t\t\t\t<span class=\"elementor-button-text\">M\u00e1s informaci\u00f3n<\/span>\n\t\t<\/span>\n\t\t\t\t\t<\/a>\n\t\t<\/div>\n\t\t\t\t<\/div>\n\t\t\t\t<\/div>\n\t\t\t\t\t<\/div>\n\t\t<\/div>\n\t\t\t\t<div class=\"elementor-column elementor-col-33 elementor-top-column elementor-element elementor-element-4d5fcfc\" data-id=\"4d5fcfc\" data-element_type=\"column\" data-settings=\"{&quot;background_background&quot;:&quot;slideshow&quot;,&quot;background_slideshow_gallery&quot;:[{&quot;id&quot;:14803,&quot;url&quot;:&quot;http:\\\/\\\/webwp.igme.es\\\/pruebaigme\\\/wp-content\\\/uploads\\\/2023\\\/08\\\/epvrf_visitasgruposdocentes.webp&quot;},{&quot;id&quot;:14754,&quot;url&quot;:&quot;http:\\\/\\\/webwp.igme.es\\\/pruebaigme\\\/wp-content\\\/uploads\\\/2023\\\/08\\\/epvrf_visitas.webp&quot;}],&quot;background_slideshow_loop&quot;:&quot;yes&quot;,&quot;background_slideshow_slide_duration&quot;:5000,&quot;background_slideshow_slide_transition&quot;:&quot;fade&quot;,&quot;background_slideshow_transition_duration&quot;:500}\">\n\t\t\t<div class=\"elementor-widget-wrap elementor-element-populated\">\n\t\t\t\t\t\t<div class=\"elementor-element elementor-element-790ba80 elementor-widget elementor-widget-heading\" data-id=\"790ba80\" data-element_type=\"widget\" data-widget_type=\"heading.default\">\n\t\t\t\t<div class=\"elementor-widget-container\">\n\t\t\t<h1 class=\"elementor-heading-title elementor-size-small\">Docencia<\/h1>\t\t<\/div>\n\t\t\t\t<\/div>\n\t\t\t\t<div class=\"elementor-element elementor-element-c62bcbe elementor-align-center elementor-widget elementor-widget-button\" data-id=\"c62bcbe\" data-element_type=\"widget\" data-widget_type=\"button.default\">\n\t\t\t\t<div class=\"elementor-widget-container\">\n\t\t\t\t\t<div class=\"elementor-button-wrapper\">\n\t\t\t<a class=\"elementor-button elementor-button-link elementor-size-xs\" href=\"https:\/\/webwp.igme.es\/pruebaigme\/estacion-paleontologica-valle-del-rio-fardes\/el-centro-paleontologico-fonelas-p-1\/docencia\/\">\n\t\t\t\t\t\t<span class=\"elementor-button-content-wrapper\">\n\t\t\t\t\t\t<span class=\"elementor-button-icon elementor-align-icon-left\">\n\t\t\t\t<i aria-hidden=\"true\" class=\"icomoon icomoon-info\"><\/i>\t\t\t<\/span>\n\t\t\t\t\t\t<span class=\"elementor-button-text\">M\u00e1s informaci\u00f3n<\/span>\n\t\t<\/span>\n\t\t\t\t\t<\/a>\n\t\t<\/div>\n\t\t\t\t<\/div>\n\t\t\t\t<\/div>\n\t\t\t\t\t<\/div>\n\t\t<\/div>\n\t\t\t\t\t<\/div>\n\t\t<\/section>\n\t\t\t\t<section class=\"elementor-section elementor-top-section elementor-element elementor-element-34c4279 elementor-section-boxed elementor-section-height-default elementor-section-height-default\" data-id=\"34c4279\" data-element_type=\"section\" data-settings=\"{&quot;background_background&quot;:&quot;classic&quot;,&quot;jet_parallax_layout_list&quot;:[]}\">\n\t\t\t\t\t\t<div class=\"elementor-container elementor-column-gap-default\">\n\t\t\t\t\t<div class=\"elementor-column elementor-col-100 elementor-top-column elementor-element elementor-element-0cc4734\" data-id=\"0cc4734\" data-element_type=\"column\">\n\t\t\t<div class=\"elementor-widget-wrap elementor-element-populated\">\n\t\t\t\t\t\t<div class=\"elementor-element elementor-element-93772bd elementor-position-left elementor-vertical-align-top elementor-widget elementor-widget-image-box\" data-id=\"93772bd\" data-element_type=\"widget\" data-widget_type=\"image-box.default\">\n\t\t\t\t<div class=\"elementor-widget-container\">\n\t\t\t<style>.elementor-widget-image-box .elementor-image-box-content{width:100%}@media (min-width:768px){.elementor-widget-image-box.elementor-position-left .elementor-image-box-wrapper,.elementor-widget-image-box.elementor-position-right .elementor-image-box-wrapper{display:flex}.elementor-widget-image-box.elementor-position-right .elementor-image-box-wrapper{text-align:right;flex-direction:row-reverse}.elementor-widget-image-box.elementor-position-left .elementor-image-box-wrapper{text-align:left;flex-direction:row}.elementor-widget-image-box.elementor-position-top .elementor-image-box-img{margin:auto}.elementor-widget-image-box.elementor-vertical-align-top .elementor-image-box-wrapper{align-items:flex-start}.elementor-widget-image-box.elementor-vertical-align-middle .elementor-image-box-wrapper{align-items:center}.elementor-widget-image-box.elementor-vertical-align-bottom .elementor-image-box-wrapper{align-items:flex-end}}@media (max-width:767px){.elementor-widget-image-box .elementor-image-box-img{margin-left:auto!important;margin-right:auto!important;margin-bottom:15px}}.elementor-widget-image-box .elementor-image-box-img{display:inline-block}.elementor-widget-image-box .elementor-image-box-title a{color:inherit}.elementor-widget-image-box .elementor-image-box-wrapper{text-align:center}.elementor-widget-image-box .elementor-image-box-description{margin:0}<\/style><div class=\"elementor-image-box-wrapper\"><figure class=\"elementor-image-box-img\"><a href=\"https:\/\/info.igme.es\/media\/EPVRF\/Docs\/FONELAS_48.pdf\" tabindex=\"-1\"><img fetchpriority=\"high\" decoding=\"async\" width=\"808\" height=\"544\" src=\"https:\/\/webwp.igme.es\/pruebaigme\/wp-content\/uploads\/2023\/08\/FolletoCentroPaleontologico-1.webp\" class=\"attachment-full size-full wp-image-14964\" alt=\"Folleto Centro Paleontol\u00f3gico Fonelas P-1\" srcset=\"https:\/\/webwp.igme.es\/pruebaigme\/wp-content\/uploads\/2023\/08\/FolletoCentroPaleontologico-1.webp 808w, https:\/\/webwp.igme.es\/pruebaigme\/wp-content\/uploads\/2023\/08\/FolletoCentroPaleontologico-1-300x202.jpg 300w, https:\/\/webwp.igme.es\/pruebaigme\/wp-content\/uploads\/2023\/08\/FolletoCentroPaleontologico-1-768x517.jpg 768w\" sizes=\"(max-width: 808px) 100vw, 808px\" \/><\/a><\/figure><div class=\"elementor-image-box-content\"><h6 class=\"elementor-image-box-title\"><a href=\"https:\/\/info.igme.es\/media\/EPVRF\/Docs\/FONELAS_48.pdf\">\tFolleto del Centro Paleontol\u00f3gico Fonelas P-1. Una ventana al origen del cuaternario<\/a><\/h6><p class=\"elementor-image-box-description\">El yacimiento de Fonelas P-1, enclavado a 2,5 kil\u00f3metros del municipio granadino que le da nombre, constituye hoy d\u00eda uno de los referentes paleontol\u00f3gicos en el Viejo Mundo sobre los grandes mam\u00edferos que vivieron en Europa hace 2 millones de a\u00f1os. Su excelente registro f\u00f3sil ha permitido aportar valiosa informaci\u00f3n sobre los ecosistemas del sur de la pen\u00ednsula Ib\u00e9rica, cuando nuestros antepasados abandonaron el continente africano para emprender un largo viaje hacia estas latitudes. El Centro Paleontol\u00f3gico Fonelas P-1 (primera fase de la Estaci\u00f3n paleontol\u00f3gica Valle del r\u00edo Fardes del IGME en Granada) abre sus puertas para recibir a todo aqu\u00e9l que quiera sumergirse en tan apasionante viaje al pasado. \u00bfNos acompa\u00f1as?<\/p><\/div><\/div>\t\t<\/div>\n\t\t\t\t<\/div>\n\t\t\t\t\t<\/div>\n\t\t<\/div>\n\t\t\t\t\t<\/div>\n\t\t<\/section>\n\t\t\t\t<section class=\"elementor-section elementor-top-section elementor-element elementor-element-3ba003a elementor-section-boxed elementor-section-height-default elementor-section-height-default\" data-id=\"3ba003a\" data-element_type=\"section\" data-settings=\"{&quot;jet_parallax_layout_list&quot;:[]}\">\n\t\t\t\t\t\t<div class=\"elementor-container elementor-column-gap-default\">\n\t\t\t\t\t<div class=\"elementor-column elementor-col-50 elementor-top-column elementor-element elementor-element-83b94f9\" data-id=\"83b94f9\" data-element_type=\"column\">\n\t\t\t<div class=\"elementor-widget-wrap elementor-element-populated\">\n\t\t\t\t\t\t<div class=\"elementor-element elementor-element-c24b2ec elementor-widget elementor-widget-theme-post-featured-image elementor-widget-image\" data-id=\"c24b2ec\" data-element_type=\"widget\" data-widget_type=\"theme-post-featured-image.default\">\n\t\t\t\t<div class=\"elementor-widget-container\">\n\t\t\t<style>\/*! elementor - v3.19.0 - 07-02-2024 *\/\n.elementor-widget-image{text-align:center}.elementor-widget-image a{display:inline-block}.elementor-widget-image a img[src$=\".svg\"]{width:48px}.elementor-widget-image img{vertical-align:middle;display:inline-block}<\/style>\t\t\t\t\t\t\t<figure class=\"wp-caption\">\n\t\t\t\t\t\t\t\t\t\t<img decoding=\"async\" width=\"1024\" height=\"577\" src=\"https:\/\/webwp.igme.es\/pruebaigme\/wp-content\/uploads\/2023\/08\/IMG_12-1024x577.jpg\" class=\"attachment-large size-large wp-image-14962\" alt=\"Interior del Centro Paleontol\u00f3gico Fonelas P-1.\" srcset=\"https:\/\/webwp.igme.es\/pruebaigme\/wp-content\/uploads\/2023\/08\/IMG_12-1024x577.jpg 1024w, https:\/\/webwp.igme.es\/pruebaigme\/wp-content\/uploads\/2023\/08\/IMG_12-300x169.jpg 300w, https:\/\/webwp.igme.es\/pruebaigme\/wp-content\/uploads\/2023\/08\/IMG_12-768x433.jpg 768w, https:\/\/webwp.igme.es\/pruebaigme\/wp-content\/uploads\/2023\/08\/IMG_12-1536x866.jpg 1536w, https:\/\/webwp.igme.es\/pruebaigme\/wp-content\/uploads\/2023\/08\/IMG_12-scaled.webp 1920w\" sizes=\"(max-width: 1024px) 100vw, 1024px\" \/>\t\t\t\t\t\t\t\t\t\t\t<figcaption class=\"widget-image-caption wp-caption-text\">Interior del Centro Paleontol\u00f3gico Fonelas P-1.<\/figcaption>\n\t\t\t\t\t\t\t\t\t\t<\/figure>\n\t\t\t\t\t\t\t<\/div>\n\t\t\t\t<\/div>\n\t\t\t\t\t<\/div>\n\t\t<\/div>\n\t\t\t\t<div class=\"elementor-column elementor-col-50 elementor-top-column elementor-element elementor-element-40ce444\" data-id=\"40ce444\" data-element_type=\"column\">\n\t\t\t<div class=\"elementor-widget-wrap elementor-element-populated\">\n\t\t\t\t\t\t<div class=\"elementor-element elementor-element-1202676 elementor-widget elementor-widget-text-editor\" data-id=\"1202676\" data-element_type=\"widget\" data-widget_type=\"text-editor.default\">\n\t\t\t\t<div class=\"elementor-widget-container\">\n\t\t\t<style>\/*! elementor - v3.19.0 - 07-02-2024 *\/\n.elementor-widget-text-editor.elementor-drop-cap-view-stacked .elementor-drop-cap{background-color:#69727d;color:#fff}.elementor-widget-text-editor.elementor-drop-cap-view-framed .elementor-drop-cap{color:#69727d;border:3px solid;background-color:transparent}.elementor-widget-text-editor:not(.elementor-drop-cap-view-default) .elementor-drop-cap{margin-top:8px}.elementor-widget-text-editor:not(.elementor-drop-cap-view-default) .elementor-drop-cap-letter{width:1em;height:1em}.elementor-widget-text-editor .elementor-drop-cap{float:left;text-align:center;line-height:1;font-size:50px}.elementor-widget-text-editor .elementor-drop-cap-letter{display:inline-block}<\/style>\t\t\t\t<p>En septiembre del a\u00f1o 2011 el IGME aprueba la financiaci\u00f3n de una nueva etapa de investigaci\u00f3n y difusi\u00f3n (2011-2015) en torno al yacimiento de Fonelas P-1 y la Estaci\u00f3n paleontol\u00f3gica Valle del r\u00edo Fardes (EPVRF), con el correspondiente apoyo econ\u00f3mico y t\u00e9cnico para distintas actividades a lo largo de estos a\u00f1os (Grupo de Trabajo EP VRF del IGME, constituido por 26 especialistas en ciencias de la Tierra, ciencias de la Vida, patrimonio geol\u00f3gico y difusi\u00f3n) en relaci\u00f3n con el desarrollo de la primera fase del proyecto de estaci\u00f3n cient\u00edfica de campo: Centro Paleontol\u00f3gico Fonelas P-1 (CPFP-1).<\/p><p>En el a\u00f1o 2012, gracias al proyecto del IGME, se acondiciona la parte superior del yacimiento a trav\u00e9s de un movimiento de tierras (1.174 metros c\u00fabicos de rocas est\u00e9riles evacuadas un metro por encima de la unidad fosil\u00edfera, cota 927 m.s.n.m.), se instala una empalizada de protecci\u00f3n frente a riesgos geol\u00f3gicos, se dise\u00f1a un proyecto de obra (b\u00e1sico y de ejecuci\u00f3n) y se adquiere equipamiento (t\u00e9cnico, cient\u00edfico y energ\u00e9tico) para dotar al futuro CPFP-1.<\/p>\t\t\t\t\t\t<\/div>\n\t\t\t\t<\/div>\n\t\t\t\t\t<\/div>\n\t\t<\/div>\n\t\t\t\t\t<\/div>\n\t\t<\/section>\n\t\t\t\t<section class=\"elementor-section elementor-top-section elementor-element elementor-element-d8e9450 elementor-section-boxed elementor-section-height-default elementor-section-height-default\" data-id=\"d8e9450\" data-element_type=\"section\" data-settings=\"{&quot;background_background&quot;:&quot;classic&quot;,&quot;jet_parallax_layout_list&quot;:[]}\">\n\t\t\t\t\t\t<div class=\"elementor-container elementor-column-gap-default\">\n\t\t\t\t\t<div class=\"elementor-column elementor-col-100 elementor-top-column elementor-element elementor-element-5c1352c\" data-id=\"5c1352c\" data-element_type=\"column\">\n\t\t\t<div class=\"elementor-widget-wrap elementor-element-populated\">\n\t\t\t\t\t\t<div class=\"elementor-element elementor-element-6568ada elementor-widget elementor-widget-text-editor\" data-id=\"6568ada\" data-element_type=\"widget\" data-widget_type=\"text-editor.default\">\n\t\t\t\t<div class=\"elementor-widget-container\">\n\t\t\t\t\t\t\t<p><span style=\"background-color: var( --e-global-color-kadence9 ); color: var( --e-global-color-kadence4 ); font-family: var(--global-body-font-family);\">Asimismo, se solicita una subvenci\u00f3n de 460.793,51 \u20ac al Grupo de Cooperaci\u00f3n provincial de Granada para la construcci\u00f3n del Centro Paleontol\u00f3gico Fonelas P-1, primera fase en el desarrollo de la EPVRF.<\/span><\/p><p>El 19 de diciembre de 2012 se aprueba la totalidad de la subvenci\u00f3n solicitada por el IGME en el marco de la EPVRF, para la construcci\u00f3n de una protecci\u00f3n (cubierta, envolvente y paramentos) de parte de la superficie de excavaci\u00f3n de Fonelas P-1, que permita un cerramiento del yacimiento, su protecci\u00f3n de los agentes atmosf\u00e9ricos y biol\u00f3gicos y unas actividades permanentes de investigaci\u00f3n paleontol\u00f3gica, divulgaci\u00f3n y docencia. Esta subvenci\u00f3n es aprobada por parte del Grupo de Cooperaci\u00f3n de la provincia de Granada (Direcci\u00f3n General de Desarrollo Sostenible del Medio Rural) en la categor\u00eda Protecci\u00f3n y Conservaci\u00f3n del Patrimonio Cultural, y es cofinanciada por el Fondo Europeo de Desarrollo Regional y la Junta de Andaluc\u00eda. La infraestructura generada por medio de esta financiaci\u00f3n, ejecutada durante el a\u00f1o 2013, constituye el Centro Paleontol\u00f3gico Fonelas P-1 y representa la primera fase de la Estaci\u00f3n Paleontol\u00f3gica Valle del R\u00edo Fardes.<\/p><p>La primera infraestructura de esta estaci\u00f3n, el Centro Paleontol\u00f3gico Fonelas P-1 (CP FP-1) se genera en el a\u00f1o 2013 y permite garantizar:<\/p><ol><li>La protecci\u00f3n del yacimiento ante los agentes ambientales (atmosf\u00e9ricos y biol\u00f3gicos) y la custodia del patrimonio paleontol\u00f3gico.<\/li><li>La continuidad de las excavaciones sistem\u00e1ticas para asegurar la posterior investigaci\u00f3n de los f\u00f3siles.<\/li><li><span style=\"background-color: var( --e-global-color-kadence9 ); color: var( --e-global-color-kadence4 ); font-family: var(--global-body-font-family);\">La conservaci\u00f3n de los cortes estratigr\u00e1ficos, necesaria para una correcta interpretaci\u00f3n tridimensional de los procesos que generaron el yacimiento.<\/span><\/li><li>El acondicionamiento de las capas y asociaciones de f\u00f3siles como recurso cient\u00edfico y museogr\u00e1fico<span style=\"background-color: var( --e-global-color-kadence9 ); color: var( --e-global-color-kadence4 ); font-family: var(--global-body-font-family);\">.<\/span><\/li><li>La divulgaci\u00f3n en el propio yacimiento sobre aspectos relacionados con las Ciencias de la Vida y de la Tierra en el \u00e1mbito del Cuaternario.<\/li><\/ol><div>\u00a0<\/div>\t\t\t\t\t\t<\/div>\n\t\t\t\t<\/div>\n\t\t\t\t\t<\/div>\n\t\t<\/div>\n\t\t\t\t\t<\/div>\n\t\t<\/section>\n\t\t\t\t<\/div>\n\t\t","protected":false},"excerpt":{"rendered":"<p>El Centro Paleontol\u00f3gico Fonelas P-1 nace como eje central de la Estaci\u00f3n paleontol\u00f3gica Valle del r\u00edo Fardes, dedicado al estudio e investigaci\u00f3n, divulgaci\u00f3n y docencia de la geolog\u00eda, en sus aspectos de paleontolog\u00eda, tafonom\u00eda, paleoecolog\u00eda y paleoclimatolog\u00eda, estratigraf\u00eda y sedimentolog\u00eda, siendo el yacimiento paleontol\u00f3gico de grandes mam\u00edferos cuaternarios de Fonelas P-1 el referente de estudio&#8230;<\/p>\n","protected":false},"author":18,"featured_media":14962,"parent":5369,"menu_order":0,"comment_status":"closed","ping_status":"closed","template":"","meta":{"_kad_post_transparent":"","_kad_post_title":"hide","_kad_post_layout":"fullwidth","_kad_post_sidebar_id":"","_kad_post_content_style":"unboxed","_kad_post_vertical_padding":"hide","_kad_post_feature":"hide","_kad_post_feature_position":"","_kad_post_header":false,"_kad_post_footer":false,"footnotes":""},"aioseo_notices":[],"_links":{"self":[{"href":"https:\/\/webwp.igme.es\/pruebaigme\/wp-json\/wp\/v2\/pages\/14960"}],"collection":[{"href":"https:\/\/webwp.igme.es\/pruebaigme\/wp-json\/wp\/v2\/pages"}],"about":[{"href":"https:\/\/webwp.igme.es\/pruebaigme\/wp-json\/wp\/v2\/types\/page"}],"author":[{"embeddable":true,"href":"https:\/\/webwp.igme.es\/pruebaigme\/wp-json\/wp\/v2\/users\/18"}],"replies":[{"embeddable":true,"href":"https:\/\/webwp.igme.es\/pruebaigme\/wp-json\/wp\/v2\/comments?post=14960"}],"version-history":[{"count":60,"href":"https:\/\/webwp.igme.es\/pruebaigme\/wp-json\/wp\/v2\/pages\/14960\/revisions"}],"predecessor-version":[{"id":36565,"href":"https:\/\/webwp.igme.es\/pruebaigme\/wp-json\/wp\/v2\/pages\/14960\/revisions\/36565"}],"up":[{"embeddable":true,"href":"https:\/\/webwp.igme.es\/pruebaigme\/wp-json\/wp\/v2\/pages\/5369"}],"wp:featuredmedia":[{"embeddable":true,"href":"https:\/\/webwp.igme.es\/pruebaigme\/wp-json\/wp\/v2\/media\/14962"}],"wp:attachment":[{"href":"https:\/\/webwp.igme.es\/pruebaigme\/wp-json\/wp\/v2\/media?parent=14960"}],"curies":[{"name":"wp","href":"https:\/\/api.w.org\/{rel}","templated":true}]}}