{"id":15268,"date":"2023-08-18T10:56:51","date_gmt":"2023-08-18T08:56:51","guid":{"rendered":"http:\/\/webwp.igme.es\/pruebaigme\/?page_id=15268"},"modified":"2023-12-26T10:38:03","modified_gmt":"2023-12-26T09:38:03","slug":"paleobiogeografia","status":"publish","type":"page","link":"https:\/\/webwp.igme.es\/pruebaigme\/estacion-paleontologica-valle-del-rio-fardes\/el-centro-paleontologico-fonelas-p-1\/investigacion\/paleobiogeografia\/","title":{"rendered":"Paleobiogeograf\u00eda"},"content":{"rendered":"\t\t<div data-elementor-type=\"wp-page\" data-elementor-id=\"15268\" class=\"elementor elementor-15268\" data-elementor-post-type=\"page\">\n\t\t\t\t\t\t<section class=\"elementor-section elementor-top-section elementor-element elementor-element-ad3be48 elementor-section-boxed elementor-section-height-default elementor-section-height-default\" data-id=\"ad3be48\" data-element_type=\"section\" data-settings=\"{&quot;jet_parallax_layout_list&quot;:[]}\">\n\t\t\t\t\t\t<div class=\"elementor-container elementor-column-gap-default\">\n\t\t\t\t\t<div class=\"elementor-column elementor-col-100 elementor-top-column elementor-element elementor-element-3660da3\" data-id=\"3660da3\" data-element_type=\"column\">\n\t\t\t<div class=\"elementor-widget-wrap elementor-element-populated\">\n\t\t\t\t\t\t<div class=\"elementor-element elementor-element-3ea4294 elementor-widget elementor-widget-heading\" data-id=\"3ea4294\" data-element_type=\"widget\" data-widget_type=\"heading.default\">\n\t\t\t\t<div class=\"elementor-widget-container\">\n\t\t\t<style>\/*! elementor - v3.19.0 - 07-02-2024 *\/\n.elementor-heading-title{padding:0;margin:0;line-height:1}.elementor-widget-heading .elementor-heading-title[class*=elementor-size-]>a{color:inherit;font-size:inherit;line-height:inherit}.elementor-widget-heading .elementor-heading-title.elementor-size-small{font-size:15px}.elementor-widget-heading .elementor-heading-title.elementor-size-medium{font-size:19px}.elementor-widget-heading .elementor-heading-title.elementor-size-large{font-size:29px}.elementor-widget-heading .elementor-heading-title.elementor-size-xl{font-size:39px}.elementor-widget-heading .elementor-heading-title.elementor-size-xxl{font-size:59px}<\/style><h5 class=\"elementor-heading-title elementor-size-default\">La paleobiogeograf\u00eda nos permite reconstruir la historia de los viajes y las adaptaciones de las especies a trav\u00e9s del tiempo geol\u00f3gico. Al hacerlo, no solo trazamos la evoluci\u00f3n de la vida, sino tambi\u00e9n la evoluci\u00f3n en s\u00ed de nuestro planeta. Cada f\u00f3sil es una pista en este emocionante rompecabezas que nos conecta con los antiguos viajeros y nos ayuda a entender c\u00f3mo se ha moldeado la biodiversidad en nuestro mundo en constante cambio<\/h5>\t\t<\/div>\n\t\t\t\t<\/div>\n\t\t\t\t\t<\/div>\n\t\t<\/div>\n\t\t\t\t\t<\/div>\n\t\t<\/section>\n\t\t\t\t<section class=\"elementor-section elementor-top-section elementor-element elementor-element-9064b55 elementor-section-boxed elementor-section-height-default elementor-section-height-default\" data-id=\"9064b55\" data-element_type=\"section\" data-settings=\"{&quot;background_background&quot;:&quot;classic&quot;,&quot;jet_parallax_layout_list&quot;:[]}\">\n\t\t\t\t\t\t<div class=\"elementor-container elementor-column-gap-default\">\n\t\t\t\t\t<div class=\"elementor-column elementor-col-100 elementor-top-column elementor-element elementor-element-cd07b0b\" data-id=\"cd07b0b\" data-element_type=\"column\">\n\t\t\t<div class=\"elementor-widget-wrap elementor-element-populated\">\n\t\t\t\t\t\t<div class=\"elementor-element elementor-element-2e4cd5f elementor-widget elementor-widget-text-editor\" data-id=\"2e4cd5f\" data-element_type=\"widget\" data-widget_type=\"text-editor.default\">\n\t\t\t\t<div class=\"elementor-widget-container\">\n\t\t\t<style>\/*! elementor - v3.19.0 - 07-02-2024 *\/\n.elementor-widget-text-editor.elementor-drop-cap-view-stacked .elementor-drop-cap{background-color:#69727d;color:#fff}.elementor-widget-text-editor.elementor-drop-cap-view-framed .elementor-drop-cap{color:#69727d;border:3px solid;background-color:transparent}.elementor-widget-text-editor:not(.elementor-drop-cap-view-default) .elementor-drop-cap{margin-top:8px}.elementor-widget-text-editor:not(.elementor-drop-cap-view-default) .elementor-drop-cap-letter{width:1em;height:1em}.elementor-widget-text-editor .elementor-drop-cap{float:left;text-align:center;line-height:1;font-size:50px}.elementor-widget-text-editor .elementor-drop-cap-letter{display:inline-block}<\/style>\t\t\t\t<p>El registro f\u00f3sil de Fonelas P-1 es altamente singular, ya que en su asociaci\u00f3n de mam\u00edferos coexisten, junto a nuevas formas, especies supuestamente espec\u00edficas del\u00a0<i>Wolf event<\/i>\u00a0(FAD\u2019s en -1.9 Ma) asociadas a especies del \u00faltimo de los eventos dispersivos propuestos para este tr\u00e1nsito cronol\u00f3gico (Tasso FU; FAD\u2019s en -1.7 Ma). Fonelas P-1 constata la coexistencia, y por tanto la inmigraci\u00f3n previa durante el inicio del Pleistoceno, de especies asignadas al\u00a0<i>Wolf event<\/i>\u00a0(<i>Canis etruscus<\/i>\u00a0+\u00a0<i>Pachycrocuta brevirostris<\/i>) junto a representantes de g\u00e9neros o de especies de incorporaci\u00f3n supuestamente m\u00e1s tard\u00eda (<i>Praeovibos<\/i>\u00a0sp.,\u00a0<i>Canis accitanus<\/i>\u00a0que deriva de una poblaci\u00f3n ib\u00e9rica ancestral de\u00a0<i>Canis arnensis<\/i>, y\u00a0<i>Canis<\/i>\u00a0cf.\u00a0<i>falconeri<\/i>). Por ello, consideramos que la existencia del evento dispersivo de la Tasso FU dejar\u00eda de tener entidad real quedando incluidos sus protagonistas iniciales en el denominado\u00a0<b>Pre-Olduvai dispersal event<\/b>, confirm\u00e1ndose su cronolog\u00eda, con los datos obtenidos en la investigaci\u00f3n de Fonelas P-1, en -2.0 Ma.<\/p><p>Por tanto, la nueva informaci\u00f3n derivada de la investigaci\u00f3n de los yacimientos de Fonelas, y complementada con el registro de Dmanisi, apunta a una temprana incorporaci\u00f3n de taxones asi\u00e1ticos y africanos a los ecosistemas europeos en un \u00fanico evento dispersivo [The Pre-Olduvai (C2r.1r) Dispersal event; que incluye: i) al Wolf event cuya asociaci\u00f3n b\u00e1sica de grandes mam\u00edferos ser\u00eda:\u00a0<i>Canis arnensis<\/i>\u00a0+\u00a0<i>Canis etruscus<\/i>\u00a0+\u00a0<i>Praeovibos<\/i>\u00a0sp. +\u00a0<i>Sus strozzi<\/i>; junto al ii)\u00a0<i>Homo event<\/i>, contempor\u00e1neo del anterior, que incorpora a los ecosistemas europeos a:\u00a0<i>Homo ergaster<\/i>\u00a0(sin.\u00a0<i>Homo georgicus<\/i>) +\u00a0<i>Pachycrocuta brevirostris<\/i>\u00a0+\u00a0<i>Theropithecus oswaldi<\/i>\u00a0+\u00a0<i>Hippopotamus antiquus<\/i>\u00a0+\u00a0<i>Canis falconeri<\/i>. Asimismo, Fonelas P-1 a\u00f1ade nuevos taxones a este evento dispersivo procedentes de ambos \u00e1mbitos geogr\u00e1ficos: desde Asia se incorporar\u00eda\u00a0<i>Mitilanotherium<\/i>; mientras que desde \u00c1frica llegar\u00edan\u00a0<i>Hyaena brunnea<\/i>,\u00a0<i>Potamochoerus<\/i>\u00a0y probablemente\u00a0<i>Capra<\/i>.<\/p><p>\u00a0<\/p>\t\t\t\t\t\t<\/div>\n\t\t\t\t<\/div>\n\t\t\t\t<div class=\"elementor-element elementor-element-1030d90 elementor-widget elementor-widget-image\" data-id=\"1030d90\" data-element_type=\"widget\" data-widget_type=\"image.default\">\n\t\t\t\t<div class=\"elementor-widget-container\">\n\t\t\t<style>\/*! elementor - v3.19.0 - 07-02-2024 *\/\n.elementor-widget-image{text-align:center}.elementor-widget-image a{display:inline-block}.elementor-widget-image a img[src$=\".svg\"]{width:48px}.elementor-widget-image img{vertical-align:middle;display:inline-block}<\/style>\t\t\t\t\t\t\t<figure class=\"wp-caption\">\n\t\t\t\t\t\t\t\t\t\t<img fetchpriority=\"high\" decoding=\"async\" width=\"1024\" height=\"982\" src=\"https:\/\/webwp.igme.es\/pruebaigme\/wp-content\/uploads\/2023\/08\/IMG_44-1024x982.jpg\" class=\"attachment-large size-large wp-image-15229\" alt=\"Or\u00edgenes m\u00e1s probables de los taxones de grandes mam\u00edferos recuperados en Fonelas P-1\" srcset=\"https:\/\/webwp.igme.es\/pruebaigme\/wp-content\/uploads\/2023\/08\/IMG_44-1024x982.jpg 1024w, https:\/\/webwp.igme.es\/pruebaigme\/wp-content\/uploads\/2023\/08\/IMG_44-300x288.jpg 300w, https:\/\/webwp.igme.es\/pruebaigme\/wp-content\/uploads\/2023\/08\/IMG_44-768x737.jpg 768w, https:\/\/webwp.igme.es\/pruebaigme\/wp-content\/uploads\/2023\/08\/IMG_44-1536x1473.jpg 1536w, https:\/\/webwp.igme.es\/pruebaigme\/wp-content\/uploads\/2023\/08\/IMG_44-scaled.webp 1920w\" sizes=\"(max-width: 1024px) 100vw, 1024px\" \/>\t\t\t\t\t\t\t\t\t\t\t<figcaption class=\"widget-image-caption wp-caption-text\">Or\u00edgenes m\u00e1s probables de los taxones de grandes mam\u00edferos recuperados en Fonelas P-1<\/figcaption>\n\t\t\t\t\t\t\t\t\t\t<\/figure>\n\t\t\t\t\t\t\t<\/div>\n\t\t\t\t<\/div>\n\t\t\t\t<div class=\"elementor-element elementor-element-3eec1ba elementor-widget elementor-widget-text-editor\" data-id=\"3eec1ba\" data-element_type=\"widget\" data-widget_type=\"text-editor.default\">\n\t\t\t\t<div class=\"elementor-widget-container\">\n\t\t\t\t\t\t\t<p>Fonelas P-1 sintetiza, en un \u00fanico suceso, dos eventos de dispersi\u00f3n hist\u00f3ricos, dentro de la cl\u00e1sica MNQ18, sin que la asociaci\u00f3n faun\u00edstica de esta zona sea la est\u00e1ndar. El conjunto de nuevos yacimientos permite identificar en la misma sucesi\u00f3n general las zonas MNQ17, MNQ18 y MNQ19; y aporta al debate indicios indirectos de presencia humana en cronolog\u00edas pr\u00f3ximas a los 2 Ma de antig\u00fcedad en el margen suroeste de Europa. La posici\u00f3n geogr\u00e1fica de estos registros espa\u00f1oles abre nuevas inc\u00f3gnitas de naturaleza paleogeogr\u00e1fica, ya que en el suroeste del continente europeo se encontrar\u00edan los primeros registros de especies supuestamente oriundas de Asia, y entre el C\u00e1ucaso y la Pen\u00ednsula Ib\u00e9rica no se conocen otros testimonios f\u00f3siles de este acontecimiento.<\/p>\t\t\t\t\t\t<\/div>\n\t\t\t\t<\/div>\n\t\t\t\t<section class=\"elementor-section elementor-inner-section elementor-element elementor-element-afcdeef elementor-section-boxed elementor-section-height-default elementor-section-height-default\" data-id=\"afcdeef\" data-element_type=\"section\" data-settings=\"{&quot;jet_parallax_layout_list&quot;:[]}\">\n\t\t\t\t\t\t<div class=\"elementor-container elementor-column-gap-default\">\n\t\t\t\t\t<div class=\"elementor-column elementor-col-50 elementor-inner-column elementor-element elementor-element-537a45d\" data-id=\"537a45d\" data-element_type=\"column\">\n\t\t\t<div class=\"elementor-widget-wrap\">\n\t\t\t\t\t\t\t<\/div>\n\t\t<\/div>\n\t\t\t\t<div class=\"elementor-column elementor-col-50 elementor-inner-column elementor-element elementor-element-58f9f54\" data-id=\"58f9f54\" data-element_type=\"column\">\n\t\t\t<div class=\"elementor-widget-wrap elementor-element-populated\">\n\t\t\t\t\t\t<div class=\"elementor-element elementor-element-9a97c12 elementor-widget__width-auto elementor-view-default elementor-widget elementor-widget-icon\" data-id=\"9a97c12\" data-element_type=\"widget\" data-widget_type=\"icon.default\">\n\t\t\t\t<div class=\"elementor-widget-container\">\n\t\t\t\t\t<div class=\"elementor-icon-wrapper\">\n\t\t\t<div class=\"elementor-icon\">\n\t\t\t<i aria-hidden=\"true\" class=\"fas fa-file-invoice\"><\/i>\t\t\t<\/div>\n\t\t<\/div>\n\t\t\t\t<\/div>\n\t\t\t\t<\/div>\n\t\t\t\t<div class=\"elementor-element elementor-element-2818e7d elementor-widget__width-auto elementor-widget elementor-widget-text-editor\" data-id=\"2818e7d\" data-element_type=\"widget\" data-widget_type=\"text-editor.default\">\n\t\t\t\t<div class=\"elementor-widget-container\">\n\t\t\t\t\t\t\t<p>Publicaci\u00f3n<\/p>\t\t\t\t\t\t<\/div>\n\t\t\t\t<\/div>\n\t\t\t\t\t<\/div>\n\t\t<\/div>\n\t\t\t\t\t<\/div>\n\t\t<\/section>\n\t\t\t\t<div data-ra-element-link=\"{&quot;url&quot;:&quot;https:\\\/\\\/journals.plos.org\\\/plosone\\\/article?id=10.1371\\\/journal.pone.0007127&quot;,&quot;is_external&quot;:&quot;&quot;,&quot;nofollow&quot;:&quot;&quot;,&quot;custom_attributes&quot;:&quot;&quot;}\" style=\"cursor: pointer\" target=\"_self\" onClick=\"window.open(&#039;https:\/\/journals.plos.org\/plosone\/article?id=10.1371\/journal.pone.0007127&#039;, &#039;_self&#039;)\" class=\"elementor-element elementor-element-1e7a4b5 elementor-position-left elementor-view-default elementor-mobile-position-top elementor-vertical-align-top elementor-widget elementor-widget-icon-box\" data-id=\"1e7a4b5\" data-element_type=\"widget\" data-widget_type=\"icon-box.default\">\n\t\t\t\t<div class=\"elementor-widget-container\">\n\t\t\t<link rel=\"stylesheet\" href=\"https:\/\/webwp.igme.es\/pruebaigme\/wp-content\/uploads\/elementor\/css\/custom-widget-icon-box.min.css?ver=1707998212\">\t\t<div class=\"elementor-icon-box-wrapper\">\n\t\t\t\t\t\t<div class=\"elementor-icon-box-icon\">\n\t\t\t\t<a href=\"https:\/\/info.igme.es\/media\/EPVRF\/Docs\/FONELAS_5.pdf\" class=\"elementor-icon elementor-animation-\" tabindex=\"-1\">\n\t\t\t\t<i aria-hidden=\"true\" class=\"fas fa-file-invoice\"><\/i>\t\t\t\t<\/a>\n\t\t\t<\/div>\n\t\t\t\t\t\t<div class=\"elementor-icon-box-content\">\n\t\t\t\t<h6 class=\"elementor-icon-box-title\">\n\t\t\t\t\t<a href=\"https:\/\/info.igme.es\/media\/EPVRF\/Docs\/FONELAS_5.pdf\" >\n\t\t\t\t\t\t\tA Mammalian Lost World in Southwest Europe during the Late Pliocene\t\t\t\t\t<\/a>\n\t\t\t\t<\/h6>\n\t\t\t\t\t\t\t\t\t<p class=\"elementor-icon-box-description\">\n\t\t\t\t\t\tArribas A, Garrido G, Viseras C, Soria JM, Pla S, Solano JG, Garc\u00e9s M, Beamud E, Carri\u00f3n JS (2009) A Mammalian Lost World in Southwest Europe during the Late Pliocene. PLoS ONE 4(9): e7127. doi:10.1371\/journal.pone.0007127\t\t\t\t\t<\/p>\n\t\t\t\t\t\t\t<\/div>\n\t\t<\/div>\n\t\t\t\t<\/div>\n\t\t\t\t<\/div>\n\t\t\t\t<div class=\"elementor-element elementor-element-785e817 elementor-icon-list--layout-traditional elementor-list-item-link-full_width elementor-widget elementor-widget-icon-list\" data-id=\"785e817\" data-element_type=\"widget\" data-widget_type=\"icon-list.default\">\n\t\t\t\t<div class=\"elementor-widget-container\">\n\t\t\t<link rel=\"stylesheet\" href=\"https:\/\/webwp.igme.es\/pruebaigme\/wp-content\/uploads\/elementor\/css\/custom-widget-icon-list.min.css?ver=1707999142\">\t\t<ul class=\"elementor-icon-list-items\">\n\t\t\t\t\t\t\t<li class=\"elementor-icon-list-item\">\n\t\t\t\t\t\t\t\t\t\t\t<a href=\"http:\/\/www.plosone.org\/article\/info:doi\/10.1371\/journal.pone.0007127\">\n\n\t\t\t\t\t\t\t\t\t\t\t\t<span class=\"elementor-icon-list-icon\">\n\t\t\t\t\t\t\t<i aria-hidden=\"true\" class=\"fas fa-external-link-alt\"><\/i>\t\t\t\t\t\t<\/span>\n\t\t\t\t\t\t\t\t\t\t<span class=\"elementor-icon-list-text\">Enlace al art\u00edculo en PLoS ONE.org<\/span>\n\t\t\t\t\t\t\t\t\t\t\t<\/a>\n\t\t\t\t\t\t\t\t\t<\/li>\n\t\t\t\t\t\t<\/ul>\n\t\t\t\t<\/div>\n\t\t\t\t<\/div>\n\t\t\t\t\t<\/div>\n\t\t<\/div>\n\t\t\t\t\t<\/div>\n\t\t<\/section>\n\t\t\t\t<\/div>\n\t\t","protected":false},"excerpt":{"rendered":"<p>La paleobiogeograf\u00eda nos permite reconstruir la historia de los viajes y las adaptaciones de las especies a trav\u00e9s del tiempo geol\u00f3gico. Al hacerlo, no solo trazamos la evoluci\u00f3n de la vida, sino tambi\u00e9n la evoluci\u00f3n en s\u00ed de nuestro planeta. Cada f\u00f3sil es una pista en este emocionante rompecabezas que nos conecta con los antiguos&#8230;<\/p>\n","protected":false},"author":18,"featured_media":15279,"parent":15123,"menu_order":0,"comment_status":"closed","ping_status":"closed","template":"","meta":{"_kad_post_transparent":"","_kad_post_title":"hide","_kad_post_layout":"fullwidth","_kad_post_sidebar_id":"","_kad_post_content_style":"unboxed","_kad_post_vertical_padding":"hide","_kad_post_feature":"hide","_kad_post_feature_position":"","_kad_post_header":false,"_kad_post_footer":false,"footnotes":""},"aioseo_notices":[],"_links":{"self":[{"href":"https:\/\/webwp.igme.es\/pruebaigme\/wp-json\/wp\/v2\/pages\/15268"}],"collection":[{"href":"https:\/\/webwp.igme.es\/pruebaigme\/wp-json\/wp\/v2\/pages"}],"about":[{"href":"https:\/\/webwp.igme.es\/pruebaigme\/wp-json\/wp\/v2\/types\/page"}],"author":[{"embeddable":true,"href":"https:\/\/webwp.igme.es\/pruebaigme\/wp-json\/wp\/v2\/users\/18"}],"replies":[{"embeddable":true,"href":"https:\/\/webwp.igme.es\/pruebaigme\/wp-json\/wp\/v2\/comments?post=15268"}],"version-history":[{"count":17,"href":"https:\/\/webwp.igme.es\/pruebaigme\/wp-json\/wp\/v2\/pages\/15268\/revisions"}],"predecessor-version":[{"id":30461,"href":"https:\/\/webwp.igme.es\/pruebaigme\/wp-json\/wp\/v2\/pages\/15268\/revisions\/30461"}],"up":[{"embeddable":true,"href":"https:\/\/webwp.igme.es\/pruebaigme\/wp-json\/wp\/v2\/pages\/15123"}],"wp:featuredmedia":[{"embeddable":true,"href":"https:\/\/webwp.igme.es\/pruebaigme\/wp-json\/wp\/v2\/media\/15279"}],"wp:attachment":[{"href":"https:\/\/webwp.igme.es\/pruebaigme\/wp-json\/wp\/v2\/media?parent=15268"}],"curies":[{"name":"wp","href":"https:\/\/api.w.org\/{rel}","templated":true}]}}