{"id":15309,"date":"2023-08-18T12:02:49","date_gmt":"2023-08-18T10:02:49","guid":{"rendered":"http:\/\/webwp.igme.es\/pruebaigme\/?page_id=15309"},"modified":"2023-12-26T23:54:46","modified_gmt":"2023-12-26T22:54:46","slug":"tafonomia","status":"publish","type":"page","link":"https:\/\/webwp.igme.es\/pruebaigme\/estacion-paleontologica-valle-del-rio-fardes\/el-centro-paleontologico-fonelas-p-1\/investigacion\/tafonomia\/","title":{"rendered":"Tafonom\u00eda"},"content":{"rendered":"\t\t<div data-elementor-type=\"wp-page\" data-elementor-id=\"15309\" class=\"elementor elementor-15309\" data-elementor-post-type=\"page\">\n\t\t\t\t\t\t<section class=\"elementor-section elementor-top-section elementor-element elementor-element-c1e43dd elementor-section-boxed elementor-section-height-default elementor-section-height-default\" data-id=\"c1e43dd\" data-element_type=\"section\" data-settings=\"{&quot;jet_parallax_layout_list&quot;:[]}\">\n\t\t\t\t\t\t<div class=\"elementor-container elementor-column-gap-default\">\n\t\t\t\t\t<div class=\"elementor-column elementor-col-100 elementor-top-column elementor-element elementor-element-66b1bac\" data-id=\"66b1bac\" data-element_type=\"column\">\n\t\t\t<div class=\"elementor-widget-wrap elementor-element-populated\">\n\t\t\t\t\t\t<div class=\"elementor-element elementor-element-9bc9c47 elementor-widget elementor-widget-heading\" data-id=\"9bc9c47\" data-element_type=\"widget\" data-widget_type=\"heading.default\">\n\t\t\t\t<div class=\"elementor-widget-container\">\n\t\t\t<style>\/*! elementor - v3.19.0 - 07-02-2024 *\/\n.elementor-heading-title{padding:0;margin:0;line-height:1}.elementor-widget-heading .elementor-heading-title[class*=elementor-size-]>a{color:inherit;font-size:inherit;line-height:inherit}.elementor-widget-heading .elementor-heading-title.elementor-size-small{font-size:15px}.elementor-widget-heading .elementor-heading-title.elementor-size-medium{font-size:19px}.elementor-widget-heading .elementor-heading-title.elementor-size-large{font-size:29px}.elementor-widget-heading .elementor-heading-title.elementor-size-xl{font-size:39px}.elementor-widget-heading .elementor-heading-title.elementor-size-xxl{font-size:59px}<\/style><h5 class=\"elementor-heading-title elementor-size-default\">La Tafonom\u00eda es aquella ciencia que intenta explicar todos los sucesos que afectaron a un resto de un organismo del pasado, desde que el individuo muri\u00f3 hasta que son encontrados sus f\u00f3siles en el registro estratigr\u00e1fico.<\/h5>\t\t<\/div>\n\t\t\t\t<\/div>\n\t\t\t\t\t<\/div>\n\t\t<\/div>\n\t\t\t\t\t<\/div>\n\t\t<\/section>\n\t\t\t\t<section class=\"elementor-section elementor-top-section elementor-element elementor-element-40e32c3 elementor-section-boxed elementor-section-height-default elementor-section-height-default\" data-id=\"40e32c3\" data-element_type=\"section\" data-settings=\"{&quot;background_background&quot;:&quot;classic&quot;,&quot;jet_parallax_layout_list&quot;:[]}\">\n\t\t\t\t\t\t<div class=\"elementor-container elementor-column-gap-default\">\n\t\t\t\t\t<div class=\"elementor-column elementor-col-100 elementor-top-column elementor-element elementor-element-f9afd6f\" data-id=\"f9afd6f\" data-element_type=\"column\">\n\t\t\t<div class=\"elementor-widget-wrap elementor-element-populated\">\n\t\t\t\t\t\t<div class=\"elementor-element elementor-element-fdab748 elementor-widget elementor-widget-text-editor\" data-id=\"fdab748\" data-element_type=\"widget\" data-widget_type=\"text-editor.default\">\n\t\t\t\t<div class=\"elementor-widget-container\">\n\t\t\t<style>\/*! elementor - v3.19.0 - 07-02-2024 *\/\n.elementor-widget-text-editor.elementor-drop-cap-view-stacked .elementor-drop-cap{background-color:#69727d;color:#fff}.elementor-widget-text-editor.elementor-drop-cap-view-framed .elementor-drop-cap{color:#69727d;border:3px solid;background-color:transparent}.elementor-widget-text-editor:not(.elementor-drop-cap-view-default) .elementor-drop-cap{margin-top:8px}.elementor-widget-text-editor:not(.elementor-drop-cap-view-default) .elementor-drop-cap-letter{width:1em;height:1em}.elementor-widget-text-editor .elementor-drop-cap{float:left;text-align:center;line-height:1;font-size:50px}.elementor-widget-text-editor .elementor-drop-cap-letter{display:inline-block}<\/style>\t\t\t\t<p>Por tanto, y con el fin de evaluar la representatividad de lo registrado en un yacimiento con respecto a la paleobiocenosis original (aquella asociaci\u00f3n de vida en la que se integraron los animales de los que hoy d\u00eda s\u00f3lo tenemos testimonio f\u00f3sil), se investigan los resultados (los f\u00f3siles y su estado de conservaci\u00f3n) para poder postular y verificar los procesos y los agentes involucrados, a trav\u00e9s del tiempo, en la formaci\u00f3n de un yacimiento.<\/p>\t\t\t\t\t\t<\/div>\n\t\t\t\t<\/div>\n\t\t\t\t<div class=\"elementor-element elementor-element-dc31a31 elementor-widget elementor-widget-image\" data-id=\"dc31a31\" data-element_type=\"widget\" data-widget_type=\"image.default\">\n\t\t\t\t<div class=\"elementor-widget-container\">\n\t\t\t<style>\/*! elementor - v3.19.0 - 07-02-2024 *\/\n.elementor-widget-image{text-align:center}.elementor-widget-image a{display:inline-block}.elementor-widget-image a img[src$=\".svg\"]{width:48px}.elementor-widget-image img{vertical-align:middle;display:inline-block}<\/style>\t\t\t\t\t\t\t<figure class=\"wp-caption\">\n\t\t\t\t\t\t\t\t\t\t<img fetchpriority=\"high\" decoding=\"async\" width=\"1024\" height=\"601\" src=\"https:\/\/webwp.igme.es\/pruebaigme\/wp-content\/uploads\/2023\/08\/IMG_43-1024x601.jpg\" class=\"attachment-large size-large wp-image-15228\" alt=\"\" srcset=\"https:\/\/webwp.igme.es\/pruebaigme\/wp-content\/uploads\/2023\/08\/IMG_43-1024x601.jpg 1024w, https:\/\/webwp.igme.es\/pruebaigme\/wp-content\/uploads\/2023\/08\/IMG_43-300x176.jpg 300w, https:\/\/webwp.igme.es\/pruebaigme\/wp-content\/uploads\/2023\/08\/IMG_43-768x451.jpg 768w, https:\/\/webwp.igme.es\/pruebaigme\/wp-content\/uploads\/2023\/08\/IMG_43-1536x902.jpg 1536w, https:\/\/webwp.igme.es\/pruebaigme\/wp-content\/uploads\/2023\/08\/IMG_43.webp 1920w\" sizes=\"(max-width: 1024px) 100vw, 1024px\" \/>\t\t\t\t\t\t\t\t\t\t\t<figcaption class=\"widget-image-caption wp-caption-text\">Asociaci\u00f3n procedente de Fonelas P-1 en donde se observan claramente las marcas producidas por mordisqueo de hi\u00e9nidos.<\/figcaption>\n\t\t\t\t\t\t\t\t\t\t<\/figure>\n\t\t\t\t\t\t\t<\/div>\n\t\t\t\t<\/div>\n\t\t\t\t<div class=\"elementor-element elementor-element-b168b7d elementor-widget elementor-widget-text-editor\" data-id=\"b168b7d\" data-element_type=\"widget\" data-widget_type=\"text-editor.default\">\n\t\t\t\t<div class=\"elementor-widget-container\">\n\t\t\t\t\t\t\t<p>Los datos disponibles hasta el momento, tanto de naturaleza estratigr\u00e1fica como tafon\u00f3mica (esencialmente variables bioestratin\u00f3micas), nos permiten plantear como v\u00e1lida la hip\u00f3tesis de que el yacimiento Fonelas P-1 es resultado de la actividad de hi\u00e9nidos extintos pertenecientes a la especie\u00a0<i>Pachycrocuta brevirostris<\/i>. Es decir, este yacimiento (este gran conjunto de huesos f\u00f3siles) fue un comedero al aire libre de hienas, que en las proximidades de un curso fluvial seco concentraron los huesos de gran n\u00famero de animales, tanto de carn\u00edvoros como de herb\u00edvoros. Con ellos compartieron ese ecosistema pret\u00e9rito, carro\u00f1eando los cad\u00e1veres de muchos individuos con el fin de obtener la m\u00e9dula y la grasa de sus huesos para alimentarse.<\/p><p>Los hi\u00e9nidos son conocidos agentes bioestratin\u00f3micos que modifican los huesos de los mam\u00edferos durante la alimentaci\u00f3n, y que generan importantes yacimientos paleontol\u00f3gicos.<\/p>\t\t\t\t\t\t<\/div>\n\t\t\t\t<\/div>\n\t\t\t\t<section class=\"elementor-section elementor-inner-section elementor-element elementor-element-5621668 elementor-section-boxed elementor-section-height-default elementor-section-height-default\" data-id=\"5621668\" data-element_type=\"section\" data-settings=\"{&quot;jet_parallax_layout_list&quot;:[]}\">\n\t\t\t\t\t\t<div class=\"elementor-container elementor-column-gap-default\">\n\t\t\t\t\t<div class=\"elementor-column elementor-col-50 elementor-inner-column elementor-element elementor-element-033bc3c\" data-id=\"033bc3c\" data-element_type=\"column\">\n\t\t\t<div class=\"elementor-widget-wrap\">\n\t\t\t\t\t\t\t<\/div>\n\t\t<\/div>\n\t\t\t\t<div class=\"elementor-column elementor-col-50 elementor-inner-column elementor-element elementor-element-277f10e\" data-id=\"277f10e\" data-element_type=\"column\">\n\t\t\t<div class=\"elementor-widget-wrap elementor-element-populated\">\n\t\t\t\t\t\t<div class=\"elementor-element elementor-element-5c76dcf elementor-widget__width-auto elementor-view-default elementor-widget elementor-widget-icon\" data-id=\"5c76dcf\" data-element_type=\"widget\" data-widget_type=\"icon.default\">\n\t\t\t\t<div class=\"elementor-widget-container\">\n\t\t\t\t\t<div class=\"elementor-icon-wrapper\">\n\t\t\t<div class=\"elementor-icon\">\n\t\t\t<i aria-hidden=\"true\" class=\"fas fa-file-invoice\"><\/i>\t\t\t<\/div>\n\t\t<\/div>\n\t\t\t\t<\/div>\n\t\t\t\t<\/div>\n\t\t\t\t<div class=\"elementor-element elementor-element-f5eb891 elementor-widget__width-auto elementor-widget elementor-widget-text-editor\" data-id=\"f5eb891\" data-element_type=\"widget\" data-widget_type=\"text-editor.default\">\n\t\t\t\t<div class=\"elementor-widget-container\">\n\t\t\t\t\t\t\t<p>Publicaci\u00f3n<\/p>\t\t\t\t\t\t<\/div>\n\t\t\t\t<\/div>\n\t\t\t\t\t<\/div>\n\t\t<\/div>\n\t\t\t\t\t<\/div>\n\t\t<\/section>\n\t\t\t\t<div data-ra-element-link=\"{&quot;url&quot;:&quot;https:\\\/\\\/journals.plos.org\\\/plosone\\\/article?id=10.1371\\\/journal.pone.0007127&quot;,&quot;is_external&quot;:&quot;&quot;,&quot;nofollow&quot;:&quot;&quot;,&quot;custom_attributes&quot;:&quot;&quot;}\" style=\"cursor: pointer\" target=\"_self\" onClick=\"window.open(&#039;https:\/\/journals.plos.org\/plosone\/article?id=10.1371\/journal.pone.0007127&#039;, &#039;_self&#039;)\" class=\"elementor-element elementor-element-ca85d2c elementor-position-left elementor-view-default elementor-mobile-position-top elementor-vertical-align-top elementor-widget elementor-widget-icon-box\" data-id=\"ca85d2c\" data-element_type=\"widget\" data-widget_type=\"icon-box.default\">\n\t\t\t\t<div class=\"elementor-widget-container\">\n\t\t\t<link rel=\"stylesheet\" href=\"https:\/\/webwp.igme.es\/pruebaigme\/wp-content\/uploads\/elementor\/css\/custom-widget-icon-box.min.css?ver=1707998212\">\t\t<div class=\"elementor-icon-box-wrapper\">\n\t\t\t\t\t\t<div class=\"elementor-icon-box-icon\">\n\t\t\t\t<a href=\"https:\/\/info.igme.es\/media\/EPVRF\/Docs\/FONELAS_29.pdf\" class=\"elementor-icon elementor-animation-\" tabindex=\"-1\">\n\t\t\t\t<i aria-hidden=\"true\" class=\"fas fa-file-invoice\"><\/i>\t\t\t\t<\/a>\n\t\t\t<\/div>\n\t\t\t\t\t\t<div class=\"elementor-icon-box-content\">\n\t\t\t\t<h6 class=\"elementor-icon-box-title\">\n\t\t\t\t\t<a href=\"https:\/\/info.igme.es\/media\/EPVRF\/Docs\/FONELAS_29.pdf\" >\n\t\t\t\t\t\tA Large Mammals Site in a Meandering Fluvial Context (Fonelas P-1)\t\t\t\t\t<\/a>\n\t\t\t\t<\/h6>\n\t\t\t\t\t\t\t\t\t<p class=\"elementor-icon-box-description\">\n\t\t\t\t\t\tViseras, C., Soria, J.M., Dur\u00e1n, J.J., Pla, S., Garrido, G., Garc\u00eda-Garc\u00eda, F. & Arribas, A. 2006. A Large Mammals Site in a Meandering Fluvial Context (Fonelas P-1, Late Pliocene, Guadix Basin, Spain). Sedimentological keys for its palaeoenvironmental reconstruction. Palaeogeography, Palaeoclimatology, Palaeoecology, 242, 139-168.\t\t\t\t\t<\/p>\n\t\t\t\t\t\t\t<\/div>\n\t\t<\/div>\n\t\t\t\t<\/div>\n\t\t\t\t<\/div>\n\t\t\t\t<section class=\"elementor-section elementor-inner-section elementor-element elementor-element-67849c1 elementor-section-boxed elementor-section-height-default elementor-section-height-default\" data-id=\"67849c1\" data-element_type=\"section\" data-settings=\"{&quot;jet_parallax_layout_list&quot;:[]}\">\n\t\t\t\t\t\t<div class=\"elementor-container elementor-column-gap-default\">\n\t\t\t\t\t<div class=\"elementor-column elementor-col-50 elementor-inner-column elementor-element elementor-element-2046deb\" data-id=\"2046deb\" data-element_type=\"column\">\n\t\t\t<div class=\"elementor-widget-wrap\">\n\t\t\t\t\t\t\t<\/div>\n\t\t<\/div>\n\t\t\t\t<div class=\"elementor-column elementor-col-50 elementor-inner-column elementor-element elementor-element-fd98f77\" data-id=\"fd98f77\" data-element_type=\"column\">\n\t\t\t<div class=\"elementor-widget-wrap elementor-element-populated\">\n\t\t\t\t\t\t<div class=\"elementor-element elementor-element-a4043af elementor-widget__width-auto elementor-view-default elementor-widget elementor-widget-icon\" data-id=\"a4043af\" data-element_type=\"widget\" data-widget_type=\"icon.default\">\n\t\t\t\t<div class=\"elementor-widget-container\">\n\t\t\t\t\t<div class=\"elementor-icon-wrapper\">\n\t\t\t<div class=\"elementor-icon\">\n\t\t\t<i aria-hidden=\"true\" class=\"fas fa-file-invoice\"><\/i>\t\t\t<\/div>\n\t\t<\/div>\n\t\t\t\t<\/div>\n\t\t\t\t<\/div>\n\t\t\t\t<div class=\"elementor-element elementor-element-a62255f elementor-widget__width-auto elementor-widget elementor-widget-text-editor\" data-id=\"a62255f\" data-element_type=\"widget\" data-widget_type=\"text-editor.default\">\n\t\t\t\t<div class=\"elementor-widget-container\">\n\t\t\t\t\t\t\t<p>Publicaci\u00f3n<\/p>\t\t\t\t\t\t<\/div>\n\t\t\t\t<\/div>\n\t\t\t\t\t<\/div>\n\t\t<\/div>\n\t\t\t\t\t<\/div>\n\t\t<\/section>\n\t\t\t\t<div data-ra-element-link=\"{&quot;url&quot;:&quot;https:\\\/\\\/journals.plos.org\\\/plosone\\\/article?id=10.1371\\\/journal.pone.0007127&quot;,&quot;is_external&quot;:&quot;&quot;,&quot;nofollow&quot;:&quot;&quot;,&quot;custom_attributes&quot;:&quot;&quot;}\" style=\"cursor: pointer\" target=\"_self\" onClick=\"window.open(&#039;https:\/\/journals.plos.org\/plosone\/article?id=10.1371\/journal.pone.0007127&#039;, &#039;_self&#039;)\" class=\"elementor-element elementor-element-4c5e881 elementor-position-left elementor-view-default elementor-mobile-position-top elementor-vertical-align-top elementor-widget elementor-widget-icon-box\" data-id=\"4c5e881\" data-element_type=\"widget\" data-widget_type=\"icon-box.default\">\n\t\t\t\t<div class=\"elementor-widget-container\">\n\t\t\t\t\t<div class=\"elementor-icon-box-wrapper\">\n\t\t\t\t\t\t<div class=\"elementor-icon-box-icon\">\n\t\t\t\t<a href=\"https:\/\/info.igme.es\/media\/EPVRF\/Docs\/FONELAS_31.pdf\" class=\"elementor-icon elementor-animation-\" tabindex=\"-1\">\n\t\t\t\t<i aria-hidden=\"true\" class=\"fas fa-file-invoice\"><\/i>\t\t\t\t<\/a>\n\t\t\t<\/div>\n\t\t\t\t\t\t<div class=\"elementor-icon-box-content\">\n\t\t\t\t<h6 class=\"elementor-icon-box-title\">\n\t\t\t\t\t<a href=\"https:\/\/info.igme.es\/media\/EPVRF\/Docs\/FONELAS_31.pdf\" >\n\t\t\t\t\t\t\t\tTaphonomic approach to Fonelas P-1 site: descriptive taphonomic characters related to hyaenid activity\t\t\t\t\t<\/a>\n\t\t\t\t<\/h6>\n\t\t\t\t\t\t\t\t\t<p class=\"elementor-icon-box-description\">\n\t\t\t\t\t\tGarrido Alvarez-Coto, G., Garc\u00eda Solano, J. A., Viseras Alarc\u00f3n, C., Soria Mingorance, J. M., Arribas Herrera, A. 2010. Taphonomic approach to Fonelas P-1 site (late Pliocene, Guadix basin, Granada): descriptive taphonomic characters related to hyaenid activity. Zona Arqueol\u00f3gica, 13, 132-146.\t\t\t\t\t<\/p>\n\t\t\t\t\t\t\t<\/div>\n\t\t<\/div>\n\t\t\t\t<\/div>\n\t\t\t\t<\/div>\n\t\t\t\t\t<\/div>\n\t\t<\/div>\n\t\t\t\t\t<\/div>\n\t\t<\/section>\n\t\t\t\t<\/div>\n\t\t","protected":false},"excerpt":{"rendered":"<p>La Tafonom\u00eda es aquella ciencia que intenta explicar todos los sucesos que afectaron a un resto de un organismo del pasado, desde que el individuo muri\u00f3 hasta que son encontrados sus f\u00f3siles en el registro estratigr\u00e1fico. Por tanto, y con el fin de evaluar la representatividad de lo registrado en un yacimiento con respecto a&#8230;<\/p>\n","protected":false},"author":18,"featured_media":15228,"parent":15123,"menu_order":0,"comment_status":"closed","ping_status":"closed","template":"","meta":{"_kad_post_transparent":"","_kad_post_title":"hide","_kad_post_layout":"fullwidth","_kad_post_sidebar_id":"","_kad_post_content_style":"unboxed","_kad_post_vertical_padding":"hide","_kad_post_feature":"hide","_kad_post_feature_position":"","_kad_post_header":false,"_kad_post_footer":false,"footnotes":""},"aioseo_notices":[],"_links":{"self":[{"href":"https:\/\/webwp.igme.es\/pruebaigme\/wp-json\/wp\/v2\/pages\/15309"}],"collection":[{"href":"https:\/\/webwp.igme.es\/pruebaigme\/wp-json\/wp\/v2\/pages"}],"about":[{"href":"https:\/\/webwp.igme.es\/pruebaigme\/wp-json\/wp\/v2\/types\/page"}],"author":[{"embeddable":true,"href":"https:\/\/webwp.igme.es\/pruebaigme\/wp-json\/wp\/v2\/users\/18"}],"replies":[{"embeddable":true,"href":"https:\/\/webwp.igme.es\/pruebaigme\/wp-json\/wp\/v2\/comments?post=15309"}],"version-history":[{"count":20,"href":"https:\/\/webwp.igme.es\/pruebaigme\/wp-json\/wp\/v2\/pages\/15309\/revisions"}],"predecessor-version":[{"id":30492,"href":"https:\/\/webwp.igme.es\/pruebaigme\/wp-json\/wp\/v2\/pages\/15309\/revisions\/30492"}],"up":[{"embeddable":true,"href":"https:\/\/webwp.igme.es\/pruebaigme\/wp-json\/wp\/v2\/pages\/15123"}],"wp:featuredmedia":[{"embeddable":true,"href":"https:\/\/webwp.igme.es\/pruebaigme\/wp-json\/wp\/v2\/media\/15228"}],"wp:attachment":[{"href":"https:\/\/webwp.igme.es\/pruebaigme\/wp-json\/wp\/v2\/media?parent=15309"}],"curies":[{"name":"wp","href":"https:\/\/api.w.org\/{rel}","templated":true}]}}