{"id":15353,"date":"2023-08-18T12:28:06","date_gmt":"2023-08-18T10:28:06","guid":{"rendered":"http:\/\/webwp.igme.es\/pruebaigme\/?page_id=15353"},"modified":"2023-12-26T09:44:18","modified_gmt":"2023-12-26T08:44:18","slug":"informacion-cronologica","status":"publish","type":"page","link":"https:\/\/webwp.igme.es\/pruebaigme\/estacion-paleontologica-valle-del-rio-fardes\/el-centro-paleontologico-fonelas-p-1\/investigacion\/informacion-cronologica\/","title":{"rendered":"Informaci\u00f3n cronol\u00f3gica"},"content":{"rendered":"\t\t<div data-elementor-type=\"wp-page\" data-elementor-id=\"15353\" class=\"elementor elementor-15353\" data-elementor-post-type=\"page\">\n\t\t\t\t\t\t<section class=\"elementor-section elementor-top-section elementor-element elementor-element-4080401 elementor-section-boxed elementor-section-height-default elementor-section-height-default\" data-id=\"4080401\" data-element_type=\"section\" data-settings=\"{&quot;jet_parallax_layout_list&quot;:[]}\">\n\t\t\t\t\t\t<div class=\"elementor-container elementor-column-gap-default\">\n\t\t\t\t\t<div class=\"elementor-column elementor-col-100 elementor-top-column elementor-element elementor-element-5fe8a39\" data-id=\"5fe8a39\" data-element_type=\"column\">\n\t\t\t<div class=\"elementor-widget-wrap elementor-element-populated\">\n\t\t\t\t\t\t<div class=\"elementor-element elementor-element-c18b4bb elementor-widget elementor-widget-heading\" data-id=\"c18b4bb\" data-element_type=\"widget\" data-widget_type=\"heading.default\">\n\t\t\t\t<div class=\"elementor-widget-container\">\n\t\t\t<style>\/*! elementor - v3.19.0 - 07-02-2024 *\/\n.elementor-heading-title{padding:0;margin:0;line-height:1}.elementor-widget-heading .elementor-heading-title[class*=elementor-size-]>a{color:inherit;font-size:inherit;line-height:inherit}.elementor-widget-heading .elementor-heading-title.elementor-size-small{font-size:15px}.elementor-widget-heading .elementor-heading-title.elementor-size-medium{font-size:19px}.elementor-widget-heading .elementor-heading-title.elementor-size-large{font-size:29px}.elementor-widget-heading .elementor-heading-title.elementor-size-xl{font-size:39px}.elementor-widget-heading .elementor-heading-title.elementor-size-xxl{font-size:59px}<\/style><h5 class=\"elementor-heading-title elementor-size-default\">Registro f\u00f3sil ordenado por edades geol\u00f3gicas, revelando la evoluci\u00f3n de la vida a lo largo del tiempo geol\u00f3gico.<\/h5>\t\t<\/div>\n\t\t\t\t<\/div>\n\t\t\t\t\t<\/div>\n\t\t<\/div>\n\t\t\t\t\t<\/div>\n\t\t<\/section>\n\t\t\t\t<section class=\"elementor-section elementor-top-section elementor-element elementor-element-b8ecde6 elementor-section-boxed elementor-section-height-default elementor-section-height-default\" data-id=\"b8ecde6\" data-element_type=\"section\" data-settings=\"{&quot;background_background&quot;:&quot;classic&quot;,&quot;jet_parallax_layout_list&quot;:[]}\">\n\t\t\t\t\t\t<div class=\"elementor-container elementor-column-gap-default\">\n\t\t\t\t\t<div class=\"elementor-column elementor-col-100 elementor-top-column elementor-element elementor-element-c988887\" data-id=\"c988887\" data-element_type=\"column\">\n\t\t\t<div class=\"elementor-widget-wrap elementor-element-populated\">\n\t\t\t\t\t\t<section class=\"elementor-section elementor-inner-section elementor-element elementor-element-4d5ee59 elementor-section-boxed elementor-section-height-default elementor-section-height-default\" data-id=\"4d5ee59\" data-element_type=\"section\" data-settings=\"{&quot;jet_parallax_layout_list&quot;:[]}\">\n\t\t\t\t\t\t<div class=\"elementor-container elementor-column-gap-default\">\n\t\t\t\t\t<div class=\"elementor-column elementor-col-50 elementor-inner-column elementor-element elementor-element-8fa5eff\" data-id=\"8fa5eff\" data-element_type=\"column\">\n\t\t\t<div class=\"elementor-widget-wrap\">\n\t\t\t\t\t\t\t<\/div>\n\t\t<\/div>\n\t\t\t\t<div class=\"elementor-column elementor-col-50 elementor-inner-column elementor-element elementor-element-474a6d0\" data-id=\"474a6d0\" data-element_type=\"column\">\n\t\t\t<div class=\"elementor-widget-wrap elementor-element-populated\">\n\t\t\t\t\t\t<div class=\"elementor-element elementor-element-a0652cd elementor-widget__width-auto elementor-view-default elementor-widget elementor-widget-icon\" data-id=\"a0652cd\" data-element_type=\"widget\" data-widget_type=\"icon.default\">\n\t\t\t\t<div class=\"elementor-widget-container\">\n\t\t\t\t\t<div class=\"elementor-icon-wrapper\">\n\t\t\t<div class=\"elementor-icon\">\n\t\t\t<i aria-hidden=\"true\" class=\"fas fa-file-invoice\"><\/i>\t\t\t<\/div>\n\t\t<\/div>\n\t\t\t\t<\/div>\n\t\t\t\t<\/div>\n\t\t\t\t<div class=\"elementor-element elementor-element-9b62c2f elementor-widget__width-auto elementor-widget elementor-widget-text-editor\" data-id=\"9b62c2f\" data-element_type=\"widget\" data-widget_type=\"text-editor.default\">\n\t\t\t\t<div class=\"elementor-widget-container\">\n\t\t\t<style>\/*! elementor - v3.19.0 - 07-02-2024 *\/\n.elementor-widget-text-editor.elementor-drop-cap-view-stacked .elementor-drop-cap{background-color:#69727d;color:#fff}.elementor-widget-text-editor.elementor-drop-cap-view-framed .elementor-drop-cap{color:#69727d;border:3px solid;background-color:transparent}.elementor-widget-text-editor:not(.elementor-drop-cap-view-default) .elementor-drop-cap{margin-top:8px}.elementor-widget-text-editor:not(.elementor-drop-cap-view-default) .elementor-drop-cap-letter{width:1em;height:1em}.elementor-widget-text-editor .elementor-drop-cap{float:left;text-align:center;line-height:1;font-size:50px}.elementor-widget-text-editor .elementor-drop-cap-letter{display:inline-block}<\/style>\t\t\t\t<p>Publicaci\u00f3n<\/p>\t\t\t\t\t\t<\/div>\n\t\t\t\t<\/div>\n\t\t\t\t\t<\/div>\n\t\t<\/div>\n\t\t\t\t\t<\/div>\n\t\t<\/section>\n\t\t\t\t<div data-ra-element-link=\"{&quot;url&quot;:&quot;https:\\\/\\\/journals.plos.org\\\/plosone\\\/article?id=10.1371\\\/journal.pone.0007127&quot;,&quot;is_external&quot;:&quot;&quot;,&quot;nofollow&quot;:&quot;&quot;,&quot;custom_attributes&quot;:&quot;&quot;}\" style=\"cursor: pointer\" target=\"_self\" onClick=\"window.open(&#039;https:\/\/journals.plos.org\/plosone\/article?id=10.1371\/journal.pone.0007127&#039;, &#039;_self&#039;)\" class=\"elementor-element elementor-element-2823722 elementor-position-left elementor-view-default elementor-mobile-position-top elementor-vertical-align-top elementor-widget elementor-widget-icon-box\" data-id=\"2823722\" data-element_type=\"widget\" data-widget_type=\"icon-box.default\">\n\t\t\t\t<div class=\"elementor-widget-container\">\n\t\t\t<link rel=\"stylesheet\" href=\"https:\/\/webwp.igme.es\/pruebaigme\/wp-content\/uploads\/elementor\/css\/custom-widget-icon-box.min.css?ver=1707998212\">\t\t<div class=\"elementor-icon-box-wrapper\">\n\t\t\t\t\t\t<div class=\"elementor-icon-box-icon\">\n\t\t\t\t<a href=\"https:\/\/info.igme.es\/media\/EPVRF\/Docs\/FONELAS_5.pdf\" class=\"elementor-icon elementor-animation-\" tabindex=\"-1\">\n\t\t\t\t<i aria-hidden=\"true\" class=\"fas fa-file-invoice\"><\/i>\t\t\t\t<\/a>\n\t\t\t<\/div>\n\t\t\t\t\t\t<div class=\"elementor-icon-box-content\">\n\t\t\t\t<h6 class=\"elementor-icon-box-title\">\n\t\t\t\t\t<a href=\"https:\/\/info.igme.es\/media\/EPVRF\/Docs\/FONELAS_5.pdf\" >\n\t\t\t\t\t\tA Mammalian Lost World in Southwest Europe during the Late Pliocene\t\t\t\t\t<\/a>\n\t\t\t\t<\/h6>\n\t\t\t\t\t\t\t\t\t<p class=\"elementor-icon-box-description\">\n\t\t\t\t\t\tArribas A, Garrido G, Viseras C, Soria JM, Pla S, Solano JG, Garc\u00e9s M, Beamud E, Carri\u00f3n JS (2009) A Mammalian Lost World in Southwest Europe during the Late Pliocene. PLoS ONE 4(9): e7127. doi:10.1371\/journal.pone.0007127\t\t\t\t\t<\/p>\n\t\t\t\t\t\t\t<\/div>\n\t\t<\/div>\n\t\t\t\t<\/div>\n\t\t\t\t<\/div>\n\t\t\t\t<div class=\"elementor-element elementor-element-905dfad elementor-icon-list--layout-traditional elementor-list-item-link-full_width elementor-widget elementor-widget-icon-list\" data-id=\"905dfad\" data-element_type=\"widget\" data-widget_type=\"icon-list.default\">\n\t\t\t\t<div class=\"elementor-widget-container\">\n\t\t\t<link rel=\"stylesheet\" href=\"https:\/\/webwp.igme.es\/pruebaigme\/wp-content\/uploads\/elementor\/css\/custom-widget-icon-list.min.css?ver=1707999142\">\t\t<ul class=\"elementor-icon-list-items\">\n\t\t\t\t\t\t\t<li class=\"elementor-icon-list-item\">\n\t\t\t\t\t\t\t\t\t\t\t<a href=\"http:\/\/www.plosone.org\/article\/info:doi\/10.1371\/journal.pone.0007127\">\n\n\t\t\t\t\t\t\t\t\t\t\t\t<span class=\"elementor-icon-list-icon\">\n\t\t\t\t\t\t\t<i aria-hidden=\"true\" class=\"fas fa-external-link-alt\"><\/i>\t\t\t\t\t\t<\/span>\n\t\t\t\t\t\t\t\t\t\t<span class=\"elementor-icon-list-text\">Enlace al art\u00edculo en PLoS ONE.org<\/span>\n\t\t\t\t\t\t\t\t\t\t\t<\/a>\n\t\t\t\t\t\t\t\t\t<\/li>\n\t\t\t\t\t\t<\/ul>\n\t\t\t\t<\/div>\n\t\t\t\t<\/div>\n\t\t\t\t<section class=\"elementor-section elementor-inner-section elementor-element elementor-element-3527ab0 elementor-section-boxed elementor-section-height-default elementor-section-height-default\" data-id=\"3527ab0\" data-element_type=\"section\" data-settings=\"{&quot;jet_parallax_layout_list&quot;:[]}\">\n\t\t\t\t\t\t<div class=\"elementor-container elementor-column-gap-default\">\n\t\t\t\t\t<div class=\"elementor-column elementor-col-50 elementor-inner-column elementor-element elementor-element-22ee087\" data-id=\"22ee087\" data-element_type=\"column\">\n\t\t\t<div class=\"elementor-widget-wrap\">\n\t\t\t\t\t\t\t<\/div>\n\t\t<\/div>\n\t\t\t\t<div class=\"elementor-column elementor-col-50 elementor-inner-column elementor-element elementor-element-e01953e\" data-id=\"e01953e\" data-element_type=\"column\">\n\t\t\t<div class=\"elementor-widget-wrap elementor-element-populated\">\n\t\t\t\t\t\t<div class=\"elementor-element elementor-element-bd4680f elementor-widget__width-auto elementor-view-default elementor-widget elementor-widget-icon\" data-id=\"bd4680f\" data-element_type=\"widget\" data-widget_type=\"icon.default\">\n\t\t\t\t<div class=\"elementor-widget-container\">\n\t\t\t\t\t<div class=\"elementor-icon-wrapper\">\n\t\t\t<div class=\"elementor-icon\">\n\t\t\t<i aria-hidden=\"true\" class=\"fas fa-file-invoice\"><\/i>\t\t\t<\/div>\n\t\t<\/div>\n\t\t\t\t<\/div>\n\t\t\t\t<\/div>\n\t\t\t\t<div class=\"elementor-element elementor-element-390fc8c elementor-widget__width-auto elementor-widget elementor-widget-text-editor\" data-id=\"390fc8c\" data-element_type=\"widget\" data-widget_type=\"text-editor.default\">\n\t\t\t\t<div class=\"elementor-widget-container\">\n\t\t\t\t\t\t\t<p>Publicaci\u00f3n<\/p>\t\t\t\t\t\t<\/div>\n\t\t\t\t<\/div>\n\t\t\t\t\t<\/div>\n\t\t<\/div>\n\t\t\t\t\t<\/div>\n\t\t<\/section>\n\t\t\t\t<div data-ra-element-link=\"{&quot;url&quot;:&quot;https:\\\/\\\/journals.plos.org\\\/plosone\\\/article?id=10.1371\\\/journal.pone.0007127&quot;,&quot;is_external&quot;:&quot;&quot;,&quot;nofollow&quot;:&quot;&quot;,&quot;custom_attributes&quot;:&quot;&quot;}\" style=\"cursor: pointer\" target=\"_self\" onClick=\"window.open(&#039;https:\/\/journals.plos.org\/plosone\/article?id=10.1371\/journal.pone.0007127&#039;, &#039;_self&#039;)\" class=\"elementor-element elementor-element-1cdd7b3 elementor-position-left elementor-view-default elementor-mobile-position-top elementor-vertical-align-top elementor-widget elementor-widget-icon-box\" data-id=\"1cdd7b3\" data-element_type=\"widget\" data-widget_type=\"icon-box.default\">\n\t\t\t\t<div class=\"elementor-widget-container\">\n\t\t\t\t\t<div class=\"elementor-icon-box-wrapper\">\n\t\t\t\t\t\t<div class=\"elementor-icon-box-icon\">\n\t\t\t\t<a href=\"https:\/\/info.igme.es\/media\/EPVRF\/Docs\/FONELAS_30.pdf\" class=\"elementor-icon elementor-animation-\" tabindex=\"-1\">\n\t\t\t\t<i aria-hidden=\"true\" class=\"fas fa-file-invoice\"><\/i>\t\t\t\t<\/a>\n\t\t\t<\/div>\n\t\t\t\t\t\t<div class=\"elementor-icon-box-content\">\n\t\t\t\t<h6 class=\"elementor-icon-box-title\">\n\t\t\t\t\t<a href=\"https:\/\/info.igme.es\/media\/EPVRF\/Docs\/FONELAS_30.pdf\" >\n\t\t\t\t\t\tA stratigraphic framework for the Pliocene-Pleistocene continental sediments of the Guadix Basin\t\t\t\t\t<\/a>\n\t\t\t\t<\/h6>\n\t\t\t\t\t\t\t\t\t<p class=\"elementor-icon-box-description\">\n\t\t\t\t\t\tPla-Pueyo, S., Viseras, C., Soria, J.M., Tent-Mancl\u00fas, J.E. and Arribas, A. 2011. A stratigraphic framework for the Pliocene-Pleistocene continental sediments of the Guadix Basin (Betic Cordillera, S. Spain). Quaternary International, 243(1):16\u201332.\t\t\t\t\t<\/p>\n\t\t\t\t\t\t\t<\/div>\n\t\t<\/div>\n\t\t\t\t<\/div>\n\t\t\t\t<\/div>\n\t\t\t\t<div class=\"elementor-element elementor-element-179fa4c elementor-widget elementor-widget-text-editor\" data-id=\"179fa4c\" data-element_type=\"widget\" data-widget_type=\"text-editor.default\">\n\t\t\t\t<div class=\"elementor-widget-container\">\n\t\t\t\t\t\t\t<p>La interpretaci\u00f3n bioestratigr\u00e1fica hist\u00f3rica del registro f\u00f3sil europeo nos llev\u00f3 en un principio, en funci\u00f3n de los FAD\u2019s (First Appearance Data) y los LAD\u2019s (Last Appearance Data) de distintos taxones identificados en el yacimiento, a situar a Fonelas P-1 en un intervalo cronol\u00f3gico definido entre -1.9 Ma y -1.7 Ma. Esta era la postura m\u00e1s prudente pues se consider\u00f3 poco parsimonioso pensar que Fonelas P-1 fuese m\u00e1s antiguo que la unidad Olivola (Olivola FU; -1.9 Ma), unidad faun\u00edstica italiana que presentaba los FAD\u2019s de distintas especies de grandes mam\u00edferos presentes en el yacimiento granadino, oriundas de Asia. Esta consideraci\u00f3n cambia con los datos magnetoestratigr\u00e1ficos obtenidos durante el a\u00f1o 2007, con los que se situa la cronolog\u00eda de Fonelas P-1 en los\u00a0<b>2 millones de a\u00f1os de antig\u00fcedad<\/b>.<\/p>\t\t\t\t\t\t<\/div>\n\t\t\t\t<\/div>\n\t\t\t\t<div class=\"elementor-element elementor-element-37871ea elementor-widget elementor-widget-image\" data-id=\"37871ea\" data-element_type=\"widget\" data-widget_type=\"image.default\">\n\t\t\t\t<div class=\"elementor-widget-container\">\n\t\t\t<style>\/*! elementor - v3.19.0 - 07-02-2024 *\/\n.elementor-widget-image{text-align:center}.elementor-widget-image a{display:inline-block}.elementor-widget-image a img[src$=\".svg\"]{width:48px}.elementor-widget-image img{vertical-align:middle;display:inline-block}<\/style>\t\t\t\t\t\t\t<figure class=\"wp-caption\">\n\t\t\t\t\t\t\t\t\t\t<img fetchpriority=\"high\" decoding=\"async\" width=\"1024\" height=\"912\" src=\"https:\/\/webwp.igme.es\/pruebaigme\/wp-content\/uploads\/2023\/08\/IMG_40-1024x912.jpg\" class=\"attachment-large size-large wp-image-15225\" alt=\"S\u00edntesis de la informaci\u00f3n bioestratigr\u00e1fica de Fonelas P-1\" srcset=\"https:\/\/webwp.igme.es\/pruebaigme\/wp-content\/uploads\/2023\/08\/IMG_40-1024x912.jpg 1024w, https:\/\/webwp.igme.es\/pruebaigme\/wp-content\/uploads\/2023\/08\/IMG_40-300x267.jpg 300w, https:\/\/webwp.igme.es\/pruebaigme\/wp-content\/uploads\/2023\/08\/IMG_40-768x684.jpg 768w, https:\/\/webwp.igme.es\/pruebaigme\/wp-content\/uploads\/2023\/08\/IMG_40-1536x1368.jpg 1536w, https:\/\/webwp.igme.es\/pruebaigme\/wp-content\/uploads\/2023\/08\/IMG_40.webp 1772w\" sizes=\"(max-width: 1024px) 100vw, 1024px\" \/>\t\t\t\t\t\t\t\t\t\t\t<figcaption class=\"widget-image-caption wp-caption-text\">S\u00edntesis de la informaci\u00f3n bioestratigr\u00e1fica de Fonelas P-1 (en la que se incluyen otros yacimientos con informaci\u00f3n magnetoestratigr\u00e1fica localizados por el proyecto en la Cuenca de Guadix) en relaci\u00f3n con los datos publicados de los yacimientos europeos m\u00e1s significativos para el Pleistoceno inferior basal. Los yacimientos se sit\u00faan en las posiciones m\u00e1s parsimoniosas en funci\u00f3n de las investigaciones realizadas en cada uno de ellos.<\/figcaption>\n\t\t\t\t\t\t\t\t\t\t<\/figure>\n\t\t\t\t\t\t\t<\/div>\n\t\t\t\t<\/div>\n\t\t\t\t<div class=\"elementor-element elementor-element-3d7cd72 elementor-widget elementor-widget-text-editor\" data-id=\"3d7cd72\" data-element_type=\"widget\" data-widget_type=\"text-editor.default\">\n\t\t\t\t<div class=\"elementor-widget-container\">\n\t\t\t\t\t\t\t<p>El an\u00e1lisis integral de la informaci\u00f3n obtenida a partir de la asociaci\u00f3n paleomastol\u00f3gica recuperada en FP-1 permite:<\/p><ol><li value=\"1\" type=\"1\">integrar en uno los eventos de dispersi\u00f3n tradicionalmente asignados a las FU\u2019s Olivola y Tasso;<\/li><\/ol><ol><li value=\"2\" type=\"1\">establecer que la singular asociaci\u00f3n de FP-1 es ligeramente m\u00e1s antigua (-2.0 Ma) que las de Olivola + Tasso FU;<\/li><\/ol><ol><li value=\"3\" type=\"1\">constatar el notable incremento de los FAD\u2019s entre Sen\u00e8ze y Fonelas P-1 (Sondeo B), esto es, entre 2.1 \u2013 2.0 Ma;<\/li><\/ol><ol><li value=\"4\" type=\"1\">verificar la existencia de la biozona MNQ18 en cronolog\u00edas m\u00e1s antiguas que Olduvai; y<\/li><\/ol><ol><li value=\"5\" type=\"1\">plantear la hip\u00f3tesis de la existencia de un \u00fanico evento dispersivo (The\u00a0<b>Pre-Olduvai (C2r.1r) dispersal event<\/b>) entre 2.1 y 2.0 Ma de antig\u00fcedad que integrar\u00eda a los grandes mam\u00edferos asi\u00e1ticos y africanos que ven\u00edan caracterizando al Wolf dispersal event (1 en la figura) m\u00e1s aquellos asociados al Homo dispersal event (2 en la figura), al que se suman otros nuevos protagonistas identificados gracias al singular registro de FP-1. Futuras investigaciones de los yacimientos integrados en el marco de este proyecto permitir\u00e1n verificar la presencia de hom\u00ednidos en la Cuenca de Guadix en tan tempranas cronolog\u00edas.<\/li><\/ol><p>Por otra parte, el conjunto de hallazgos e investigaciones realizadas en el marco del Proyecto Fonelas desde el a\u00f1o 2001 permite identificar en la Cuenca de Guadix un conjunto de cuerpos de roca con una potencia media de 6 m, localizados entre las cotas topogr\u00e1ficas 920-940 m de altitud, que contiene informaci\u00f3n de calidad sobre las faunas de mam\u00edferos del inicio del Pleistoceno: Zona MNQ17 (FSCC-3, FSCC-2 y FBP-4), Zona MNQ18 (Fonelas P-1 y FSCC-1) y Zona MNQ19 (FBP SVY-1, M-8 y M-9). Dicho conjunto geol\u00f3gico ocupa una superficie m\u00ednima de 40 km2 y comprende aproximadamente 240.000.000 m3 de volumen de rocas sedimentarias con registro estratigr\u00e1fico de los ambientes y subambientes ecol\u00f3gicos de este intervalo de tiempo y el registro f\u00f3sil de los mam\u00edferos que caracterizaron los ecosistemas terrestres.<\/p>\t\t\t\t\t\t<\/div>\n\t\t\t\t<\/div>\n\t\t\t\t<div class=\"elementor-element elementor-element-3b85f3b elementor-widget elementor-widget-image\" data-id=\"3b85f3b\" data-element_type=\"widget\" data-widget_type=\"image.default\">\n\t\t\t\t<div class=\"elementor-widget-container\">\n\t\t\t\t\t\t\t\t\t\t<figure class=\"wp-caption\">\n\t\t\t\t\t\t\t\t\t\t<img decoding=\"async\" width=\"602\" height=\"717\" src=\"https:\/\/webwp.igme.es\/pruebaigme\/wp-content\/uploads\/2023\/08\/IMG_42.jpg\" class=\"attachment-large size-large wp-image-15227\" alt=\"Mapa detallado de la zona de trabajo en campo del Proyecto Fonelas\" srcset=\"https:\/\/webwp.igme.es\/pruebaigme\/wp-content\/uploads\/2023\/08\/IMG_42.jpg 602w, https:\/\/webwp.igme.es\/pruebaigme\/wp-content\/uploads\/2023\/08\/IMG_42-252x300.jpg 252w\" sizes=\"(max-width: 602px) 100vw, 602px\" \/>\t\t\t\t\t\t\t\t\t\t\t<figcaption class=\"widget-image-caption wp-caption-text\">Mapa detallado de la zona de trabajo en campo del Proyecto Fonelas entre los a\u00f1os 2001 y 2009. Se representa la posici\u00f3n de los puntos con registro f\u00f3sil de grandes mam\u00edferos localizados en nuestro \u00e1mbito de trabajo, ya sean yacimientos o puntos con registro espor\u00e1dico, y la posici\u00f3n de los perfiles estratigr\u00e1ficos levantados en el sector estudiado. Anteriormente a este proyecto s\u00f3lo se conoc\u00edan en esta porci\u00f3n de la cuenca los yacimientos de: Moreda, Hu\u00e9lago-c y La Solana del Zamborino.<\/figcaption>\n\t\t\t\t\t\t\t\t\t\t<\/figure>\n\t\t\t\t\t\t\t<\/div>\n\t\t\t\t<\/div>\n\t\t\t\t<div class=\"elementor-element elementor-element-a021293 elementor-widget elementor-widget-text-editor\" data-id=\"a021293\" data-element_type=\"widget\" data-widget_type=\"text-editor.default\">\n\t\t\t\t<div class=\"elementor-widget-container\">\n\t\t\t\t\t\t\t<p>Fonelas P-1 sintetiza, en un \u00fanico suceso, dos eventos de dispersi\u00f3n hist\u00f3ricos, dentro de la cl\u00e1sica MNQ18, sin que la asociaci\u00f3n faun\u00edstica de esta zona sea la est\u00e1ndar. El conjunto de nuevos yacimientos permite identificar en la misma sucesi\u00f3n general las zonas MNQ17, MNQ18 y MNQ19; y aporta al debate indicios indirectos de presencia humana en cronolog\u00edas pr\u00f3ximas a los 2 Ma de antig\u00fcedad en el margen suroeste de Europa. La posici\u00f3n geogr\u00e1fica de estos registros espa\u00f1oles abre nuevas inc\u00f3gnitas de naturaleza paleogeogr\u00e1fica, ya que en el suroeste del continente europeo se encontrar\u00edan los primeros registros de especies supuestamente oriundas de Asia, y entre el C\u00e1ucaso y la Pen\u00ednsula Ib\u00e9rica no se conocen otros testimonios f\u00f3siles de este acontecimiento.<\/p>\t\t\t\t\t\t<\/div>\n\t\t\t\t<\/div>\n\t\t\t\t<div class=\"elementor-element elementor-element-4537236 elementor-widget elementor-widget-image\" data-id=\"4537236\" data-element_type=\"widget\" data-widget_type=\"image.default\">\n\t\t\t\t<div class=\"elementor-widget-container\">\n\t\t\t\t\t\t\t\t\t\t<figure class=\"wp-caption\">\n\t\t\t\t\t\t\t\t\t\t<img decoding=\"async\" width=\"525\" height=\"1024\" src=\"https:\/\/webwp.igme.es\/pruebaigme\/wp-content\/uploads\/2023\/08\/IMG_41-525x1024.jpg\" class=\"attachment-large size-large wp-image-15226\" alt=\"Esquema bioestratigr\u00e1fico de la asociaci\u00f3n faun\u00edstica de grandes mam\u00edferos localizada en Fonelas P-1\" srcset=\"https:\/\/webwp.igme.es\/pruebaigme\/wp-content\/uploads\/2023\/08\/IMG_41-525x1024.jpg 525w, https:\/\/webwp.igme.es\/pruebaigme\/wp-content\/uploads\/2023\/08\/IMG_41-154x300.jpg 154w, https:\/\/webwp.igme.es\/pruebaigme\/wp-content\/uploads\/2023\/08\/IMG_41-768x1498.jpg 768w, https:\/\/webwp.igme.es\/pruebaigme\/wp-content\/uploads\/2023\/08\/IMG_41-787x1536.jpg 787w, https:\/\/webwp.igme.es\/pruebaigme\/wp-content\/uploads\/2023\/08\/IMG_41.webp 984w\" sizes=\"(max-width: 525px) 100vw, 525px\" \/>\t\t\t\t\t\t\t\t\t\t\t<figcaption class=\"widget-image-caption wp-caption-text\">Esquema bioestratigr\u00e1fico de la asociaci\u00f3n faun\u00edstica de grandes mam\u00edferos localizada en Fonelas P-1. La posici\u00f3n de FP-1 (sondeo B) deriva tanto de los resultados bioestratigr\u00e1ficos como magnetoestratigr\u00e1ficos<\/figcaption>\n\t\t\t\t\t\t\t\t\t\t<\/figure>\n\t\t\t\t\t\t\t<\/div>\n\t\t\t\t<\/div>\n\t\t\t\t\t<\/div>\n\t\t<\/div>\n\t\t\t\t\t<\/div>\n\t\t<\/section>\n\t\t\t\t<\/div>\n\t\t","protected":false},"excerpt":{"rendered":"<p>Registro f\u00f3sil ordenado por edades geol\u00f3gicas, revelando la evoluci\u00f3n de la vida a lo largo del tiempo geol\u00f3gico. Publicaci\u00f3n A Mammalian Lost World in Southwest Europe during the Late Pliocene Arribas A, Garrido G, Viseras C, Soria JM, Pla S, Solano JG, Garc\u00e9s M, Beamud E, Carri\u00f3n JS (2009) A Mammalian Lost World in Southwest&#8230;<\/p>\n","protected":false},"author":18,"featured_media":15437,"parent":15123,"menu_order":0,"comment_status":"closed","ping_status":"closed","template":"","meta":{"_kad_post_transparent":"","_kad_post_title":"hide","_kad_post_layout":"fullwidth","_kad_post_sidebar_id":"","_kad_post_content_style":"unboxed","_kad_post_vertical_padding":"hide","_kad_post_feature":"hide","_kad_post_feature_position":"","_kad_post_header":false,"_kad_post_footer":false,"footnotes":""},"aioseo_notices":[],"_links":{"self":[{"href":"https:\/\/webwp.igme.es\/pruebaigme\/wp-json\/wp\/v2\/pages\/15353"}],"collection":[{"href":"https:\/\/webwp.igme.es\/pruebaigme\/wp-json\/wp\/v2\/pages"}],"about":[{"href":"https:\/\/webwp.igme.es\/pruebaigme\/wp-json\/wp\/v2\/types\/page"}],"author":[{"embeddable":true,"href":"https:\/\/webwp.igme.es\/pruebaigme\/wp-json\/wp\/v2\/users\/18"}],"replies":[{"embeddable":true,"href":"https:\/\/webwp.igme.es\/pruebaigme\/wp-json\/wp\/v2\/comments?post=15353"}],"version-history":[{"count":41,"href":"https:\/\/webwp.igme.es\/pruebaigme\/wp-json\/wp\/v2\/pages\/15353\/revisions"}],"predecessor-version":[{"id":30453,"href":"https:\/\/webwp.igme.es\/pruebaigme\/wp-json\/wp\/v2\/pages\/15353\/revisions\/30453"}],"up":[{"embeddable":true,"href":"https:\/\/webwp.igme.es\/pruebaigme\/wp-json\/wp\/v2\/pages\/15123"}],"wp:featuredmedia":[{"embeddable":true,"href":"https:\/\/webwp.igme.es\/pruebaigme\/wp-json\/wp\/v2\/media\/15437"}],"wp:attachment":[{"href":"https:\/\/webwp.igme.es\/pruebaigme\/wp-json\/wp\/v2\/media?parent=15353"}],"curies":[{"name":"wp","href":"https:\/\/api.w.org\/{rel}","templated":true}]}}