{"id":15420,"date":"2023-08-18T14:12:23","date_gmt":"2023-08-18T12:12:23","guid":{"rendered":"http:\/\/webwp.igme.es\/pruebaigme\/?page_id=15420"},"modified":"2023-12-26T10:40:20","modified_gmt":"2023-12-26T09:40:20","slug":"paleobotanica","status":"publish","type":"page","link":"https:\/\/webwp.igme.es\/pruebaigme\/estacion-paleontologica-valle-del-rio-fardes\/el-centro-paleontologico-fonelas-p-1\/investigacion\/paleobotanica\/","title":{"rendered":"Paleobot\u00e1nica"},"content":{"rendered":"\t\t<div data-elementor-type=\"wp-page\" data-elementor-id=\"15420\" class=\"elementor elementor-15420\" data-elementor-post-type=\"page\">\n\t\t\t\t\t\t<section class=\"elementor-section elementor-top-section elementor-element elementor-element-13bd965 elementor-section-boxed elementor-section-height-default elementor-section-height-default\" data-id=\"13bd965\" data-element_type=\"section\" data-settings=\"{&quot;jet_parallax_layout_list&quot;:[]}\">\n\t\t\t\t\t\t<div class=\"elementor-container elementor-column-gap-default\">\n\t\t\t\t\t<div class=\"elementor-column elementor-col-100 elementor-top-column elementor-element elementor-element-592e11b\" data-id=\"592e11b\" data-element_type=\"column\">\n\t\t\t<div class=\"elementor-widget-wrap elementor-element-populated\">\n\t\t\t\t\t\t<div class=\"elementor-element elementor-element-0e9dae8 elementor-widget elementor-widget-heading\" data-id=\"0e9dae8\" data-element_type=\"widget\" data-widget_type=\"heading.default\">\n\t\t\t\t<div class=\"elementor-widget-container\">\n\t\t\t<style>\/*! elementor - v3.19.0 - 07-02-2024 *\/\n.elementor-heading-title{padding:0;margin:0;line-height:1}.elementor-widget-heading .elementor-heading-title[class*=elementor-size-]>a{color:inherit;font-size:inherit;line-height:inherit}.elementor-widget-heading .elementor-heading-title.elementor-size-small{font-size:15px}.elementor-widget-heading .elementor-heading-title.elementor-size-medium{font-size:19px}.elementor-widget-heading .elementor-heading-title.elementor-size-large{font-size:29px}.elementor-widget-heading .elementor-heading-title.elementor-size-xl{font-size:39px}.elementor-widget-heading .elementor-heading-title.elementor-size-xxl{font-size:59px}<\/style><h5 class=\"elementor-heading-title elementor-size-default\">La paleobot\u00e1nica nos permite explorar el pasado verde de nuestro planeta y descubrir las historias sorprendentes de las plantas que lo poblaron. A trav\u00e9s del estudio de f\u00f3siles vegetales, las interacciones ecol\u00f3gicas y los cambios en el clima a lo largo del tiempo, la paleobot\u00e1nica desvela un mundo antiguo de vida vegetal que es esencial para entender la evoluci\u00f3n de la vida en la Tierra y su relaci\u00f3n con el entorno cambiante.<\/h5>\t\t<\/div>\n\t\t\t\t<\/div>\n\t\t\t\t\t<\/div>\n\t\t<\/div>\n\t\t\t\t\t<\/div>\n\t\t<\/section>\n\t\t\t\t<section class=\"elementor-section elementor-top-section elementor-element elementor-element-72d767a elementor-section-boxed elementor-section-height-default elementor-section-height-default\" data-id=\"72d767a\" data-element_type=\"section\" data-settings=\"{&quot;background_background&quot;:&quot;classic&quot;,&quot;jet_parallax_layout_list&quot;:[]}\">\n\t\t\t\t\t\t<div class=\"elementor-container elementor-column-gap-default\">\n\t\t\t\t\t<div class=\"elementor-column elementor-col-100 elementor-top-column elementor-element elementor-element-01f425b\" data-id=\"01f425b\" data-element_type=\"column\">\n\t\t\t<div class=\"elementor-widget-wrap elementor-element-populated\">\n\t\t\t\t\t\t<div class=\"elementor-element elementor-element-38e7e20 elementor-widget elementor-widget-text-editor\" data-id=\"38e7e20\" data-element_type=\"widget\" data-widget_type=\"text-editor.default\">\n\t\t\t\t<div class=\"elementor-widget-container\">\n\t\t\t<style>\/*! elementor - v3.19.0 - 07-02-2024 *\/\n.elementor-widget-text-editor.elementor-drop-cap-view-stacked .elementor-drop-cap{background-color:#69727d;color:#fff}.elementor-widget-text-editor.elementor-drop-cap-view-framed .elementor-drop-cap{color:#69727d;border:3px solid;background-color:transparent}.elementor-widget-text-editor:not(.elementor-drop-cap-view-default) .elementor-drop-cap{margin-top:8px}.elementor-widget-text-editor:not(.elementor-drop-cap-view-default) .elementor-drop-cap-letter{width:1em;height:1em}.elementor-widget-text-editor .elementor-drop-cap{float:left;text-align:center;line-height:1;font-size:50px}.elementor-widget-text-editor .elementor-drop-cap-letter{display:inline-block}<\/style>\t\t\t\t<table border=\"0px\" cellspacing=\"0\" cellpadding=\"0\"><tbody><tr><td>\u00a0<\/td><\/tr><tr><td class=\"Texto\">La investigaci\u00f3n paleobot\u00e1nica se ha centrado en el muestreo de horizontes detr\u00edticos, arenas, limos y arcillas, de la secuencia del yacimiento y en la toma de muestras de la unidad fosil\u00edfera U.L.I.A.<\/td><\/tr><tr><td>\u00a0<\/td><\/tr><tr><td class=\"Texto\">Hasta la actualidad los resultados son negativos, pues no se ha podido identificar ning\u00fan tipo de resto f\u00f3sil perteneciente al Reino Vegetal. Los coprolitos de hi\u00e9nido analizados por el momento han dado asimismo resultados negativos en cuanto a la presencia de registro pol\u00ednico.<\/td><\/tr><\/tbody><\/table>\t\t\t\t\t\t<\/div>\n\t\t\t\t<\/div>\n\t\t\t\t\t<\/div>\n\t\t<\/div>\n\t\t\t\t\t<\/div>\n\t\t<\/section>\n\t\t\t\t<\/div>\n\t\t","protected":false},"excerpt":{"rendered":"<p>La paleobot\u00e1nica nos permite explorar el pasado verde de nuestro planeta y descubrir las historias sorprendentes de las plantas que lo poblaron. A trav\u00e9s del estudio de f\u00f3siles vegetales, las interacciones ecol\u00f3gicas y los cambios en el clima a lo largo del tiempo, la paleobot\u00e1nica desvela un mundo antiguo de vida vegetal que es esencial&#8230;<\/p>\n","protected":false},"author":18,"featured_media":15426,"parent":15123,"menu_order":0,"comment_status":"closed","ping_status":"closed","template":"","meta":{"_kad_post_transparent":"","_kad_post_title":"hide","_kad_post_layout":"fullwidth","_kad_post_sidebar_id":"","_kad_post_content_style":"unboxed","_kad_post_vertical_padding":"hide","_kad_post_feature":"hide","_kad_post_feature_position":"","_kad_post_header":false,"_kad_post_footer":false,"footnotes":""},"aioseo_notices":[],"_links":{"self":[{"href":"https:\/\/webwp.igme.es\/pruebaigme\/wp-json\/wp\/v2\/pages\/15420"}],"collection":[{"href":"https:\/\/webwp.igme.es\/pruebaigme\/wp-json\/wp\/v2\/pages"}],"about":[{"href":"https:\/\/webwp.igme.es\/pruebaigme\/wp-json\/wp\/v2\/types\/page"}],"author":[{"embeddable":true,"href":"https:\/\/webwp.igme.es\/pruebaigme\/wp-json\/wp\/v2\/users\/18"}],"replies":[{"embeddable":true,"href":"https:\/\/webwp.igme.es\/pruebaigme\/wp-json\/wp\/v2\/comments?post=15420"}],"version-history":[{"count":14,"href":"https:\/\/webwp.igme.es\/pruebaigme\/wp-json\/wp\/v2\/pages\/15420\/revisions"}],"predecessor-version":[{"id":30464,"href":"https:\/\/webwp.igme.es\/pruebaigme\/wp-json\/wp\/v2\/pages\/15420\/revisions\/30464"}],"up":[{"embeddable":true,"href":"https:\/\/webwp.igme.es\/pruebaigme\/wp-json\/wp\/v2\/pages\/15123"}],"wp:featuredmedia":[{"embeddable":true,"href":"https:\/\/webwp.igme.es\/pruebaigme\/wp-json\/wp\/v2\/media\/15426"}],"wp:attachment":[{"href":"https:\/\/webwp.igme.es\/pruebaigme\/wp-json\/wp\/v2\/media?parent=15420"}],"curies":[{"name":"wp","href":"https:\/\/api.w.org\/{rel}","templated":true}]}}