{"id":17140,"date":"2023-09-06T12:05:15","date_gmt":"2023-09-06T10:05:15","guid":{"rendered":"http:\/\/webwp.igme.es\/pruebaigme\/?page_id=17140"},"modified":"2023-12-26T09:52:25","modified_gmt":"2023-12-26T08:52:25","slug":"otros-vertebrados","status":"publish","type":"page","link":"https:\/\/webwp.igme.es\/pruebaigme\/estacion-paleontologica-valle-del-rio-fardes\/el-centro-paleontologico-fonelas-p-1\/investigacion\/otros-vertebrados\/","title":{"rendered":"Otros vertebrados"},"content":{"rendered":"\t\t<div data-elementor-type=\"wp-page\" data-elementor-id=\"17140\" class=\"elementor elementor-17140\" data-elementor-post-type=\"page\">\n\t\t\t\t\t\t<section class=\"elementor-section elementor-top-section elementor-element elementor-element-b8ee57d elementor-section-boxed elementor-section-height-default elementor-section-height-default\" data-id=\"b8ee57d\" data-element_type=\"section\" data-settings=\"{&quot;jet_parallax_layout_list&quot;:[]}\">\n\t\t\t\t\t\t<div class=\"elementor-container elementor-column-gap-default\">\n\t\t\t\t\t<div class=\"elementor-column elementor-col-100 elementor-top-column elementor-element elementor-element-cb707ec\" data-id=\"cb707ec\" data-element_type=\"column\">\n\t\t\t<div class=\"elementor-widget-wrap elementor-element-populated\">\n\t\t\t\t\t\t<div class=\"elementor-element elementor-element-ef1d913 elementor-widget elementor-widget-heading\" data-id=\"ef1d913\" data-element_type=\"widget\" data-widget_type=\"heading.default\">\n\t\t\t\t<div class=\"elementor-widget-container\">\n\t\t\t<style>\/*! elementor - v3.19.0 - 07-02-2024 *\/\n.elementor-heading-title{padding:0;margin:0;line-height:1}.elementor-widget-heading .elementor-heading-title[class*=elementor-size-]>a{color:inherit;font-size:inherit;line-height:inherit}.elementor-widget-heading .elementor-heading-title.elementor-size-small{font-size:15px}.elementor-widget-heading .elementor-heading-title.elementor-size-medium{font-size:19px}.elementor-widget-heading .elementor-heading-title.elementor-size-large{font-size:29px}.elementor-widget-heading .elementor-heading-title.elementor-size-xl{font-size:39px}.elementor-widget-heading .elementor-heading-title.elementor-size-xxl{font-size:59px}<\/style><h5 class=\"elementor-heading-title elementor-size-default\">El registro de vertebrados inferiores (Reptiles y Aves) es anecd\u00f3tico en Fonelas P-1, habiendo sido identificados por el momento escasos fragmentos de un ave indeterminada y cinco reptiles (Lacertidae gen. indet.; Anguidae gen. indet.; <i>Rhinechis scalaris<\/i>; Viperidae gen. indet., <i>Eurotestudo<\/i> sp.).<\/h5>\t\t<\/div>\n\t\t\t\t<\/div>\n\t\t\t\t\t<\/div>\n\t\t<\/div>\n\t\t\t\t\t<\/div>\n\t\t<\/section>\n\t\t\t\t<section class=\"elementor-section elementor-top-section elementor-element elementor-element-c7a9bf0 elementor-section-boxed elementor-section-height-default elementor-section-height-default\" data-id=\"c7a9bf0\" data-element_type=\"section\" data-settings=\"{&quot;background_background&quot;:&quot;classic&quot;,&quot;jet_parallax_layout_list&quot;:[]}\">\n\t\t\t\t\t\t<div class=\"elementor-container elementor-column-gap-default\">\n\t\t\t\t\t<div class=\"elementor-column elementor-col-100 elementor-top-column elementor-element elementor-element-28d1f08\" data-id=\"28d1f08\" data-element_type=\"column\">\n\t\t\t<div class=\"elementor-widget-wrap elementor-element-populated\">\n\t\t\t\t\t\t<section class=\"elementor-section elementor-inner-section elementor-element elementor-element-3610bdb elementor-section-boxed elementor-section-height-default elementor-section-height-default\" data-id=\"3610bdb\" data-element_type=\"section\" data-settings=\"{&quot;jet_parallax_layout_list&quot;:[]}\">\n\t\t\t\t\t\t<div class=\"elementor-container elementor-column-gap-default\">\n\t\t\t\t\t<div class=\"elementor-column elementor-col-50 elementor-inner-column elementor-element elementor-element-b177f55\" data-id=\"b177f55\" data-element_type=\"column\">\n\t\t\t<div class=\"elementor-widget-wrap\">\n\t\t\t\t\t\t\t<\/div>\n\t\t<\/div>\n\t\t\t\t<div class=\"elementor-column elementor-col-50 elementor-inner-column elementor-element elementor-element-65ed1bc\" data-id=\"65ed1bc\" data-element_type=\"column\">\n\t\t\t<div class=\"elementor-widget-wrap elementor-element-populated\">\n\t\t\t\t\t\t<div class=\"elementor-element elementor-element-1b24339 elementor-widget__width-auto elementor-view-default elementor-widget elementor-widget-icon\" data-id=\"1b24339\" data-element_type=\"widget\" data-widget_type=\"icon.default\">\n\t\t\t\t<div class=\"elementor-widget-container\">\n\t\t\t\t\t<div class=\"elementor-icon-wrapper\">\n\t\t\t<div class=\"elementor-icon\">\n\t\t\t<i aria-hidden=\"true\" class=\"fas fa-file-invoice\"><\/i>\t\t\t<\/div>\n\t\t<\/div>\n\t\t\t\t<\/div>\n\t\t\t\t<\/div>\n\t\t\t\t<div class=\"elementor-element elementor-element-2d7678a elementor-widget__width-auto elementor-widget elementor-widget-text-editor\" data-id=\"2d7678a\" data-element_type=\"widget\" data-widget_type=\"text-editor.default\">\n\t\t\t\t<div class=\"elementor-widget-container\">\n\t\t\t<style>\/*! elementor - v3.19.0 - 07-02-2024 *\/\n.elementor-widget-text-editor.elementor-drop-cap-view-stacked .elementor-drop-cap{background-color:#69727d;color:#fff}.elementor-widget-text-editor.elementor-drop-cap-view-framed .elementor-drop-cap{color:#69727d;border:3px solid;background-color:transparent}.elementor-widget-text-editor:not(.elementor-drop-cap-view-default) .elementor-drop-cap{margin-top:8px}.elementor-widget-text-editor:not(.elementor-drop-cap-view-default) .elementor-drop-cap-letter{width:1em;height:1em}.elementor-widget-text-editor .elementor-drop-cap{float:left;text-align:center;line-height:1;font-size:50px}.elementor-widget-text-editor .elementor-drop-cap-letter{display:inline-block}<\/style>\t\t\t\t<p>Publicaci\u00f3n<\/p>\t\t\t\t\t\t<\/div>\n\t\t\t\t<\/div>\n\t\t\t\t\t<\/div>\n\t\t<\/div>\n\t\t\t\t\t<\/div>\n\t\t<\/section>\n\t\t\t\t<div data-ra-element-link=\"{&quot;url&quot;:&quot;https:\\\/\\\/journals.plos.org\\\/plosone\\\/article?id=10.1371\\\/journal.pone.0007127&quot;,&quot;is_external&quot;:&quot;&quot;,&quot;nofollow&quot;:&quot;&quot;,&quot;custom_attributes&quot;:&quot;&quot;}\" style=\"cursor: pointer\" target=\"_self\" onClick=\"window.open(&#039;https:\/\/journals.plos.org\/plosone\/article?id=10.1371\/journal.pone.0007127&#039;, &#039;_self&#039;)\" class=\"elementor-element elementor-element-98eec15 elementor-position-left elementor-view-default elementor-mobile-position-top elementor-vertical-align-top elementor-widget elementor-widget-icon-box\" data-id=\"98eec15\" data-element_type=\"widget\" data-widget_type=\"icon-box.default\">\n\t\t\t\t<div class=\"elementor-widget-container\">\n\t\t\t<link rel=\"stylesheet\" href=\"https:\/\/webwp.igme.es\/pruebaigme\/wp-content\/uploads\/elementor\/css\/custom-widget-icon-box.min.css?ver=1707998212\">\t\t<div class=\"elementor-icon-box-wrapper\">\n\t\t\t\t\t\t<div class=\"elementor-icon-box-icon\">\n\t\t\t\t<a href=\"https:\/\/info.igme.es\/media\/EPVRF\/Docs\/FONELAS_6.pdf\" class=\"elementor-icon elementor-animation-\" tabindex=\"-1\">\n\t\t\t\t<i aria-hidden=\"true\" class=\"fas fa-file-invoice\"><\/i>\t\t\t\t<\/a>\n\t\t\t<\/div>\n\t\t\t\t\t\t<div class=\"elementor-icon-box-content\">\n\t\t\t\t<h6 class=\"elementor-icon-box-title\">\n\t\t\t\t\t<a href=\"https:\/\/info.igme.es\/media\/EPVRF\/Docs\/FONELAS_6.pdf\" >\n\t\t\t\t\t\t\tMicrovertebrados (Squamata, Lagomorpha, Erinaceomorpha y Rodentia) de Fonelas P-1\t\t\t\t\t<\/a>\n\t\t\t\t<\/h6>\n\t\t\t\t\t\t\t\t\t<p class=\"elementor-icon-box-description\">\n\t\t\t\t\t\tLaplana, C. y Blain, H. A. 2008. Microvertebrados (Squamata, Lagomorpha, Erinaceomorpha y Rodentia) de Fonelas P-1 (Cuenca de Guadix, Granada). En: Arribas, A. (Ed). Vertebrados del Plioceno superior terminal en el suroeste de Europa: Fonelas P-1 y el Proyecto Fonelas. Instituto Geol\u00f3gico y Minero de Espa\u00f1a, serie Cuadernos del Museo Geominero, 10, 65-83.\t\t\t\t\t<\/p>\n\t\t\t\t\t\t\t<\/div>\n\t\t<\/div>\n\t\t\t\t<\/div>\n\t\t\t\t<\/div>\n\t\t\t\t\t<\/div>\n\t\t<\/div>\n\t\t\t\t\t<\/div>\n\t\t<\/section>\n\t\t\t\t<section class=\"elementor-section elementor-top-section elementor-element elementor-element-5997632 elementor-section-boxed elementor-section-height-default elementor-section-height-default\" data-id=\"5997632\" data-element_type=\"section\" data-settings=\"{&quot;background_background&quot;:&quot;classic&quot;,&quot;jet_parallax_layout_list&quot;:[]}\">\n\t\t\t\t\t\t<div class=\"elementor-container elementor-column-gap-default\">\n\t\t\t\t\t<div class=\"elementor-column elementor-col-100 elementor-top-column elementor-element elementor-element-0f4c385\" data-id=\"0f4c385\" data-element_type=\"column\">\n\t\t\t<div class=\"elementor-widget-wrap elementor-element-populated\">\n\t\t\t\t\t\t<div class=\"elementor-element elementor-element-21d5c0e elementor-widget elementor-widget-heading\" data-id=\"21d5c0e\" data-element_type=\"widget\" data-widget_type=\"heading.default\">\n\t\t\t\t<div class=\"elementor-widget-container\">\n\t\t\t<h2 class=\"elementor-heading-title elementor-size-default\">Un \u201ctaxon L\u00e1zaro\u201d: las \u00faltimas tortugas terrestres gigantes de Europa vivieron en Fonelas P-1<\/h2>\t\t<\/div>\n\t\t\t\t<\/div>\n\t\t\t\t<div class=\"elementor-element elementor-element-4f4c83a elementor-widget elementor-widget-text-editor\" data-id=\"4f4c83a\" data-element_type=\"widget\" data-widget_type=\"text-editor.default\">\n\t\t\t\t<div class=\"elementor-widget-container\">\n\t\t\t\t\t\t\t<table border=\"0px\" cellspacing=\"0\" cellpadding=\"0\"><tbody><tr><td>En el yacimiento paleontol\u00f3gico de Fonelas P-1 hasta el momento se han identificado 24 especies de grandes mam\u00edferos, junto con otros vertebrados (actualizado a 2017):\u00a0<i>Chersine<\/i>\u00a0cf.\u00a0<i>hermanni<\/i>;\u00a0<i>Lacertidae<\/i>\u00a0gen. indet.;\u00a0<i>Anguidae<\/i>\u00a0gen. indet.;\u00a0<i>Rhinechis scalaris<\/i>;\u00a0<i>Viperidae<\/i>\u00a0gen. indet.;\u00a0<i>Aves<\/i>\u00a0gen. indet.;\u00a0<i>Prolagus<\/i>\u00a0cf.\u00a0<i>calpensis<\/i>;\u00a0<i>Oryctolagus<\/i>\u00a0sp.;\u00a0<i>Erinaceidae<\/i>\u00a0gen. indet.;\u00a0<i>Eliomys<\/i>\u00a0sp.;\u00a0<i>Mimomys<\/i>\u00a0sp.;\u00a0<i>Apodemus<\/i>\u00a0cf.\u00a0<i>atavus<\/i>;\u00a0<i>Castillomys<\/i>\u00a0sp. gr. C.\u00a0<i>crusafonti<\/i>\u00a0-C.\u00a0<i>rivas<\/i>;\u00a0<i>Stephanomys<\/i>\u00a0sp.;\u00a0<i>Hystrix<\/i>\u00a0sp. (a trav\u00e9s de marcas de dientes);\u00a0<i>Meles iberica<\/i>\u00a0(M. ex. gr.\u00a0<i>thorali<\/i>);\u00a0<i>Vulpes alopecoides<\/i>;\u00a0<i>Canis accitanus<\/i>\u00a0(C. ex.gr.\u00a0<i>arnensis<\/i>);\u00a0<i>Canis etruscus<\/i>;\u00a0<i>Canis<\/i>\u00a0cf.\u00a0<i>falconeri<\/i>;\u00a0<i>Pachycrocuta brevirostris<\/i>;\u00a0<i>Hyaena brunnea<\/i>;\u00a0<i>Lynx issiodorensis valdarnensis<\/i>;\u00a0<i>Acinonyx pardinensis<\/i>;\u00a0<i>Megantereon cultridens roderici<\/i>;\u00a0<i>Homotherium latidens<\/i>;\u00a0<i>Ursus etruscus<\/i>\u00a0(in\u00e9dito);\u00a0<i>Potamochoerus magnus<\/i>;\u00a0<i>Croizetoceros ramosus fonelensis<\/i>;\u00a0<i>Metacervoceros rhenanus philisi<\/i>;\u00a0<i>Eucladoceros<\/i>\u00a0sp.;\u00a0<i>Paleotragus<\/i>\u00a0(sin.\u00a0<i>Mitilanotherium<\/i>) sp.;\u00a0<i>Gazellospira torticornis hispanica<\/i>;\u00a0<i>Capra baetica<\/i>;\u00a0<i>Praeovibos<\/i>\u00a0sp.;\u00a0<i>Leptobos etruscus<\/i>;\u00a0<i>Equus<\/i>\u00a0cf. major;\u00a0<i>Stephanorhinus etruscus<\/i>; y\u00a0<i>Mammuthus meridionalis<\/i>.<\/td><\/tr><tr><td><p>En este conjunto de animales, desde la perspectiva cronol\u00f3gica, destacaban las jirafas del grupo de los paleotraguinos pues su cita en este yacimiento constitu\u00eda la m\u00e1s reciente del grupo en la pen\u00ednsula Ib\u00e9rica.<\/p><\/td><\/tr><tr><td><p>Pero, en el estudio de los f\u00f3siles y su comprensi\u00f3n nos topamos hace unos meses con un par de huesos en la colecci\u00f3n pertenecientes a un gran animal pero que, por su anatom\u00eda, no pertenec\u00edan a un mam\u00edfero si no a un gran reptil terrestre: huesos f\u00f3siles de tortugas gigantes terrestres que habitaron en la Cuenca de Guadix hace 2 millones de a\u00f1os.<\/p><\/td><\/tr><tr><td>Esta es otra sorpresa m\u00e1s que depara este excepcional yacimiento, pues este tipo de tortugas gigantes terrestres (<i>Titanochelon<\/i>\u00a0sp.), muy frecuentes en Europa durante el Mioceno, ten\u00edan su \u00faltimo registro conocido en la pen\u00ednsula Ib\u00e9rica hace 3,3 millones de a\u00f1os y en toda Europa hace 2,5 millones de a\u00f1os (en un yacimiento griego situado en la isla de Lesvos, en la pen\u00ednsula de Anatolia).<\/td><\/tr><tr><td>Por ello, los f\u00f3siles ahora identificados en Fonelas P-1 nos hablan de la \u00faltima poblaci\u00f3n europea conocida de estos animales, de un \u201ctaxon L\u00e1zaro\u201d dentro del Cuaternario, poblaci\u00f3n medio mill\u00f3n de a\u00f1os m\u00e1s moderna que la \u00faltima verificada hasta este nuevo descubrimiento de Fonelas P-1.<\/td><\/tr><tr><td><p>Es importante finalmente indicar que, por lo que se sabe de los requerimientos ecol\u00f3gicos y ambientales de las tortugas terrestres gigantes a lo largo de su historia evolutiva, esta poblaci\u00f3n granadina perdur\u00f3 en la Cuenca de Guadix cientos de miles de a\u00f1os m\u00e1s que en el resto de unas Iberia y Europa progresivamente m\u00e1s fr\u00edas y secas.<\/p><\/td><\/tr><tr><td><p>En la Cuenca de Guadix (y testimonio de ello es el yacimiento de Fonelas P-1) durante el inicio del Cuaternario se mantuvieron unas condiciones ambientales templadas y h\u00famedas entre 2,5 y 2 millones de a\u00f1os, al menos, mientras en el resto de Europa para este intervalo de tiempo se generalizaron unas condiciones clim\u00e1ticas progresivamente m\u00e1s fr\u00edas y rigurosas.<\/p><\/td><\/tr><tr><td>Seguimos pues ante un \u201cmundo perdido\u201d, en un \u00e1mbito paleontol\u00f3gico distinto a lo conocido en el Cuaternario europeo con anterioridad.<\/td><\/tr><\/tbody><\/table>\t\t\t\t\t\t<\/div>\n\t\t\t\t<\/div>\n\t\t\t\t<section class=\"elementor-section elementor-inner-section elementor-element elementor-element-796b924 elementor-section-boxed elementor-section-height-default elementor-section-height-default\" data-id=\"796b924\" data-element_type=\"section\" data-settings=\"{&quot;jet_parallax_layout_list&quot;:[]}\">\n\t\t\t\t\t\t<div class=\"elementor-container elementor-column-gap-default\">\n\t\t\t\t\t<div class=\"elementor-column elementor-col-50 elementor-inner-column elementor-element elementor-element-8259193\" data-id=\"8259193\" data-element_type=\"column\">\n\t\t\t<div class=\"elementor-widget-wrap\">\n\t\t\t\t\t\t\t<\/div>\n\t\t<\/div>\n\t\t\t\t<div class=\"elementor-column elementor-col-50 elementor-inner-column elementor-element elementor-element-19eb23c\" data-id=\"19eb23c\" data-element_type=\"column\">\n\t\t\t<div class=\"elementor-widget-wrap elementor-element-populated\">\n\t\t\t\t\t\t<div class=\"elementor-element elementor-element-3c08c31 elementor-widget__width-auto elementor-view-default elementor-widget elementor-widget-icon\" data-id=\"3c08c31\" data-element_type=\"widget\" data-widget_type=\"icon.default\">\n\t\t\t\t<div class=\"elementor-widget-container\">\n\t\t\t\t\t<div class=\"elementor-icon-wrapper\">\n\t\t\t<div class=\"elementor-icon\">\n\t\t\t<i aria-hidden=\"true\" class=\"fas fa-file-invoice\"><\/i>\t\t\t<\/div>\n\t\t<\/div>\n\t\t\t\t<\/div>\n\t\t\t\t<\/div>\n\t\t\t\t<div class=\"elementor-element elementor-element-d972b45 elementor-widget__width-auto elementor-widget elementor-widget-text-editor\" data-id=\"d972b45\" data-element_type=\"widget\" data-widget_type=\"text-editor.default\">\n\t\t\t\t<div class=\"elementor-widget-container\">\n\t\t\t\t\t\t\t<p>Publicaci\u00f3n<\/p>\t\t\t\t\t\t<\/div>\n\t\t\t\t<\/div>\n\t\t\t\t\t<\/div>\n\t\t<\/div>\n\t\t\t\t\t<\/div>\n\t\t<\/section>\n\t\t\t\t<div data-ra-element-link=\"{&quot;url&quot;:&quot;https:\\\/\\\/journals.plos.org\\\/plosone\\\/article?id=10.1371\\\/journal.pone.0007127&quot;,&quot;is_external&quot;:&quot;&quot;,&quot;nofollow&quot;:&quot;&quot;,&quot;custom_attributes&quot;:&quot;&quot;}\" style=\"cursor: pointer\" target=\"_self\" onClick=\"window.open(&#039;https:\/\/journals.plos.org\/plosone\/article?id=10.1371\/journal.pone.0007127&#039;, &#039;_self&#039;)\" class=\"elementor-element elementor-element-71a4c56 elementor-position-left elementor-view-default elementor-mobile-position-top elementor-vertical-align-top elementor-widget elementor-widget-icon-box\" data-id=\"71a4c56\" data-element_type=\"widget\" data-widget_type=\"icon-box.default\">\n\t\t\t\t<div class=\"elementor-widget-container\">\n\t\t\t\t\t<div class=\"elementor-icon-box-wrapper\">\n\t\t\t\t\t\t<div class=\"elementor-icon-box-icon\">\n\t\t\t\t<a href=\"https:\/\/info.igme.es\/media\/EPVRF\/Docs\/2017_tortugas_gigantes_terrestres_Fonelas_P-1_Paleo3.pdf\" class=\"elementor-icon elementor-animation-\" tabindex=\"-1\">\n\t\t\t\t<i aria-hidden=\"true\" class=\"fas fa-file-invoice\"><\/i>\t\t\t\t<\/a>\n\t\t\t<\/div>\n\t\t\t\t\t\t<div class=\"elementor-icon-box-content\">\n\t\t\t\t<h6 class=\"elementor-icon-box-title\">\n\t\t\t\t\t<a href=\"https:\/\/info.igme.es\/media\/EPVRF\/Docs\/2017_tortugas_gigantes_terrestres_Fonelas_P-1_Paleo3.pdf\" >\n\t\t\t\t\t\t\tThe last giant continental tortoise of Europe: A survivor in the Spanish Pleistocene site of Fonelas P-1.\t\t\t\t\t<\/a>\n\t\t\t\t<\/h6>\n\t\t\t\t\t\t\t\t\t<p class=\"elementor-icon-box-description\">\n\t\t\t\t\t\tP\u00e9rez-Garc\u00eda, A., Vlachos, E., Arribas, A. 2017. The last giant continental tortoise of Europe: A survivor in the Spanish Pleistocene site of Fonelas P-1. Palaeogeography, Palaeoclimatology, Palaeoecology, <strong>470<\/strong>, 30-39.\t\t\t\t\t<\/p>\n\t\t\t\t\t\t\t<\/div>\n\t\t<\/div>\n\t\t\t\t<\/div>\n\t\t\t\t<\/div>\n\t\t\t\t\t<\/div>\n\t\t<\/div>\n\t\t\t\t\t<\/div>\n\t\t<\/section>\n\t\t\t\t<\/div>\n\t\t","protected":false},"excerpt":{"rendered":"<p>El registro de vertebrados inferiores (Reptiles y Aves) es anecd\u00f3tico en Fonelas P-1, habiendo sido identificados por el momento escasos fragmentos de un ave indeterminada y cinco reptiles (Lacertidae gen. indet.; Anguidae gen. indet.; Rhinechis scalaris; Viperidae gen. indet., Eurotestudo sp.). Publicaci\u00f3n Microvertebrados (Squamata, Lagomorpha, Erinaceomorpha y Rodentia) de Fonelas P-1 Laplana, C. y Blain,&#8230;<\/p>\n","protected":false},"author":18,"featured_media":17153,"parent":15123,"menu_order":0,"comment_status":"closed","ping_status":"closed","template":"","meta":{"_kad_post_transparent":"","_kad_post_title":"hide","_kad_post_layout":"fullwidth","_kad_post_sidebar_id":"","_kad_post_content_style":"unboxed","_kad_post_vertical_padding":"hide","_kad_post_feature":"hide","_kad_post_feature_position":"","_kad_post_header":false,"_kad_post_footer":false,"footnotes":""},"aioseo_notices":[],"_links":{"self":[{"href":"https:\/\/webwp.igme.es\/pruebaigme\/wp-json\/wp\/v2\/pages\/17140"}],"collection":[{"href":"https:\/\/webwp.igme.es\/pruebaigme\/wp-json\/wp\/v2\/pages"}],"about":[{"href":"https:\/\/webwp.igme.es\/pruebaigme\/wp-json\/wp\/v2\/types\/page"}],"author":[{"embeddable":true,"href":"https:\/\/webwp.igme.es\/pruebaigme\/wp-json\/wp\/v2\/users\/18"}],"replies":[{"embeddable":true,"href":"https:\/\/webwp.igme.es\/pruebaigme\/wp-json\/wp\/v2\/comments?post=17140"}],"version-history":[{"count":25,"href":"https:\/\/webwp.igme.es\/pruebaigme\/wp-json\/wp\/v2\/pages\/17140\/revisions"}],"predecessor-version":[{"id":30457,"href":"https:\/\/webwp.igme.es\/pruebaigme\/wp-json\/wp\/v2\/pages\/17140\/revisions\/30457"}],"up":[{"embeddable":true,"href":"https:\/\/webwp.igme.es\/pruebaigme\/wp-json\/wp\/v2\/pages\/15123"}],"wp:featuredmedia":[{"embeddable":true,"href":"https:\/\/webwp.igme.es\/pruebaigme\/wp-json\/wp\/v2\/media\/17153"}],"wp:attachment":[{"href":"https:\/\/webwp.igme.es\/pruebaigme\/wp-json\/wp\/v2\/media?parent=17140"}],"curies":[{"name":"wp","href":"https:\/\/api.w.org\/{rel}","templated":true}]}}