{"id":17403,"date":"2023-09-08T09:18:56","date_gmt":"2023-09-08T07:18:56","guid":{"rendered":"http:\/\/webwp.igme.es\/pruebaigme\/?page_id=17403"},"modified":"2024-02-07T22:12:09","modified_gmt":"2024-02-07T21:12:09","slug":"lagomorfos","status":"publish","type":"page","link":"https:\/\/webwp.igme.es\/pruebaigme\/estacion-paleontologica-valle-del-rio-fardes\/el-centro-paleontologico-fonelas-p-1\/investigacion\/paleontologia-de-mamiferos\/lagomorfos\/","title":{"rendered":"Lagomorfos"},"content":{"rendered":"\t\t<div data-elementor-type=\"wp-page\" data-elementor-id=\"17403\" class=\"elementor elementor-17403\" data-elementor-post-type=\"page\">\n\t\t\t\t\t\t<section class=\"elementor-section elementor-top-section elementor-element elementor-element-1158a92 elementor-section-boxed elementor-section-height-default elementor-section-height-default\" data-id=\"1158a92\" data-element_type=\"section\" data-settings=\"{&quot;jet_parallax_layout_list&quot;:[]}\">\n\t\t\t\t\t\t<div class=\"elementor-container elementor-column-gap-default\">\n\t\t\t\t\t<div class=\"elementor-column elementor-col-100 elementor-top-column elementor-element elementor-element-0f67129\" data-id=\"0f67129\" data-element_type=\"column\">\n\t\t\t<div class=\"elementor-widget-wrap elementor-element-populated\">\n\t\t\t\t\t\t<div class=\"elementor-element elementor-element-82c8673 elementor-widget elementor-widget-heading\" data-id=\"82c8673\" data-element_type=\"widget\" data-widget_type=\"heading.default\">\n\t\t\t\t<div class=\"elementor-widget-container\">\n\t\t\t<style>\/*! elementor - v3.19.0 - 07-02-2024 *\/\n.elementor-heading-title{padding:0;margin:0;line-height:1}.elementor-widget-heading .elementor-heading-title[class*=elementor-size-]>a{color:inherit;font-size:inherit;line-height:inherit}.elementor-widget-heading .elementor-heading-title.elementor-size-small{font-size:15px}.elementor-widget-heading .elementor-heading-title.elementor-size-medium{font-size:19px}.elementor-widget-heading .elementor-heading-title.elementor-size-large{font-size:29px}.elementor-widget-heading .elementor-heading-title.elementor-size-xl{font-size:39px}.elementor-widget-heading .elementor-heading-title.elementor-size-xxl{font-size:59px}<\/style><h5 class=\"elementor-heading-title elementor-size-default\">Los lagomorfos son mam\u00edferos herb\u00edvoros que se dividen en dos familias principales, las liebres y los conejos, con caracter\u00edsticas distintivas como dientes que crecen constantemente, patas traseras largas, alimentaci\u00f3n herb\u00edvora y cr\u00edas relativamente desarrolladas al nacer.<\/h5>\t\t<\/div>\n\t\t\t\t<\/div>\n\t\t\t\t\t<\/div>\n\t\t<\/div>\n\t\t\t\t\t<\/div>\n\t\t<\/section>\n\t\t\t\t<section class=\"elementor-section elementor-top-section elementor-element elementor-element-effb087 elementor-section-boxed elementor-section-height-default elementor-section-height-default\" data-id=\"effb087\" data-element_type=\"section\" data-settings=\"{&quot;background_background&quot;:&quot;classic&quot;,&quot;jet_parallax_layout_list&quot;:[]}\">\n\t\t\t\t\t\t<div class=\"elementor-container elementor-column-gap-default\">\n\t\t\t\t\t<div class=\"elementor-column elementor-col-100 elementor-top-column elementor-element elementor-element-800fdc7\" data-id=\"800fdc7\" data-element_type=\"column\">\n\t\t\t<div class=\"elementor-widget-wrap elementor-element-populated\">\n\t\t\t\t\t\t<div class=\"elementor-element elementor-element-83d1fad elementor-widget elementor-widget-text-editor\" data-id=\"83d1fad\" data-element_type=\"widget\" data-widget_type=\"text-editor.default\">\n\t\t\t\t<div class=\"elementor-widget-container\">\n\t\t\t<style>\/*! elementor - v3.19.0 - 07-02-2024 *\/\n.elementor-widget-text-editor.elementor-drop-cap-view-stacked .elementor-drop-cap{background-color:#69727d;color:#fff}.elementor-widget-text-editor.elementor-drop-cap-view-framed .elementor-drop-cap{color:#69727d;border:3px solid;background-color:transparent}.elementor-widget-text-editor:not(.elementor-drop-cap-view-default) .elementor-drop-cap{margin-top:8px}.elementor-widget-text-editor:not(.elementor-drop-cap-view-default) .elementor-drop-cap-letter{width:1em;height:1em}.elementor-widget-text-editor .elementor-drop-cap{float:left;text-align:center;line-height:1;font-size:50px}.elementor-widget-text-editor .elementor-drop-cap-letter{display:inline-block}<\/style>\t\t\t\t<p>Este Orden (Lagomorpha) se encuentra muy bien registrado en el yacimiento. Independientemente de los dientes que se puedan localizar durante el lavado-tamizado de los sedimentos excavados, en la unidad U.L.I.A. han aparecido numerosos huesos largos de lagomorfos, cr\u00e1neos, mand\u00edbulas e incluso huesos de los miembros en conexi\u00f3n anat\u00f3mica.<\/p>\t\t\t\t\t\t<\/div>\n\t\t\t\t<\/div>\n\t\t\t\t<div class=\"elementor-element elementor-element-f36b4e9 elementor-widget elementor-widget-image\" data-id=\"f36b4e9\" data-element_type=\"widget\" data-widget_type=\"image.default\">\n\t\t\t\t<div class=\"elementor-widget-container\">\n\t\t\t<style>\/*! elementor - v3.19.0 - 07-02-2024 *\/\n.elementor-widget-image{text-align:center}.elementor-widget-image a{display:inline-block}.elementor-widget-image a img[src$=\".svg\"]{width:48px}.elementor-widget-image img{vertical-align:middle;display:inline-block}<\/style>\t\t\t\t\t\t\t<figure class=\"wp-caption\">\n\t\t\t\t\t\t\t\t\t\t<img decoding=\"async\" width=\"200\" height=\"91\" src=\"https:\/\/webwp.igme.es\/pruebaigme\/wp-content\/uploads\/2023\/09\/IMG_16_mini.webp\" class=\"attachment-large size-large wp-image-17248\" alt=\"Cr\u00e1neo completo de conejo identificado en Fonelas P-1.\" \/>\t\t\t\t\t\t\t\t\t\t\t<figcaption class=\"widget-image-caption wp-caption-text\">Cr\u00e1neo completo de conejo identificado en Fonelas P-1.<\/figcaption>\n\t\t\t\t\t\t\t\t\t\t<\/figure>\n\t\t\t\t\t\t\t<\/div>\n\t\t\t\t<\/div>\n\t\t\t\t<div class=\"elementor-element elementor-element-499deb7 elementor-widget elementor-widget-text-editor\" data-id=\"499deb7\" data-element_type=\"widget\" data-widget_type=\"text-editor.default\">\n\t\t\t\t<div class=\"elementor-widget-container\">\n\t\t\t\t\t\t\t<p>Se han podido identificar dos g\u00e9neros:\u00a0<i>Prolagus<\/i>\u00a0cf.\u00a0<i>calpensis<\/i>, lagomorfo af\u00edn a las pikas actuales, y\u00a0<i>Oryctolagus<\/i>\u00a0sp. (conejo).<\/p>\t\t\t\t\t\t<\/div>\n\t\t\t\t<\/div>\n\t\t\t\t<section class=\"elementor-section elementor-inner-section elementor-element elementor-element-42e0a25 elementor-section-boxed elementor-section-height-default elementor-section-height-default\" data-id=\"42e0a25\" data-element_type=\"section\" data-settings=\"{&quot;jet_parallax_layout_list&quot;:[]}\">\n\t\t\t\t\t\t<div class=\"elementor-container elementor-column-gap-default\">\n\t\t\t\t\t<div class=\"elementor-column elementor-col-50 elementor-inner-column elementor-element elementor-element-e65d9c4\" data-id=\"e65d9c4\" data-element_type=\"column\">\n\t\t\t<div class=\"elementor-widget-wrap\">\n\t\t\t\t\t\t\t<\/div>\n\t\t<\/div>\n\t\t\t\t<div class=\"elementor-column elementor-col-50 elementor-inner-column elementor-element elementor-element-923b406\" data-id=\"923b406\" data-element_type=\"column\">\n\t\t\t<div class=\"elementor-widget-wrap elementor-element-populated\">\n\t\t\t\t\t\t<div class=\"elementor-element elementor-element-92092dc elementor-widget__width-auto elementor-view-default elementor-widget elementor-widget-icon\" data-id=\"92092dc\" data-element_type=\"widget\" data-widget_type=\"icon.default\">\n\t\t\t\t<div class=\"elementor-widget-container\">\n\t\t\t\t\t<div class=\"elementor-icon-wrapper\">\n\t\t\t<div class=\"elementor-icon\">\n\t\t\t<i aria-hidden=\"true\" class=\"fas fa-file-invoice\"><\/i>\t\t\t<\/div>\n\t\t<\/div>\n\t\t\t\t<\/div>\n\t\t\t\t<\/div>\n\t\t\t\t<div class=\"elementor-element elementor-element-6d3088d elementor-widget__width-auto elementor-widget elementor-widget-text-editor\" data-id=\"6d3088d\" data-element_type=\"widget\" data-widget_type=\"text-editor.default\">\n\t\t\t\t<div class=\"elementor-widget-container\">\n\t\t\t\t\t\t\t<p>Publicaci\u00f3n<\/p>\t\t\t\t\t\t<\/div>\n\t\t\t\t<\/div>\n\t\t\t\t\t<\/div>\n\t\t<\/div>\n\t\t\t\t\t<\/div>\n\t\t<\/section>\n\t\t\t\t<div data-ra-element-link=\"{&quot;url&quot;:&quot;https:\\\/\\\/journals.plos.org\\\/plosone\\\/article?id=10.1371\\\/journal.pone.0007127&quot;,&quot;is_external&quot;:&quot;&quot;,&quot;nofollow&quot;:&quot;&quot;,&quot;custom_attributes&quot;:&quot;&quot;}\" style=\"cursor: pointer\" target=\"_self\" onClick=\"window.open(&#039;https:\/\/journals.plos.org\/plosone\/article?id=10.1371\/journal.pone.0007127&#039;, &#039;_self&#039;)\" class=\"elementor-element elementor-element-49d6016 elementor-position-left elementor-view-default elementor-mobile-position-top elementor-vertical-align-top elementor-widget elementor-widget-icon-box\" data-id=\"49d6016\" data-element_type=\"widget\" data-widget_type=\"icon-box.default\">\n\t\t\t\t<div class=\"elementor-widget-container\">\n\t\t\t<link rel=\"stylesheet\" href=\"https:\/\/webwp.igme.es\/pruebaigme\/wp-content\/uploads\/elementor\/css\/custom-widget-icon-box.min.css?ver=1707998212\">\t\t<div class=\"elementor-icon-box-wrapper\">\n\t\t\t\t\t\t<div class=\"elementor-icon-box-icon\">\n\t\t\t\t<a href=\"https:\/\/info.igme.es\/media\/EPVRF\/Docs\/FONELAS_6.pdf\" class=\"elementor-icon elementor-animation-\" tabindex=\"-1\">\n\t\t\t\t<i aria-hidden=\"true\" class=\"fas fa-file-invoice\"><\/i>\t\t\t\t<\/a>\n\t\t\t<\/div>\n\t\t\t\t\t\t<div class=\"elementor-icon-box-content\">\n\t\t\t\t<h6 class=\"elementor-icon-box-title\">\n\t\t\t\t\t<a href=\"https:\/\/info.igme.es\/media\/EPVRF\/Docs\/FONELAS_6.pdf\" >\n\t\t\t\t\t\tMicrovertebrados (Squamata, Lagomorpha, Erinaceomorpha y Rodentia) de Fonelas P-1\t\t\t\t\t<\/a>\n\t\t\t\t<\/h6>\n\t\t\t\t\t\t\t\t\t<p class=\"elementor-icon-box-description\">\n\t\t\t\t\t\tLaplana, C. y Blain, H. A. 2008. Microvertebrados (Squamata, Lagomorpha, Erinaceomorpha y Rodentia) de Fonelas P-1 (Cuenca de Guadix, Granada). En: Arribas, A. (Ed). Vertebrados del Plioceno superior terminal en el suroeste de Europa: Fonelas P-1 y el Proyecto Fonelas. Instituto Geol\u00f3gico y Minero de Espa\u00f1a, serie Cuadernos del Museo Geominero, 10, 65-83.\t\t\t\t\t<\/p>\n\t\t\t\t\t\t\t<\/div>\n\t\t<\/div>\n\t\t\t\t<\/div>\n\t\t\t\t<\/div>\n\t\t\t\t\t<\/div>\n\t\t<\/div>\n\t\t\t\t\t<\/div>\n\t\t<\/section>\n\t\t\t\t<\/div>\n\t\t","protected":false},"excerpt":{"rendered":"<p>\/*! elementor &#8211; v3.17.0 &#8211; 08-11-2023 *\/ .elementor-heading-title{padding:0;margin:0;line-height:1}.elementor-widget-heading .elementor-heading-title[class*=elementor-size-]&gt;a{color:inherit;font-size:inherit;line-height:inherit}.elementor-widget-heading .elementor-heading-title.elementor-size-small{font-size:15px}.elementor-widget-heading .elementor-heading-title.elementor-size-medium{font-size:19px}.elementor-widget-heading .elementor-heading-title.elementor-size-large{font-size:29px}.elementor-widget-heading .elementor-heading-title.elementor-size-xl{font-size:39px}.elementor-widget-heading .elementor-heading-title.elementor-size-xxl{font-size:59px} Los lagomorfos son mam\u00edferos herb\u00edvoros que se dividen en dos familias principales, las liebres y los conejos, con caracter\u00edsticas distintivas como dientes que crecen constantemente, patas traseras largas, alimentaci\u00f3n herb\u00edvora y cr\u00edas relativamente desarrolladas al nacer. Este Orden (Lagomorpha) se encuentra&#8230;<\/p>\n","protected":false},"author":18,"featured_media":17406,"parent":17160,"menu_order":0,"comment_status":"closed","ping_status":"closed","template":"","meta":{"_kad_post_transparent":"","_kad_post_title":"hide","_kad_post_layout":"fullwidth","_kad_post_sidebar_id":"","_kad_post_content_style":"unboxed","_kad_post_vertical_padding":"hide","_kad_post_feature":"hide","_kad_post_feature_position":"","_kad_post_header":false,"_kad_post_footer":false,"footnotes":""},"aioseo_notices":[],"_links":{"self":[{"href":"https:\/\/webwp.igme.es\/pruebaigme\/wp-json\/wp\/v2\/pages\/17403"}],"collection":[{"href":"https:\/\/webwp.igme.es\/pruebaigme\/wp-json\/wp\/v2\/pages"}],"about":[{"href":"https:\/\/webwp.igme.es\/pruebaigme\/wp-json\/wp\/v2\/types\/page"}],"author":[{"embeddable":true,"href":"https:\/\/webwp.igme.es\/pruebaigme\/wp-json\/wp\/v2\/users\/18"}],"replies":[{"embeddable":true,"href":"https:\/\/webwp.igme.es\/pruebaigme\/wp-json\/wp\/v2\/comments?post=17403"}],"version-history":[{"count":14,"href":"https:\/\/webwp.igme.es\/pruebaigme\/wp-json\/wp\/v2\/pages\/17403\/revisions"}],"predecessor-version":[{"id":33420,"href":"https:\/\/webwp.igme.es\/pruebaigme\/wp-json\/wp\/v2\/pages\/17403\/revisions\/33420"}],"up":[{"embeddable":true,"href":"https:\/\/webwp.igme.es\/pruebaigme\/wp-json\/wp\/v2\/pages\/17160"}],"wp:featuredmedia":[{"embeddable":true,"href":"https:\/\/webwp.igme.es\/pruebaigme\/wp-json\/wp\/v2\/media\/17406"}],"wp:attachment":[{"href":"https:\/\/webwp.igme.es\/pruebaigme\/wp-json\/wp\/v2\/media?parent=17403"}],"curies":[{"name":"wp","href":"https:\/\/api.w.org\/{rel}","templated":true}]}}