{"id":17417,"date":"2023-09-08T09:55:27","date_gmt":"2023-09-08T07:55:27","guid":{"rendered":"http:\/\/webwp.igme.es\/pruebaigme\/?page_id=17417"},"modified":"2023-12-26T20:58:14","modified_gmt":"2023-12-26T19:58:14","slug":"insectivoros","status":"publish","type":"page","link":"https:\/\/webwp.igme.es\/pruebaigme\/estacion-paleontologica-valle-del-rio-fardes\/el-centro-paleontologico-fonelas-p-1\/investigacion\/paleontologia-de-mamiferos\/insectivoros\/","title":{"rendered":"Insectivoros"},"content":{"rendered":"\t\t<div data-elementor-type=\"wp-page\" data-elementor-id=\"17417\" class=\"elementor elementor-17417\" data-elementor-post-type=\"page\">\n\t\t\t\t\t\t<section class=\"elementor-section elementor-top-section elementor-element elementor-element-05659a0 elementor-section-boxed elementor-section-height-default elementor-section-height-default\" data-id=\"05659a0\" data-element_type=\"section\" data-settings=\"{&quot;jet_parallax_layout_list&quot;:[]}\">\n\t\t\t\t\t\t<div class=\"elementor-container elementor-column-gap-default\">\n\t\t\t\t\t<div class=\"elementor-column elementor-col-100 elementor-top-column elementor-element elementor-element-6e8e578\" data-id=\"6e8e578\" data-element_type=\"column\">\n\t\t\t<div class=\"elementor-widget-wrap elementor-element-populated\">\n\t\t\t\t\t\t<div class=\"elementor-element elementor-element-5a91e06 elementor-widget elementor-widget-heading\" data-id=\"5a91e06\" data-element_type=\"widget\" data-widget_type=\"heading.default\">\n\t\t\t\t<div class=\"elementor-widget-container\">\n\t\t\t<style>\/*! elementor - v3.19.0 - 07-02-2024 *\/\n.elementor-heading-title{padding:0;margin:0;line-height:1}.elementor-widget-heading .elementor-heading-title[class*=elementor-size-]>a{color:inherit;font-size:inherit;line-height:inherit}.elementor-widget-heading .elementor-heading-title.elementor-size-small{font-size:15px}.elementor-widget-heading .elementor-heading-title.elementor-size-medium{font-size:19px}.elementor-widget-heading .elementor-heading-title.elementor-size-large{font-size:29px}.elementor-widget-heading .elementor-heading-title.elementor-size-xl{font-size:39px}.elementor-widget-heading .elementor-heading-title.elementor-size-xxl{font-size:59px}<\/style><h5 class=\"elementor-heading-title elementor-size-default\">Los insect\u00edvoros son un grupo de animales que se caracterizan por tener una dieta principalmente basada en insectos y otros artr\u00f3podos. Estos animales han desarrollado adaptaciones f\u00edsicas y comportamentales para capturar y alimentarse de insectos de manera eficiente.<\/h5>\t\t<\/div>\n\t\t\t\t<\/div>\n\t\t\t\t<div class=\"elementor-element elementor-element-a5481c7 elementor-widget elementor-widget-text-editor\" data-id=\"a5481c7\" data-element_type=\"widget\" data-widget_type=\"text-editor.default\">\n\t\t\t\t<div class=\"elementor-widget-container\">\n\t\t\t<style>\/*! elementor - v3.19.0 - 07-02-2024 *\/\n.elementor-widget-text-editor.elementor-drop-cap-view-stacked .elementor-drop-cap{background-color:#69727d;color:#fff}.elementor-widget-text-editor.elementor-drop-cap-view-framed .elementor-drop-cap{color:#69727d;border:3px solid;background-color:transparent}.elementor-widget-text-editor:not(.elementor-drop-cap-view-default) .elementor-drop-cap{margin-top:8px}.elementor-widget-text-editor:not(.elementor-drop-cap-view-default) .elementor-drop-cap-letter{width:1em;height:1em}.elementor-widget-text-editor .elementor-drop-cap{float:left;text-align:center;line-height:1;font-size:50px}.elementor-widget-text-editor .elementor-drop-cap-letter{display:inline-block}<\/style>\t\t\t\t<p>Los insect\u00edvoros est\u00e1n muy mal representados, de forma general, en el registro f\u00f3sil de los yacimientos generados en medios abiertos, siendo m\u00e1s frecuente la presencia de sus huesos f\u00f3siles en los yacimientos k\u00e1rsticos. Por suerte, en Fonelas P-1 se ha recuperado un fragmento de hemimand\u00edbula de erinaceido con el P4 conservado. Este fragmento craneal representa a un erizo de muy peque\u00f1a talla con un cuarto premolar inferior cuyo parac\u00f3nido est\u00e1 individualizado del protoc\u00f3nido, car\u00e1cter t\u00edpico del erizo com\u00fan actual. La determinaci\u00f3n provisional de este insect\u00edvoro queda como Erinaceidae gen. indet.<\/p>\t\t\t\t\t\t<\/div>\n\t\t\t\t<\/div>\n\t\t\t\t\t<\/div>\n\t\t<\/div>\n\t\t\t\t\t<\/div>\n\t\t<\/section>\n\t\t\t\t<section class=\"elementor-section elementor-top-section elementor-element elementor-element-6f6666a elementor-section-boxed elementor-section-height-default elementor-section-height-default\" data-id=\"6f6666a\" data-element_type=\"section\" data-settings=\"{&quot;background_background&quot;:&quot;classic&quot;,&quot;jet_parallax_layout_list&quot;:[]}\">\n\t\t\t\t\t\t<div class=\"elementor-container elementor-column-gap-default\">\n\t\t\t\t\t<div class=\"elementor-column elementor-col-100 elementor-top-column elementor-element elementor-element-2a02ea4\" data-id=\"2a02ea4\" data-element_type=\"column\">\n\t\t\t<div class=\"elementor-widget-wrap elementor-element-populated\">\n\t\t\t\t\t\t<section class=\"elementor-section elementor-inner-section elementor-element elementor-element-999fb5b elementor-section-boxed elementor-section-height-default elementor-section-height-default\" data-id=\"999fb5b\" data-element_type=\"section\" data-settings=\"{&quot;jet_parallax_layout_list&quot;:[]}\">\n\t\t\t\t\t\t<div class=\"elementor-container elementor-column-gap-default\">\n\t\t\t\t\t<div class=\"elementor-column elementor-col-50 elementor-inner-column elementor-element elementor-element-9e6c2c5\" data-id=\"9e6c2c5\" data-element_type=\"column\">\n\t\t\t<div class=\"elementor-widget-wrap\">\n\t\t\t\t\t\t\t<\/div>\n\t\t<\/div>\n\t\t\t\t<div class=\"elementor-column elementor-col-50 elementor-inner-column elementor-element elementor-element-86b1a10\" data-id=\"86b1a10\" data-element_type=\"column\">\n\t\t\t<div class=\"elementor-widget-wrap elementor-element-populated\">\n\t\t\t\t\t\t<div class=\"elementor-element elementor-element-ff5ba1c elementor-widget__width-auto elementor-view-default elementor-widget elementor-widget-icon\" data-id=\"ff5ba1c\" data-element_type=\"widget\" data-widget_type=\"icon.default\">\n\t\t\t\t<div class=\"elementor-widget-container\">\n\t\t\t\t\t<div class=\"elementor-icon-wrapper\">\n\t\t\t<div class=\"elementor-icon\">\n\t\t\t<i aria-hidden=\"true\" class=\"fas fa-file-invoice\"><\/i>\t\t\t<\/div>\n\t\t<\/div>\n\t\t\t\t<\/div>\n\t\t\t\t<\/div>\n\t\t\t\t<div class=\"elementor-element elementor-element-7d41520 elementor-widget__width-auto elementor-widget elementor-widget-text-editor\" data-id=\"7d41520\" data-element_type=\"widget\" data-widget_type=\"text-editor.default\">\n\t\t\t\t<div class=\"elementor-widget-container\">\n\t\t\t\t\t\t\t<p>Publicaci\u00f3n<\/p>\t\t\t\t\t\t<\/div>\n\t\t\t\t<\/div>\n\t\t\t\t\t<\/div>\n\t\t<\/div>\n\t\t\t\t\t<\/div>\n\t\t<\/section>\n\t\t\t\t<div data-ra-element-link=\"{&quot;url&quot;:&quot;https:\\\/\\\/journals.plos.org\\\/plosone\\\/article?id=10.1371\\\/journal.pone.0007127&quot;,&quot;is_external&quot;:&quot;&quot;,&quot;nofollow&quot;:&quot;&quot;,&quot;custom_attributes&quot;:&quot;&quot;}\" style=\"cursor: pointer\" target=\"_self\" onClick=\"window.open(&#039;https:\/\/journals.plos.org\/plosone\/article?id=10.1371\/journal.pone.0007127&#039;, &#039;_self&#039;)\" class=\"elementor-element elementor-element-295a235 elementor-position-left elementor-view-default elementor-mobile-position-top elementor-vertical-align-top elementor-widget elementor-widget-icon-box\" data-id=\"295a235\" data-element_type=\"widget\" data-widget_type=\"icon-box.default\">\n\t\t\t\t<div class=\"elementor-widget-container\">\n\t\t\t<link rel=\"stylesheet\" href=\"https:\/\/webwp.igme.es\/pruebaigme\/wp-content\/uploads\/elementor\/css\/custom-widget-icon-box.min.css?ver=1707998212\">\t\t<div class=\"elementor-icon-box-wrapper\">\n\t\t\t\t\t\t<div class=\"elementor-icon-box-icon\">\n\t\t\t\t<a href=\"https:\/\/info.igme.es\/media\/EPVRF\/Docs\/FONELAS_6.pdf\" class=\"elementor-icon elementor-animation-\" tabindex=\"-1\">\n\t\t\t\t<i aria-hidden=\"true\" class=\"fas fa-file-invoice\"><\/i>\t\t\t\t<\/a>\n\t\t\t<\/div>\n\t\t\t\t\t\t<div class=\"elementor-icon-box-content\">\n\t\t\t\t<h6 class=\"elementor-icon-box-title\">\n\t\t\t\t\t<a href=\"https:\/\/info.igme.es\/media\/EPVRF\/Docs\/FONELAS_6.pdf\" >\n\t\t\t\t\t\t\t\tMicrovertebrados (Squamata, Lagomorpha, Erinaceomorpha y Rodentia) de Fonelas P-1\t\t\t\t\t<\/a>\n\t\t\t\t<\/h6>\n\t\t\t\t\t\t\t\t\t<p class=\"elementor-icon-box-description\">\n\t\t\t\t\t\tLaplana, C. y Blain, H. A. 2008. Microvertebrados (Squamata, Lagomorpha, Erinaceomorpha y Rodentia) de Fonelas P-1 (Cuenca de Guadix, Granada). En: Arribas, A. (Ed). Vertebrados del Plioceno superior terminal en el suroeste de Europa: Fonelas P-1 y el Proyecto Fonelas. Instituto Geol\u00f3gico y Minero de Espa\u00f1a, serie Cuadernos del Museo Geominero, 10, 65-83.\t\t\t\t\t<\/p>\n\t\t\t\t\t\t\t<\/div>\n\t\t<\/div>\n\t\t\t\t<\/div>\n\t\t\t\t<\/div>\n\t\t\t\t\t<\/div>\n\t\t<\/div>\n\t\t\t\t\t<\/div>\n\t\t<\/section>\n\t\t\t\t<\/div>\n\t\t","protected":false},"excerpt":{"rendered":"<p>Los insect\u00edvoros son un grupo de animales que se caracterizan por tener una dieta principalmente basada en insectos y otros artr\u00f3podos. Estos animales han desarrollado adaptaciones f\u00edsicas y comportamentales para capturar y alimentarse de insectos de manera eficiente. Los insect\u00edvoros est\u00e1n muy mal representados, de forma general, en el registro f\u00f3sil de los yacimientos generados&#8230;<\/p>\n","protected":false},"author":18,"featured_media":17424,"parent":17160,"menu_order":0,"comment_status":"closed","ping_status":"closed","template":"","meta":{"_kad_post_transparent":"","_kad_post_title":"hide","_kad_post_layout":"fullwidth","_kad_post_sidebar_id":"","_kad_post_content_style":"unboxed","_kad_post_vertical_padding":"hide","_kad_post_feature":"hide","_kad_post_feature_position":"","_kad_post_header":false,"_kad_post_footer":false,"footnotes":""},"aioseo_notices":[],"_links":{"self":[{"href":"https:\/\/webwp.igme.es\/pruebaigme\/wp-json\/wp\/v2\/pages\/17417"}],"collection":[{"href":"https:\/\/webwp.igme.es\/pruebaigme\/wp-json\/wp\/v2\/pages"}],"about":[{"href":"https:\/\/webwp.igme.es\/pruebaigme\/wp-json\/wp\/v2\/types\/page"}],"author":[{"embeddable":true,"href":"https:\/\/webwp.igme.es\/pruebaigme\/wp-json\/wp\/v2\/users\/18"}],"replies":[{"embeddable":true,"href":"https:\/\/webwp.igme.es\/pruebaigme\/wp-json\/wp\/v2\/comments?post=17417"}],"version-history":[{"count":13,"href":"https:\/\/webwp.igme.es\/pruebaigme\/wp-json\/wp\/v2\/pages\/17417\/revisions"}],"predecessor-version":[{"id":30473,"href":"https:\/\/webwp.igme.es\/pruebaigme\/wp-json\/wp\/v2\/pages\/17417\/revisions\/30473"}],"up":[{"embeddable":true,"href":"https:\/\/webwp.igme.es\/pruebaigme\/wp-json\/wp\/v2\/pages\/17160"}],"wp:featuredmedia":[{"embeddable":true,"href":"https:\/\/webwp.igme.es\/pruebaigme\/wp-json\/wp\/v2\/media\/17424"}],"wp:attachment":[{"href":"https:\/\/webwp.igme.es\/pruebaigme\/wp-json\/wp\/v2\/media?parent=17417"}],"curies":[{"name":"wp","href":"https:\/\/api.w.org\/{rel}","templated":true}]}}