{"id":18542,"date":"2023-09-18T12:35:46","date_gmt":"2023-09-18T10:35:46","guid":{"rendered":"http:\/\/webwp.igme.es\/pruebaigme\/?page_id=18542"},"modified":"2023-12-27T12:19:50","modified_gmt":"2023-12-27T11:19:50","slug":"computer-applications","status":"publish","type":"page","link":"https:\/\/webwp.igme.es\/pruebaigme\/en\/computer-applications\/","title":{"rendered":"Computer Applications"},"content":{"rendered":"\t\t<div data-elementor-type=\"wp-page\" data-elementor-id=\"18542\" class=\"elementor elementor-18542\" data-elementor-post-type=\"page\">\n\t\t\t\t\t\t<section class=\"elementor-section elementor-top-section elementor-element elementor-element-39d602f elementor-section-height-min-height elementor-section-boxed elementor-section-height-default elementor-section-items-middle\" data-id=\"39d602f\" data-element_type=\"section\" data-settings=\"{&quot;background_background&quot;:&quot;classic&quot;,&quot;jet_parallax_layout_list&quot;:[]}\">\n\t\t\t\t\t\t<div class=\"elementor-container elementor-column-gap-default\">\n\t\t\t\t\t<div class=\"elementor-column elementor-col-100 elementor-top-column elementor-element elementor-element-0381789\" data-id=\"0381789\" data-element_type=\"column\">\n\t\t\t<div class=\"elementor-widget-wrap elementor-element-populated\">\n\t\t\t\t\t\t<div class=\"elementor-element elementor-element-1ba4084 elementor-widget__width-inherit elementor-widget elementor-widget-heading\" data-id=\"1ba4084\" data-element_type=\"widget\" data-widget_type=\"heading.default\">\n\t\t\t\t<div class=\"elementor-widget-container\">\n\t\t\t<style>\/*! elementor - v3.19.0 - 07-02-2024 *\/\n.elementor-heading-title{padding:0;margin:0;line-height:1}.elementor-widget-heading .elementor-heading-title[class*=elementor-size-]>a{color:inherit;font-size:inherit;line-height:inherit}.elementor-widget-heading .elementor-heading-title.elementor-size-small{font-size:15px}.elementor-widget-heading .elementor-heading-title.elementor-size-medium{font-size:19px}.elementor-widget-heading .elementor-heading-title.elementor-size-large{font-size:29px}.elementor-widget-heading .elementor-heading-title.elementor-size-xl{font-size:39px}.elementor-widget-heading .elementor-heading-title.elementor-size-xxl{font-size:59px}<\/style><h2 class=\"elementor-heading-title elementor-size-default\">Computer Applications<\/h2>\t\t<\/div>\n\t\t\t\t<\/div>\n\t\t\t\t\t<\/div>\n\t\t<\/div>\n\t\t\t\t\t<\/div>\n\t\t<\/section>\n\t\t\t\t<section class=\"elementor-section elementor-top-section elementor-element elementor-element-df4bd08 elementor-section-boxed elementor-section-height-default elementor-section-height-default\" data-id=\"df4bd08\" data-element_type=\"section\" data-settings=\"{&quot;jet_parallax_layout_list&quot;:[]}\">\n\t\t\t\t\t\t<div class=\"elementor-container elementor-column-gap-default\">\n\t\t\t\t\t<div class=\"elementor-column elementor-col-100 elementor-top-column elementor-element elementor-element-dece9da\" data-id=\"dece9da\" data-element_type=\"column\">\n\t\t\t<div class=\"elementor-widget-wrap elementor-element-populated\">\n\t\t\t\t\t\t<div class=\"elementor-element elementor-element-ca6d652 elementor-widget elementor-widget-heading\" data-id=\"ca6d652\" data-element_type=\"widget\" data-widget_type=\"heading.default\">\n\t\t\t\t<div class=\"elementor-widget-container\">\n\t\t\t<h2 class=\"elementor-heading-title elementor-size-default\">SlugIn 1.0<\/h2>\t\t<\/div>\n\t\t\t\t<\/div>\n\t\t\t\t\t<\/div>\n\t\t<\/div>\n\t\t\t\t\t<\/div>\n\t\t<\/section>\n\t\t\t\t<section class=\"elementor-section elementor-top-section elementor-element elementor-element-d6ce428 elementor-section-boxed elementor-section-height-default elementor-section-height-default\" data-id=\"d6ce428\" data-element_type=\"section\" data-settings=\"{&quot;jet_parallax_layout_list&quot;:[]}\">\n\t\t\t\t\t\t<div class=\"elementor-container elementor-column-gap-default\">\n\t\t\t\t\t<div class=\"elementor-column elementor-col-50 elementor-top-column elementor-element elementor-element-c78751d\" data-id=\"c78751d\" data-element_type=\"column\">\n\t\t\t<div class=\"elementor-widget-wrap elementor-element-populated\">\n\t\t\t\t\t\t<div class=\"elementor-element elementor-element-220ddff elementor-widget elementor-widget-text-editor\" data-id=\"220ddff\" data-element_type=\"widget\" data-widget_type=\"text-editor.default\">\n\t\t\t\t<div class=\"elementor-widget-container\">\n\t\t\t<style>\/*! elementor - v3.19.0 - 07-02-2024 *\/\n.elementor-widget-text-editor.elementor-drop-cap-view-stacked .elementor-drop-cap{background-color:#69727d;color:#fff}.elementor-widget-text-editor.elementor-drop-cap-view-framed .elementor-drop-cap{color:#69727d;border:3px solid;background-color:transparent}.elementor-widget-text-editor:not(.elementor-drop-cap-view-default) .elementor-drop-cap{margin-top:8px}.elementor-widget-text-editor:not(.elementor-drop-cap-view-default) .elementor-drop-cap-letter{width:1em;height:1em}.elementor-widget-text-editor .elementor-drop-cap{float:left;text-align:center;line-height:1;font-size:50px}.elementor-widget-text-editor .elementor-drop-cap-letter{display:inline-block}<\/style>\t\t\t\t<p style=\"text-align: justify;\">La aplicaci\u00f3n inform\u00e1tica SlugIn 1.0, permite la interpretaci\u00f3n de ensayos slug en pozos. Los ensayos slug, tambi\u00e9n conocidos como de valvuleo o de cuchareo consisten en una t\u00e9cnica muy utilizada para la evaluaci\u00f3n de los par\u00e1metros hidr\u00e1ulicos de los acu\u00edferos.\t\t\t\t\t\t<\/div>\n\t\t\t\t<\/div>\n\t\t\t\t<div class=\"elementor-element elementor-element-35e0532 elementor-widget elementor-widget-toggle\" data-id=\"35e0532\" data-element_type=\"widget\" data-widget_type=\"toggle.default\">\n\t\t\t\t<div class=\"elementor-widget-container\">\n\t\t\t<style>.elementor-toggle{text-align:left}.elementor-toggle .elementor-tab-title{font-weight:700;line-height:1;margin:0;padding:15px;border-bottom:1px solid #d5d8dc;cursor:pointer;outline:none}.elementor-toggle .elementor-tab-title .elementor-toggle-icon{display:inline-block;width:1em}.elementor-toggle .elementor-tab-title .elementor-toggle-icon svg{margin-inline-start:-5px;width:1em;height:1em}.elementor-toggle .elementor-tab-title .elementor-toggle-icon.elementor-toggle-icon-right{float:right;text-align:right}.elementor-toggle .elementor-tab-title .elementor-toggle-icon.elementor-toggle-icon-left{float:left;text-align:left}.elementor-toggle .elementor-tab-title .elementor-toggle-icon .elementor-toggle-icon-closed{display:block}.elementor-toggle .elementor-tab-title .elementor-toggle-icon .elementor-toggle-icon-opened{display:none}.elementor-toggle .elementor-tab-title.elementor-active{border-bottom:none}.elementor-toggle .elementor-tab-title.elementor-active .elementor-toggle-icon-closed{display:none}.elementor-toggle .elementor-tab-title.elementor-active .elementor-toggle-icon-opened{display:block}.elementor-toggle .elementor-tab-content{padding:15px;border-bottom:1px solid #d5d8dc;display:none}@media (max-width:767px){.elementor-toggle .elementor-tab-title{padding:12px}.elementor-toggle .elementor-tab-content{padding:12px 10px}}.e-con-inner>.elementor-widget-toggle,.e-con>.elementor-widget-toggle{width:var(--container-widget-width);--flex-grow:var(--container-widget-flex-grow)}<\/style>\t\t<div class=\"elementor-toggle\">\n\t\t\t\t\t\t\t<div class=\"elementor-toggle-item\">\n\t\t\t\t\t<div id=\"elementor-tab-title-5641\" class=\"elementor-tab-title\" data-tab=\"1\" role=\"button\" aria-controls=\"elementor-tab-content-5641\" aria-expanded=\"false\">\n\t\t\t\t\t\t\t\t\t\t\t\t<span class=\"elementor-toggle-icon elementor-toggle-icon-left\" aria-hidden=\"true\">\n\t\t\t\t\t\t\t\t\t\t\t\t\t\t\t<span class=\"elementor-toggle-icon-closed\"><i class=\"fas fa-caret-right\"><\/i><\/span>\n\t\t\t\t\t\t\t\t<span class=\"elementor-toggle-icon-opened\"><i class=\"elementor-toggle-icon-opened fas fa-caret-up\"><\/i><\/span>\n\t\t\t\t\t\t\t\t\t\t\t\t\t<\/span>\n\t\t\t\t\t\t\t\t\t\t\t\t<a class=\"elementor-toggle-title\" tabindex=\"0\">+ Info<\/a>\n\t\t\t\t\t<\/div>\n\n\t\t\t\t\t<div id=\"elementor-tab-content-5641\" class=\"elementor-tab-content elementor-clearfix\" data-tab=\"1\" role=\"region\" aria-labelledby=\"elementor-tab-title-5641\"><p align=\"justify\"><span class=\"estilo12\">La aplicaci\u00f3n inform\u00e1tica SlugIn 1.0, realizada por el Instituto Geol\u00f3gico y Minero de Espa\u00f1a, permite la interpretaci\u00f3n de ensayos slug en pozos. Los ensayos slug, tambi\u00e9n conocidos como de valvuleo o de cuchareo consisten en una t\u00e9cnica muy utilizada para la evaluaci\u00f3n de los par\u00e1metros hidr\u00e1ulicos de los acu\u00edferos.<\/span><\/p><p align=\"justify\"><span class=\"estilo12\">SlugIn 1.0 permite interpretar ensayos a nivel variable y a nivel constante e incorpora distintos m\u00e9todos de correcci\u00f3n y de validaci\u00f3n. Entre los ensayos de interpretaci\u00f3n con r\u00e9gimen variable se pueden aplicar los m\u00e9todos de: i) Cooper, Bredehoeft y Papadopoulos, ii) Hvorslev, iii) Bouwer y Rice, y iv) Kreysing, este \u00faltimo para su aplicaci\u00f3n en materiales de alta permeabilidad. Adem\u00e1s, se pueden realizar las correcciones Bouwer (acu\u00edferos libres), Chapuis (tap\u00f3n de fondo), para acu\u00edferos anis\u00f3tropos y de efecto piel. Tambi\u00e9n se ha incluido la validaci\u00f3n de Mace para pozos de gran di\u00e1metro. La interpretaci\u00f3n de los ensayos a nivel constante se puede realizar con las soluciones de Lefranc y de Gilg-Gavard.<\/span><\/p><p align=\"justify\"><span class=\"estilo12\">Esta aplicaci\u00f3n, de gran inter\u00e9s para el colectivo de profesionales dedicados a la hidrogeolog\u00eda y a la ingenier\u00eda geol\u00f3gica, consiste en un software gratuito que se ofrece un entorno amigable de f\u00e1cil aplicaci\u00f3n para aquellos t\u00e9cnicos no expertos en programaci\u00f3n. Adem\u00e1s, la aplicaci\u00f3n incluye un manual en pdf que se presenta en lengua castellana, con objeto de cubrir la carencia de c\u00f3digos de esta tem\u00e1tica en espa\u00f1ol.<\/span><\/p><p align=\"justify\"><span class=\"estilo12\">Con la difusi\u00f3n de la aplicaci\u00f3n SlugIn 1.0, el Instituto Geol\u00f3gico y Minero de Espa\u00f1a pretende poner a disposici\u00f3n del colectivo de profesionales que se dedican a la hidrogeolog\u00eda, una herramienta con la que mejorar y revitalizar las bases de datos hidrogeol\u00f3gicos nacionales y provinciales. El an\u00e1lisis de la informaci\u00f3n almacenada en estas bases de datos y la investigaci\u00f3n hidrogeol\u00f3gica bien dirigida constituyen dos de los pilares fundamentales para conseguir un mejor conocimiento hidrogeol\u00f3gico de una regi\u00f3n.<\/span><\/p><p align=\"justify\"><span class=\"estilo12\">Para la instalaci\u00f3n y utilizaci\u00f3n del programa es necesario que el sistema tenga la siguiente configuraci\u00f3n m\u00ednima:<\/span><\/p><div align=\"center\"><table border=\"0\" width=\"100%\" cellspacing=\"5\"><tbody><tr><td>&#8211;<\/td><td><p align=\"justify\"><span class=\"estilo12\">512 MB de RAM<\/span><\/p><\/td><\/tr><tr><td>&#8211;<\/td><td><p align=\"justify\"><span class=\"estilo12\">Monitor con resoluci\u00f3n de 1024 x 768 p\u00edxeles<\/span><\/p><\/td><\/tr><tr><td>&#8211;<\/td><td><p align=\"justify\"><span class=\"estilo12\">Sistema Operativo Windows XP \u00f3 superior<\/span><\/p><\/td><\/tr><tr><td>&#8211;<\/td><td><p align=\"justify\"><span class=\"estilo12\">100 MB disponibles en el disco duro<\/span><\/p><\/td><\/tr><tr><td>&#8211;<\/td><td><span class=\"estilo12\">NET Framework 4.0 (proporcionado junto con la aplicaci\u00f3n y disponible en la p\u00e1gina de descargas de Microsoft)<\/span><\/td><\/tr><\/tbody><\/table><\/div><p align=\"justify\"><span class=\"estilo12\">Como requerimiento adicional, para algunas funcionalidades de importaci\u00f3n, es necesario tener instalado el programa Microsoft Excel y Microsoft Word para la presentaci\u00f3n de informes.<\/span><\/p><p align=\"justify\"><span class=\"estilo12\">Esta aplicaci\u00f3n quiere ser actualizada y mejorada con las sugerencia de sus usuarios, que deber\u00e1n dirigirse a\u00a0<a href=\"mailto:s.martos@igme.es\">s.martos@igme.es<\/a>. Las nuevas versiones mejoradas podr\u00e1n ser descargadas en esta p\u00e1gina web.<\/span><\/p><p align=\"justify\"><span class=\"estilo12\"><strong>Autores:<\/strong><br \/>Sergio Martos Rosillo; Antonio Azc\u00f3n Gonz\u00e1lez de Aguilar; Alberto Padilla Ben\u00edtez; Joaqu\u00edn Delgado Pastor<\/span><\/p><p style=\"text-align: center;\" align=\"center\"><strong><em><span class=\"estilo11\">Para la instalaci\u00f3n de este software hay que ejecutar el programa setup.exe y seguir las instrucciones:\u00a0 <\/span><span style=\"font-size: small;\">NIPO<\/span><span style=\"font-size: small;\">\u00a0en l\u00ednea:\u00a0<\/span><span class=\"label-gris\"><span style=\"font-size: small;\">728-15-027-1<\/span><\/span><\/em><\/strong><\/p><table style=\"border: 1px solid #000000;\"><tbody><tr><td><p style=\"text-align: center;\"><a href=\"https:\/\/info.igme.es\/media\/Material_Divulgativo\/Setup_SlugIn.zip\" target=\"_blank\" rel=\"noopener\">Descargar Zip<\/a><\/p><p style=\"text-align: center;\"><a href=\"https:\/\/webwp.igme.es\/pruebaigme\/wp-content\/uploads\/2023\/09\/Manual_SlugIn.pdf\">Manual Pdf<\/a><\/p><p style=\"text-align: center;\"><a href=\"https:\/\/webwp.igme.es\/pruebaigme\/wp-content\/uploads\/2023\/09\/SlugIn-Users-Manual.pdf\">SlugIn User&#8217;s Manual<\/a><\/p><\/td><\/tr><\/tbody><\/table><\/div>\n\t\t\t\t<\/div>\n\t\t\t\t\t\t\t\t<\/div>\n\t\t\t\t<\/div>\n\t\t\t\t<\/div>\n\t\t\t\t\t<\/div>\n\t\t<\/div>\n\t\t\t\t<div class=\"elementor-column elementor-col-50 elementor-top-column elementor-element elementor-element-8e06987\" data-id=\"8e06987\" data-element_type=\"column\">\n\t\t\t<div class=\"elementor-widget-wrap elementor-element-populated\">\n\t\t\t\t\t\t<div class=\"elementor-element elementor-element-ef4ed3f elementor-widget elementor-widget-image\" data-id=\"ef4ed3f\" data-element_type=\"widget\" data-widget_type=\"image.default\">\n\t\t\t\t<div class=\"elementor-widget-container\">\n\t\t\t<style>\/*! elementor - v3.19.0 - 07-02-2024 *\/\n.elementor-widget-image{text-align:center}.elementor-widget-image a{display:inline-block}.elementor-widget-image a img[src$=\".svg\"]{width:48px}.elementor-widget-image img{vertical-align:middle;display:inline-block}<\/style>\t\t\t\t\t\t\t\t\t\t<img decoding=\"async\" width=\"200\" height=\"200\" src=\"https:\/\/webwp.igme.es\/pruebaigme\/wp-content\/uploads\/2023\/09\/slugln200.webp\" class=\"attachment-large size-large wp-image-18266\" alt=\"\" srcset=\"https:\/\/webwp.igme.es\/pruebaigme\/wp-content\/uploads\/2023\/09\/slugln200.webp 200w, https:\/\/webwp.igme.es\/pruebaigme\/wp-content\/uploads\/2023\/09\/slugln200-150x150.jpg 150w\" sizes=\"(max-width: 200px) 100vw, 200px\" \/>\t\t\t\t\t\t\t\t\t\t\t\t\t<\/div>\n\t\t\t\t<\/div>\n\t\t\t\t\t<\/div>\n\t\t<\/div>\n\t\t\t\t\t<\/div>\n\t\t<\/section>\n\t\t\t\t<section class=\"elementor-section elementor-top-section elementor-element elementor-element-24fa736 elementor-section-boxed elementor-section-height-default elementor-section-height-default\" data-id=\"24fa736\" data-element_type=\"section\" data-settings=\"{&quot;jet_parallax_layout_list&quot;:[]}\">\n\t\t\t\t\t\t<div class=\"elementor-container elementor-column-gap-default\">\n\t\t\t\t\t<div class=\"elementor-column elementor-col-100 elementor-top-column elementor-element elementor-element-7428e1e\" data-id=\"7428e1e\" data-element_type=\"column\">\n\t\t\t<div class=\"elementor-widget-wrap elementor-element-populated\">\n\t\t\t\t\t\t<div class=\"elementor-element elementor-element-613045a elementor-widget elementor-widget-heading\" data-id=\"613045a\" data-element_type=\"widget\" data-widget_type=\"heading.default\">\n\t\t\t\t<div class=\"elementor-widget-container\">\n\t\t\t<h2 class=\"elementor-heading-title elementor-size-default\">INGEOTAB<\/h2>\t\t<\/div>\n\t\t\t\t<\/div>\n\t\t\t\t\t<\/div>\n\t\t<\/div>\n\t\t\t\t\t<\/div>\n\t\t<\/section>\n\t\t\t\t<section class=\"elementor-section elementor-top-section elementor-element elementor-element-5acbee9 elementor-section-boxed elementor-section-height-default elementor-section-height-default\" data-id=\"5acbee9\" data-element_type=\"section\" data-settings=\"{&quot;jet_parallax_layout_list&quot;:[]}\">\n\t\t\t\t\t\t<div class=\"elementor-container elementor-column-gap-default\">\n\t\t\t\t\t<div class=\"elementor-column elementor-col-50 elementor-top-column elementor-element elementor-element-38e32ca\" data-id=\"38e32ca\" data-element_type=\"column\">\n\t\t\t<div class=\"elementor-widget-wrap elementor-element-populated\">\n\t\t\t\t\t\t<div class=\"elementor-element elementor-element-6f3d69c elementor-widget elementor-widget-text-editor\" data-id=\"6f3d69c\" data-element_type=\"widget\" data-widget_type=\"text-editor.default\">\n\t\t\t\t<div class=\"elementor-widget-container\">\n\t\t\t\t\t\t\t<p style=\"text-align: justify;\">Es una aplicaci\u00f3n creada por el IGME, orientada a los profesionales de las ciencias de la tierra y en especial a los ge\u00f3logos que desarrollan su actividad adquiriendo datos en campo.\u00a0<\/p>\t\t\t\t\t\t<\/div>\n\t\t\t\t<\/div>\n\t\t\t\t\t<\/div>\n\t\t<\/div>\n\t\t\t\t<div class=\"elementor-column elementor-col-50 elementor-top-column elementor-element elementor-element-3aaa719\" data-id=\"3aaa719\" data-element_type=\"column\">\n\t\t\t<div class=\"elementor-widget-wrap elementor-element-populated\">\n\t\t\t\t\t\t<div class=\"elementor-element elementor-element-2d69241 elementor-widget__width-initial elementor-widget elementor-widget-image\" data-id=\"2d69241\" data-element_type=\"widget\" data-widget_type=\"image.default\">\n\t\t\t\t<div class=\"elementor-widget-container\">\n\t\t\t\t\t\t\t\t\t\t\t\t\t<img decoding=\"async\" width=\"300\" height=\"161\" src=\"https:\/\/webwp.igme.es\/pruebaigme\/wp-content\/uploads\/2023\/09\/INGEOTABNoticia.webp\" class=\"attachment-large size-large wp-image-18278\" alt=\"\" \/>\t\t\t\t\t\t\t\t\t\t\t\t\t<\/div>\n\t\t\t\t<\/div>\n\t\t\t\t\t<\/div>\n\t\t<\/div>\n\t\t\t\t\t<\/div>\n\t\t<\/section>\n\t\t\t\t<section class=\"elementor-section elementor-top-section elementor-element elementor-element-414bb13 elementor-section-boxed elementor-section-height-default elementor-section-height-default\" data-id=\"414bb13\" data-element_type=\"section\" data-settings=\"{&quot;jet_parallax_layout_list&quot;:[]}\">\n\t\t\t\t\t\t<div class=\"elementor-container elementor-column-gap-default\">\n\t\t\t\t\t<div class=\"elementor-column elementor-col-100 elementor-top-column elementor-element elementor-element-ae5411d\" data-id=\"ae5411d\" data-element_type=\"column\">\n\t\t\t<div class=\"elementor-widget-wrap elementor-element-populated\">\n\t\t\t\t\t\t<div class=\"elementor-element elementor-element-1137b9a elementor-widget elementor-widget-toggle\" data-id=\"1137b9a\" data-element_type=\"widget\" data-widget_type=\"toggle.default\">\n\t\t\t\t<div class=\"elementor-widget-container\">\n\t\t\t\t\t<div class=\"elementor-toggle\">\n\t\t\t\t\t\t\t<div class=\"elementor-toggle-item\">\n\t\t\t\t\t<div id=\"elementor-tab-title-1801\" class=\"elementor-tab-title\" data-tab=\"1\" role=\"button\" aria-controls=\"elementor-tab-content-1801\" aria-expanded=\"false\">\n\t\t\t\t\t\t\t\t\t\t\t\t<span class=\"elementor-toggle-icon elementor-toggle-icon-left\" aria-hidden=\"true\">\n\t\t\t\t\t\t\t\t\t\t\t\t\t\t\t<span class=\"elementor-toggle-icon-closed\"><i class=\"fas fa-caret-right\"><\/i><\/span>\n\t\t\t\t\t\t\t\t<span class=\"elementor-toggle-icon-opened\"><i class=\"elementor-toggle-icon-opened fas fa-caret-up\"><\/i><\/span>\n\t\t\t\t\t\t\t\t\t\t\t\t\t<\/span>\n\t\t\t\t\t\t\t\t\t\t\t\t<a class=\"elementor-toggle-title\" tabindex=\"0\">+ Info<\/a>\n\t\t\t\t\t<\/div>\n\n\t\t\t\t\t<div id=\"elementor-tab-content-1801\" class=\"elementor-tab-content elementor-clearfix\" data-tab=\"1\" role=\"region\" aria-labelledby=\"elementor-tab-title-1801\"><p>Es una aplicaci\u00f3n creada por el IGME, orientada a los profesionales de las ciencias de la tierra y en especial a los ge\u00f3logos que desarrollan su actividad adquiriendo datos en campo. Es la APP que facilita el trabajo de los ge\u00f3logos, llega a Google Play.<\/p><p>INGEOTAB pretende unificar en un solo dispositivo y en una sola aplicaci\u00f3n las herramientas m\u00e1s com\u00fanmente utilizadas en la toma de datos. Se cuenta con una serie de mapas base online gen\u00e9ricos: topogr\u00e1fico, callejero y ortoimagen y otra serie de mapas espec\u00edficos de ciencias de la tierra: geol\u00f3gicos, hidrogeol\u00f3gicos, riesgos, etc. proporcionados por los servicios del IGME, as\u00ed como la posibilidad de descargarse cartograf\u00eda almacen\u00e1ndola en memoria para su utilizaci\u00f3n en modo offline.<\/p><p>La aplicaci\u00f3n permite personalizar el tipo de informaci\u00f3n a recoger, e incluye herramientas como: clin\u00f3metro, br\u00fajula, GPS, c\u00e1mara, croquis, etc.<\/p><p>Se puede solicitar el env\u00edo del manual completo de la aplicaci\u00f3n a\u00a0<a href=\"mailto:soporte_si@igme.es\">soporte_si@igme.es<\/a><\/p><p>As\u00ed como de la aplicaci\u00f3n de transformaci\u00f3n de datos exportados INGEOTAB_EXPORTER<\/p><table style=\"border: 1px solid #000000;\"><tbody><tr><td>\u00a0<\/td><td><p style=\"text-align: center;\"><a href=\"https:\/\/info.igme.es\/media\/Material_Divulgativo\/INGEOTAB_20_c26.zip\" target=\"_blank\" rel=\"noopener\">Descargar instalable para Android<\/a><\/p><p style=\"text-align: center;\"><a href=\"https:\/\/webwp.igme.es\/pruebaigme\/wp-content\/uploads\/2023\/09\/2015_10_26_Ingeotab_Exporter_1.2.zip\">Descargar INGEOTAB_EXPORTER<\/a><\/p><\/td><\/tr><\/tbody><\/table><\/div>\n\t\t\t\t<\/div>\n\t\t\t\t\t\t\t\t<\/div>\n\t\t\t\t<\/div>\n\t\t\t\t<\/div>\n\t\t\t\t\t<\/div>\n\t\t<\/div>\n\t\t\t\t\t<\/div>\n\t\t<\/section>\n\t\t\t\t<section class=\"elementor-section elementor-top-section elementor-element elementor-element-ef045a9 elementor-section-boxed elementor-section-height-default elementor-section-height-default\" data-id=\"ef045a9\" data-element_type=\"section\" data-settings=\"{&quot;jet_parallax_layout_list&quot;:[]}\">\n\t\t\t\t\t\t<div class=\"elementor-container elementor-column-gap-default\">\n\t\t\t\t\t<div class=\"elementor-column elementor-col-50 elementor-top-column elementor-element elementor-element-1e8d551\" data-id=\"1e8d551\" data-element_type=\"column\">\n\t\t\t<div class=\"elementor-widget-wrap\">\n\t\t\t\t\t\t\t<\/div>\n\t\t<\/div>\n\t\t\t\t<div class=\"elementor-column elementor-col-50 elementor-top-column elementor-element elementor-element-1621448\" data-id=\"1621448\" data-element_type=\"column\">\n\t\t\t<div class=\"elementor-widget-wrap\">\n\t\t\t\t\t\t\t<\/div>\n\t\t<\/div>\n\t\t\t\t\t<\/div>\n\t\t<\/section>\n\t\t\t\t<\/div>\n\t\t","protected":false},"excerpt":{"rendered":"<p>Computer Applications SlugIn 1.0 La aplicaci\u00f3n inform\u00e1tica SlugIn 1.0, permite la interpretaci\u00f3n de ensayos slug en pozos. Los ensayos slug, tambi\u00e9n conocidos como de valvuleo o de cuchareo consisten en una t\u00e9cnica muy utilizada para la evaluaci\u00f3n de los par\u00e1metros hidr\u00e1ulicos de los acu\u00edferos. + Info La aplicaci\u00f3n inform\u00e1tica SlugIn 1.0, realizada por el Instituto&#8230;<\/p>\n","protected":false},"author":3,"featured_media":0,"parent":0,"menu_order":0,"comment_status":"closed","ping_status":"closed","template":"","meta":{"_kad_post_transparent":"","_kad_post_title":"hide","_kad_post_layout":"fullwidth","_kad_post_sidebar_id":"","_kad_post_content_style":"unboxed","_kad_post_vertical_padding":"hide","_kad_post_feature":"hide","_kad_post_feature_position":"","_kad_post_header":false,"_kad_post_footer":false,"footnotes":""},"aioseo_notices":[],"_links":{"self":[{"href":"https:\/\/webwp.igme.es\/pruebaigme\/wp-json\/wp\/v2\/pages\/18542"}],"collection":[{"href":"https:\/\/webwp.igme.es\/pruebaigme\/wp-json\/wp\/v2\/pages"}],"about":[{"href":"https:\/\/webwp.igme.es\/pruebaigme\/wp-json\/wp\/v2\/types\/page"}],"author":[{"embeddable":true,"href":"https:\/\/webwp.igme.es\/pruebaigme\/wp-json\/wp\/v2\/users\/3"}],"replies":[{"embeddable":true,"href":"https:\/\/webwp.igme.es\/pruebaigme\/wp-json\/wp\/v2\/comments?post=18542"}],"version-history":[{"count":22,"href":"https:\/\/webwp.igme.es\/pruebaigme\/wp-json\/wp\/v2\/pages\/18542\/revisions"}],"predecessor-version":[{"id":30544,"href":"https:\/\/webwp.igme.es\/pruebaigme\/wp-json\/wp\/v2\/pages\/18542\/revisions\/30544"}],"wp:attachment":[{"href":"https:\/\/webwp.igme.es\/pruebaigme\/wp-json\/wp\/v2\/media?parent=18542"}],"curies":[{"name":"wp","href":"https:\/\/api.w.org\/{rel}","templated":true}]}}