{"id":1875,"date":"2022-12-25T19:19:14","date_gmt":"2022-12-25T18:19:14","guid":{"rendered":"http:\/\/webwp.igme.es\/pruebaigme\/?page_id=1875"},"modified":"2024-04-04T10:35:22","modified_gmt":"2024-04-04T08:35:22","slug":"sistema-de-informacion-documental","status":"publish","type":"page","link":"https:\/\/webwp.igme.es\/pruebaigme\/datos-y-mapas\/sistema-de-informacion-documental\/","title":{"rendered":"Sistema de Informaci\u00f3n Documental"},"content":{"rendered":"\t\t<div data-elementor-type=\"wp-page\" data-elementor-id=\"1875\" class=\"elementor elementor-1875\" data-elementor-post-type=\"page\">\n\t\t\t\t\t\t<section class=\"elementor-section elementor-top-section elementor-element elementor-element-1d62974 elementor-section-boxed elementor-section-height-default elementor-section-height-default\" data-id=\"1d62974\" data-element_type=\"section\" data-settings=\"{&quot;jet_parallax_layout_list&quot;:[]}\">\n\t\t\t\t\t\t<div class=\"elementor-container elementor-column-gap-default\">\n\t\t\t\t\t<div class=\"elementor-column elementor-col-100 elementor-top-column elementor-element elementor-element-f1522c3\" data-id=\"f1522c3\" data-element_type=\"column\">\n\t\t\t<div class=\"elementor-widget-wrap elementor-element-populated\">\n\t\t\t\t\t\t<div class=\"elementor-element elementor-element-37cef08 elementor-widget elementor-widget-text-editor\" data-id=\"37cef08\" data-element_type=\"widget\" data-widget_type=\"text-editor.default\">\n\t\t\t\t<div class=\"elementor-widget-container\">\n\t\t\t<style>\/*! elementor - v3.19.0 - 07-02-2024 *\/\n.elementor-widget-text-editor.elementor-drop-cap-view-stacked .elementor-drop-cap{background-color:#69727d;color:#fff}.elementor-widget-text-editor.elementor-drop-cap-view-framed .elementor-drop-cap{color:#69727d;border:3px solid;background-color:transparent}.elementor-widget-text-editor:not(.elementor-drop-cap-view-default) .elementor-drop-cap{margin-top:8px}.elementor-widget-text-editor:not(.elementor-drop-cap-view-default) .elementor-drop-cap-letter{width:1em;height:1em}.elementor-widget-text-editor .elementor-drop-cap{float:left;text-align:center;line-height:1;font-size:50px}.elementor-widget-text-editor .elementor-drop-cap-letter{display:inline-block}<\/style>\t\t\t\t<p>El Sistema de Informaci\u00f3n Documental (SID) integra y pone a disposici\u00f3n de los usuarios los informes y documentos peri\u00f3dicos y no peri\u00f3dicos del Centro de Documentaci\u00f3n del IGME<span lang=\"es\">\u00a0y documentos de acceso libre de la Biblioteca del IGME.<\/span><\/p><p>Para ello ello,\u00a0 el SID dispone de los siguiente servicios:\u00a0<\/p>\t\t\t\t\t\t<\/div>\n\t\t\t\t<\/div>\n\t\t\t\t\t<\/div>\n\t\t<\/div>\n\t\t\t\t\t<\/div>\n\t\t<\/section>\n\t\t\t\t<section class=\"elementor-section elementor-top-section elementor-element elementor-element-b94a14d elementor-section-boxed elementor-section-height-default elementor-section-height-default\" data-id=\"b94a14d\" data-element_type=\"section\" data-settings=\"{&quot;jet_parallax_layout_list&quot;:[],&quot;background_background&quot;:&quot;classic&quot;}\">\n\t\t\t\t\t\t<div class=\"elementor-container elementor-column-gap-default\">\n\t\t\t\t\t<div class=\"elementor-column elementor-col-50 elementor-top-column elementor-element elementor-element-41fc98e\" data-id=\"41fc98e\" data-element_type=\"column\">\n\t\t\t<div class=\"elementor-widget-wrap elementor-element-populated\">\n\t\t\t\t\t\t<div class=\"elementor-element elementor-element-8e3e9ee elementor-widget elementor-widget-heading\" data-id=\"8e3e9ee\" data-element_type=\"widget\" data-widget_type=\"heading.default\">\n\t\t\t\t<div class=\"elementor-widget-container\">\n\t\t\t<style>\/*! elementor - v3.19.0 - 07-02-2024 *\/\n.elementor-heading-title{padding:0;margin:0;line-height:1}.elementor-widget-heading .elementor-heading-title[class*=elementor-size-]>a{color:inherit;font-size:inherit;line-height:inherit}.elementor-widget-heading .elementor-heading-title.elementor-size-small{font-size:15px}.elementor-widget-heading .elementor-heading-title.elementor-size-medium{font-size:19px}.elementor-widget-heading .elementor-heading-title.elementor-size-large{font-size:29px}.elementor-widget-heading .elementor-heading-title.elementor-size-xl{font-size:39px}.elementor-widget-heading .elementor-heading-title.elementor-size-xxl{font-size:59px}<\/style><h3 class=\"elementor-heading-title elementor-size-default\"><a href=\"https:\/\/info.igme.es\/sid\/\">Consulta tem\u00e1tica y espacial de informes<\/a><\/h3>\t\t<\/div>\n\t\t\t\t<\/div>\n\t\t\t\t<div class=\"elementor-element elementor-element-b0c77cf elementor-widget elementor-widget-text-editor\" data-id=\"b0c77cf\" data-element_type=\"widget\" data-widget_type=\"text-editor.default\">\n\t\t\t\t<div class=\"elementor-widget-container\">\n\t\t\t\t\t\t\t<p style=\"text-align: justify;\">Consulta por T\u00edtulo, Autor, Descriptor, Organismo,\u00a0 Pa\u00eds, A\u00f1o, C\u00f3digo e Idioma, as\u00ed como selecci\u00f3n espacial\u00a0 de todo lo relacionado con Informes del IGME, documentos peri\u00f3dicos y no peri\u00f3dicos, revistas,&#8230;<\/p>\t\t\t\t\t\t<\/div>\n\t\t\t\t<\/div>\n\t\t\t\t<div class=\"elementor-element elementor-element-5d99513 elementor-align-center elementor-widget elementor-widget-button\" data-id=\"5d99513\" data-element_type=\"widget\" data-widget_type=\"button.default\">\n\t\t\t\t<div class=\"elementor-widget-container\">\n\t\t\t\t\t<div class=\"elementor-button-wrapper\">\n\t\t\t<a class=\"elementor-button elementor-button-link elementor-size-sm\" href=\"https:\/\/info.igme.es\/sid\" target=\"_blank\">\n\t\t\t\t\t\t<span class=\"elementor-button-content-wrapper\">\n\t\t\t\t\t\t<span class=\"elementor-button-icon elementor-align-icon-left\">\n\t\t\t\t<i aria-hidden=\"true\" class=\"far fa-window-maximize\"><\/i>\t\t\t<\/span>\n\t\t\t\t\t\t<span class=\"elementor-button-text\">Abrir aplicaci\u00f3n<\/span>\n\t\t<\/span>\n\t\t\t\t\t<\/a>\n\t\t<\/div>\n\t\t\t\t<\/div>\n\t\t\t\t<\/div>\n\t\t\t\t\t<\/div>\n\t\t<\/div>\n\t\t\t\t<div class=\"elementor-column elementor-col-50 elementor-top-column elementor-element elementor-element-f87f718\" data-id=\"f87f718\" data-element_type=\"column\">\n\t\t\t<div class=\"elementor-widget-wrap elementor-element-populated\">\n\t\t\t\t\t\t<div class=\"elementor-element elementor-element-070b129 elementor-widget elementor-widget-image\" data-id=\"070b129\" data-element_type=\"widget\" data-widget_type=\"image.default\">\n\t\t\t\t<div class=\"elementor-widget-container\">\n\t\t\t<style>\/*! elementor - v3.19.0 - 07-02-2024 *\/\n.elementor-widget-image{text-align:center}.elementor-widget-image a{display:inline-block}.elementor-widget-image a img[src$=\".svg\"]{width:48px}.elementor-widget-image img{vertical-align:middle;display:inline-block}<\/style>\t\t\t\t\t\t\t\t\t\t\t<a href=\"https:\/\/info.igme.es\/sid\/\">\n\t\t\t\t\t\t\t<img fetchpriority=\"high\" decoding=\"async\" width=\"1024\" height=\"488\" src=\"https:\/\/webwp.igme.es\/pruebaigme\/wp-content\/uploads\/2023\/09\/Sin-titulo-1024x488.jpg\" class=\"attachment-large size-large wp-image-18496\" alt=\"\" srcset=\"https:\/\/webwp.igme.es\/pruebaigme\/wp-content\/uploads\/2023\/09\/Sin-titulo-1024x488.jpg 1024w, https:\/\/webwp.igme.es\/pruebaigme\/wp-content\/uploads\/2023\/09\/Sin-titulo-300x143.jpg 300w, https:\/\/webwp.igme.es\/pruebaigme\/wp-content\/uploads\/2023\/09\/Sin-titulo-768x366.jpg 768w, https:\/\/webwp.igme.es\/pruebaigme\/wp-content\/uploads\/2023\/09\/Sin-titulo-1536x732.jpg 1536w, https:\/\/webwp.igme.es\/pruebaigme\/wp-content\/uploads\/2023\/09\/Sin-titulo.webp 1879w\" sizes=\"(max-width: 1024px) 100vw, 1024px\" \/>\t\t\t\t\t\t\t\t<\/a>\n\t\t\t\t\t\t\t\t\t\t\t\t\t<\/div>\n\t\t\t\t<\/div>\n\t\t\t\t\t<\/div>\n\t\t<\/div>\n\t\t\t\t\t<\/div>\n\t\t<\/section>\n\t\t\t\t<section class=\"elementor-section elementor-top-section elementor-element elementor-element-41b61ae elementor-reverse-mobile elementor-section-boxed elementor-section-height-default elementor-section-height-default\" data-id=\"41b61ae\" data-element_type=\"section\" data-settings=\"{&quot;jet_parallax_layout_list&quot;:[],&quot;background_background&quot;:&quot;classic&quot;}\">\n\t\t\t\t\t\t<div class=\"elementor-container elementor-column-gap-default\">\n\t\t\t\t\t<div class=\"elementor-column elementor-col-50 elementor-top-column elementor-element elementor-element-972b7b2\" data-id=\"972b7b2\" data-element_type=\"column\">\n\t\t\t<div class=\"elementor-widget-wrap elementor-element-populated\">\n\t\t\t\t\t\t<div class=\"elementor-element elementor-element-42852b8 elementor-widget elementor-widget-image\" data-id=\"42852b8\" data-element_type=\"widget\" data-widget_type=\"image.default\">\n\t\t\t\t<div class=\"elementor-widget-container\">\n\t\t\t\t\t\t\t\t\t\t\t\t\t\t<a href=\"http:\/\/info.igme.es\/ConsultaSID\/Index.asp\">\n\t\t\t\t\t\t\t<img decoding=\"async\" width=\"1024\" height=\"468\" src=\"https:\/\/webwp.igme.es\/pruebaigme\/wp-content\/uploads\/2023\/09\/Sin-titulo-1-1024x468.jpg\" class=\"attachment-large size-large wp-image-18506\" alt=\"\" srcset=\"https:\/\/webwp.igme.es\/pruebaigme\/wp-content\/uploads\/2023\/09\/Sin-titulo-1-1024x468.jpg 1024w, https:\/\/webwp.igme.es\/pruebaigme\/wp-content\/uploads\/2023\/09\/Sin-titulo-1-300x137.jpg 300w, https:\/\/webwp.igme.es\/pruebaigme\/wp-content\/uploads\/2023\/09\/Sin-titulo-1-768x351.jpg 768w, https:\/\/webwp.igme.es\/pruebaigme\/wp-content\/uploads\/2023\/09\/Sin-titulo-1-1536x702.jpg 1536w, https:\/\/webwp.igme.es\/pruebaigme\/wp-content\/uploads\/2023\/09\/Sin-titulo-1.webp 1907w\" sizes=\"(max-width: 1024px) 100vw, 1024px\" \/>\t\t\t\t\t\t\t\t<\/a>\n\t\t\t\t\t\t\t\t\t\t\t\t\t<\/div>\n\t\t\t\t<\/div>\n\t\t\t\t\t<\/div>\n\t\t<\/div>\n\t\t\t\t<div class=\"elementor-column elementor-col-50 elementor-top-column elementor-element elementor-element-c2df22b\" data-id=\"c2df22b\" data-element_type=\"column\">\n\t\t\t<div class=\"elementor-widget-wrap elementor-element-populated\">\n\t\t\t\t\t\t<div class=\"elementor-element elementor-element-14a6e72 elementor-widget elementor-widget-heading\" data-id=\"14a6e72\" data-element_type=\"widget\" data-widget_type=\"heading.default\">\n\t\t\t\t<div class=\"elementor-widget-container\">\n\t\t\t<h3 class=\"elementor-heading-title elementor-size-default\"><a href=\"http:\/\/info.igme.es\/ConsultaSID\/Index.asp\">Consulta de informes<\/a><\/h3>\t\t<\/div>\n\t\t\t\t<\/div>\n\t\t\t\t<div class=\"elementor-element elementor-element-86dc620 elementor-widget elementor-widget-text-editor\" data-id=\"86dc620\" data-element_type=\"widget\" data-widget_type=\"text-editor.default\">\n\t\t\t\t<div class=\"elementor-widget-container\">\n\t\t\t\t\t\t\t<p style=\"text-align: justify;\">Informaci\u00f3n sobre Informes y Mapas del Centro de Documentaci\u00f3n, <strong>b\u00fasqueda sencilla<\/strong> por listado alfab\u00e9tico de T\u00edtulos, Autores, Descriptores, Fecha edici\u00f3n,\u00a0 Pa\u00eds e idiomas, o <strong>B\u00fasqueda avanzada<\/strong>\u00a0 en la que puedes a\u00f1adir condiciones y\/o a la b\u00fasqueda sencilla<\/p>\t\t\t\t\t\t<\/div>\n\t\t\t\t<\/div>\n\t\t\t\t<div class=\"elementor-element elementor-element-916eef7 elementor-align-center elementor-widget elementor-widget-button\" data-id=\"916eef7\" data-element_type=\"widget\" data-widget_type=\"button.default\">\n\t\t\t\t<div class=\"elementor-widget-container\">\n\t\t\t\t\t<div class=\"elementor-button-wrapper\">\n\t\t\t<a class=\"elementor-button elementor-button-link elementor-size-sm\" href=\"http:\/\/info.igme.es\/ConsultaSID\/Index.asp\" target=\"_blank\">\n\t\t\t\t\t\t<span class=\"elementor-button-content-wrapper\">\n\t\t\t\t\t\t<span class=\"elementor-button-icon elementor-align-icon-left\">\n\t\t\t\t<i aria-hidden=\"true\" class=\"far fa-window-maximize\"><\/i>\t\t\t<\/span>\n\t\t\t\t\t\t<span class=\"elementor-button-text\">Abrir aplicaci\u00f3n<\/span>\n\t\t<\/span>\n\t\t\t\t\t<\/a>\n\t\t<\/div>\n\t\t\t\t<\/div>\n\t\t\t\t<\/div>\n\t\t\t\t\t<\/div>\n\t\t<\/div>\n\t\t\t\t\t<\/div>\n\t\t<\/section>\n\t\t\t\t<section class=\"elementor-section elementor-top-section elementor-element elementor-element-ceb8f89 elementor-section-boxed elementor-section-height-default elementor-section-height-default\" data-id=\"ceb8f89\" data-element_type=\"section\" data-settings=\"{&quot;jet_parallax_layout_list&quot;:[],&quot;background_background&quot;:&quot;classic&quot;}\">\n\t\t\t\t\t\t<div class=\"elementor-container elementor-column-gap-default\">\n\t\t\t\t\t<div class=\"elementor-column elementor-col-50 elementor-top-column elementor-element elementor-element-1b4f184\" data-id=\"1b4f184\" data-element_type=\"column\">\n\t\t\t<div class=\"elementor-widget-wrap elementor-element-populated\">\n\t\t\t\t\t\t<div class=\"elementor-element elementor-element-416ed6b elementor-widget elementor-widget-heading\" data-id=\"416ed6b\" data-element_type=\"widget\" data-widget_type=\"heading.default\">\n\t\t\t\t<div class=\"elementor-widget-container\">\n\t\t\t<h3 class=\"elementor-heading-title elementor-size-default\"><a href=\"http:\/\/info.igme.es\/tesauro\/Default.aspx\">Tesauro IGME de Ciencias de la Tierra<\/a><\/h3>\t\t<\/div>\n\t\t\t\t<\/div>\n\t\t\t\t<div class=\"elementor-element elementor-element-7a52b3d elementor-widget elementor-widget-text-editor\" data-id=\"7a52b3d\" data-element_type=\"widget\" data-widget_type=\"text-editor.default\">\n\t\t\t\t<div class=\"elementor-widget-container\">\n\t\t\t\t\t\t\t<p style=\"text-align: justify;\">Para comenzar seleccione el idioma de b\u00fasqueda, el tipo de consulta (si busca por el comienzo del t\u00e9rmino, si debe ser el termino exacto o si est\u00e1 contenido), introduzca el t\u00e9rmino y pulse buscar.<\/p>\n<p style=\"text-align: justify;\">\nAparecer\u00e1n las ocurrencias encontradas en el tesauro para ese idioma, seleccione una de ellas, posteriormente podr\u00e1 navegar a trav\u00e9s de la estructura del tesauro, t\u00e9rminos relacionados, hijos, t\u00e9rminos superiores, etc.\t\t\t\t\t\t<\/div>\n\t\t\t\t<\/div>\n\t\t\t\t<div class=\"elementor-element elementor-element-3be00f2 elementor-align-center elementor-widget elementor-widget-button\" data-id=\"3be00f2\" data-element_type=\"widget\" data-widget_type=\"button.default\">\n\t\t\t\t<div class=\"elementor-widget-container\">\n\t\t\t\t\t<div class=\"elementor-button-wrapper\">\n\t\t\t<a class=\"elementor-button elementor-button-link elementor-size-sm\" href=\"http:\/\/info.igme.es\/tesauro\/Default.aspx\" target=\"_blank\">\n\t\t\t\t\t\t<span class=\"elementor-button-content-wrapper\">\n\t\t\t\t\t\t<span class=\"elementor-button-icon elementor-align-icon-left\">\n\t\t\t\t<i aria-hidden=\"true\" class=\"fas fa-book\"><\/i>\t\t\t<\/span>\n\t\t\t\t\t\t<span class=\"elementor-button-text\">Abrir tesauro<\/span>\n\t\t<\/span>\n\t\t\t\t\t<\/a>\n\t\t<\/div>\n\t\t\t\t<\/div>\n\t\t\t\t<\/div>\n\t\t\t\t\t<\/div>\n\t\t<\/div>\n\t\t\t\t<div class=\"elementor-column elementor-col-50 elementor-top-column elementor-element elementor-element-d33a45f\" data-id=\"d33a45f\" data-element_type=\"column\">\n\t\t\t<div class=\"elementor-widget-wrap elementor-element-populated\">\n\t\t\t\t\t\t<div class=\"elementor-element elementor-element-f008772 elementor-widget elementor-widget-image\" data-id=\"f008772\" data-element_type=\"widget\" data-widget_type=\"image.default\">\n\t\t\t\t<div class=\"elementor-widget-container\">\n\t\t\t\t\t\t\t\t\t\t\t\t\t\t<a href=\"http:\/\/info.igme.es\/tesauro\/Default.aspx\">\n\t\t\t\t\t\t\t<img decoding=\"async\" width=\"1024\" height=\"374\" src=\"https:\/\/webwp.igme.es\/pruebaigme\/wp-content\/uploads\/2023\/09\/Sin-titulo-2-1024x374.jpg\" class=\"attachment-large size-large wp-image-18523\" alt=\"\" srcset=\"https:\/\/webwp.igme.es\/pruebaigme\/wp-content\/uploads\/2023\/09\/Sin-titulo-2-1024x374.jpg 1024w, https:\/\/webwp.igme.es\/pruebaigme\/wp-content\/uploads\/2023\/09\/Sin-titulo-2-300x110.jpg 300w, https:\/\/webwp.igme.es\/pruebaigme\/wp-content\/uploads\/2023\/09\/Sin-titulo-2-768x281.jpg 768w, https:\/\/webwp.igme.es\/pruebaigme\/wp-content\/uploads\/2023\/09\/Sin-titulo-2-1536x561.jpg 1536w, https:\/\/webwp.igme.es\/pruebaigme\/wp-content\/uploads\/2023\/09\/Sin-titulo-2.webp 1913w\" sizes=\"(max-width: 1024px) 100vw, 1024px\" \/>\t\t\t\t\t\t\t\t<\/a>\n\t\t\t\t\t\t\t\t\t\t\t\t\t<\/div>\n\t\t\t\t<\/div>\n\t\t\t\t\t<\/div>\n\t\t<\/div>\n\t\t\t\t\t<\/div>\n\t\t<\/section>\n\t\t\t\t<section class=\"elementor-section elementor-top-section elementor-element elementor-element-587db7b elementor-section-boxed elementor-section-height-default elementor-section-height-default\" data-id=\"587db7b\" data-element_type=\"section\" data-settings=\"{&quot;jet_parallax_layout_list&quot;:[]}\">\n\t\t\t\t\t\t<div class=\"elementor-container elementor-column-gap-default\">\n\t\t\t\t\t<div class=\"elementor-column elementor-col-100 elementor-top-column elementor-element elementor-element-d462b99\" data-id=\"d462b99\" data-element_type=\"column\">\n\t\t\t<div class=\"elementor-widget-wrap elementor-element-populated\">\n\t\t\t\t\t\t<div class=\"elementor-element elementor-element-5b35b75 elementor-widget elementor-widget-heading\" data-id=\"5b35b75\" data-element_type=\"widget\" data-widget_type=\"heading.default\">\n\t\t\t\t<div class=\"elementor-widget-container\">\n\t\t\t<h3 class=\"elementor-heading-title elementor-size-default\"><a href=\"https:\/\/www.igme.es\/sistemas_infor\/Sid\/ayudabiblio.htm\">Ayuda para consultas<\/a><\/h3>\t\t<\/div>\n\t\t\t\t<\/div>\n\t\t\t\t<div class=\"elementor-element elementor-element-aa1fb57 elementor-widget elementor-widget-text-editor\" data-id=\"aa1fb57\" data-element_type=\"widget\" data-widget_type=\"text-editor.default\">\n\t\t\t\t<div class=\"elementor-widget-container\">\n\t\t\t\t\t\t\t<p style=\"text-align: left;\">Ayuda sobre c\u00f3mo consultar el SID. Monograf\u00edas sobre Ciencias de la Tierra en general (Informes del IGME, documentos peri\u00f3dicos y no peri\u00f3dicos, revistas,&#8230;) \u200b<\/p>\n<p align=\"justify\">Para localizar los documentos\u00a0deber\u00eda rellenar, al menos, uno de los campos principales de b\u00fasqueda: T\u00edtulo,\u00a0Autor, Editor, etc. Aunque en el caso de los Informes, no hace falta\u00a0rellenar ning\u00fan campo ya que al pulsar\u00a0<strong><em>buscar<\/em><\/strong>,\u00a0 se buscan\u00a0todos los registros con Informes del IGME.\u00a0Para realizar la consulta, se puede utilizar uno o varios campos combin\u00e1ndolos con los operadores booleanos Y\/O\/NO, operadores que aparecen a la izquierda de los campos de texto. Puede seleccionar tambi\u00e9n el tipo de coincidencia seg\u00fan las siguientes opciones:<\/p>\n<p align=\"justify\">a)\u00a0<strong><u>Cualquier parte del campo<\/u>,<\/strong>\u00a0obtendr\u00edamos el t\u00e9rmino de la consulta en cualquier posici\u00f3n del campo seleccionado.\u00a0<em>Ejemplo<\/em>\u00a0: Si se escribe \u00abagua\u00bb aparecer\u00e1 \u00abaguas\u00bb, \u00abaguado\u00bb&#8230;, etc.<\/p>\n<p align=\"justify\">b)\u00a0\u00a0<strong><u>Comienzo del campo<\/u>,\u00a0<\/strong>recuperar\u00edamos del campo seleccionado todos los registros que contengan, el t\u00e9rmino al comienzo.\u00a0<em>Ejemplo<\/em>: Si se escribe \u00abtermal\u00bb aparecer\u00e1 \u00abhidrotermal\u00bb, \u00abtermales\u00bb&#8230;, etc<\/p>\n<p align=\"justify\">c)\u00a0<strong><u>Hacer coincidir todo el campo<\/u>,\u00a0<\/strong>busca exactamente aquellos documentos que contengan, en el campo seleccionado, los t\u00e9rminos exactos tal y como han sido introducidos.\u00a0<em>Ejemplo<\/em>: Si se escribe \u00abBiolog\u00eda\u00bb aparecer\u00e1n los registros cuyo valor del campo sea \u00abBiolog\u00eda\u00bb pero no aparecer\u00e1n \u00abExobiologia\u00bb ni \u00abLa evolucion y la biologia molecular\u00bb.<\/p>\n<p align=\"justify\">Una vez introducidos los t\u00e9rminos que dar\u00e1n paso a nuestra consulta, deber\u00e1 pulsar la opci\u00f3n\u00a0<strong>\u00abBuscar\u00bb<\/strong>. El resultado de dicha operaci\u00f3n dar\u00e1 lugar a la visualizaci\u00f3n de todos los registros\u00a0 coincidentes de b\u00fasqueda que previamente hemos rellenando.\n<p align=\"justify\">Si desea ver el registro completo deber\u00e1 pulsar la opci\u00f3n\u00a0<strong>\u00abVer registro\u00bb\u00a0<\/strong>que aparece debajo de cada uno de ellos. Esta operaci\u00f3n le facilitar\u00e1 todos los datos del registro en cuesti\u00f3n (t\u00edtulo, autor, descripci\u00f3n f\u00edsica, etc.). As\u00ed mismo, si pulsa la opci\u00f3n\u00a0<strong>\u00abVolver\u00bb\u00a0<\/strong>(que aparece en la parte superior de la ficha de ejemplar) podr\u00e1 regresar al listado resultante de su consulta. Tambi\u00e9n podr\u00e1 realizar otra nueva consulta si pulsa la opci\u00f3n\u00a0<strong>\u00abBuscar\u00bb\u00a0<\/strong>que aparece en la parte superior.<\/p>\n<p align=\"justify\">Desde un registro completo de\u00a0cualquier\u00a0t\u00edtulo, se pueden realizar nuevas b\u00fasquedas a trav\u00e9s de los campos\u00a0<strong>\u00abAutor\u00bb\u00a0<\/strong>y\u00a0<strong>\u00abDescriptor\u00bb.\u00a0<\/strong>Pulsando con el rat\u00f3n en el texto de uno de los campos seleccionados, el sistema desplegar\u00e1 la lista de t\u00edtulos asociados a esa b\u00fasqueda.<\/p>\n<p align=\"justify\">Si desea obtener un listado alfab\u00e9tico de los\u00a0t\u00edtulos, revistas, colecciones,\u00a0\u00a0autores, descriptores,\u00a0a\u00f1os de edici\u00f3n, pa\u00edses,\u00a0\u00a0e idiomas, asociados a los documentos que posee el SID, deber\u00e1 desplegar la opci\u00f3n\u00a0<strong>\u00abListado alfab\u00e9tico por\u00bb\u00a0<\/strong>(que aparece en la parte superior de la p\u00e1gina principal) y elegir su consulta, a\u00f1adiendo en los campos de texto el\/los t\u00e9rmino\/s a buscar con las opciones de b\u00fasquedas mencionadas anteriormente.<\/p>\n<p align=\"justify\"><\/p>\t\t\t\t\t\t<\/div>\n\t\t\t\t<\/div>\n\t\t\t\t\t<\/div>\n\t\t<\/div>\n\t\t\t\t\t<\/div>\n\t\t<\/section>\n\t\t\t\t<\/div>\n\t\t","protected":false},"excerpt":{"rendered":"<p>El Sistema de Informaci\u00f3n Documental (SID) integra y pone a disposici\u00f3n de los usuarios los informes y documentos peri\u00f3dicos y no peri\u00f3dicos del Centro de Documentaci\u00f3n del IGME\u00a0y documentos de acceso libre de la Biblioteca del IGME. Para ello ello,\u00a0 el SID dispone de los siguiente servicios:\u00a0 Consulta tem\u00e1tica y espacial de informes Consulta por&#8230;<\/p>\n","protected":false},"author":1,"featured_media":7111,"parent":1187,"menu_order":0,"comment_status":"closed","ping_status":"closed","template":"","meta":{"_kad_post_transparent":"","_kad_post_title":"hide","_kad_post_layout":"fullwidth","_kad_post_sidebar_id":"","_kad_post_content_style":"unboxed","_kad_post_vertical_padding":"hide","_kad_post_feature":"hide","_kad_post_feature_position":"","_kad_post_header":false,"_kad_post_footer":false,"footnotes":""},"aioseo_notices":[],"_links":{"self":[{"href":"https:\/\/webwp.igme.es\/pruebaigme\/wp-json\/wp\/v2\/pages\/1875"}],"collection":[{"href":"https:\/\/webwp.igme.es\/pruebaigme\/wp-json\/wp\/v2\/pages"}],"about":[{"href":"https:\/\/webwp.igme.es\/pruebaigme\/wp-json\/wp\/v2\/types\/page"}],"author":[{"embeddable":true,"href":"https:\/\/webwp.igme.es\/pruebaigme\/wp-json\/wp\/v2\/users\/1"}],"replies":[{"embeddable":true,"href":"https:\/\/webwp.igme.es\/pruebaigme\/wp-json\/wp\/v2\/comments?post=1875"}],"version-history":[{"count":215,"href":"https:\/\/webwp.igme.es\/pruebaigme\/wp-json\/wp\/v2\/pages\/1875\/revisions"}],"predecessor-version":[{"id":38731,"href":"https:\/\/webwp.igme.es\/pruebaigme\/wp-json\/wp\/v2\/pages\/1875\/revisions\/38731"}],"up":[{"embeddable":true,"href":"https:\/\/webwp.igme.es\/pruebaigme\/wp-json\/wp\/v2\/pages\/1187"}],"wp:featuredmedia":[{"embeddable":true,"href":"https:\/\/webwp.igme.es\/pruebaigme\/wp-json\/wp\/v2\/media\/7111"}],"wp:attachment":[{"href":"https:\/\/webwp.igme.es\/pruebaigme\/wp-json\/wp\/v2\/media?parent=1875"}],"curies":[{"name":"wp","href":"https:\/\/api.w.org\/{rel}","templated":true}]}}