{"id":1903,"date":"2022-12-25T19:25:03","date_gmt":"2022-12-25T18:25:03","guid":{"rendered":"http:\/\/webwp.igme.es\/pruebaigme\/?page_id=1903"},"modified":"2024-04-17T13:43:31","modified_gmt":"2024-04-17T11:43:31","slug":"historia-museo","status":"publish","type":"page","link":"https:\/\/webwp.igme.es\/pruebaigme\/museos\/historia-museo\/","title":{"rendered":"Historia del Museo"},"content":{"rendered":"\t\t<div data-elementor-type=\"wp-page\" data-elementor-id=\"1903\" class=\"elementor elementor-1903\" data-elementor-post-type=\"page\">\n\t\t\t\t\t\t<section class=\"elementor-section elementor-top-section elementor-element elementor-element-a2da800 elementor-section-height-min-height elementor-section-stretched elementor-section-boxed elementor-section-height-default elementor-section-items-middle\" data-id=\"a2da800\" data-element_type=\"section\" data-settings=\"{&quot;jet_parallax_layout_list&quot;:[],&quot;background_background&quot;:&quot;classic&quot;,&quot;motion_fx_motion_fx_scrolling&quot;:&quot;yes&quot;,&quot;stretch_section&quot;:&quot;section-stretched&quot;,&quot;motion_fx_devices&quot;:[&quot;desktop&quot;,&quot;tablet&quot;,&quot;mobile_extra&quot;,&quot;mobile&quot;]}\">\n\t\t\t\t\t\t<div class=\"elementor-container elementor-column-gap-default\">\n\t\t\t\t\t<div class=\"elementor-column elementor-col-100 elementor-top-column elementor-element elementor-element-1ad5f9a\" data-id=\"1ad5f9a\" data-element_type=\"column\">\n\t\t\t<div class=\"elementor-widget-wrap elementor-element-populated\">\n\t\t\t\t\t\t<div class=\"elementor-element elementor-element-048fdeb elementor-widget elementor-widget-jet-brands\" data-id=\"048fdeb\" data-element_type=\"widget\" data-widget_type=\"jet-brands.default\">\n\t\t\t\t<div class=\"elementor-widget-container\">\n\t\t\t<div class=\"elementor-jet-brands jet-elements\"><div class=\"brands-wrap\">\n\t<div class=\"brands-list col-row\"><div class=\"brands-list__item\"><a class=\"brands-list__item-link\" href=\"#\"><div class=\"brands-list__item-img-wrap\"><img decoding=\"async\" src=\"http:\/\/webwp.igme.es\/pruebaigme\/wp-content\/uploads\/2023\/12\/museo2.webp\" alt=\"museo2\" class=\"brands-list__item-img\" loading=\"lazy\"><\/div><\/a><\/div><\/div><\/div><\/div>\t\t<\/div>\n\t\t\t\t<\/div>\n\t\t\t\t<div class=\"elementor-element elementor-element-2433c28 elementor-widget elementor-widget-heading\" data-id=\"2433c28\" data-element_type=\"widget\" data-widget_type=\"heading.default\">\n\t\t\t\t<div class=\"elementor-widget-container\">\n\t\t\t<style>\/*! elementor - v3.19.0 - 07-02-2024 *\/\n.elementor-heading-title{padding:0;margin:0;line-height:1}.elementor-widget-heading .elementor-heading-title[class*=elementor-size-]>a{color:inherit;font-size:inherit;line-height:inherit}.elementor-widget-heading .elementor-heading-title.elementor-size-small{font-size:15px}.elementor-widget-heading .elementor-heading-title.elementor-size-medium{font-size:19px}.elementor-widget-heading .elementor-heading-title.elementor-size-large{font-size:29px}.elementor-widget-heading .elementor-heading-title.elementor-size-xl{font-size:39px}.elementor-widget-heading .elementor-heading-title.elementor-size-xxl{font-size:59px}<\/style><h1 class=\"elementor-heading-title elementor-size-default\">Historia del Museo<\/h1>\t\t<\/div>\n\t\t\t\t<\/div>\n\t\t\t\t\t<\/div>\n\t\t<\/div>\n\t\t\t\t\t<\/div>\n\t\t<\/section>\n\t\t\t\t<section class=\"elementor-section elementor-top-section elementor-element elementor-element-b5d8482 elementor-section-boxed elementor-section-height-default elementor-section-height-default\" data-id=\"b5d8482\" data-element_type=\"section\" data-settings=\"{&quot;jet_parallax_layout_list&quot;:[]}\">\n\t\t\t\t\t\t<div class=\"elementor-container elementor-column-gap-default\">\n\t\t\t\t\t<div class=\"elementor-column elementor-col-66 elementor-top-column elementor-element elementor-element-5c36374\" data-id=\"5c36374\" data-element_type=\"column\">\n\t\t\t<div class=\"elementor-widget-wrap elementor-element-populated\">\n\t\t\t\t\t\t<div class=\"elementor-element elementor-element-f3d71cd elementor-widget elementor-widget-text-editor\" data-id=\"f3d71cd\" data-element_type=\"widget\" data-widget_type=\"text-editor.default\">\n\t\t\t\t<div class=\"elementor-widget-container\">\n\t\t\t<style>\/*! elementor - v3.19.0 - 07-02-2024 *\/\n.elementor-widget-text-editor.elementor-drop-cap-view-stacked .elementor-drop-cap{background-color:#69727d;color:#fff}.elementor-widget-text-editor.elementor-drop-cap-view-framed .elementor-drop-cap{color:#69727d;border:3px solid;background-color:transparent}.elementor-widget-text-editor:not(.elementor-drop-cap-view-default) .elementor-drop-cap{margin-top:8px}.elementor-widget-text-editor:not(.elementor-drop-cap-view-default) .elementor-drop-cap-letter{width:1em;height:1em}.elementor-widget-text-editor .elementor-drop-cap{float:left;text-align:center;line-height:1;font-size:50px}.elementor-widget-text-editor .elementor-drop-cap-letter{display:inline-block}<\/style>\t\t\t\t<p style=\"text-align: justify;\">Uno de los museos m\u00e1s singulares de nuestro pa\u00eds se encuentra enclavado en el n\u00famero 23 de la calle R\u00edos Rosas, en el interior del edificio del<a title=\"Abre imagen en ventana emergente\">\u00a0Instituto Geol\u00f3gico y Minero de Espa\u00f1a<\/a>. Esta ubicaci\u00f3n tan especial hace que sea tambi\u00e9n uno de los museos m\u00e1s desconocidos de Madrid, pese al inter\u00e9s de los ejemplares que alberga y la suntuosidad de su\u00a0<a title=\"Abre imagen en ventana emergente\">sede<\/a>\u00a0y\u00a0<a title=\"Abre imagen en ventana emergente\">accesos<\/a>\u00a0a la misma.\n<p align=\"justify\">Las colecciones de minerales y f\u00f3siles tuvieron su n\u00facleo inicial en los trabajos de la \u00abComisi\u00f3n para la Carta geol\u00f3gica de Madrid y la general del Reino\u00bb, creada por Isabel II (R.D. 12 de julio de 1849, <a title=\"Abre imagen en ventana emergente\">Gaceta de Madrid<\/a>\u00a0del 20) a instancias del entonces Ministro de Comercio, Instrucci\u00f3n y Obras P\u00fablicas D. Juan Bravo Murillo.<\/p>\n<p align=\"justify\">La instituci\u00f3n cambi\u00f3 varias veces de nombre, pasando a ser \u00abComisi\u00f3n del Mapa Geol\u00f3gico de Espa\u00f1a\u00bb entre 1873 y 1910, \u00abInstituto Geol\u00f3gico de Espa\u00f1a\u00bb (junio 1910 enero 1927), \u00abInstituto Geol\u00f3gico y Minero de Espa\u00f1a\u00bb (1927 &#8211; 1988) y, desde finales de 1988 hasta diciembre de 2001 \u00abInstituto Tecnol\u00f3gico Geominero de Espa\u00f1a\u00bb, para volver a ser Instituto Geol\u00f3gico y Minero de Espa\u00f1a hasta la fecha.<\/p>\n<p align=\"justify\">La historia de esta activa y fecunda instituci\u00f3n es la de la Geolog\u00eda espa\u00f1ola, nacida a la par que otros grandes servicios geol\u00f3gicos del mundo.<\/p>\n<p align=\"justify\">En esta larga trayectoria, de la que se cumplen 175 a\u00f1os en 2024, las colecciones compartieron las diversas vicisitudes que afectaron al Instituto. As\u00ed, tras su ubicaci\u00f3n original en el antiguo <a title=\"Abre imagen en ventana emergente\">palacio del Duque de San Pedro\u00a0<\/a>(calle Flor\u00edn n\u00ba 2), contiguo a la Carrera de San Jer\u00f3nimo, donde estaba instalada la Direcci\u00f3n General de Minas desde 1830, hacia 1870 pasaron al Convento de la Trinidad, en la calle Atocha n\u00ba 14. Pocos a\u00f1os despu\u00e9s, la litoteca cambia nuevamente de ubicaci\u00f3n a la calle Isabel la Cat\u00f3lica n\u00ba 23 y posteriormente a la Plaza de los Mostenses n\u00ba 2 (antigua calle Isabel la Cat\u00f3lica n\u00ba 25), hasta que en 1921 se inicia la construcci\u00f3n del actual edificio de la calle R\u00edos Rosas n\u00ba 23 (n\u00ba 9 de entonces), completada a lo largo de la d\u00e9cada de 1940.<\/p>\t\t\t\t\t\t<\/div>\n\t\t\t\t<\/div>\n\t\t\t\t\t<\/div>\n\t\t<\/div>\n\t\t\t\t<div class=\"elementor-column elementor-col-33 elementor-top-column elementor-element elementor-element-4858fbe\" data-id=\"4858fbe\" data-element_type=\"column\">\n\t\t\t<div class=\"elementor-widget-wrap elementor-element-populated\">\n\t\t\t\t\t\t<div class=\"elementor-element elementor-element-aea73e8 elementor-widget elementor-widget-image\" data-id=\"aea73e8\" data-element_type=\"widget\" data-widget_type=\"image.default\">\n\t\t\t\t<div class=\"elementor-widget-container\">\n\t\t\t<style>\/*! elementor - v3.19.0 - 07-02-2024 *\/\n.elementor-widget-image{text-align:center}.elementor-widget-image a{display:inline-block}.elementor-widget-image a img[src$=\".svg\"]{width:48px}.elementor-widget-image img{vertical-align:middle;display:inline-block}<\/style>\t\t\t\t\t\t\t\t\t\t\t<a href=\"https:\/\/webwp.igme.es\/pruebaigme\/wp-content\/uploads\/2023\/02\/historia.jpg\" data-elementor-open-lightbox=\"yes\" data-elementor-lightbox-title=\"historia\" data-e-action-hash=\"#elementor-action%3Aaction%3Dlightbox%26settings%3DeyJpZCI6NzczNywidXJsIjoiaHR0cHM6XC9cL3dlYndwLmlnbWUuZXNcL3BydWViYWlnbWVcL3dwLWNvbnRlbnRcL3VwbG9hZHNcLzIwMjNcLzAyXC9oaXN0b3JpYS53ZWJwIn0%3D\">\n\t\t\t\t\t\t\t<img fetchpriority=\"high\" decoding=\"async\" width=\"172\" height=\"741\" src=\"https:\/\/webwp.igme.es\/pruebaigme\/wp-content\/uploads\/2023\/02\/historia.webp\" class=\"attachment-large size-large wp-image-7737\" alt=\"\" \/>\t\t\t\t\t\t\t\t<\/a>\n\t\t\t\t\t\t\t\t\t\t\t\t\t<\/div>\n\t\t\t\t<\/div>\n\t\t\t\t\t<\/div>\n\t\t<\/div>\n\t\t\t\t\t<\/div>\n\t\t<\/section>\n\t\t\t\t<section class=\"elementor-section elementor-top-section elementor-element elementor-element-2eb4890 elementor-section-boxed elementor-section-height-default elementor-section-height-default\" data-id=\"2eb4890\" data-element_type=\"section\" data-settings=\"{&quot;jet_parallax_layout_list&quot;:[]}\">\n\t\t\t\t\t\t<div class=\"elementor-container elementor-column-gap-default\">\n\t\t\t\t\t<div class=\"elementor-column elementor-col-66 elementor-top-column elementor-element elementor-element-3b9a479\" data-id=\"3b9a479\" data-element_type=\"column\">\n\t\t\t<div class=\"elementor-widget-wrap elementor-element-populated\">\n\t\t\t\t\t\t<div class=\"elementor-element elementor-element-bebc119 elementor-widget elementor-widget-text-editor\" data-id=\"bebc119\" data-element_type=\"widget\" data-widget_type=\"text-editor.default\">\n\t\t\t\t<div class=\"elementor-widget-container\">\n\t\t\t\t\t\t\t<p style=\"text-align: justify;\">Las colecciones del Instituto se emplazaron definitivamente en 1927 en la gran sala que ocupa hoy en d\u00eda, inaugurada un a\u00f1o antes por\u00a0<a title=\"Abre imagen en ventana emergente\">S.M. el Rey D. Alfonso XIII<\/a>\u00a0durante los actos del\u00a0<a title=\"Abre imagen en ventana emergente\">XIV Congreso Geol\u00f3gico Internacional<\/a>. El Ingeniero de Minas\u00a0<a title=\"Abre imagen en ventana emergente\">D. Primitivo Hern\u00e1ndez Sampelayo<\/a>\u00a0(1880-1959) fue la persona que, junto con el arquitecto, concibi\u00f3 el Museo y la distribuci\u00f3n de sus colecciones, al frente del cual estuvo desde su fundaci\u00f3n hasta mediados de los\u00a0<a title=\"Abre imagen en ventana emergente\">a\u00f1os 40<\/a>.<\/p><p align=\"justify\">El Museo fue referido muchas veces como \u00abMuseo Nacional de Geolog\u00eda\u00bb, y durante una \u00e9poca disfruta de un periodo de relativa estabilidad, con la incorporaci\u00f3n de diverso material aportado por los t\u00e9cnicos del Instituto.<\/p><p align=\"justify\">A partir de 1980 comienza la revitalizaci\u00f3n del Museo con la realizaci\u00f3n de\u00a0<a title=\"Abre imagen en ventana emergente\">obras de acondicionamiento<\/a>\u00a0y restauraci\u00f3n, actualizaci\u00f3n de los fondos y la elaboraci\u00f3n de su inventario general.<\/p><p align=\"justify\">Por \u00faltimo, el Museo fue reinaugurado el 2 de marzo de 1989 por\u00a0<a title=\"Abre imagen en ventana emergente\">S.M. el Rey D. Juan Carlos I<\/a>, tomando a partir de entonces el nombre oficial de\u00a0<a title=\"Abre imagen en ventana emergente\">Museo Geominero<\/a>.<\/p>\t\t\t\t\t\t<\/div>\n\t\t\t\t<\/div>\n\t\t\t\t\t<\/div>\n\t\t<\/div>\n\t\t\t\t<div class=\"elementor-column elementor-col-33 elementor-top-column elementor-element elementor-element-6b9aa28\" data-id=\"6b9aa28\" data-element_type=\"column\">\n\t\t\t<div class=\"elementor-widget-wrap elementor-element-populated\">\n\t\t\t\t\t\t<div class=\"elementor-element elementor-element-c422d0a elementor-widget elementor-widget-image\" data-id=\"c422d0a\" data-element_type=\"widget\" data-widget_type=\"image.default\">\n\t\t\t\t<div class=\"elementor-widget-container\">\n\t\t\t\t\t\t\t\t\t\t\t\t\t\t<a href=\"https:\/\/webwp.igme.es\/pruebaigme\/wp-content\/uploads\/2023\/02\/11.jpg\" data-elementor-open-lightbox=\"yes\" data-elementor-lightbox-title=\"11\" data-e-action-hash=\"#elementor-action%3Aaction%3Dlightbox%26settings%3DeyJpZCI6NzczNiwidXJsIjoiaHR0cHM6XC9cL3dlYndwLmlnbWUuZXNcL3BydWViYWlnbWVcL3dwLWNvbnRlbnRcL3VwbG9hZHNcLzIwMjNcLzAyXC8xMS53ZWJwIn0%3D\">\n\t\t\t\t\t\t\t<img decoding=\"async\" width=\"236\" height=\"368\" src=\"https:\/\/webwp.igme.es\/pruebaigme\/wp-content\/uploads\/2023\/02\/11.webp\" class=\"attachment-large size-large wp-image-7736\" alt=\"\" srcset=\"https:\/\/webwp.igme.es\/pruebaigme\/wp-content\/uploads\/2023\/02\/11.webp 236w, https:\/\/webwp.igme.es\/pruebaigme\/wp-content\/uploads\/2023\/02\/11-192x300.jpg 192w\" sizes=\"(max-width: 236px) 100vw, 236px\" \/>\t\t\t\t\t\t\t\t<\/a>\n\t\t\t\t\t\t\t\t\t\t\t\t\t<\/div>\n\t\t\t\t<\/div>\n\t\t\t\t\t<\/div>\n\t\t<\/div>\n\t\t\t\t\t<\/div>\n\t\t<\/section>\n\t\t\t\t<\/div>\n\t\t","protected":false},"excerpt":{"rendered":"<p>Uno de los museos m\u00e1s singulares de nuestro pa\u00eds se encuentra enclavado en el n\u00famero 23 de la calle R\u00edos Rosas, en el interior del edificio del\u00a0Instituto Geol\u00f3gico y Minero de Espa\u00f1a. Esta ubicaci\u00f3n tan especial hace que sea tambi\u00e9n uno de los museos m\u00e1s desconocidos de Madrid, pese al inter\u00e9s de los ejemplares que&#8230;<\/p>\n","protected":false},"author":1,"featured_media":3801,"parent":1189,"menu_order":0,"comment_status":"closed","ping_status":"closed","template":"","meta":{"_kad_post_transparent":"","_kad_post_title":"hide","_kad_post_layout":"fullwidth","_kad_post_sidebar_id":"","_kad_post_content_style":"unboxed","_kad_post_vertical_padding":"hide","_kad_post_feature":"hide","_kad_post_feature_position":"","_kad_post_header":false,"_kad_post_footer":false,"footnotes":""},"aioseo_notices":[],"_links":{"self":[{"href":"https:\/\/webwp.igme.es\/pruebaigme\/wp-json\/wp\/v2\/pages\/1903"}],"collection":[{"href":"https:\/\/webwp.igme.es\/pruebaigme\/wp-json\/wp\/v2\/pages"}],"about":[{"href":"https:\/\/webwp.igme.es\/pruebaigme\/wp-json\/wp\/v2\/types\/page"}],"author":[{"embeddable":true,"href":"https:\/\/webwp.igme.es\/pruebaigme\/wp-json\/wp\/v2\/users\/1"}],"replies":[{"embeddable":true,"href":"https:\/\/webwp.igme.es\/pruebaigme\/wp-json\/wp\/v2\/comments?post=1903"}],"version-history":[{"count":138,"href":"https:\/\/webwp.igme.es\/pruebaigme\/wp-json\/wp\/v2\/pages\/1903\/revisions"}],"predecessor-version":[{"id":40338,"href":"https:\/\/webwp.igme.es\/pruebaigme\/wp-json\/wp\/v2\/pages\/1903\/revisions\/40338"}],"up":[{"embeddable":true,"href":"https:\/\/webwp.igme.es\/pruebaigme\/wp-json\/wp\/v2\/pages\/1189"}],"wp:featuredmedia":[{"embeddable":true,"href":"https:\/\/webwp.igme.es\/pruebaigme\/wp-json\/wp\/v2\/media\/3801"}],"wp:attachment":[{"href":"https:\/\/webwp.igme.es\/pruebaigme\/wp-json\/wp\/v2\/media?parent=1903"}],"curies":[{"name":"wp","href":"https:\/\/api.w.org\/{rel}","templated":true}]}}