{"id":1914,"date":"2022-12-25T19:27:20","date_gmt":"2022-12-25T18:27:20","guid":{"rendered":"http:\/\/webwp.igme.es\/pruebaigme\/?page_id=1914"},"modified":"2024-04-04T14:08:30","modified_gmt":"2024-04-04T12:08:30","slug":"reglamento-del-museo","status":"publish","type":"page","link":"https:\/\/webwp.igme.es\/pruebaigme\/museos\/reglamento-del-museo\/","title":{"rendered":"Reglamento del Museo"},"content":{"rendered":"\t\t<div data-elementor-type=\"wp-page\" data-elementor-id=\"1914\" class=\"elementor elementor-1914\" data-elementor-post-type=\"page\">\n\t\t\t\t\t\t<section class=\"elementor-section elementor-top-section elementor-element elementor-element-50c0b1d elementor-section-height-min-height elementor-section-boxed elementor-section-height-default elementor-section-items-middle\" data-id=\"50c0b1d\" data-element_type=\"section\" data-settings=\"{&quot;jet_parallax_layout_list&quot;:[],&quot;background_background&quot;:&quot;classic&quot;}\">\n\t\t\t\t\t\t<div class=\"elementor-container elementor-column-gap-default\">\n\t\t\t\t\t<div class=\"elementor-column elementor-col-100 elementor-top-column elementor-element elementor-element-4efdeb8\" data-id=\"4efdeb8\" data-element_type=\"column\">\n\t\t\t<div class=\"elementor-widget-wrap elementor-element-populated\">\n\t\t\t\t\t\t<div class=\"elementor-element elementor-element-8f1ee66 elementor-widget elementor-widget-jet-brands\" data-id=\"8f1ee66\" data-element_type=\"widget\" data-widget_type=\"jet-brands.default\">\n\t\t\t\t<div class=\"elementor-widget-container\">\n\t\t\t<div class=\"elementor-jet-brands jet-elements\"><div class=\"brands-wrap\">\n\t<div class=\"brands-list col-row\"><div class=\"brands-list__item\"><a class=\"brands-list__item-link\" href=\"#\"><div class=\"brands-list__item-img-wrap\"><img decoding=\"async\" src=\"http:\/\/webwp.igme.es\/pruebaigme\/wp-content\/uploads\/2023\/12\/museo2.webp\" alt=\"museo2\" class=\"brands-list__item-img\" loading=\"lazy\"><\/div><\/a><\/div><\/div><\/div><\/div>\t\t<\/div>\n\t\t\t\t<\/div>\n\t\t\t\t<div class=\"elementor-element elementor-element-df2e63b elementor-widget elementor-widget-heading\" data-id=\"df2e63b\" data-element_type=\"widget\" data-widget_type=\"heading.default\">\n\t\t\t\t<div class=\"elementor-widget-container\">\n\t\t\t<style>\/*! elementor - v3.19.0 - 07-02-2024 *\/\n.elementor-heading-title{padding:0;margin:0;line-height:1}.elementor-widget-heading .elementor-heading-title[class*=elementor-size-]>a{color:inherit;font-size:inherit;line-height:inherit}.elementor-widget-heading .elementor-heading-title.elementor-size-small{font-size:15px}.elementor-widget-heading .elementor-heading-title.elementor-size-medium{font-size:19px}.elementor-widget-heading .elementor-heading-title.elementor-size-large{font-size:29px}.elementor-widget-heading .elementor-heading-title.elementor-size-xl{font-size:39px}.elementor-widget-heading .elementor-heading-title.elementor-size-xxl{font-size:59px}<\/style><h1 class=\"elementor-heading-title elementor-size-default\">Reglamento del Museo<\/h1>\t\t<\/div>\n\t\t\t\t<\/div>\n\t\t\t\t\t<\/div>\n\t\t<\/div>\n\t\t\t\t\t<\/div>\n\t\t<\/section>\n\t\t\t\t<section class=\"elementor-section elementor-top-section elementor-element elementor-element-bffa625 elementor-section-boxed elementor-section-height-default elementor-section-height-default\" data-id=\"bffa625\" data-element_type=\"section\" data-settings=\"{&quot;jet_parallax_layout_list&quot;:[],&quot;background_background&quot;:&quot;classic&quot;}\">\n\t\t\t\t\t\t<div class=\"elementor-container elementor-column-gap-default\">\n\t\t\t\t\t<div class=\"elementor-column elementor-col-100 elementor-top-column elementor-element elementor-element-c8b6d63\" data-id=\"c8b6d63\" data-element_type=\"column\">\n\t\t\t<div class=\"elementor-widget-wrap elementor-element-populated\">\n\t\t\t\t\t\t<div class=\"elementor-element elementor-element-f1a8f02 elementor-widget elementor-widget-heading\" data-id=\"f1a8f02\" data-element_type=\"widget\" data-widget_type=\"heading.default\">\n\t\t\t\t<div class=\"elementor-widget-container\">\n\t\t\t<h2 class=\"elementor-heading-title elementor-size-default\">Normas generales<\/h2>\t\t<\/div>\n\t\t\t\t<\/div>\n\t\t\t\t<div class=\"elementor-element elementor-element-e34c671 elementor-drop-cap-yes elementor-drop-cap-view-default elementor-widget elementor-widget-text-editor\" data-id=\"e34c671\" data-element_type=\"widget\" data-settings=\"{&quot;drop_cap&quot;:&quot;yes&quot;}\" data-widget_type=\"text-editor.default\">\n\t\t\t\t<div class=\"elementor-widget-container\">\n\t\t\t<style>\/*! elementor - v3.19.0 - 07-02-2024 *\/\n.elementor-widget-text-editor.elementor-drop-cap-view-stacked .elementor-drop-cap{background-color:#69727d;color:#fff}.elementor-widget-text-editor.elementor-drop-cap-view-framed .elementor-drop-cap{color:#69727d;border:3px solid;background-color:transparent}.elementor-widget-text-editor:not(.elementor-drop-cap-view-default) .elementor-drop-cap{margin-top:8px}.elementor-widget-text-editor:not(.elementor-drop-cap-view-default) .elementor-drop-cap-letter{width:1em;height:1em}.elementor-widget-text-editor .elementor-drop-cap{float:left;text-align:center;line-height:1;font-size:50px}.elementor-widget-text-editor .elementor-drop-cap-letter{display:inline-block}<\/style>\t\t\t\t<ul>\n \t<li style=\"text-align: justify;\">Los grupos mayores de 10 personas deber\u00e1n avisar con antelaci\u00f3n de su visita en el 91 349 57 59 (de 9 a 14h, de lunes a viernes) <u>aunque no soliciten visita guiada<\/u>.<\/li>\n \t<li style=\"text-align: justify;\">Si se ha solicitado una\u00a0<strong>visita guiada, <\/strong>debe respetarse el horario fijado para su comienzo. Para retrasos superiores a 15 minutos el Museo no garantiza la realizaci\u00f3n de la visita.<\/li>\n \t<li style=\"text-align: justify;\">Se ruega que la\u00a0<strong>cancelaci\u00f3n de la visita o de la asistencia a cualquier actividad <\/strong>se realice lo antes posible, a fin de evitar desplazamientos innecesarios a nuestros gu\u00edas y de facilitar a otros visitantes las reservas en ese horario.<\/li>\n \t<li>Atendiendo a la seguridad del museo,\u00a0<strong>los grupos y los menores de edad estar\u00e1n siempre acompa\u00f1ados <\/strong>por sus responsables.<\/li>\n \t<li style=\"text-align: justify;\">Los visitantes, y especialmente los grupos, deben\u00a0<strong>circular por el museo y escaleras con tranquilidad y respeto <\/strong>a las dem\u00e1s personas, moderando en todo momento el tono de voz.<\/li>\n \t<li style=\"text-align: justify;\">Est\u00e1 permitida la realizaci\u00f3n de\u00a0<strong>fotos sin flash para fines personales <\/strong>(fotos generales del museo, de grupo, de recuerdo, etc.). Las\u00a0<strong>fotos de las piezas destinadas a uso profesional est\u00e1n reguladas por una tarifa oficial.<\/strong> Si necesita fotografiar las colecciones con este fin, consulte la forma de proceder en el punto de informaci\u00f3n del museo.<\/li>\n \t<li style=\"text-align: justify;\"><strong>Mantenga limpias las instalaciones <\/strong>ya que forman parte de un espacio p\u00fablico que debemos cuidar.\u00a0<strong>No est\u00e1 permitido consumir alimentos ni bebidas<\/strong> dentro del museo.<\/li>\n \t<li style=\"text-align: justify;\">Colabore con la conservaci\u00f3n del mobiliario del museo y\u00a0<strong>no se apoye en las vitrinas <\/strong>para tomar notas.<\/li>\n \t<li style=\"text-align: justify;\">Se ruega activar la\u00a0<strong>opci\u00f3n de silencio de los tel\u00e9fonos m\u00f3viles<\/strong>.<\/li>\n \t<li style=\"text-align: justify;\">Sin excepci\u00f3n alguna, los visitantes deber\u00e1n\u00a0<strong>atender en todo momento las instrucciones del personal del museo<\/strong>.<\/li>\n<\/ul>\t\t\t\t\t\t<\/div>\n\t\t\t\t<\/div>\n\t\t\t\t\t<\/div>\n\t\t<\/div>\n\t\t\t\t\t<\/div>\n\t\t<\/section>\n\t\t\t\t<section class=\"elementor-section elementor-top-section elementor-element elementor-element-321bea2 elementor-section-boxed elementor-section-height-default elementor-section-height-default\" data-id=\"321bea2\" data-element_type=\"section\" data-settings=\"{&quot;jet_parallax_layout_list&quot;:[]}\">\n\t\t\t\t\t\t<div class=\"elementor-container elementor-column-gap-default\">\n\t\t\t\t\t<div class=\"elementor-column elementor-col-100 elementor-top-column elementor-element elementor-element-8882a3e\" data-id=\"8882a3e\" data-element_type=\"column\">\n\t\t\t<div class=\"elementor-widget-wrap elementor-element-populated\">\n\t\t\t\t\t\t<div class=\"elementor-element elementor-element-5eea6df elementor-widget elementor-widget-heading\" data-id=\"5eea6df\" data-element_type=\"widget\" data-widget_type=\"heading.default\">\n\t\t\t\t<div class=\"elementor-widget-container\">\n\t\t\t<h2 class=\"elementor-heading-title elementor-size-default\">Recomendaciones espec\u00edficas para grupos escolares<\/h2>\t\t<\/div>\n\t\t\t\t<\/div>\n\t\t\t\t<div class=\"elementor-element elementor-element-a8067b5 elementor-widget elementor-widget-text-editor\" data-id=\"a8067b5\" data-element_type=\"widget\" data-widget_type=\"text-editor.default\">\n\t\t\t\t<div class=\"elementor-widget-container\">\n\t\t\t\t\t\t\t<ul><li><p style=\"text-align: justify;\">Para un mejor aprovechamiento de la experiencia, es aconsejable preparar la visita en el aula antes de venir al museo. Consultar para este fin la <a title=\"Abre web infantil en pesta\u00f1a nueva\" href=\"https:\/\/webwp.igme.es\/pruebaigme\/visitas\/#guiaprofesor\">Gu\u00eda del docente<\/a>\u00a0y el\u00a0<a title=\"Abre web infantil en pesta\u00f1a nueva\" href=\"https:\/\/webwp.igme.es\/pruebaigme\/visitas\/#cuadernoalumno\">Cuaderno de trabajo del alumnado<\/a>, disponibles en la web.<\/p><\/li><li>El museo no dispone de taquillas para guardar objetos personales, por lo que se recomienda que todo aquello que no sea necesario se deje en el autob\u00fas.<\/li><li>Los grupos deben ir siempre acompa\u00f1ados por el docente o persona responsable.<\/li><\/ul>\t\t\t\t\t\t<\/div>\n\t\t\t\t<\/div>\n\t\t\t\t\t<\/div>\n\t\t<\/div>\n\t\t\t\t\t<\/div>\n\t\t<\/section>\n\t\t\t\t<section class=\"elementor-section elementor-top-section elementor-element elementor-element-e0630e8 elementor-section-boxed elementor-section-height-default elementor-section-height-default\" data-id=\"e0630e8\" data-element_type=\"section\" data-settings=\"{&quot;jet_parallax_layout_list&quot;:[],&quot;background_background&quot;:&quot;classic&quot;}\">\n\t\t\t\t\t\t<div class=\"elementor-container elementor-column-gap-default\">\n\t\t\t\t\t<div class=\"elementor-column elementor-col-100 elementor-top-column elementor-element elementor-element-d6283f9\" data-id=\"d6283f9\" data-element_type=\"column\">\n\t\t\t<div class=\"elementor-widget-wrap elementor-element-populated\">\n\t\t\t\t\t\t<div class=\"elementor-element elementor-element-ce8848e elementor-widget elementor-widget-testimonial\" data-id=\"ce8848e\" data-element_type=\"widget\" data-widget_type=\"testimonial.default\">\n\t\t\t\t<div class=\"elementor-widget-container\">\n\t\t\t<style>\/*! elementor - v3.19.0 - 07-02-2024 *\/\n.elementor-testimonial-wrapper{overflow:hidden;text-align:center}.elementor-testimonial-wrapper .elementor-testimonial-content{font-size:1.3em;margin-bottom:20px}.elementor-testimonial-wrapper .elementor-testimonial-name{line-height:1.5;display:block}.elementor-testimonial-wrapper .elementor-testimonial-job{font-size:.85em;display:block}.elementor-testimonial-wrapper .elementor-testimonial-meta{width:100%;line-height:1}.elementor-testimonial-wrapper .elementor-testimonial-meta-inner{display:inline-block}.elementor-testimonial-wrapper .elementor-testimonial-meta .elementor-testimonial-details,.elementor-testimonial-wrapper .elementor-testimonial-meta .elementor-testimonial-image{display:table-cell;vertical-align:middle}.elementor-testimonial-wrapper .elementor-testimonial-meta .elementor-testimonial-image img{width:60px;height:60px;border-radius:50%;-o-object-fit:cover;object-fit:cover;max-width:none}.elementor-testimonial-wrapper .elementor-testimonial-meta.elementor-testimonial-image-position-aside .elementor-testimonial-image{padding-right:15px}.elementor-testimonial-wrapper .elementor-testimonial-meta.elementor-testimonial-image-position-aside .elementor-testimonial-details{text-align:left}.elementor-testimonial-wrapper .elementor-testimonial-meta.elementor-testimonial-image-position-top .elementor-testimonial-details,.elementor-testimonial-wrapper .elementor-testimonial-meta.elementor-testimonial-image-position-top .elementor-testimonial-image{display:block}.elementor-testimonial-wrapper .elementor-testimonial-meta.elementor-testimonial-image-position-top .elementor-testimonial-image{margin-bottom:20px}<\/style>\t\t<div class=\"elementor-testimonial-wrapper\">\n\t\t\t\t\t\t\t<div class=\"elementor-testimonial-content\">Muchas gracias por atender el reglamento<\/div>\n\t\t\t\n\t\t\t\t\t\t<div class=\"elementor-testimonial-meta elementor-has-image elementor-testimonial-image-position-aside\">\n\t\t\t\t<div class=\"elementor-testimonial-meta-inner\">\n\t\t\t\t\t\t\t\t\t\t\t<div class=\"elementor-testimonial-image\">\n\t\t\t\t\t\t\t<img fetchpriority=\"high\" decoding=\"async\" width=\"830\" height=\"615\" src=\"https:\/\/webwp.igme.es\/pruebaigme\/wp-content\/uploads\/2023\/01\/museo_geominero-.webp\" class=\"attachment-full size-full wp-image-3622\" alt=\"\" srcset=\"https:\/\/webwp.igme.es\/pruebaigme\/wp-content\/uploads\/2023\/01\/museo_geominero-.webp 830w, https:\/\/webwp.igme.es\/pruebaigme\/wp-content\/uploads\/2023\/01\/museo_geominero--300x222.jpg 300w, https:\/\/webwp.igme.es\/pruebaigme\/wp-content\/uploads\/2023\/01\/museo_geominero--768x569.jpg 768w\" sizes=\"(max-width: 830px) 100vw, 830px\" \/>\t\t\t\t\t\t<\/div>\n\t\t\t\t\t\n\t\t\t\t\t\t\t\t\t\t<div class=\"elementor-testimonial-details\">\n\t\t\t\t\t\t\t\t\t\t\t\t\t\t<div class=\"elementor-testimonial-name\">Equipo del Museo Geominero<\/div>\n\t\t\t\t\t\t\t\t\t\t\t\t\t\t\t\t\t\t\t<\/div>\n\t\t\t\t\t\t\t\t\t<\/div>\n\t\t\t<\/div>\n\t\t\t\t\t<\/div>\n\t\t\t\t<\/div>\n\t\t\t\t<\/div>\n\t\t\t\t\t<\/div>\n\t\t<\/div>\n\t\t\t\t\t<\/div>\n\t\t<\/section>\n\t\t\t\t<\/div>\n\t\t","protected":false},"excerpt":{"rendered":"<p>Normas generales Los grupos mayores de 10 personas deber\u00e1n avisar con antelaci\u00f3n de su visita en el 91 349 57 59 (de 9 a 14h, de lunes a viernes) aunque no soliciten visita guiada. Si se ha solicitado una\u00a0visita guiada, debe respetarse el horario fijado para su comienzo. Para retrasos superiores a 15 minutos el&#8230;<\/p>\n","protected":false},"author":1,"featured_media":2309,"parent":1189,"menu_order":0,"comment_status":"closed","ping_status":"closed","template":"","meta":{"_kad_post_transparent":"","_kad_post_title":"hide","_kad_post_layout":"fullwidth","_kad_post_sidebar_id":"","_kad_post_content_style":"unboxed","_kad_post_vertical_padding":"hide","_kad_post_feature":"hide","_kad_post_feature_position":"","_kad_post_header":false,"_kad_post_footer":false,"footnotes":""},"aioseo_notices":[],"_links":{"self":[{"href":"https:\/\/webwp.igme.es\/pruebaigme\/wp-json\/wp\/v2\/pages\/1914"}],"collection":[{"href":"https:\/\/webwp.igme.es\/pruebaigme\/wp-json\/wp\/v2\/pages"}],"about":[{"href":"https:\/\/webwp.igme.es\/pruebaigme\/wp-json\/wp\/v2\/types\/page"}],"author":[{"embeddable":true,"href":"https:\/\/webwp.igme.es\/pruebaigme\/wp-json\/wp\/v2\/users\/1"}],"replies":[{"embeddable":true,"href":"https:\/\/webwp.igme.es\/pruebaigme\/wp-json\/wp\/v2\/comments?post=1914"}],"version-history":[{"count":131,"href":"https:\/\/webwp.igme.es\/pruebaigme\/wp-json\/wp\/v2\/pages\/1914\/revisions"}],"predecessor-version":[{"id":40483,"href":"https:\/\/webwp.igme.es\/pruebaigme\/wp-json\/wp\/v2\/pages\/1914\/revisions\/40483"}],"up":[{"embeddable":true,"href":"https:\/\/webwp.igme.es\/pruebaigme\/wp-json\/wp\/v2\/pages\/1189"}],"wp:featuredmedia":[{"embeddable":true,"href":"https:\/\/webwp.igme.es\/pruebaigme\/wp-json\/wp\/v2\/media\/2309"}],"wp:attachment":[{"href":"https:\/\/webwp.igme.es\/pruebaigme\/wp-json\/wp\/v2\/media?parent=1914"}],"curies":[{"name":"wp","href":"https:\/\/api.w.org\/{rel}","templated":true}]}}