{"id":28588,"date":"2023-12-04T11:34:25","date_gmt":"2023-12-04T10:34:25","guid":{"rendered":"https:\/\/webwp.igme.es\/pruebaigme\/?page_id=28588"},"modified":"2024-04-15T16:28:58","modified_gmt":"2024-04-15T14:28:58","slug":"conservacion-y-restauracion","status":"publish","type":"page","link":"https:\/\/webwp.igme.es\/pruebaigme\/museos\/conservacion-y-restauracion\/","title":{"rendered":"Conservaci\u00f3n y Restauraci\u00f3n"},"content":{"rendered":"\t\t<div data-elementor-type=\"wp-page\" data-elementor-id=\"28588\" class=\"elementor elementor-28588\" data-elementor-post-type=\"page\">\n\t\t\t\t<div class=\"elementor-element elementor-element-2372554 e-flex e-con-boxed e-con e-parent\" data-id=\"2372554\" data-element_type=\"container\" data-settings=\"{&quot;background_background&quot;:&quot;classic&quot;,&quot;jet_parallax_layout_list&quot;:[],&quot;background_motion_fx_motion_fx_scrolling&quot;:&quot;yes&quot;,&quot;content_width&quot;:&quot;boxed&quot;,&quot;background_motion_fx_devices&quot;:[&quot;desktop&quot;,&quot;tablet&quot;,&quot;mobile_extra&quot;,&quot;mobile&quot;]}\" data-core-v316-plus=\"true\">\n\t\t\t\t\t<div class=\"e-con-inner\">\n\t\t\t\t<div class=\"elementor-element elementor-element-0a8ab14 elementor-widget elementor-widget-jet-brands\" data-id=\"0a8ab14\" data-element_type=\"widget\" data-widget_type=\"jet-brands.default\">\n\t\t\t\t<div class=\"elementor-widget-container\">\n\t\t\t<div class=\"elementor-jet-brands jet-elements\"><div class=\"brands-wrap\">\n\t<div class=\"brands-list col-row\"><div class=\"brands-list__item\"><a class=\"brands-list__item-link\" href=\"#\"><div class=\"brands-list__item-img-wrap\"><img decoding=\"async\" src=\"http:\/\/webwp.igme.es\/pruebaigme\/wp-content\/uploads\/2023\/12\/museo2.webp\" alt=\"museo2\" class=\"brands-list__item-img\" loading=\"lazy\"><\/div><\/a><\/div><\/div><\/div><\/div>\t\t<\/div>\n\t\t\t\t<\/div>\n\t\t\t\t<div class=\"elementor-element elementor-element-d87e573 elementor-widget elementor-widget-heading\" data-id=\"d87e573\" data-element_type=\"widget\" data-widget_type=\"heading.default\">\n\t\t\t\t<div class=\"elementor-widget-container\">\n\t\t\t<style>\/*! elementor - v3.19.0 - 07-02-2024 *\/\n.elementor-heading-title{padding:0;margin:0;line-height:1}.elementor-widget-heading .elementor-heading-title[class*=elementor-size-]>a{color:inherit;font-size:inherit;line-height:inherit}.elementor-widget-heading .elementor-heading-title.elementor-size-small{font-size:15px}.elementor-widget-heading .elementor-heading-title.elementor-size-medium{font-size:19px}.elementor-widget-heading .elementor-heading-title.elementor-size-large{font-size:29px}.elementor-widget-heading .elementor-heading-title.elementor-size-xl{font-size:39px}.elementor-widget-heading .elementor-heading-title.elementor-size-xxl{font-size:59px}<\/style><h1 class=\"elementor-heading-title elementor-size-default\">Conservaci\u00f3n y Restauraci\u00f3n<\/h1>\t\t<\/div>\n\t\t\t\t<\/div>\n\t\t\t\t\t<\/div>\n\t\t\t\t<\/div>\n\t\t<div class=\"elementor-element elementor-element-98999cb e-flex e-con-boxed e-con e-parent\" data-id=\"98999cb\" data-element_type=\"container\" data-settings=\"{&quot;jet_parallax_layout_list&quot;:[],&quot;content_width&quot;:&quot;boxed&quot;}\" data-core-v316-plus=\"true\">\n\t\t\t\t\t<div class=\"e-con-inner\">\n\t\t\t\t<div class=\"elementor-element elementor-element-2a1a7b0 elementor-widget elementor-widget-text-editor\" data-id=\"2a1a7b0\" data-element_type=\"widget\" data-widget_type=\"text-editor.default\">\n\t\t\t\t<div class=\"elementor-widget-container\">\n\t\t\t<style>\/*! elementor - v3.19.0 - 07-02-2024 *\/\n.elementor-widget-text-editor.elementor-drop-cap-view-stacked .elementor-drop-cap{background-color:#69727d;color:#fff}.elementor-widget-text-editor.elementor-drop-cap-view-framed .elementor-drop-cap{color:#69727d;border:3px solid;background-color:transparent}.elementor-widget-text-editor:not(.elementor-drop-cap-view-default) .elementor-drop-cap{margin-top:8px}.elementor-widget-text-editor:not(.elementor-drop-cap-view-default) .elementor-drop-cap-letter{width:1em;height:1em}.elementor-widget-text-editor .elementor-drop-cap{float:left;text-align:center;line-height:1;font-size:50px}.elementor-widget-text-editor .elementor-drop-cap-letter{display:inline-block}<\/style>\t\t\t\t<p style=\"text-align: justify;\">El Museo Geominero cuenta con un laboratorio dedicado a m\u00faltiples funciones. La m\u00e1s importante es la conservaci\u00f3n de las diferentes colecciones de material geol\u00f3gico (f\u00f3siles, minerales, rocas, as\u00ed como otros materiales como instrumentos cient\u00edficos) ya sea conservaci\u00f3n preventiva, interventiva o restauraci\u00f3n. En todos los casos se trata de alargar la vida de los objetos, parar su deterioro y que sean comprensibles para los visitantes del Museo.<\/p>\n<p style=\"text-align: justify;\">Mediante la <strong>conservaci\u00f3n preventiva<\/strong> proporcionamos a las piezas el ambiente m\u00e1s adecuado posible, controlando factores como la temperatura, la humedad relativa ambiental, la luz (calidad e intensidad) u otros factores como los contaminantes ambientales, tanto externos (contaminantes atmosf\u00e9ricos por quema de combustibles f\u00f3siles) como internos del propio museo\u00a0 (\u00e1cidos y vapores org\u00e1nicos vol\u00e1tiles procedente de soportes o materiales de exposici\u00f3n, el polvo o elementos geol\u00f3gicos inestables), sin llegar a intervenir directamente sobre los ejemplares expuestos o almacenados en sus fondos.<\/p>\n<p style=\"text-align: justify;\">Para ello contamos con termohigr\u00f3metros o lux\u00f3metros que nos indican de forma permanente, los principales par\u00e1metros ambientales, tanto dentro de las salas de exposici\u00f3n, como en el exterior del museo. Cuando las piezas son muy delicadas o no les podemos proporcionar las condiciones m\u00ednimas de estabilidad, se guardan en armarios ign\u00edfugos, fuera de la luz y con las m\u00ednimas oscilaciones ambientales. Si merece la pena se exhibe en su lugar una r\u00e9plica de alta calidad.\n<p style=\"text-align: justify;\">En cuanto a la <strong>conservaci\u00f3n interventiva<\/strong>, hay ocasiones en las que es necesario crear una barrera f\u00edsica directamente entre la pieza y el exterior, mediante la aplicaci\u00f3n de un consolidante o productos inhibidores de la corrosi\u00f3n. En este caso s\u00ed se interviene directamente sobre la pieza, pero dicha intervenci\u00f3n va encaminada a evitar posibles alteraciones sin modificar su aspecto.<\/p>\n<p style=\"text-align: justify;\">Cuando todas las actuaciones anteriores no son suficientes, hay que proceder con la <strong>restauraci\u00f3n <\/strong>propiamente dicha. Las causas son muy numerosas: roturas, pulverulencias, riesgo de p\u00e9rdida de material o inestabilidad manifiesta de la pieza, perdida de parte del volumen o elementos extra\u00f1os que hay que eliminar porque hacen dif\u00edcil entender la pieza en su conjunto. Estos factores obligan a intervenir directamente sobre la pieza, llevando a cabo limpiezas, consolidaciones, reintegraciones estructurales o pict\u00f3ricas, etc., que en definitiva permitan conservar estos ejemplares para ser mostrados al p\u00fablico o ser manipulados y estudiados por parte de los investigadores.<\/p>\n<p style=\"text-align: justify;\">Adem\u00e1s de la dedicaci\u00f3n a los materiales del museo, peri\u00f3dicamente se trabaja en diversos yacimientos donde son extra\u00eddas las muestras y all\u00ed mismo se comienzan a aplicar diversos tratamientos, generalmente de limpieza y consolidaci\u00f3n, adem\u00e1s de un embalaje adecuado hasta llegar al museo y terminar los tratamientos en el laboratorio, que exigen m\u00e1s meticulosidad, y que terminan con el fotografiado, siglado e inventariado.<\/p>\n<p style=\"text-align: justify;\">Todos estos procesos, tanto en campo como en laboratorio, exigen amplios conocimientos que se adquieren con la experiencia y que exigen una formaci\u00f3n previa, como es el Grado en Conservaci\u00f3n y Restauraci\u00f3n de Bienes Culturales. Estos trabajos en unas d\u00e9cadas han paso de ser puramente artesanales a necesitar una base cient\u00edfica y un perfecto conocimiento de los materiales y t\u00e9cnicas utilizados.<\/p>\n<p align=\"center\"><img decoding=\"async\" src=\"https:\/\/info.igme.es\/media\/Museo\/eae933c4-6d5f-4038-9740-2e1f72353cb2.JPG\" width=\"400&quot;\" \/><\/p>\n<p style=\"text-align: justify;\">En el caso de los f\u00f3siles, las intervenciones de restauraci\u00f3n pueden ser simples o muy complejas, dependiendo de la matriz en la que se encuentren. Hasta hace no mucho tiempo eran los propios investigadores los que interven\u00edan sus piezas. Como es l\u00f3gico, los profesionales de la conservaci\u00f3n y la restauraci\u00f3n siempre contar\u00e1n con los medios, las t\u00e9cnicas y criterios m\u00e1s adecuados.<\/p>\n<p style=\"text-align: justify;\">En conservaci\u00f3n-restauraci\u00f3n hay tres<strong> premisas<\/strong>, que constituyen nuestro c\u00f3digo deontol\u00f3gico a la hora de intervenir sobre las piezas:<\/p>\n\n<ul>\n \t<li style=\"text-align: justify;\">M\u00e1xima reversibilidad de las intervenciones, utilizando materiales y tratamientos altamente probados, compatibles e inertes con los originales, qu\u00edmicamente neutros y de larga duraci\u00f3n.<\/li>\n \t<li style=\"text-align: justify;\">Que las intervenciones sean las m\u00ednimas e imprescindibles, asegurando adem\u00e1s que sean reconocibles incluso para los no expertos.<\/li>\n \t<li style=\"text-align: justify;\">Exhaustiva documentaci\u00f3n de todos los tratamientos y actuaciones realizados.<\/li>\n<\/ul>\t\t\t\t\t\t<\/div>\n\t\t\t\t<\/div>\n\t\t\t\t\t<\/div>\n\t\t\t\t<\/div>\n\t\t<div class=\"elementor-element elementor-element-3cc8b27 e-flex e-con-boxed e-con e-parent\" data-id=\"3cc8b27\" data-element_type=\"container\" data-settings=\"{&quot;jet_parallax_layout_list&quot;:[],&quot;background_background&quot;:&quot;classic&quot;,&quot;content_width&quot;:&quot;boxed&quot;}\" data-core-v316-plus=\"true\">\n\t\t\t\t\t<div class=\"e-con-inner\">\n\t\t\t\t<div class=\"elementor-element elementor-element-4a45f3a elementor-widget elementor-widget-heading\" data-id=\"4a45f3a\" data-element_type=\"widget\" data-widget_type=\"heading.default\">\n\t\t\t\t<div class=\"elementor-widget-container\">\n\t\t\t<h2 class=\"elementor-heading-title elementor-size-default\">Galer\u00eda de imagenes<\/h2>\t\t<\/div>\n\t\t\t\t<\/div>\n\t\t\t\t<div class=\"elementor-element elementor-element-0662f79 elementor-arrows-position-inside elementor-pagination-position-outside elementor-widget elementor-widget-image-carousel\" data-id=\"0662f79\" data-element_type=\"widget\" data-settings=\"{&quot;image_spacing_custom&quot;:{&quot;unit&quot;:&quot;px&quot;,&quot;size&quot;:12,&quot;sizes&quot;:[]},&quot;navigation&quot;:&quot;both&quot;,&quot;autoplay&quot;:&quot;yes&quot;,&quot;pause_on_hover&quot;:&quot;yes&quot;,&quot;pause_on_interaction&quot;:&quot;yes&quot;,&quot;autoplay_speed&quot;:5000,&quot;infinite&quot;:&quot;yes&quot;,&quot;speed&quot;:500,&quot;image_spacing_custom_tablet&quot;:{&quot;unit&quot;:&quot;px&quot;,&quot;size&quot;:&quot;&quot;,&quot;sizes&quot;:[]},&quot;image_spacing_custom_mobile_extra&quot;:{&quot;unit&quot;:&quot;px&quot;,&quot;size&quot;:&quot;&quot;,&quot;sizes&quot;:[]},&quot;image_spacing_custom_mobile&quot;:{&quot;unit&quot;:&quot;px&quot;,&quot;size&quot;:&quot;&quot;,&quot;sizes&quot;:[]}}\" data-widget_type=\"image-carousel.default\">\n\t\t\t\t<div class=\"elementor-widget-container\">\n\t\t\t<style>\/*! elementor - v3.19.0 - 07-02-2024 *\/\n.elementor-widget-image-carousel .swiper,.elementor-widget-image-carousel .swiper-container{position:static}.elementor-widget-image-carousel .swiper-container .swiper-slide figure,.elementor-widget-image-carousel .swiper .swiper-slide figure{line-height:inherit}.elementor-widget-image-carousel .swiper-slide{text-align:center}.elementor-image-carousel-wrapper:not(.swiper-container-initialized):not(.swiper-initialized) .swiper-slide{max-width:calc(100% \/ var(--e-image-carousel-slides-to-show, 3))}<\/style>\t\t<div class=\"elementor-image-carousel-wrapper swiper-container\" dir=\"ltr\">\n\t\t\t<div class=\"elementor-image-carousel swiper-wrapper swiper-image-stretch\" aria-live=\"off\">\n\t\t\t\t\t\t\t\t<div class=\"swiper-slide\" role=\"group\" aria-roledescription=\"slide\" aria-label=\"1 de 8\"><a data-elementor-open-lightbox=\"yes\" data-elementor-lightbox-slideshow=\"0662f79\" data-elementor-lightbox-title=\"3\" data-e-action-hash=\"#elementor-action%3Aaction%3Dlightbox%26settings%3DeyJpZCI6MzI3MDAsInVybCI6Imh0dHBzOlwvXC93ZWJ3cC5pZ21lLmVzXC9wcnVlYmFpZ21lXC93cC1jb250ZW50XC91cGxvYWRzXC8yMDI0XC8wMVwvMy1zY2FsZWQud2VicCIsInNsaWRlc2hvdyI6IjA2NjJmNzkifQ%3D%3D\" href=\"https:\/\/webwp.igme.es\/pruebaigme\/wp-content\/uploads\/2024\/01\/3-scaled.webp\"><figure class=\"swiper-slide-inner\"><img decoding=\"async\" class=\"swiper-slide-image\" src=\"https:\/\/webwp.igme.es\/pruebaigme\/wp-content\/uploads\/2024\/01\/3-scaled.webp\" alt=\"3\" \/><\/figure><\/a><\/div><div class=\"swiper-slide\" role=\"group\" aria-roledescription=\"slide\" aria-label=\"2 de 8\"><a data-elementor-open-lightbox=\"yes\" data-elementor-lightbox-slideshow=\"0662f79\" data-elementor-lightbox-title=\"20\" data-e-action-hash=\"#elementor-action%3Aaction%3Dlightbox%26settings%3DeyJpZCI6MzI3MDEsInVybCI6Imh0dHBzOlwvXC93ZWJ3cC5pZ21lLmVzXC9wcnVlYmFpZ21lXC93cC1jb250ZW50XC91cGxvYWRzXC8yMDI0XC8wMVwvMjAud2VicCIsInNsaWRlc2hvdyI6IjA2NjJmNzkifQ%3D%3D\" href=\"https:\/\/webwp.igme.es\/pruebaigme\/wp-content\/uploads\/2024\/01\/20.webp\"><figure class=\"swiper-slide-inner\"><img decoding=\"async\" class=\"swiper-slide-image\" src=\"https:\/\/webwp.igme.es\/pruebaigme\/wp-content\/uploads\/2024\/01\/20.webp\" alt=\"20\" \/><\/figure><\/a><\/div><div class=\"swiper-slide\" role=\"group\" aria-roledescription=\"slide\" aria-label=\"3 de 8\"><a data-elementor-open-lightbox=\"yes\" data-elementor-lightbox-slideshow=\"0662f79\" data-elementor-lightbox-title=\"27\" data-e-action-hash=\"#elementor-action%3Aaction%3Dlightbox%26settings%3DeyJpZCI6MzI3MDIsInVybCI6Imh0dHBzOlwvXC93ZWJ3cC5pZ21lLmVzXC9wcnVlYmFpZ21lXC93cC1jb250ZW50XC91cGxvYWRzXC8yMDI0XC8wMVwvMjctc2NhbGVkLndlYnAiLCJzbGlkZXNob3ciOiIwNjYyZjc5In0%3D\" href=\"https:\/\/webwp.igme.es\/pruebaigme\/wp-content\/uploads\/2024\/01\/27-scaled.webp\"><figure class=\"swiper-slide-inner\"><img decoding=\"async\" class=\"swiper-slide-image\" src=\"https:\/\/webwp.igme.es\/pruebaigme\/wp-content\/uploads\/2024\/01\/27-scaled.webp\" alt=\"27\" \/><\/figure><\/a><\/div><div class=\"swiper-slide\" role=\"group\" aria-roledescription=\"slide\" aria-label=\"4 de 8\"><a data-elementor-open-lightbox=\"yes\" data-elementor-lightbox-slideshow=\"0662f79\" data-elementor-lightbox-title=\"39\" data-e-action-hash=\"#elementor-action%3Aaction%3Dlightbox%26settings%3DeyJpZCI6MzI3MDMsInVybCI6Imh0dHBzOlwvXC93ZWJ3cC5pZ21lLmVzXC9wcnVlYmFpZ21lXC93cC1jb250ZW50XC91cGxvYWRzXC8yMDI0XC8wMVwvMzkud2VicCIsInNsaWRlc2hvdyI6IjA2NjJmNzkifQ%3D%3D\" href=\"https:\/\/webwp.igme.es\/pruebaigme\/wp-content\/uploads\/2024\/01\/39.webp\"><figure class=\"swiper-slide-inner\"><img decoding=\"async\" class=\"swiper-slide-image\" src=\"https:\/\/webwp.igme.es\/pruebaigme\/wp-content\/uploads\/2024\/01\/39.webp\" alt=\"39\" \/><\/figure><\/a><\/div><div class=\"swiper-slide\" role=\"group\" aria-roledescription=\"slide\" aria-label=\"5 de 8\"><a data-elementor-open-lightbox=\"yes\" data-elementor-lightbox-slideshow=\"0662f79\" data-elementor-lightbox-title=\"6830rp0nt\" data-e-action-hash=\"#elementor-action%3Aaction%3Dlightbox%26settings%3DeyJpZCI6MzI3MDQsInVybCI6Imh0dHBzOlwvXC93ZWJ3cC5pZ21lLmVzXC9wcnVlYmFpZ21lXC93cC1jb250ZW50XC91cGxvYWRzXC8yMDI0XC8wMVwvNjgzMHJwMG50LWUxNzA2MjYxMDIzNjE0LndlYnAiLCJzbGlkZXNob3ciOiIwNjYyZjc5In0%3D\" href=\"https:\/\/webwp.igme.es\/pruebaigme\/wp-content\/uploads\/2024\/01\/6830rp0nt-e1706261023614.webp\"><figure class=\"swiper-slide-inner\"><img decoding=\"async\" class=\"swiper-slide-image\" src=\"https:\/\/webwp.igme.es\/pruebaigme\/wp-content\/uploads\/2024\/01\/6830rp0nt-e1706261023614.webp\" alt=\"6830rp0nt\" \/><\/figure><\/a><\/div><div class=\"swiper-slide\" role=\"group\" aria-roledescription=\"slide\" aria-label=\"6 de 8\"><a data-elementor-open-lightbox=\"yes\" data-elementor-lightbox-slideshow=\"0662f79\" data-elementor-lightbox-title=\"a 181\" data-e-action-hash=\"#elementor-action%3Aaction%3Dlightbox%26settings%3DeyJpZCI6MzI3MDUsInVybCI6Imh0dHBzOlwvXC93ZWJ3cC5pZ21lLmVzXC9wcnVlYmFpZ21lXC93cC1jb250ZW50XC91cGxvYWRzXC8yMDI0XC8wMVwvYS0xODEud2VicCIsInNsaWRlc2hvdyI6IjA2NjJmNzkifQ%3D%3D\" href=\"https:\/\/webwp.igme.es\/pruebaigme\/wp-content\/uploads\/2024\/01\/a-181.webp\"><figure class=\"swiper-slide-inner\"><img decoding=\"async\" class=\"swiper-slide-image\" src=\"https:\/\/webwp.igme.es\/pruebaigme\/wp-content\/uploads\/2024\/01\/a-181.webp\" alt=\"a 181\" \/><\/figure><\/a><\/div><div class=\"swiper-slide\" role=\"group\" aria-roledescription=\"slide\" aria-label=\"7 de 8\"><a data-elementor-open-lightbox=\"yes\" data-elementor-lightbox-slideshow=\"0662f79\" data-elementor-lightbox-title=\"INV 227\" data-e-action-hash=\"#elementor-action%3Aaction%3Dlightbox%26settings%3DeyJpZCI6MzUyMDQsInVybCI6Imh0dHBzOlwvXC93ZWJ3cC5pZ21lLmVzXC9wcnVlYmFpZ21lXC93cC1jb250ZW50XC91cGxvYWRzXC8yMDI0XC8wMlwvSU5WLTIyNy53ZWJwIiwic2xpZGVzaG93IjoiMDY2MmY3OSJ9\" href=\"https:\/\/webwp.igme.es\/pruebaigme\/wp-content\/uploads\/2024\/02\/INV-227.webp\"><figure class=\"swiper-slide-inner\"><img decoding=\"async\" class=\"swiper-slide-image\" src=\"https:\/\/webwp.igme.es\/pruebaigme\/wp-content\/uploads\/2024\/02\/INV-227.webp\" alt=\"INV 227\" \/><\/figure><\/a><\/div><div class=\"swiper-slide\" role=\"group\" aria-roledescription=\"slide\" aria-label=\"8 de 8\"><a data-elementor-open-lightbox=\"yes\" data-elementor-lightbox-slideshow=\"0662f79\" data-elementor-lightbox-title=\"IMG_20240124_080320\" data-e-action-hash=\"#elementor-action%3Aaction%3Dlightbox%26settings%3DeyJpZCI6MzUyMDUsInVybCI6Imh0dHBzOlwvXC93ZWJ3cC5pZ21lLmVzXC9wcnVlYmFpZ21lXC93cC1jb250ZW50XC91cGxvYWRzXC8yMDI0XC8wMlwvSU1HXzIwMjQwMTI0XzA4MDMyMC1zY2FsZWQud2VicCIsInNsaWRlc2hvdyI6IjA2NjJmNzkifQ%3D%3D\" href=\"https:\/\/webwp.igme.es\/pruebaigme\/wp-content\/uploads\/2024\/02\/IMG_20240124_080320-scaled.webp\"><figure class=\"swiper-slide-inner\"><img decoding=\"async\" class=\"swiper-slide-image\" src=\"https:\/\/webwp.igme.es\/pruebaigme\/wp-content\/uploads\/2024\/02\/IMG_20240124_080320-scaled.webp\" alt=\"IMG_20240124_080320\" \/><\/figure><\/a><\/div>\t\t\t<\/div>\n\t\t\t\t\t\t\t\t\t\t\t\t<div class=\"elementor-swiper-button elementor-swiper-button-prev\" role=\"button\" tabindex=\"0\">\n\t\t\t\t\t\t<i aria-hidden=\"true\" class=\"eicon-chevron-left\"><\/i>\t\t\t\t\t<\/div>\n\t\t\t\t\t<div class=\"elementor-swiper-button elementor-swiper-button-next\" role=\"button\" tabindex=\"0\">\n\t\t\t\t\t\t<i aria-hidden=\"true\" class=\"eicon-chevron-right\"><\/i>\t\t\t\t\t<\/div>\n\t\t\t\t\n\t\t\t\t\t\t\t\t\t<div class=\"swiper-pagination\"><\/div>\n\t\t\t\t\t\t\t\t\t<\/div>\n\t\t\t\t<\/div>\n\t\t\t\t<\/div>\n\t\t\t\t\t<\/div>\n\t\t\t\t<\/div>\n\t\t<div class=\"elementor-element elementor-element-1366281 e-flex e-con-boxed e-con e-parent\" data-id=\"1366281\" data-element_type=\"container\" data-settings=\"{&quot;jet_parallax_layout_list&quot;:[],&quot;background_background&quot;:&quot;classic&quot;,&quot;content_width&quot;:&quot;boxed&quot;}\" data-core-v316-plus=\"true\">\n\t\t\t\t\t<div class=\"e-con-inner\">\n\t\t\t\t<div class=\"elementor-element elementor-element-2d26dc5 elementor-widget elementor-widget-heading\" data-id=\"2d26dc5\" data-element_type=\"widget\" data-widget_type=\"heading.default\">\n\t\t\t\t<div class=\"elementor-widget-container\">\n\t\t\t<h2 class=\"elementor-heading-title elementor-size-default\">Moldes y r\u00e9plicas\n<\/h2>\t\t<\/div>\n\t\t\t\t<\/div>\n\t\t\t\t<div class=\"elementor-element elementor-element-16212b1 elementor-widget elementor-widget-text-editor\" data-id=\"16212b1\" data-element_type=\"widget\" data-widget_type=\"text-editor.default\">\n\t\t\t\t<div class=\"elementor-widget-container\">\n\t\t\t\t\t\t\t<p style=\"text-align: justify;\">Una herramienta muy \u00fatil es la realizaci\u00f3n de moldes y r\u00e9plicas, siempre asegurando que la pieza original no se ver\u00e1 en modo alguno afectada por el proceso de moldeo.<\/p><p style=\"text-align: justify;\">\nUna vez garantizada la protecci\u00f3n del original, se realiza un molde flexible mediante la utilizaci\u00f3n del elast\u00f3mero que sea m\u00e1s adecuado y seguro en cada caso, con el objetivo de obtener una r\u00e9plica m\u00e1ster de gran calidad. Posteriormente sobre esta primera r\u00e9plica podr\u00e1n realizarse nuevos moldes m\u00e1s convencionales, donde la prioridad es la obtener nuevas r\u00e9plicas.<\/p>\n\nLa utilidad de las r\u00e9plicas es m\u00faltiple:\n<ul>\n \t<li style=\"text-align: justify;\">Replicas realizadas con una <strong>finalidad cient\u00edfica<\/strong>, que permiten el estudio de un mismo ejemplar por parte de investigadores que trabajen en diferentes ubicaciones geogr\u00e1ficas.<\/li>\n \t<li style=\"text-align: justify;\">R\u00e9plicas realizadas por <strong>motivos de<\/strong> <strong>conservaci\u00f3n<\/strong>. Suele efectuarse en ejemplares que, debido a su fragilidad o elevada importancia, deben almacenarse protegidos en armarios de seguridad (tipoteca), exponiendo y manipulando las r\u00e9plicas en su lugar.<\/li>\n \t<li style=\"text-align: justify;\">R\u00e9plicas realizadas por <strong>motivos expositivos<\/strong>, destinadas a sustituir a un original en una vitrina, en el caso de no poder exponer el original debido a motivos de conservaci\u00f3n, o en exposiciones temporales o centros de interpretaci\u00f3n, cuando las piezas no puedan salir del museo o centro de referencia en el que se encuentren depositados.<\/li>\n \t<li style=\"text-align: justify;\">R\u00e9plicas realizadas por <strong>motivos did\u00e1cticos<\/strong>, para que sean utilizadas en talleres did\u00e1cticos o labores de divulgaci\u00f3n, sin poner en peligro las piezas originales.<\/li>\n<\/ul>\t\t\t\t\t\t<\/div>\n\t\t\t\t<\/div>\n\t\t\t\t\t<\/div>\n\t\t\t\t<\/div>\n\t\t<div class=\"elementor-element elementor-element-a743516 e-flex e-con-boxed e-con e-parent\" data-id=\"a743516\" data-element_type=\"container\" data-settings=\"{&quot;jet_parallax_layout_list&quot;:[],&quot;background_background&quot;:&quot;classic&quot;,&quot;content_width&quot;:&quot;boxed&quot;}\" data-core-v316-plus=\"true\">\n\t\t\t\t\t<div class=\"e-con-inner\">\n\t\t\t\t<div class=\"elementor-element elementor-element-364dd16 elementor-widget elementor-widget-heading\" data-id=\"364dd16\" data-element_type=\"widget\" data-widget_type=\"heading.default\">\n\t\t\t\t<div class=\"elementor-widget-container\">\n\t\t\t<h2 class=\"elementor-heading-title elementor-size-default\">Patente<\/h2>\t\t<\/div>\n\t\t\t\t<\/div>\n\t\t\t\t<div class=\"elementor-element elementor-element-88df5a1 elementor-widget elementor-widget-text-editor\" data-id=\"88df5a1\" data-element_type=\"widget\" data-widget_type=\"text-editor.default\">\n\t\t\t\t<div class=\"elementor-widget-container\">\n\t\t\t\t\t\t\t<p style=\"text-align: justify;\">El Museo Geominero posee una patente sobre el procedimiento metodol\u00f3gico para replicar con alta calidad rocas, f\u00f3siles y minerales: Patente de invenci\u00f3n n\u00ba <strong>ES\u00a0<\/strong><a href=\"https:\/\/patentscope.wipo.int\/search\/es\/detail.jsf?docId=ES32094953&amp;_cid=P22-LDYL6J-80893-24\" target=\"_blank\" rel=\"noopener\"><strong>227 3577<\/strong><\/a>\u00a0\u201c<strong>PROCESO DE REPRODUCCION DE FOSILES, ROCAS Y MINERALES, Y PRODUCTO OBTENIDO\u201d<\/strong>.<\/p>\n<p style=\"text-align: justify;\">Las copias o r\u00e9plicas, basadas en este m\u00e9todo, al contrario que las copias habituales, est\u00e1n fundamentadas en la coexistencia de 2 o m\u00e1s sustancias en una misma pieza replicada. Posteriormente se policroma hasta alcanzar un aspecto igual al original.<\/p>\n<p style=\"text-align: justify;\">Las sustancias utilizadas en la actualidad son escayolas dentales de alta resoluci\u00f3n y morteros de diverso tipo, as\u00ed como resinas, b\u00e1sicamente epoxy y poliuretano.<\/p>\n<p style=\"text-align: justify;\">Los elast\u00f3meros para fabricar los moldes son de alta calidad, as\u00ed como los materiales de la r\u00e9plica. El acabado visual depende del fin al que vayan destinadas.<\/p><p style=\"text-align: justify;\">\n\nPara realizar una r\u00e9plica donde intervengan los productos A y B se moldea el original y tras un vaciado de precisi\u00f3n, se tallan las piezas que ser\u00e1n realizadas con la sustancia B. Se moldea y obtenemos un submolde. La pieza de la sustancia B se introduce en el molde inicial y se termina de rellenar con la sustancia A. Al extraer la r\u00e9plica veremos que est\u00e1 formada por dos sustancias muy diferentes.<\/p>\n\n&nbsp;\t\t\t\t\t\t<\/div>\n\t\t\t\t<\/div>\n\t\t\t\t\t<\/div>\n\t\t\t\t<\/div>\n\t\t<div class=\"elementor-element elementor-element-f8e2521 e-flex e-con-boxed e-con e-parent\" data-id=\"f8e2521\" data-element_type=\"container\" data-settings=\"{&quot;jet_parallax_layout_list&quot;:[],&quot;content_width&quot;:&quot;boxed&quot;}\" data-core-v316-plus=\"true\">\n\t\t\t\t\t<div class=\"e-con-inner\">\n\t\t\t\t\t<\/div>\n\t\t\t\t<\/div>\n\t\t\t\t<\/div>\n\t\t","protected":false},"excerpt":{"rendered":"<p>El Museo Geominero cuenta con un laboratorio dedicado a m\u00faltiples funciones. La m\u00e1s importante es la conservaci\u00f3n de las diferentes colecciones de material geol\u00f3gico (f\u00f3siles, minerales, rocas, as\u00ed como otros materiales como instrumentos cient\u00edficos) ya sea conservaci\u00f3n preventiva, interventiva o restauraci\u00f3n. En todos los casos se trata de alargar la vida de los objetos, parar&#8230;<\/p>\n","protected":false},"author":3,"featured_media":0,"parent":1189,"menu_order":0,"comment_status":"closed","ping_status":"closed","template":"","meta":{"_kad_post_transparent":"","_kad_post_title":"hide","_kad_post_layout":"fullwidth","_kad_post_sidebar_id":"","_kad_post_content_style":"unboxed","_kad_post_vertical_padding":"hide","_kad_post_feature":"hide","_kad_post_feature_position":"","_kad_post_header":false,"_kad_post_footer":false,"footnotes":""},"aioseo_notices":[],"_links":{"self":[{"href":"https:\/\/webwp.igme.es\/pruebaigme\/wp-json\/wp\/v2\/pages\/28588"}],"collection":[{"href":"https:\/\/webwp.igme.es\/pruebaigme\/wp-json\/wp\/v2\/pages"}],"about":[{"href":"https:\/\/webwp.igme.es\/pruebaigme\/wp-json\/wp\/v2\/types\/page"}],"author":[{"embeddable":true,"href":"https:\/\/webwp.igme.es\/pruebaigme\/wp-json\/wp\/v2\/users\/3"}],"replies":[{"embeddable":true,"href":"https:\/\/webwp.igme.es\/pruebaigme\/wp-json\/wp\/v2\/comments?post=28588"}],"version-history":[{"count":127,"href":"https:\/\/webwp.igme.es\/pruebaigme\/wp-json\/wp\/v2\/pages\/28588\/revisions"}],"predecessor-version":[{"id":39785,"href":"https:\/\/webwp.igme.es\/pruebaigme\/wp-json\/wp\/v2\/pages\/28588\/revisions\/39785"}],"up":[{"embeddable":true,"href":"https:\/\/webwp.igme.es\/pruebaigme\/wp-json\/wp\/v2\/pages\/1189"}],"wp:attachment":[{"href":"https:\/\/webwp.igme.es\/pruebaigme\/wp-json\/wp\/v2\/media?parent=28588"}],"curies":[{"name":"wp","href":"https:\/\/api.w.org\/{rel}","templated":true}]}}