{"id":32756,"date":"2024-01-26T11:57:43","date_gmt":"2024-01-26T10:57:43","guid":{"rendered":"https:\/\/webwp.igme.es\/pruebaigme\/?page_id=32756"},"modified":"2024-04-15T14:36:51","modified_gmt":"2024-04-15T12:36:51","slug":"comision-espanola-de-geodesia-y-geofisica","status":"publish","type":"page","link":"https:\/\/webwp.igme.es\/pruebaigme\/comision-espanola-de-geodesia-y-geofisica\/","title":{"rendered":"Comisi\u00f3n Espa\u00f1ola de Geodesia y Geof\u00edsica"},"content":{"rendered":"\t\t<div data-elementor-type=\"wp-page\" data-elementor-id=\"32756\" class=\"elementor elementor-32756\" data-elementor-post-type=\"page\">\n\t\t\t\t<div class=\"elementor-element elementor-element-61ac8a8 e-flex e-con-boxed e-con e-parent\" data-id=\"61ac8a8\" data-element_type=\"container\" data-settings=\"{&quot;background_background&quot;:&quot;classic&quot;,&quot;jet_parallax_layout_list&quot;:[],&quot;content_width&quot;:&quot;boxed&quot;}\" data-core-v316-plus=\"true\">\n\t\t\t\t\t<div class=\"e-con-inner\">\n\t\t\t\t<div class=\"elementor-element elementor-element-8dd54e8 elementor-widget elementor-widget-jet-brands\" data-id=\"8dd54e8\" data-element_type=\"widget\" data-widget_type=\"jet-brands.default\">\n\t\t\t\t<div class=\"elementor-widget-container\">\n\t\t\t<div class=\"elementor-jet-brands jet-elements\"><div class=\"brands-wrap\">\n\t<div class=\"brands-list col-row\"><div class=\"brands-list__item\"><a class=\"brands-list__item-link\" href=\"#\"><div class=\"brands-list__item-img-wrap\"><img decoding=\"async\" src=\"http:\/\/webwp.igme.es\/pruebaigme\/wp-content\/uploads\/2024\/01\/logo.webp\" alt=\"logo\" class=\"brands-list__item-img\" loading=\"lazy\"><\/div><\/a><\/div><\/div><\/div><\/div>\t\t<\/div>\n\t\t\t\t<\/div>\n\t\t\t\t<div class=\"elementor-element elementor-element-e15c295 elementor-widget elementor-widget-heading\" data-id=\"e15c295\" data-element_type=\"widget\" data-widget_type=\"heading.default\">\n\t\t\t\t<div class=\"elementor-widget-container\">\n\t\t\t<style>\/*! elementor - v3.19.0 - 07-02-2024 *\/\n.elementor-heading-title{padding:0;margin:0;line-height:1}.elementor-widget-heading .elementor-heading-title[class*=elementor-size-]>a{color:inherit;font-size:inherit;line-height:inherit}.elementor-widget-heading .elementor-heading-title.elementor-size-small{font-size:15px}.elementor-widget-heading .elementor-heading-title.elementor-size-medium{font-size:19px}.elementor-widget-heading .elementor-heading-title.elementor-size-large{font-size:29px}.elementor-widget-heading .elementor-heading-title.elementor-size-xl{font-size:39px}.elementor-widget-heading .elementor-heading-title.elementor-size-xxl{font-size:59px}<\/style><h1 class=\"elementor-heading-title elementor-size-default\">Secci\u00f3n de Geof\u00edsica Aplicada<\/h1>\t\t<\/div>\n\t\t\t\t<\/div>\n\t\t\t\t\t<\/div>\n\t\t\t\t<\/div>\n\t\t<div class=\"elementor-element elementor-element-638c0bd e-flex e-con-boxed e-con e-parent\" data-id=\"638c0bd\" data-element_type=\"container\" data-settings=\"{&quot;jet_parallax_layout_list&quot;:[],&quot;content_width&quot;:&quot;boxed&quot;}\" data-core-v316-plus=\"true\">\n\t\t\t\t\t<div class=\"e-con-inner\">\n\t\t\t\t<div class=\"elementor-element elementor-element-e431a3b elementor-widget elementor-widget-text-editor\" data-id=\"e431a3b\" data-element_type=\"widget\" data-widget_type=\"text-editor.default\">\n\t\t\t\t<div class=\"elementor-widget-container\">\n\t\t\t<style>\/*! elementor - v3.19.0 - 07-02-2024 *\/\n.elementor-widget-text-editor.elementor-drop-cap-view-stacked .elementor-drop-cap{background-color:#69727d;color:#fff}.elementor-widget-text-editor.elementor-drop-cap-view-framed .elementor-drop-cap{color:#69727d;border:3px solid;background-color:transparent}.elementor-widget-text-editor:not(.elementor-drop-cap-view-default) .elementor-drop-cap{margin-top:8px}.elementor-widget-text-editor:not(.elementor-drop-cap-view-default) .elementor-drop-cap-letter{width:1em;height:1em}.elementor-widget-text-editor .elementor-drop-cap{float:left;text-align:center;line-height:1;font-size:50px}.elementor-widget-text-editor .elementor-drop-cap-letter{display:inline-block}<\/style>\t\t\t\t<table style=\"font-weight: 400;\" width=\"100%\">\n<tbody>\n<tr>\n<td>\n<p style=\"text-align: justify;\">La Comisi\u00f3n Espa\u00f1ola de Geodesia y Geof\u00edsica es un \u00f3rgano colegiado interministerial adscrito a la Direcci\u00f3n General del Instituto Geogr\u00e1fico Nacional.\u00a0La Comisi\u00f3n cuenta entre sus Secciones con la de Geof\u00edsica Aplicada.<\/p>\n<\/td>\n<td><\/td>\n<\/tr>\n<tr>\n<td colspan=\"2\">La Secci\u00f3n propugna como tareas b\u00e1sicas de su actuaci\u00f3n:\n<table width=\"100%\">\n<tbody>\n<tr>\n<td>&#8211;<\/td>\n<td style=\"text-align: justify;\">Promover, coordinar e impulsar los trabajos, investigaciones y estudios de Geof\u00edsica Aplicada.<\/td>\n<\/tr>\n<tr>\n<td>&#8211;<\/td>\n<td style=\"text-align: justify;\">Velar por la buena pr\u00e1ctica en el campo de la Geof\u00edsica Aplicada.<\/td>\n<\/tr>\n<tr>\n<td>&#8211;<\/td>\n<td style=\"text-align: justify;\">Coordinar las investigaciones en Geof\u00edsica Aplicada cuando exijan la cooperaci\u00f3n entre organismos nacionales e internacionales.<\/td>\n<\/tr>\n<tr>\n<td>&#8211;<\/td>\n<td style=\"text-align: justify;\">Representar a Espa\u00f1a en reuniones internacionales oficiales cuyo objeto sea la Geof\u00edsica Aplicada.<\/td>\n<\/tr>\n<\/tbody>\n<\/table>\nEl Organismo Coordinador de la Secci\u00f3n de Geof\u00edsica Aplicada es el Instituto Geol\u00f3gico y Minero de Espa\u00f1a (IGME).<\/td>\n<\/tr>\n<tr>\n<td colspan=\"2\" style=\"text-align: justify;\">Publicaci\u00f3n del libro de art\u00edculos de la \u00faltima Asamblea:<\/td>\n<\/tr>\n<tr>\n<td style=\"text-align: center;\"><a href=\"https:\/\/www.ign.es\/web\/ign\/portal\/libros-digitales\/10-ahpgg\" target=\"_blank\" rel=\"noopener\">10\u00aa Asamblea Hispano-Portuguesa de Geodesia y Geof\u00edsica<\/a><\/td>\n<\/tr>\n<\/tbody>\n<\/table>\t\t\t\t\t\t<\/div>\n\t\t\t\t<\/div>\n\t\t\t\t<div class=\"elementor-element elementor-element-c24a9ce elementor-widget__width-initial elementor-widget elementor-widget-image\" data-id=\"c24a9ce\" data-element_type=\"widget\" data-widget_type=\"image.default\">\n\t\t\t\t<div class=\"elementor-widget-container\">\n\t\t\t<style>\/*! elementor - v3.19.0 - 07-02-2024 *\/\n.elementor-widget-image{text-align:center}.elementor-widget-image a{display:inline-block}.elementor-widget-image a img[src$=\".svg\"]{width:48px}.elementor-widget-image img{vertical-align:middle;display:inline-block}<\/style>\t\t\t\t\t\t\t\t\t\t\t<a href=\"http:\/\/www.fomento.gob.es\/MFOM\/LANG_CASTELLANO\/ORGANOS_COLEGIADOS\/MASORGANOS\/cegg\/\" target=\"_blank\">\n\t\t\t\t\t\t\t<img decoding=\"async\" src=\"https:\/\/info.igme.es\/media\/images\/Banner_CEGG_new.png\" title=\"\" alt=\"\" loading=\"lazy\" \/>\t\t\t\t\t\t\t\t<\/a>\n\t\t\t\t\t\t\t\t\t\t\t\t\t<\/div>\n\t\t\t\t<\/div>\n\t\t\t\t\t<\/div>\n\t\t\t\t<\/div>\n\t\t<div class=\"elementor-element elementor-element-b41d7fe e-flex e-con-boxed e-con e-parent\" data-id=\"b41d7fe\" data-element_type=\"container\" data-settings=\"{&quot;background_background&quot;:&quot;classic&quot;,&quot;jet_parallax_layout_list&quot;:[],&quot;content_width&quot;:&quot;boxed&quot;}\" data-core-v316-plus=\"true\">\n\t\t\t\t\t<div class=\"e-con-inner\">\n\t\t\t\t<div class=\"elementor-element elementor-element-eeab668 elementor-widget elementor-widget-heading\" data-id=\"eeab668\" data-element_type=\"widget\" data-widget_type=\"heading.default\">\n\t\t\t\t<div class=\"elementor-widget-container\">\n\t\t\t<h2 class=\"elementor-heading-title elementor-size-default\">Regulaci\u00f3n administrativa<\/h2>\t\t<\/div>\n\t\t\t\t<\/div>\n\t\t\t\t<div class=\"elementor-element elementor-element-a7637a9 elementor-widget elementor-widget-text-editor\" data-id=\"a7637a9\" data-element_type=\"widget\" data-widget_type=\"text-editor.default\">\n\t\t\t\t<div class=\"elementor-widget-container\">\n\t\t\t\t\t\t\t<p><a title=\"Abre pdf en ventana nueva\" href=\"https:\/\/info.igme.es\/media\/Pdfs\/BOE-A-2020-4913-CEGG.pdf\" target=\"_blank\" rel=\"noopener\">Real Decreto 401\/2020, de 25 de febrero, por el que se regula la Comisi\u00f3n Espa\u00f1ola de Geodesia y Geof\u00edsica<\/a><\/p><p><a title=\"Abre documento Word en ventana nueva\" href=\"https:\/\/info.igme.es\/media\/Pdfs\/2022_Comites_AHPGG.docx\" target=\"_blank\" rel=\"noopener\">Comit\u00e9 organizador<\/a><\/p>\t\t\t\t\t\t<\/div>\n\t\t\t\t<\/div>\n\t\t\t\t\t<\/div>\n\t\t\t\t<\/div>\n\t\t<div class=\"elementor-element elementor-element-4753e69 e-flex e-con-boxed e-con e-parent\" data-id=\"4753e69\" data-element_type=\"container\" data-settings=\"{&quot;jet_parallax_layout_list&quot;:[],&quot;content_width&quot;:&quot;boxed&quot;}\" data-core-v316-plus=\"true\">\n\t\t\t\t\t<div class=\"e-con-inner\">\n\t\t\t\t<div class=\"elementor-element elementor-element-fc00bf0 elementor-widget elementor-widget-heading\" data-id=\"fc00bf0\" data-element_type=\"widget\" data-widget_type=\"heading.default\">\n\t\t\t\t<div class=\"elementor-widget-container\">\n\t\t\t<h2 class=\"elementor-heading-title elementor-size-default\">Miembros<\/h2>\t\t<\/div>\n\t\t\t\t<\/div>\n\t\t\t\t<div class=\"elementor-element elementor-element-75ad1b1 elementor-widget elementor-widget-text-editor\" data-id=\"75ad1b1\" data-element_type=\"widget\" data-widget_type=\"text-editor.default\">\n\t\t\t\t<div class=\"elementor-widget-container\">\n\t\t\t\t\t\t\t<table style=\"font-weight: 400;\"><tbody><tr><td width=\"306\"><p><strong>VOCAL DE LA SECCI\u00d3N DE GEOF\u00cdSICA APLICADA<br \/><\/strong><strong>Presidente de la Secci\u00f3n:<br \/><\/strong><br \/><strong>Jes\u00fas Galindo Zald\u00edvar<br \/><\/strong>Universidad de Granada<br \/><a href=\"mailto:jgalindo@ugr.es\">Ajgalindo@ugr.es<\/a><\/p><\/td><td width=\"325\"><p><strong>SECRETAR\u00cdA DE LA SECCI\u00d3N<br \/><\/strong><strong>Mar\u00eda del Carmen Rey Moral<br \/><\/strong>Instituto Geol\u00f3gico y Minero de Espa\u00f1a (CSIC)<br \/><a href=\"mailto:c.rey@igme.es\">c.rey@igme.es<\/a><\/p><\/td><\/tr><\/tbody><\/table><table style=\"font-weight: 400;\"><tbody><tr><td width=\"306\"><p><strong>MIEMBROS DE LA SECCI\u00d3N<br \/><\/strong><strong>Fernando Bohoyo Mu\u00f1oz<\/strong><br \/>Instituto Geol\u00f3gico y Minero de Espa\u00f1a (CSIC)\u00a0<a href=\"mailto:f.bohoyo@igme.es\">f.bohoyo@igme.es<\/a><br \/><br \/><strong>Mar\u00eda G\u00f3mez Ballesteros<\/strong><br \/>Instituto Espa\u00f1ol de Oceanograf\u00eda (CSIC)<br \/><a href=\"mailto:maria.gomez@ieo.es\">maria.gomez@ieo.es<\/a><br \/><br \/><strong>Alfonso Mu\u00f1oz Mart\u00edn<\/strong><br \/>Universidad Complutense de Madrid<br \/><a href=\"mailto:amunoz@geo.ucm.es\">amunoz@geo.ucm.es<\/a><br \/><br \/><strong>Antonio \u00c1ngel Pazos Garc\u00eda<\/strong><br \/>Real Instituto y Observatorio de la Armada<br \/><a href=\"mailto:pazos@roa.ess\">pazos@roa.es<\/a><br \/><br \/><strong>Rub\u00e9n Ruiz Bravo<\/strong><br \/>Centro de Estudios y Experimentaci\u00f3n de Obras<br \/><a href=\"mailto:ruben.ruiz@cedex.es\">ruben.ruiz@cedex.es<\/a><\/p><\/td><\/tr><\/tbody><\/table>\t\t\t\t\t\t<\/div>\n\t\t\t\t<\/div>\n\t\t\t\t\t<\/div>\n\t\t\t\t<\/div>\n\t\t<div class=\"elementor-element elementor-element-e2710eb e-flex e-con-boxed e-con e-parent\" data-id=\"e2710eb\" data-element_type=\"container\" data-settings=\"{&quot;background_background&quot;:&quot;classic&quot;,&quot;jet_parallax_layout_list&quot;:[],&quot;content_width&quot;:&quot;boxed&quot;}\" data-core-v316-plus=\"true\">\n\t\t\t\t\t<div class=\"e-con-inner\">\n\t\t\t\t<div class=\"elementor-element elementor-element-ca58e39 elementor-widget elementor-widget-heading\" data-id=\"ca58e39\" data-element_type=\"widget\" data-widget_type=\"heading.default\">\n\t\t\t\t<div class=\"elementor-widget-container\">\n\t\t\t<h2 class=\"elementor-heading-title elementor-size-default\"> Eventos<\/h2>\t\t<\/div>\n\t\t\t\t<\/div>\n\t\t\t\t<div class=\"elementor-element elementor-element-7b6f36c elementor-position-left elementor-vertical-align-top elementor-widget elementor-widget-image-box\" data-id=\"7b6f36c\" data-element_type=\"widget\" data-widget_type=\"image-box.default\">\n\t\t\t\t<div class=\"elementor-widget-container\">\n\t\t\t<style>.elementor-widget-image-box .elementor-image-box-content{width:100%}@media (min-width:768px){.elementor-widget-image-box.elementor-position-left .elementor-image-box-wrapper,.elementor-widget-image-box.elementor-position-right .elementor-image-box-wrapper{display:flex}.elementor-widget-image-box.elementor-position-right .elementor-image-box-wrapper{text-align:right;flex-direction:row-reverse}.elementor-widget-image-box.elementor-position-left .elementor-image-box-wrapper{text-align:left;flex-direction:row}.elementor-widget-image-box.elementor-position-top .elementor-image-box-img{margin:auto}.elementor-widget-image-box.elementor-vertical-align-top .elementor-image-box-wrapper{align-items:flex-start}.elementor-widget-image-box.elementor-vertical-align-middle .elementor-image-box-wrapper{align-items:center}.elementor-widget-image-box.elementor-vertical-align-bottom .elementor-image-box-wrapper{align-items:flex-end}}@media (max-width:767px){.elementor-widget-image-box .elementor-image-box-img{margin-left:auto!important;margin-right:auto!important;margin-bottom:15px}}.elementor-widget-image-box .elementor-image-box-img{display:inline-block}.elementor-widget-image-box .elementor-image-box-title a{color:inherit}.elementor-widget-image-box .elementor-image-box-wrapper{text-align:center}.elementor-widget-image-box .elementor-image-box-description{margin:0}<\/style><div class=\"elementor-image-box-wrapper\"><figure class=\"elementor-image-box-img\"><img decoding=\"async\" src=\"https:\/\/info.igme.es\/media\/images\/asambleaGeofisica.jpg\" title=\"\" alt=\"\" loading=\"lazy\" \/><\/figure><div class=\"elementor-image-box-content\"><h4 class=\"elementor-image-box-title\">11\u00aa Asamblea de Geodesia y Geof\u00edsica<\/h4><p class=\"elementor-image-box-description\">\u00c9vora, del 24 al 28 de junio de 2024<\/p><\/div><\/div>\t\t<\/div>\n\t\t\t\t<\/div>\n\t\t\t\t<div class=\"elementor-element elementor-element-23bf0ef elementor-widget elementor-widget-n-accordion\" data-id=\"23bf0ef\" data-element_type=\"widget\" data-settings=\"{&quot;default_state&quot;:&quot;all_collapsed&quot;,&quot;max_items_expended&quot;:&quot;one&quot;,&quot;n_accordion_animation_duration&quot;:{&quot;unit&quot;:&quot;ms&quot;,&quot;size&quot;:400,&quot;sizes&quot;:[]}}\" data-widget_type=\"nested-accordion.default\">\n\t\t\t\t<div class=\"elementor-widget-container\">\n\t\t\t\t\t<div class=\"e-n-accordion\" aria-label=\"Accordion. Open links with Enter or Space, close with Escape, and navigate with Arrow Keys\">\n\t\t\t\t\t\t<details id=\"e-n-accordion-item-3740\" class=\"e-n-accordion-item\" >\n\t\t\t\t<summary class=\"e-n-accordion-item-title\" data-accordion-index=\"1\" tabindex=\"0\" aria-expanded=\"false\" aria-controls=\"e-n-accordion-item-3740\" >\n\t\t\t\t\t<span class='e-n-accordion-item-title-header'><div class=\"e-n-accordion-item-title-text\"> Circulares <\/div><\/span>\n\t\t\t\t\t\t\t<span class='e-n-accordion-item-title-icon'>\n\t\t\t<span class='e-opened' ><i aria-hidden=\"true\" class=\"far fa-caret-square-up\"><\/i><\/span>\n\t\t\t<span class='e-closed'><i aria-hidden=\"true\" class=\"far fa-caret-square-right\"><\/i><\/span>\n\t\t<\/span>\n\n\t\t\t\t\t\t<\/summary>\n\t\t\t\t<div role=\"region\" aria-labelledby=\"e-n-accordion-item-3740\" class=\"elementor-element elementor-element-ec9ee95 e-con-full e-flex e-con e-child\" data-id=\"ec9ee95\" data-element_type=\"container\" data-settings=\"{&quot;content_width&quot;:&quot;full&quot;,&quot;jet_parallax_layout_list&quot;:[]}\">\n\t\t\t\t<div class=\"elementor-element elementor-element-842ff3f elementor-mobile-align-center elementor-icon-list--layout-traditional elementor-list-item-link-full_width elementor-widget elementor-widget-icon-list\" data-id=\"842ff3f\" data-element_type=\"widget\" data-widget_type=\"icon-list.default\">\n\t\t\t\t<div class=\"elementor-widget-container\">\n\t\t\t<link rel=\"stylesheet\" href=\"https:\/\/webwp.igme.es\/pruebaigme\/wp-content\/uploads\/elementor\/css\/custom-widget-icon-list.min.css?ver=1707999142\">\t\t<ul class=\"elementor-icon-list-items\">\n\t\t\t\t\t\t\t<li class=\"elementor-icon-list-item\">\n\t\t\t\t\t\t\t\t\t\t\t<a href=\"https:\/\/info.igme.es\/media\/Pdfs\/2_Circular_pt_sp_en.pdf\" target=\"_blank\">\n\n\t\t\t\t\t\t\t\t\t\t\t\t<span class=\"elementor-icon-list-icon\">\n\t\t\t\t\t\t\t<i aria-hidden=\"true\" class=\"fab fa-sketch\"><\/i>\t\t\t\t\t\t<\/span>\n\t\t\t\t\t\t\t\t\t\t<span class=\"elementor-icon-list-text\">Segunda circular<\/span>\n\t\t\t\t\t\t\t\t\t\t\t<\/a>\n\t\t\t\t\t\t\t\t\t<\/li>\n\t\t\t\t\t\t<\/ul>\n\t\t\t\t<\/div>\n\t\t\t\t<\/div>\n\t\t\t\t<\/div>\n\t\t\t\t\t<\/details>\n\t\t\t\t\t<\/div>\n\t\t\t\t<\/div>\n\t\t\t\t<\/div>\n\t\t\t\t<div class=\"elementor-element elementor-element-f8c8e8b elementor-position-left elementor-vertical-align-top elementor-widget elementor-widget-image-box\" data-id=\"f8c8e8b\" data-element_type=\"widget\" data-widget_type=\"image-box.default\">\n\t\t\t\t<div class=\"elementor-widget-container\">\n\t\t\t<div class=\"elementor-image-box-wrapper\"><figure class=\"elementor-image-box-img\"><img decoding=\"async\" src=\"https:\/\/info.igme.es\/media\/images\/10AHPGG.jpg\" title=\"\" alt=\"\" loading=\"lazy\" \/><\/figure><div class=\"elementor-image-box-content\"><h4 class=\"elementor-image-box-title\">10\u00aa Asamblea Hispano Portuguesa de Geodesia y Geof\u00edsica<\/h4><p class=\"elementor-image-box-description\">Toledo, 28 noviembre al 1 de diciembre de 2022<\/p><\/div><\/div>\t\t<\/div>\n\t\t\t\t<\/div>\n\t\t\t\t<div class=\"elementor-element elementor-element-66a227d elementor-widget elementor-widget-n-accordion\" data-id=\"66a227d\" data-element_type=\"widget\" data-settings=\"{&quot;default_state&quot;:&quot;all_collapsed&quot;,&quot;max_items_expended&quot;:&quot;one&quot;,&quot;n_accordion_animation_duration&quot;:{&quot;unit&quot;:&quot;ms&quot;,&quot;size&quot;:400,&quot;sizes&quot;:[]}}\" data-widget_type=\"nested-accordion.default\">\n\t\t\t\t<div class=\"elementor-widget-container\">\n\t\t\t\t\t<div class=\"e-n-accordion\" aria-label=\"Accordion. Open links with Enter or Space, close with Escape, and navigate with Arrow Keys\">\n\t\t\t\t\t\t<details id=\"e-n-accordion-item-1070\" class=\"e-n-accordion-item\" >\n\t\t\t\t<summary class=\"e-n-accordion-item-title\" data-accordion-index=\"1\" tabindex=\"0\" aria-expanded=\"false\" aria-controls=\"e-n-accordion-item-1070\" >\n\t\t\t\t\t<span class='e-n-accordion-item-title-header'><div class=\"e-n-accordion-item-title-text\"> Circulares <\/div><\/span>\n\t\t\t\t\t\t\t<span class='e-n-accordion-item-title-icon'>\n\t\t\t<span class='e-opened' ><i aria-hidden=\"true\" class=\"far fa-caret-square-up\"><\/i><\/span>\n\t\t\t<span class='e-closed'><i aria-hidden=\"true\" class=\"far fa-caret-square-right\"><\/i><\/span>\n\t\t<\/span>\n\n\t\t\t\t\t\t<\/summary>\n\t\t\t\t<div role=\"region\" aria-labelledby=\"e-n-accordion-item-1070\" class=\"elementor-element elementor-element-dafdeb3 e-con-full e-flex e-con e-child\" data-id=\"dafdeb3\" data-element_type=\"container\" data-settings=\"{&quot;content_width&quot;:&quot;full&quot;,&quot;jet_parallax_layout_list&quot;:[]}\">\n\t\t<div role=\"region\" aria-labelledby=\"e-n-accordion-item-1070\" class=\"elementor-element elementor-element-7f20c18 e-flex e-con-boxed e-con e-child\" data-id=\"7f20c18\" data-element_type=\"container\" data-settings=\"{&quot;jet_parallax_layout_list&quot;:[],&quot;content_width&quot;:&quot;boxed&quot;}\">\n\t\t\t\t\t<div class=\"e-con-inner\">\n\t\t\t\t<div class=\"elementor-element elementor-element-5b1fa23 elementor-widget elementor-widget-text-editor\" data-id=\"5b1fa23\" data-element_type=\"widget\" data-widget_type=\"text-editor.default\">\n\t\t\t\t<div class=\"elementor-widget-container\">\n\t\t\t\t\t\t\t<p><a title=\"Abre pdf en ventana nueva\" href=\"https:\/\/info.igme.es\/media\/Pdfs\/Segunda%20circular_2022.pdf\" target=\"_blank\" rel=\"noopener\">Segunda circular<\/a><\/p><p><a title=\"Abre pdf en ventana nueva\" href=\"https:\/\/info.igme.es\/media\/Pdfs\/Tercera_circular_2022.pdf\" target=\"_blank\" rel=\"noopener\">Tercera circular<\/a><\/p><p><a title=\"Abre pdf en ventana nueva\" href=\"https:\/\/info.igme.es\/media\/Pdfs\/4_circular_10AHPGG.PDF\" target=\"_blank\" rel=\"noopener\">Cuarta circular<\/a><\/p>\t\t\t\t\t\t<\/div>\n\t\t\t\t<\/div>\n\t\t\t\t\t<\/div>\n\t\t\t\t<\/div>\n\t\t\t\t<\/div>\n\t\t\t\t\t<\/details>\n\t\t\t\t\t<\/div>\n\t\t\t\t<\/div>\n\t\t\t\t<\/div>\n\t\t\t\t<div class=\"elementor-element elementor-element-53babe2 elementor-align-center elementor-widget elementor-widget-button\" data-id=\"53babe2\" data-element_type=\"widget\" data-widget_type=\"button.default\">\n\t\t\t\t<div class=\"elementor-widget-container\">\n\t\t\t\t\t<div class=\"elementor-button-wrapper\">\n\t\t\t<a class=\"elementor-button elementor-button-link elementor-size-xs\" href=\"https:\/\/congreso.ign.es\/web\/10asambleahpgg\/inicio\" target=\"_blank\">\n\t\t\t\t\t\t<span class=\"elementor-button-content-wrapper\">\n\t\t\t\t\t\t<span class=\"elementor-button-icon elementor-align-icon-left\">\n\t\t\t\t<i aria-hidden=\"true\" class=\"fas fa-people-carry\"><\/i>\t\t\t<\/span>\n\t\t\t\t\t\t<span class=\"elementor-button-text\">Web del congreso<\/span>\n\t\t<\/span>\n\t\t\t\t\t<\/a>\n\t\t<\/div>\n\t\t\t\t<\/div>\n\t\t\t\t<\/div>\n\t\t\t\t\t<\/div>\n\t\t\t\t<\/div>\n\t\t<div class=\"elementor-element elementor-element-b6507b4 e-flex e-con-boxed e-con e-parent\" data-id=\"b6507b4\" data-element_type=\"container\" data-settings=\"{&quot;jet_parallax_layout_list&quot;:[],&quot;content_width&quot;:&quot;boxed&quot;}\" data-core-v316-plus=\"true\">\n\t\t\t\t\t<div class=\"e-con-inner\">\n\t\t\t\t<div class=\"elementor-element elementor-element-5127189 elementor-widget elementor-widget-heading\" data-id=\"5127189\" data-element_type=\"widget\" data-widget_type=\"heading.default\">\n\t\t\t\t<div class=\"elementor-widget-container\">\n\t\t\t<h2 class=\"elementor-heading-title elementor-size-default\">Contacto<\/h2>\t\t<\/div>\n\t\t\t\t<\/div>\n\t\t\t\t<div class=\"elementor-element elementor-element-05bb97a elementor-widget elementor-widget-text-editor\" data-id=\"05bb97a\" data-element_type=\"widget\" data-widget_type=\"text-editor.default\">\n\t\t\t\t<div class=\"elementor-widget-container\">\n\t\t\t\t\t\t\t<p style=\"text-align: justify;\">Para contactar con la Secci\u00f3n de Geof\u00edsica la direcci\u00f3n de correo electr\u00f3nico es:\t\t\t\t\t\t<\/div>\n\t\t\t\t<\/div>\n\t\t\t\t<div class=\"elementor-element elementor-element-7b742dd elementor-icon-list--layout-traditional elementor-list-item-link-full_width elementor-widget elementor-widget-icon-list\" data-id=\"7b742dd\" data-element_type=\"widget\" data-widget_type=\"icon-list.default\">\n\t\t\t\t<div class=\"elementor-widget-container\">\n\t\t\t\t\t<ul class=\"elementor-icon-list-items\">\n\t\t\t\t\t\t\t<li class=\"elementor-icon-list-item\">\n\t\t\t\t\t\t\t\t\t\t\t<a href=\"mailto:%20segeap@igme.es\">\n\n\t\t\t\t\t\t\t\t\t\t\t\t<span class=\"elementor-icon-list-icon\">\n\t\t\t\t\t\t\t<i aria-hidden=\"true\" class=\"far fa-address-book\"><\/i>\t\t\t\t\t\t<\/span>\n\t\t\t\t\t\t\t\t\t\t<span class=\"elementor-icon-list-text\">segeap@igme.es<\/span>\n\t\t\t\t\t\t\t\t\t\t\t<\/a>\n\t\t\t\t\t\t\t\t\t<\/li>\n\t\t\t\t\t\t<\/ul>\n\t\t\t\t<\/div>\n\t\t\t\t<\/div>\n\t\t\t\t\t<\/div>\n\t\t\t\t<\/div>\n\t\t\t\t<\/div>\n\t\t","protected":false},"excerpt":{"rendered":"<p>Secci\u00f3n de Geof\u00edsica Aplicada La Comisi\u00f3n Espa\u00f1ola de Geodesia y Geof\u00edsica es un \u00f3rgano colegiado interministerial adscrito a la Direcci\u00f3n General del Instituto Geogr\u00e1fico Nacional.\u00a0La Comisi\u00f3n cuenta entre sus Secciones con la de Geof\u00edsica Aplicada. La Secci\u00f3n propugna como tareas b\u00e1sicas de su actuaci\u00f3n: &#8211; Promover, coordinar e impulsar los trabajos, investigaciones y estudios de&#8230;<\/p>\n","protected":false},"author":3,"featured_media":0,"parent":0,"menu_order":0,"comment_status":"closed","ping_status":"closed","template":"","meta":{"_kad_post_transparent":"","_kad_post_title":"hide","_kad_post_layout":"fullwidth","_kad_post_sidebar_id":"","_kad_post_content_style":"unboxed","_kad_post_vertical_padding":"hide","_kad_post_feature":"hide","_kad_post_feature_position":"","_kad_post_header":false,"_kad_post_footer":false,"footnotes":""},"aioseo_notices":[],"_links":{"self":[{"href":"https:\/\/webwp.igme.es\/pruebaigme\/wp-json\/wp\/v2\/pages\/32756"}],"collection":[{"href":"https:\/\/webwp.igme.es\/pruebaigme\/wp-json\/wp\/v2\/pages"}],"about":[{"href":"https:\/\/webwp.igme.es\/pruebaigme\/wp-json\/wp\/v2\/types\/page"}],"author":[{"embeddable":true,"href":"https:\/\/webwp.igme.es\/pruebaigme\/wp-json\/wp\/v2\/users\/3"}],"replies":[{"embeddable":true,"href":"https:\/\/webwp.igme.es\/pruebaigme\/wp-json\/wp\/v2\/comments?post=32756"}],"version-history":[{"count":137,"href":"https:\/\/webwp.igme.es\/pruebaigme\/wp-json\/wp\/v2\/pages\/32756\/revisions"}],"predecessor-version":[{"id":39592,"href":"https:\/\/webwp.igme.es\/pruebaigme\/wp-json\/wp\/v2\/pages\/32756\/revisions\/39592"}],"wp:attachment":[{"href":"https:\/\/webwp.igme.es\/pruebaigme\/wp-json\/wp\/v2\/media?parent=32756"}],"curies":[{"name":"wp","href":"https:\/\/api.w.org\/{rel}","templated":true}]}}