{"id":3550,"date":"2023-01-16T11:56:24","date_gmt":"2023-01-16T10:56:24","guid":{"rendered":"http:\/\/webwp.igme.es\/pruebaigme\/?page_id=3550"},"modified":"2023-08-22T13:13:45","modified_gmt":"2023-08-22T11:13:45","slug":"elementor-3550","status":"publish","type":"page","link":"https:\/\/webwp.igme.es\/pruebaigme\/en\/el-centro-nacional-igme-english\/elementor-3550\/","title":{"rendered":"IGME history"},"content":{"rendered":"\t\t<div data-elementor-type=\"wp-page\" data-elementor-id=\"3550\" class=\"elementor elementor-3550\" data-elementor-post-type=\"page\">\n\t\t\t\t\t\t<section class=\"elementor-section elementor-top-section elementor-element elementor-element-3a2ecad elementor-section-height-min-height elementor-section-boxed elementor-section-height-default elementor-section-items-middle\" data-id=\"3a2ecad\" data-element_type=\"section\" data-settings=\"{&quot;background_background&quot;:&quot;classic&quot;,&quot;jet_parallax_layout_list&quot;:[]}\">\n\t\t\t\t\t\t<div class=\"elementor-container elementor-column-gap-default\">\n\t\t\t\t\t<div class=\"elementor-column elementor-col-100 elementor-top-column elementor-element elementor-element-4fead6f\" data-id=\"4fead6f\" data-element_type=\"column\">\n\t\t\t<div class=\"elementor-widget-wrap elementor-element-populated\">\n\t\t\t\t\t\t<div class=\"elementor-element elementor-element-6c030f3 elementor-widget elementor-widget-heading\" data-id=\"6c030f3\" data-element_type=\"widget\" data-widget_type=\"heading.default\">\n\t\t\t\t<div class=\"elementor-widget-container\">\n\t\t\t<style>\/*! elementor - v3.19.0 - 07-02-2024 *\/\n.elementor-heading-title{padding:0;margin:0;line-height:1}.elementor-widget-heading .elementor-heading-title[class*=elementor-size-]>a{color:inherit;font-size:inherit;line-height:inherit}.elementor-widget-heading .elementor-heading-title.elementor-size-small{font-size:15px}.elementor-widget-heading .elementor-heading-title.elementor-size-medium{font-size:19px}.elementor-widget-heading .elementor-heading-title.elementor-size-large{font-size:29px}.elementor-widget-heading .elementor-heading-title.elementor-size-xl{font-size:39px}.elementor-widget-heading .elementor-heading-title.elementor-size-xxl{font-size:59px}<\/style><h2 class=\"elementor-heading-title elementor-size-default\">IGME history<\/h2>\t\t<\/div>\n\t\t\t\t<\/div>\n\t\t\t\t\t<\/div>\n\t\t<\/div>\n\t\t\t\t\t<\/div>\n\t\t<\/section>\n\t\t\t\t<section class=\"elementor-section elementor-top-section elementor-element elementor-element-b982496 elementor-section-boxed elementor-section-height-default elementor-section-height-default\" data-id=\"b982496\" data-element_type=\"section\" data-settings=\"{&quot;jet_parallax_layout_list&quot;:[]}\">\n\t\t\t\t\t\t<div class=\"elementor-container elementor-column-gap-default\">\n\t\t\t\t\t<div class=\"elementor-column elementor-col-100 elementor-top-column elementor-element elementor-element-2cfbf09\" data-id=\"2cfbf09\" data-element_type=\"column\">\n\t\t\t<div class=\"elementor-widget-wrap elementor-element-populated\">\n\t\t\t\t\t\t<div class=\"elementor-element elementor-element-5d73184 elementor-widget elementor-widget-text-editor\" data-id=\"5d73184\" data-element_type=\"widget\" data-widget_type=\"text-editor.default\">\n\t\t\t\t<div class=\"elementor-widget-container\">\n\t\t\t<style>\/*! elementor - v3.19.0 - 07-02-2024 *\/\n.elementor-widget-text-editor.elementor-drop-cap-view-stacked .elementor-drop-cap{background-color:#69727d;color:#fff}.elementor-widget-text-editor.elementor-drop-cap-view-framed .elementor-drop-cap{color:#69727d;border:3px solid;background-color:transparent}.elementor-widget-text-editor:not(.elementor-drop-cap-view-default) .elementor-drop-cap{margin-top:8px}.elementor-widget-text-editor:not(.elementor-drop-cap-view-default) .elementor-drop-cap-letter{width:1em;height:1em}.elementor-widget-text-editor .elementor-drop-cap{float:left;text-align:center;line-height:1;font-size:50px}.elementor-widget-text-editor .elementor-drop-cap-letter{display:inline-block}<\/style>\t\t\t\t<p>El\u00a0<b>Instituto Geol\u00f3gico y Minero de Espa\u00f1a<\/b>\u00a0tiene su origen en la creaci\u00f3n, por Real Decreto de Isabel II\u00a0de 12 de julio de 1849, como Comisi\u00f3n para la Carta Geol\u00f3gica de Madrid y General del Reino.<\/p><p align=\"justify\">La instituci\u00f3n cambi\u00f3 varias veces de nombre, pasando a ser \u00abComisi\u00f3n del Mapa Geol\u00f3gico de Espa\u00f1a\u00bb entre 1873 y 1910, \u00abInstituto Geol\u00f3gico de Espa\u00f1a\u00bb (junio 1910 enero 1927), \u00abInstituto Geol\u00f3gico y Minero de Espa\u00f1a\u00bb (1927 &#8211; 1988) y, desde finales de 1988 hasta diciembre de 2000 \u00abInstituto Tecnol\u00f3gico Geominero de Espa\u00f1a\u00bb, para volver a ser Instituto Geol\u00f3gico y Minero de Espa\u00f1a hasta la fecha.<\/p><p align=\"justify\">La historia de esta activa y fecunda instituci\u00f3n es la de la Geolog\u00eda espa\u00f1ola, nacida a la par que otros grandes servicios geol\u00f3gicos del mundo.<\/p>\t\t\t\t\t\t<\/div>\n\t\t\t\t<\/div>\n\t\t\t\t\t<\/div>\n\t\t<\/div>\n\t\t\t\t\t<\/div>\n\t\t<\/section>\n\t\t\t\t<section class=\"elementor-section elementor-top-section elementor-element elementor-element-f513d60 elementor-section-boxed elementor-section-height-default elementor-section-height-default\" data-id=\"f513d60\" data-element_type=\"section\" data-settings=\"{&quot;jet_parallax_layout_list&quot;:[]}\">\n\t\t\t\t\t\t<div class=\"elementor-container elementor-column-gap-default\">\n\t\t\t\t\t<div class=\"elementor-column elementor-col-50 elementor-top-column elementor-element elementor-element-992fef0\" data-id=\"992fef0\" data-element_type=\"column\">\n\t\t\t<div class=\"elementor-widget-wrap elementor-element-populated\">\n\t\t\t\t\t\t<div class=\"elementor-element elementor-element-05fa9ee elementor-widget elementor-widget-image\" data-id=\"05fa9ee\" data-element_type=\"widget\" data-widget_type=\"image.default\">\n\t\t\t\t<div class=\"elementor-widget-container\">\n\t\t\t<style>\/*! elementor - v3.19.0 - 07-02-2024 *\/\n.elementor-widget-image{text-align:center}.elementor-widget-image a{display:inline-block}.elementor-widget-image a img[src$=\".svg\"]{width:48px}.elementor-widget-image img{vertical-align:middle;display:inline-block}<\/style>\t\t\t\t\t\t\t\t\t\t<img fetchpriority=\"high\" decoding=\"async\" width=\"1024\" height=\"512\" src=\"https:\/\/webwp.igme.es\/pruebaigme\/wp-content\/uploads\/2022\/12\/fondo-84-1024x512.jpg\" class=\"attachment-large size-large wp-image-2327\" alt=\"\" srcset=\"https:\/\/webwp.igme.es\/pruebaigme\/wp-content\/uploads\/2022\/12\/fondo-84-1024x512.jpg 1024w, https:\/\/webwp.igme.es\/pruebaigme\/wp-content\/uploads\/2022\/12\/fondo-84-300x150.jpg 300w, https:\/\/webwp.igme.es\/pruebaigme\/wp-content\/uploads\/2022\/12\/fondo-84-768x384.jpg 768w, https:\/\/webwp.igme.es\/pruebaigme\/wp-content\/uploads\/2022\/12\/fondo-84-1536x768.jpg 1536w, https:\/\/webwp.igme.es\/pruebaigme\/wp-content\/uploads\/2022\/12\/fondo-84.webp 1920w\" sizes=\"(max-width: 1024px) 100vw, 1024px\" \/>\t\t\t\t\t\t\t\t\t\t\t\t\t<\/div>\n\t\t\t\t<\/div>\n\t\t\t\t\t<\/div>\n\t\t<\/div>\n\t\t\t\t<div class=\"elementor-column elementor-col-50 elementor-top-column elementor-element elementor-element-bc10de8\" data-id=\"bc10de8\" data-element_type=\"column\">\n\t\t\t<div class=\"elementor-widget-wrap elementor-element-populated\">\n\t\t\t\t\t\t<div class=\"elementor-element elementor-element-6661d0f elementor-widget elementor-widget-text-editor\" data-id=\"6661d0f\" data-element_type=\"widget\" data-widget_type=\"text-editor.default\">\n\t\t\t\t<div class=\"elementor-widget-container\">\n\t\t\t\t\t\t\t<p>En esta larga trayectoria, m\u00e1s de 150 a\u00f1os, las colecciones compartieron las diversas vicisitudes que afectaron al Instituto. As\u00ed, tras su ubicaci\u00f3n original en el antiguo Palacio del Duque de San Pedro (calle Flor\u00edn n\u00ba 2), contiguo a la Carrera de San Jer\u00f3nimo, donde estaba instalada la Direcci\u00f3n General de Minas desde 1830, hacia 1870 pasaron al Convento de la Trinidad, en la calle Atocha n\u00ba 14.<\/p>\t\t\t\t\t\t<\/div>\n\t\t\t\t<\/div>\n\t\t\t\t\t<\/div>\n\t\t<\/div>\n\t\t\t\t\t<\/div>\n\t\t<\/section>\n\t\t\t\t<section class=\"elementor-section elementor-top-section elementor-element elementor-element-424fe65 elementor-section-boxed elementor-section-height-default elementor-section-height-default\" data-id=\"424fe65\" data-element_type=\"section\" data-settings=\"{&quot;jet_parallax_layout_list&quot;:[]}\">\n\t\t\t\t\t\t<div class=\"elementor-container elementor-column-gap-default\">\n\t\t\t\t\t<div class=\"elementor-column elementor-col-100 elementor-top-column elementor-element elementor-element-81f16b1\" data-id=\"81f16b1\" data-element_type=\"column\">\n\t\t\t<div class=\"elementor-widget-wrap elementor-element-populated\">\n\t\t\t\t\t\t<div class=\"elementor-element elementor-element-7e53bb1 elementor-widget elementor-widget-text-editor\" data-id=\"7e53bb1\" data-element_type=\"widget\" data-widget_type=\"text-editor.default\">\n\t\t\t\t<div class=\"elementor-widget-container\">\n\t\t\t\t\t\t\t<p align=\"justify\">Pocos a\u00f1os despu\u00e9s, la litoteca cambia nuevamente de ubicaci\u00f3n a la calle Isabel la Cat\u00f3lica n\u00ba 23 y posteriormente a la Plaza de los Mostenses n\u00ba 2 (antigua calle Isabel la Cat\u00f3lica n\u00ba 25), hasta que en 1921 se inicia la construcci\u00f3n del actual edificio de la calle R\u00edos Rosas n\u00ba 23 (n\u00ba 9 de entonces), completada a lo largo de la d\u00e9cada de 1940.<\/p>\t\t\t\t\t\t<\/div>\n\t\t\t\t<\/div>\n\t\t\t\t\t<\/div>\n\t\t<\/div>\n\t\t\t\t\t<\/div>\n\t\t<\/section>\n\t\t\t\t<section class=\"elementor-section elementor-top-section elementor-element elementor-element-2281d88 elementor-section-full_width elementor-section-height-min-height elementor-section-height-default elementor-section-items-middle\" data-id=\"2281d88\" data-element_type=\"section\" data-settings=\"{&quot;jet_parallax_layout_list&quot;:[],&quot;background_background&quot;:&quot;classic&quot;}\">\n\t\t\t\t\t\t<div class=\"elementor-container elementor-column-gap-default\">\n\t\t\t\t\t<div class=\"elementor-column elementor-col-100 elementor-top-column elementor-element elementor-element-31beea1\" data-id=\"31beea1\" data-element_type=\"column\">\n\t\t\t<div class=\"elementor-widget-wrap elementor-element-populated\">\n\t\t\t\t\t\t<div class=\"elementor-element elementor-element-314f38b elementor-widget elementor-widget-heading\" data-id=\"314f38b\" data-element_type=\"widget\" data-widget_type=\"heading.default\">\n\t\t\t\t<div class=\"elementor-widget-container\">\n\t\t\t<h2 class=\"elementor-heading-title elementor-size-default\">\u00bfQuieres ver fotos hist\u00f3ricas del C.N. IGME?<\/h2>\t\t<\/div>\n\t\t\t\t<\/div>\n\t\t\t\t<div class=\"elementor-element elementor-element-f526e07 elementor-align-center elementor-widget elementor-widget-button\" data-id=\"f526e07\" data-element_type=\"widget\" data-widget_type=\"button.default\">\n\t\t\t\t<div class=\"elementor-widget-container\">\n\t\t\t\t\t<div class=\"elementor-button-wrapper\">\n\t\t\t<a class=\"elementor-button elementor-button-link elementor-size-lg\" href=\"#\">\n\t\t\t\t\t\t<span class=\"elementor-button-content-wrapper\">\n\t\t\t\t\t\t<span class=\"elementor-button-icon elementor-align-icon-left\">\n\t\t\t\t<i aria-hidden=\"true\" class=\"icons icon-picture\"><\/i>\t\t\t<\/span>\n\t\t\t\t\t\t<span class=\"elementor-button-text\">Haz clic aqu\u00ed<\/span>\n\t\t<\/span>\n\t\t\t\t\t<\/a>\n\t\t<\/div>\n\t\t\t\t<\/div>\n\t\t\t\t<\/div>\n\t\t\t\t\t<\/div>\n\t\t<\/div>\n\t\t\t\t\t<\/div>\n\t\t<\/section>\n\t\t\t\t<section class=\"elementor-section elementor-top-section elementor-element elementor-element-0471936 elementor-section-boxed elementor-section-height-default elementor-section-height-default\" data-id=\"0471936\" data-element_type=\"section\" data-settings=\"{&quot;jet_parallax_layout_list&quot;:[]}\">\n\t\t\t\t\t\t<div class=\"elementor-container elementor-column-gap-default\">\n\t\t\t\t\t<div class=\"elementor-column elementor-col-100 elementor-top-column elementor-element elementor-element-abe81a9\" data-id=\"abe81a9\" data-element_type=\"column\">\n\t\t\t<div class=\"elementor-widget-wrap elementor-element-populated\">\n\t\t\t\t\t\t<div class=\"elementor-element elementor-element-0562b5b elementor-widget elementor-widget-text-editor\" data-id=\"0562b5b\" data-element_type=\"widget\" data-widget_type=\"text-editor.default\">\n\t\t\t\t<div class=\"elementor-widget-container\">\n\t\t\t\t\t\t\t<p align=\"justify\">La construcci\u00f3n del Instituto Geol\u00f3gico y Minero de Espa\u00f1a como sede oficial del organismo se inici\u00f3 en 1921 y no finaliz\u00f3 hasta mediados de la d\u00e9cada de 1940. El proyecto arquitect\u00f3nico se debe a Francisco Javier de Luque, si bien la obra realizada no corresponde en su acabado final a los planos primitivos.<\/p><p align=\"justify\">En Diciembre de 1918, Luque, profesor de la Escuela de Arquitectura de Madrid, presenta un proyecto para la construcci\u00f3n del nuevo edificio del Instituto Geol\u00f3gico de Espa\u00f1a, inspirado aparentemente en planos del arquitecto Ricardo Vel\u00e1zquez Bosco, autor entre otros edificios de la Escuela de Minas y del antiguo Ministerio de Fomento, hoy de Agricultura.<\/p>\t\t\t\t\t\t<\/div>\n\t\t\t\t<\/div>\n\t\t\t\t\t<\/div>\n\t\t<\/div>\n\t\t\t\t\t<\/div>\n\t\t<\/section>\n\t\t\t\t<\/div>\n\t\t","protected":false},"excerpt":{"rendered":"<p>El\u00a0Instituto Geol\u00f3gico y Minero de Espa\u00f1a\u00a0tiene su origen en la creaci\u00f3n, por Real Decreto de Isabel II\u00a0de 12 de julio de 1849, como Comisi\u00f3n para la Carta Geol\u00f3gica de Madrid y General del Reino. La instituci\u00f3n cambi\u00f3 varias veces de nombre, pasando a ser \u00abComisi\u00f3n del Mapa Geol\u00f3gico de Espa\u00f1a\u00bb entre 1873 y 1910, \u00abInstituto&#8230;<\/p>\n","protected":false},"author":1,"featured_media":16131,"parent":1586,"menu_order":0,"comment_status":"closed","ping_status":"closed","template":"","meta":{"_kad_post_transparent":"","_kad_post_title":"hide","_kad_post_layout":"fullwidth","_kad_post_sidebar_id":"","_kad_post_content_style":"unboxed","_kad_post_vertical_padding":"hide","_kad_post_feature":"hide","_kad_post_feature_position":"","_kad_post_header":false,"_kad_post_footer":false,"footnotes":""},"aioseo_notices":[],"_links":{"self":[{"href":"https:\/\/webwp.igme.es\/pruebaigme\/wp-json\/wp\/v2\/pages\/3550"}],"collection":[{"href":"https:\/\/webwp.igme.es\/pruebaigme\/wp-json\/wp\/v2\/pages"}],"about":[{"href":"https:\/\/webwp.igme.es\/pruebaigme\/wp-json\/wp\/v2\/types\/page"}],"author":[{"embeddable":true,"href":"https:\/\/webwp.igme.es\/pruebaigme\/wp-json\/wp\/v2\/users\/1"}],"replies":[{"embeddable":true,"href":"https:\/\/webwp.igme.es\/pruebaigme\/wp-json\/wp\/v2\/comments?post=3550"}],"version-history":[{"count":18,"href":"https:\/\/webwp.igme.es\/pruebaigme\/wp-json\/wp\/v2\/pages\/3550\/revisions"}],"predecessor-version":[{"id":16145,"href":"https:\/\/webwp.igme.es\/pruebaigme\/wp-json\/wp\/v2\/pages\/3550\/revisions\/16145"}],"up":[{"embeddable":true,"href":"https:\/\/webwp.igme.es\/pruebaigme\/wp-json\/wp\/v2\/pages\/1586"}],"wp:featuredmedia":[{"embeddable":true,"href":"https:\/\/webwp.igme.es\/pruebaigme\/wp-json\/wp\/v2\/media\/16131"}],"wp:attachment":[{"href":"https:\/\/webwp.igme.es\/pruebaigme\/wp-json\/wp\/v2\/media?parent=3550"}],"curies":[{"name":"wp","href":"https:\/\/api.w.org\/{rel}","templated":true}]}}