{"id":3621,"date":"2023-01-16T13:49:33","date_gmt":"2023-01-16T12:49:33","guid":{"rendered":"http:\/\/webwp.igme.es\/pruebaigme\/?page_id=3621"},"modified":"2024-02-07T23:08:51","modified_gmt":"2024-02-07T22:08:51","slug":"arquitectura-del-museo","status":"publish","type":"page","link":"https:\/\/webwp.igme.es\/pruebaigme\/arquitectura-del-museo\/","title":{"rendered":"Arquitectura del museo"},"content":{"rendered":"\t\t<div data-elementor-type=\"wp-page\" data-elementor-id=\"3621\" class=\"elementor elementor-3621\" data-elementor-post-type=\"page\">\n\t\t\t\t\t\t<section class=\"elementor-section elementor-top-section elementor-element elementor-element-2ce0937 elementor-section-boxed elementor-section-height-default elementor-section-height-default\" data-id=\"2ce0937\" data-element_type=\"section\" data-settings=\"{&quot;jet_parallax_layout_list&quot;:[]}\">\n\t\t\t\t\t\t\t<div class=\"elementor-background-overlay\"><\/div>\n\t\t\t\t\t\t\t<div class=\"elementor-container elementor-column-gap-default\">\n\t\t\t\t\t<div class=\"elementor-column elementor-col-100 elementor-top-column elementor-element elementor-element-12731dc\" data-id=\"12731dc\" data-element_type=\"column\">\n\t\t\t<div class=\"elementor-widget-wrap elementor-element-populated\">\n\t\t\t\t\t\t<div class=\"elementor-element elementor-element-f5b79f9 elementor-widget elementor-widget-heading\" data-id=\"f5b79f9\" data-element_type=\"widget\" data-widget_type=\"heading.default\">\n\t\t\t\t<div class=\"elementor-widget-container\">\n\t\t\t<style>\/*! elementor - v3.19.0 - 07-02-2024 *\/\n.elementor-heading-title{padding:0;margin:0;line-height:1}.elementor-widget-heading .elementor-heading-title[class*=elementor-size-]>a{color:inherit;font-size:inherit;line-height:inherit}.elementor-widget-heading .elementor-heading-title.elementor-size-small{font-size:15px}.elementor-widget-heading .elementor-heading-title.elementor-size-medium{font-size:19px}.elementor-widget-heading .elementor-heading-title.elementor-size-large{font-size:29px}.elementor-widget-heading .elementor-heading-title.elementor-size-xl{font-size:39px}.elementor-widget-heading .elementor-heading-title.elementor-size-xxl{font-size:59px}<\/style><h2 class=\"elementor-heading-title elementor-size-default\">Arquitectura<\/h2>\t\t<\/div>\n\t\t\t\t<\/div>\n\t\t\t\t<div class=\"elementor-element elementor-element-5206296 elementor-widget elementor-widget-text-editor\" data-id=\"5206296\" data-element_type=\"widget\" data-widget_type=\"text-editor.default\">\n\t\t\t\t<div class=\"elementor-widget-container\">\n\t\t\t<style>\/*! elementor - v3.19.0 - 07-02-2024 *\/\n.elementor-widget-text-editor.elementor-drop-cap-view-stacked .elementor-drop-cap{background-color:#69727d;color:#fff}.elementor-widget-text-editor.elementor-drop-cap-view-framed .elementor-drop-cap{color:#69727d;border:3px solid;background-color:transparent}.elementor-widget-text-editor:not(.elementor-drop-cap-view-default) .elementor-drop-cap{margin-top:8px}.elementor-widget-text-editor:not(.elementor-drop-cap-view-default) .elementor-drop-cap-letter{width:1em;height:1em}.elementor-widget-text-editor .elementor-drop-cap{float:left;text-align:center;line-height:1;font-size:50px}.elementor-widget-text-editor .elementor-drop-cap-letter{display:inline-block}<\/style>\t\t\t\t<p align=\"justify\">El Museo se sit\u00faa en la primera planta del edificio del\u00a0<a title=\"Abre imagen en ventana emergente\">Instituto Geol\u00f3gico y Minero de Espa\u00f1a<\/a>, cuya construcci\u00f3n como sede oficial del organismo se inici\u00f3 en 1921 y no finaliz\u00f3 hasta mediados de la d\u00e9cada de 1940. El proyecto arquitect\u00f3nico se debe a Francisco Javier de Luque, si bien la obra realizada no corresponde en su acabado final a los planos primitivos.<\/p><p align=\"justify\">En Diciembre de 1918, Luque, profesor de la Escuela de Arquitectura de Madrid, presenta un proyecto para la construcci\u00f3n del nuevo edificio del Instituto Geol\u00f3gico de Espa\u00f1a, inspirado aparentemente en planos del arquitecto Ricardo Vel\u00e1zquez Bosco, autor entre otros edificios de la Escuela de Minas y del antiguo Ministerio de Fomento, hoy de Agricultura.<\/p>\t\t\t\t\t\t<\/div>\n\t\t\t\t<\/div>\n\t\t\t\t<section class=\"elementor-section elementor-inner-section elementor-element elementor-element-dc99faf elementor-section-boxed elementor-section-height-default elementor-section-height-default\" data-id=\"dc99faf\" data-element_type=\"section\" data-settings=\"{&quot;jet_parallax_layout_list&quot;:[]}\">\n\t\t\t\t\t\t<div class=\"elementor-container elementor-column-gap-default\">\n\t\t\t\t\t<div class=\"elementor-column elementor-col-50 elementor-inner-column elementor-element elementor-element-67ea55d\" data-id=\"67ea55d\" data-element_type=\"column\">\n\t\t\t<div class=\"elementor-widget-wrap elementor-element-populated\">\n\t\t\t\t\t\t<div class=\"elementor-element elementor-element-4b1247e elementor-widget elementor-widget-image\" data-id=\"4b1247e\" data-element_type=\"widget\" data-widget_type=\"image.default\">\n\t\t\t\t<div class=\"elementor-widget-container\">\n\t\t\t<style>\/*! elementor - v3.19.0 - 07-02-2024 *\/\n.elementor-widget-image{text-align:center}.elementor-widget-image a{display:inline-block}.elementor-widget-image a img[src$=\".svg\"]{width:48px}.elementor-widget-image img{vertical-align:middle;display:inline-block}<\/style>\t\t\t\t\t\t\t\t\t\t<img fetchpriority=\"high\" decoding=\"async\" width=\"280\" height=\"476\" src=\"https:\/\/webwp.igme.es\/pruebaigme\/wp-content\/uploads\/2023\/01\/arqui1.webp\" class=\"attachment-large size-large wp-image-3619\" alt=\"\" \/>\t\t\t\t\t\t\t\t\t\t\t\t\t<\/div>\n\t\t\t\t<\/div>\n\t\t\t\t\t<\/div>\n\t\t<\/div>\n\t\t\t\t<div class=\"elementor-column elementor-col-50 elementor-inner-column elementor-element elementor-element-c89d6fc\" data-id=\"c89d6fc\" data-element_type=\"column\">\n\t\t\t<div class=\"elementor-widget-wrap elementor-element-populated\">\n\t\t\t\t\t\t<div class=\"elementor-element elementor-element-5aa02db elementor-widget elementor-widget-text-editor\" data-id=\"5aa02db\" data-element_type=\"widget\" data-widget_type=\"text-editor.default\">\n\t\t\t\t<div class=\"elementor-widget-container\">\n\t\t\t\t\t\t\t<p>En el proyecto de Luque se pueden encontrar elementos caracter\u00edsticos de estos edificios, como son las c\u00fapulas amansardadas de las esquinas (que no se llegaron a construir) o las cristaleras art\u00edsticas de los\u00a0<a title=\"Abre imagen en ventana emergente\">accesos<\/a>\u00a0a la planta primera, de los\u00a0<a title=\"Abre imagen en ventana emergente\">ventanales<\/a>\u00a0del pasillo y del propio edificio del Museo. El espacio del\u00a0<a title=\"Abre imagen en ventana emergente\">Museo<\/a>\u00a0es una nave di\u00e1fana, de 19 metros de altura y planta rectangular, que ocupa 713 metros cuadrados de superficie. La\u00a0<a title=\"Abre imagen en ventana emergente\">cubierta<\/a>\u00a0es de estructura met\u00e1lica y policarbonato, que fue reemplazada durante las \u00faltimas obras acometidas a finales de los 80 por la original de vidrio armado con juntas de plomo. En altura se disponen tres\u00a0<a title=\"Abre imagen en ventana emergente\">corredores<\/a>\u00a0perimetrales volados al espacio central, a los que se accede mediante tres escaleras de caracol y un ascensor, situados en los cuatro v\u00e9rtices de la planta. Los pisos son de parquet-tarima, las\u00a0<a>barandillas<\/a>\u00a0de las balconadas de hierro forjado, y las paredes, enlucidas con yeso y decoradas con\u00a0<a title=\"Abre imagen en ventana emergente\">escayolas<\/a>\u00a0(destacando las conchas y escudos de los v\u00e9rtices superiores). El falso techo de la sala constituye una\u00a0<a title=\"Abre imagen en ventana emergente\">vidriera policroma<\/a>\u00a0horizontal y otras perimetrales en semib\u00f3vedas. Los motivos decorativos principales son un gran\u00a0<a title=\"Abre imagen en ventana emergente\">escudo real<\/a>\u00a0en el centro y cuatro escudos aleg\u00f3ricos del Cuerpo de Minas que ocupan la parte central de cada uno de los lados.<\/p>\t\t\t\t\t\t<\/div>\n\t\t\t\t<\/div>\n\t\t\t\t\t<\/div>\n\t\t<\/div>\n\t\t\t\t\t<\/div>\n\t\t<\/section>\n\t\t\t\t<div class=\"elementor-element elementor-element-5a89bd9 elementor-widget elementor-widget-text-editor\" data-id=\"5a89bd9\" data-element_type=\"widget\" data-widget_type=\"text-editor.default\">\n\t\t\t\t<div class=\"elementor-widget-container\">\n\t\t\t\t\t\t\t<p>En forma perimetral se disponen tambi\u00e9n los\u00a0<a title=\"Abre imagen en ventana emergente\">escudos provinciales<\/a>\u00a0correspondientes a las Jefaturas de Minas existentes en la \u00e9poca de conclusi\u00f3n del edificio. As\u00ed, desde la entrada y en sentido horario pueden reconocerse los de Guadalajara, C\u00f3rdoba, Ciudad Real, Ja\u00e9n, Bilbao, Barcelona, San Sebasti\u00e1n, Oviedo, Badajoz, Le\u00f3n, Sevilla, Murcia, Almer\u00eda y Madrid. La monumentalidad de la sala en su conjunto, como ejemplo notable de la arquitectura de madera, hierro forjado y cristal de principios de siglo, dota al Museo de una atm\u00f3sfera especial que justifica por s\u00ed misma su visita. La\u00a0<a title=\"Abre imagen en ventana emergente\">exposici\u00f3n<\/a>\u00a0consta de 250 vitrinas de madera tallada y vidrio, que se disponen en el entorno de la sala principal y los balcones, distribuy\u00e9ndose en una superficie total de 1.370 metros cuadrados.<\/p>\t\t\t\t\t\t<\/div>\n\t\t\t\t<\/div>\n\t\t\t\t<div class=\"elementor-element elementor-element-a4289d4 elementor-widget elementor-widget-image\" data-id=\"a4289d4\" data-element_type=\"widget\" data-widget_type=\"image.default\">\n\t\t\t\t<div class=\"elementor-widget-container\">\n\t\t\t\t\t\t\t\t\t\t\t\t\t<img decoding=\"async\" src=\"https:\/\/www.igme.es\/Museo\/historia\/arqui2.gif\" title=\"\" alt=\"\" loading=\"lazy\" \/>\t\t\t\t\t\t\t\t\t\t\t\t\t<\/div>\n\t\t\t\t<\/div>\n\t\t\t\t\t<\/div>\n\t\t<\/div>\n\t\t\t\t\t<\/div>\n\t\t<\/section>\n\t\t\t\t<\/div>\n\t\t","protected":false},"excerpt":{"rendered":"<p>Arquitectura El Museo se sit\u00faa en la primera planta del edificio del\u00a0Instituto Geol\u00f3gico y Minero de Espa\u00f1a, cuya construcci\u00f3n como sede oficial del organismo se inici\u00f3 en 1921 y no finaliz\u00f3 hasta mediados de la d\u00e9cada de 1940. El proyecto arquitect\u00f3nico se debe a Francisco Javier de Luque, si bien la obra realizada no corresponde&#8230;<\/p>\n","protected":false},"author":1,"featured_media":3622,"parent":0,"menu_order":0,"comment_status":"closed","ping_status":"closed","template":"","meta":{"_kad_post_transparent":"","_kad_post_title":"hide","_kad_post_layout":"fullwidth","_kad_post_sidebar_id":"","_kad_post_content_style":"unboxed","_kad_post_vertical_padding":"hide","_kad_post_feature":"hide","_kad_post_feature_position":"","_kad_post_header":false,"_kad_post_footer":false,"footnotes":""},"aioseo_notices":[],"_links":{"self":[{"href":"https:\/\/webwp.igme.es\/pruebaigme\/wp-json\/wp\/v2\/pages\/3621"}],"collection":[{"href":"https:\/\/webwp.igme.es\/pruebaigme\/wp-json\/wp\/v2\/pages"}],"about":[{"href":"https:\/\/webwp.igme.es\/pruebaigme\/wp-json\/wp\/v2\/types\/page"}],"author":[{"embeddable":true,"href":"https:\/\/webwp.igme.es\/pruebaigme\/wp-json\/wp\/v2\/users\/1"}],"replies":[{"embeddable":true,"href":"https:\/\/webwp.igme.es\/pruebaigme\/wp-json\/wp\/v2\/comments?post=3621"}],"version-history":[{"count":5,"href":"https:\/\/webwp.igme.es\/pruebaigme\/wp-json\/wp\/v2\/pages\/3621\/revisions"}],"predecessor-version":[{"id":33470,"href":"https:\/\/webwp.igme.es\/pruebaigme\/wp-json\/wp\/v2\/pages\/3621\/revisions\/33470"}],"wp:featuredmedia":[{"embeddable":true,"href":"https:\/\/webwp.igme.es\/pruebaigme\/wp-json\/wp\/v2\/media\/3622"}],"wp:attachment":[{"href":"https:\/\/webwp.igme.es\/pruebaigme\/wp-json\/wp\/v2\/media?parent=3621"}],"curies":[{"name":"wp","href":"https:\/\/api.w.org\/{rel}","templated":true}]}}