{"id":6624,"date":"2023-02-17T18:51:30","date_gmt":"2023-02-17T17:51:30","guid":{"rendered":"http:\/\/webwp.igme.es\/pruebaigme\/?page_id=6624"},"modified":"2023-10-24T13:42:31","modified_gmt":"2023-10-24T11:42:31","slug":"igme-events-calendar","status":"publish","type":"page","link":"https:\/\/webwp.igme.es\/pruebaigme\/en\/outreach-and-communication\/igme-events-calendar\/","title":{"rendered":"IGME Events Calendar"},"content":{"rendered":"\t\t<div data-elementor-type=\"wp-page\" data-elementor-id=\"6624\" class=\"elementor elementor-6624\" data-elementor-post-type=\"page\">\n\t\t\t\t\t\t<section class=\"elementor-section elementor-top-section elementor-element elementor-element-8481418 elementor-section-height-min-height elementor-section-boxed elementor-section-height-default elementor-section-items-middle\" data-id=\"8481418\" data-element_type=\"section\" data-settings=\"{&quot;jet_parallax_layout_list&quot;:[],&quot;background_background&quot;:&quot;classic&quot;}\">\n\t\t\t\t\t\t<div class=\"elementor-container elementor-column-gap-default\">\n\t\t\t\t\t<div class=\"elementor-column elementor-col-100 elementor-top-column elementor-element elementor-element-c2f26fa\" data-id=\"c2f26fa\" data-element_type=\"column\">\n\t\t\t<div class=\"elementor-widget-wrap elementor-element-populated\">\n\t\t\t\t\t\t<div class=\"elementor-element elementor-element-bf6bd7b elementor-widget elementor-widget-heading\" data-id=\"bf6bd7b\" data-element_type=\"widget\" data-widget_type=\"heading.default\">\n\t\t\t\t<div class=\"elementor-widget-container\">\n\t\t\t<style>\/*! elementor - v3.19.0 - 07-02-2024 *\/\n.elementor-heading-title{padding:0;margin:0;line-height:1}.elementor-widget-heading .elementor-heading-title[class*=elementor-size-]>a{color:inherit;font-size:inherit;line-height:inherit}.elementor-widget-heading .elementor-heading-title.elementor-size-small{font-size:15px}.elementor-widget-heading .elementor-heading-title.elementor-size-medium{font-size:19px}.elementor-widget-heading .elementor-heading-title.elementor-size-large{font-size:29px}.elementor-widget-heading .elementor-heading-title.elementor-size-xl{font-size:39px}.elementor-widget-heading .elementor-heading-title.elementor-size-xxl{font-size:59px}<\/style><h1 class=\"elementor-heading-title elementor-size-default\">IGME Events Calendar<\/h1>\t\t<\/div>\n\t\t\t\t<\/div>\n\t\t\t\t\t<\/div>\n\t\t<\/div>\n\t\t\t\t\t<\/div>\n\t\t<\/section>\n\t\t\t\t<section class=\"elementor-section elementor-top-section elementor-element elementor-element-6584324 elementor-section-boxed elementor-section-height-default elementor-section-height-default\" data-id=\"6584324\" data-element_type=\"section\" data-settings=\"{&quot;jet_parallax_layout_list&quot;:[]}\">\n\t\t\t\t\t\t<div class=\"elementor-container elementor-column-gap-default\">\n\t\t\t\t\t<div class=\"elementor-column elementor-col-100 elementor-top-column elementor-element elementor-element-b906576\" data-id=\"b906576\" data-element_type=\"column\">\n\t\t\t<div class=\"elementor-widget-wrap elementor-element-populated\">\n\t\t\t\t\t\t<div class=\"elementor-element elementor-element-705fa0a elementor-widget elementor-widget-jet-listing-calendar\" data-id=\"705fa0a\" data-element_type=\"widget\" data-widget_type=\"jet-listing-calendar.default\">\n\t\t\t\t<div class=\"elementor-widget-container\">\n\t\t\t<div class=\"jet-calendar jet-listing-calendar jet-listing-grid--4190\" data-settings=\"{&quot;lisitng_id&quot;:&quot;4190&quot;,&quot;week_days_format&quot;:&quot;short&quot;,&quot;allow_multiday&quot;:&quot;yes&quot;,&quot;end_date_key&quot;:&quot;fecha-fin&quot;,&quot;group_by&quot;:&quot;meta_date&quot;,&quot;group_by_key&quot;:&quot;fecha-inicio&quot;,&quot;posts_query&quot;:[],&quot;meta_query_relation&quot;:&quot;AND&quot;,&quot;tax_query_relation&quot;:&quot;AND&quot;,&quot;hide_widget_if&quot;:&quot;&quot;,&quot;caption_layout&quot;:&quot;layout-4&quot;,&quot;show_posts_nearby_months&quot;:&quot;yes&quot;,&quot;hide_past_events&quot;:&quot;&quot;,&quot;use_custom_post_types&quot;:&quot;&quot;,&quot;custom_post_types&quot;:&quot;&quot;,&quot;custom_query&quot;:&quot;&quot;,&quot;custom_query_id&quot;:&quot;&quot;,&quot;_element_id&quot;:&quot;&quot;}\" data-post=\"6624\" data-listing-source=\"posts\" data-query-id=\"\"><table class=\"jet-calendar-grid\" ><caption class=\"jet-calendar-caption\">\n\t<div class=\"jet-calendar-caption__wrap wrap-layout-4\">\n\t\t<div class=\"jet-calendar-caption__name\">abril 2026<\/div>\n\t\t<div class=\"jet-calendar-nav__link nav-link-prev\" data-month=\"March 2026\">\n\t\t\t<svg viewBox=\"0 0 90 179\" xmlns=\"http:\/\/www.w3.org\/2000\/svg\"><path transform=\"scale(0.1,-0.1) translate(0,-1536)\" d=\"M627 992q0 -13 -10 -23l-393 -393l393 -393q10 -10 10 -23t-10 -23l-50 -50q-10 -10 -23 -10t-23 10l-466 466q-10 10 -10 23t10 23l466 466q10 10 23 10t23 -10l50 -50q10 -10 10 -23z\" \/><\/svg>\n\t\t<\/div>\n\t\t<div class=\"jet-calendar-nav__link nav-link-next\" data-month=\"May 2026\">\n\t\t\t<svg viewBox=\"0 0 90 179\" xmlns=\"http:\/\/www.w3.org\/2000\/svg\"><path transform=\"scale(0.1,-0.1) translate(0,-1536)\" d=\"M627 992q0 -13 -10 -23l-393 -393l393 -393q10 -10 10 -23t-10 -23l-50 -50q-10 -10 -23 -10t-23 10l-466 466q-10 10 -10 23t10 23l466 466q10 10 23 10t23 -10l50 -50q10 -10 10 -23z\" \/><\/svg>\n\t\t<\/div>\n\t<\/div>\n<\/caption>\n<thead class=\"jet-calendar-header\">\n\t<tr class=\"jet-calendar-header__week\"><th class=\"jet-calendar-header__week-day\">Lun<\/th><th class=\"jet-calendar-header__week-day\">Mar<\/th><th class=\"jet-calendar-header__week-day\">Mi\u00e9<\/th><th class=\"jet-calendar-header__week-day\">Jue<\/th><th class=\"jet-calendar-header__week-day\">Vie<\/th><th class=\"jet-calendar-header__week-day\">S\u00e1b<\/th><th class=\"jet-calendar-header__week-day\">Dom<\/th><\/tr>\n<\/thead><tbody><tr class=\"jet-calendar-week\"><td class=\"jet-calendar-week__day day-pad\">\n\t<div class=\"jet-calendar-week__day-wrap\">\n\t\t<div class=\"jet-calendar-week__day-header\">\n\t\t\t<div class=\"jet-calendar-week__day-date\">30<\/div>\n\t\t<\/div>\n\t\t\t\t<div class=\"jet-calendar-week__day-content\">\n\t\t\t\t<\/div>\n\t<\/div>\n<\/td><td class=\"jet-calendar-week__day day-pad\">\n\t<div class=\"jet-calendar-week__day-wrap\">\n\t\t<div class=\"jet-calendar-week__day-header\">\n\t\t\t<div class=\"jet-calendar-week__day-date\">31<\/div>\n\t\t<\/div>\n\t\t\t\t<div class=\"jet-calendar-week__day-content\">\n\t\t\t\t<\/div>\n\t<\/div>\n<\/td><td class=\"jet-calendar-week__day\">\n\t<div class=\"jet-calendar-week__day-wrap\">\n\t\t<div class=\"jet-calendar-week__day-header\">\n\t\t\t<div class=\"jet-calendar-week__day-date\">1<\/div>\n\t\t<\/div>\n\t\t\t\t<div class=\"jet-calendar-week__day-content\">\n\t\t\t\t<\/div>\n\t<\/div>\n<\/td><td class=\"jet-calendar-week__day\">\n\t<div class=\"jet-calendar-week__day-wrap\">\n\t\t<div class=\"jet-calendar-week__day-header\">\n\t\t\t<div class=\"jet-calendar-week__day-date\">2<\/div>\n\t\t<\/div>\n\t\t\t\t<div class=\"jet-calendar-week__day-content\">\n\t\t\t\t<\/div>\n\t<\/div>\n<\/td><td class=\"jet-calendar-week__day\">\n\t<div class=\"jet-calendar-week__day-wrap\">\n\t\t<div class=\"jet-calendar-week__day-header\">\n\t\t\t<div class=\"jet-calendar-week__day-date\">3<\/div>\n\t\t<\/div>\n\t\t\t\t<div class=\"jet-calendar-week__day-content\">\n\t\t\t\t<\/div>\n\t<\/div>\n<\/td><td class=\"jet-calendar-week__day\">\n\t<div class=\"jet-calendar-week__day-wrap\">\n\t\t<div class=\"jet-calendar-week__day-header\">\n\t\t\t<div class=\"jet-calendar-week__day-date\">4<\/div>\n\t\t<\/div>\n\t\t\t\t<div class=\"jet-calendar-week__day-content\">\n\t\t\t\t<\/div>\n\t<\/div>\n<\/td><td class=\"jet-calendar-week__day current-day\">\n\t<div class=\"jet-calendar-week__day-wrap\">\n\t\t<div class=\"jet-calendar-week__day-header\">\n\t\t\t<div class=\"jet-calendar-week__day-date\">5<\/div>\n\t\t<\/div>\n\t\t\t\t<div class=\"jet-calendar-week__day-content\">\n\t\t\t\t<\/div>\n\t<\/div>\n<\/td><\/tr><tr class=\"jet-calendar-week\"><td class=\"jet-calendar-week__day\">\n\t<div class=\"jet-calendar-week__day-wrap\">\n\t\t<div class=\"jet-calendar-week__day-header\">\n\t\t\t<div class=\"jet-calendar-week__day-date\">6<\/div>\n\t\t<\/div>\n\t\t\t\t<div class=\"jet-calendar-week__day-content\">\n\t\t\t\t<\/div>\n\t<\/div>\n<\/td><td class=\"jet-calendar-week__day\">\n\t<div class=\"jet-calendar-week__day-wrap\">\n\t\t<div class=\"jet-calendar-week__day-header\">\n\t\t\t<div class=\"jet-calendar-week__day-date\">7<\/div>\n\t\t<\/div>\n\t\t\t\t<div class=\"jet-calendar-week__day-content\">\n\t\t\t\t<\/div>\n\t<\/div>\n<\/td><td class=\"jet-calendar-week__day\">\n\t<div class=\"jet-calendar-week__day-wrap\">\n\t\t<div class=\"jet-calendar-week__day-header\">\n\t\t\t<div class=\"jet-calendar-week__day-date\">8<\/div>\n\t\t<\/div>\n\t\t\t\t<div class=\"jet-calendar-week__day-content\">\n\t\t\t\t<\/div>\n\t<\/div>\n<\/td><td class=\"jet-calendar-week__day\">\n\t<div class=\"jet-calendar-week__day-wrap\">\n\t\t<div class=\"jet-calendar-week__day-header\">\n\t\t\t<div class=\"jet-calendar-week__day-date\">9<\/div>\n\t\t<\/div>\n\t\t\t\t<div class=\"jet-calendar-week__day-content\">\n\t\t\t\t<\/div>\n\t<\/div>\n<\/td><td class=\"jet-calendar-week__day\">\n\t<div class=\"jet-calendar-week__day-wrap\">\n\t\t<div class=\"jet-calendar-week__day-header\">\n\t\t\t<div class=\"jet-calendar-week__day-date\">10<\/div>\n\t\t<\/div>\n\t\t\t\t<div class=\"jet-calendar-week__day-content\">\n\t\t\t\t<\/div>\n\t<\/div>\n<\/td><td class=\"jet-calendar-week__day\">\n\t<div class=\"jet-calendar-week__day-wrap\">\n\t\t<div class=\"jet-calendar-week__day-header\">\n\t\t\t<div class=\"jet-calendar-week__day-date\">11<\/div>\n\t\t<\/div>\n\t\t\t\t<div class=\"jet-calendar-week__day-content\">\n\t\t\t\t<\/div>\n\t<\/div>\n<\/td><td class=\"jet-calendar-week__day\">\n\t<div class=\"jet-calendar-week__day-wrap\">\n\t\t<div class=\"jet-calendar-week__day-header\">\n\t\t\t<div class=\"jet-calendar-week__day-date\">12<\/div>\n\t\t<\/div>\n\t\t\t\t<div class=\"jet-calendar-week__day-content\">\n\t\t\t\t<\/div>\n\t<\/div>\n<\/td><\/tr><tr class=\"jet-calendar-week\"><td class=\"jet-calendar-week__day\">\n\t<div class=\"jet-calendar-week__day-wrap\">\n\t\t<div class=\"jet-calendar-week__day-header\">\n\t\t\t<div class=\"jet-calendar-week__day-date\">13<\/div>\n\t\t<\/div>\n\t\t\t\t<div class=\"jet-calendar-week__day-content\">\n\t\t\t\t<\/div>\n\t<\/div>\n<\/td><td class=\"jet-calendar-week__day\">\n\t<div class=\"jet-calendar-week__day-wrap\">\n\t\t<div class=\"jet-calendar-week__day-header\">\n\t\t\t<div class=\"jet-calendar-week__day-date\">14<\/div>\n\t\t<\/div>\n\t\t\t\t<div class=\"jet-calendar-week__day-content\">\n\t\t\t\t<\/div>\n\t<\/div>\n<\/td><td class=\"jet-calendar-week__day\">\n\t<div class=\"jet-calendar-week__day-wrap\">\n\t\t<div class=\"jet-calendar-week__day-header\">\n\t\t\t<div class=\"jet-calendar-week__day-date\">15<\/div>\n\t\t<\/div>\n\t\t\t\t<div class=\"jet-calendar-week__day-content\">\n\t\t\t\t<\/div>\n\t<\/div>\n<\/td><td class=\"jet-calendar-week__day\">\n\t<div class=\"jet-calendar-week__day-wrap\">\n\t\t<div class=\"jet-calendar-week__day-header\">\n\t\t\t<div class=\"jet-calendar-week__day-date\">16<\/div>\n\t\t<\/div>\n\t\t\t\t<div class=\"jet-calendar-week__day-content\">\n\t\t\t\t<\/div>\n\t<\/div>\n<\/td><td class=\"jet-calendar-week__day\">\n\t<div class=\"jet-calendar-week__day-wrap\">\n\t\t<div class=\"jet-calendar-week__day-header\">\n\t\t\t<div class=\"jet-calendar-week__day-date\">17<\/div>\n\t\t<\/div>\n\t\t\t\t<div class=\"jet-calendar-week__day-content\">\n\t\t\t\t<\/div>\n\t<\/div>\n<\/td><td class=\"jet-calendar-week__day\">\n\t<div class=\"jet-calendar-week__day-wrap\">\n\t\t<div class=\"jet-calendar-week__day-header\">\n\t\t\t<div class=\"jet-calendar-week__day-date\">18<\/div>\n\t\t<\/div>\n\t\t\t\t<div class=\"jet-calendar-week__day-content\">\n\t\t\t\t<\/div>\n\t<\/div>\n<\/td><td class=\"jet-calendar-week__day\">\n\t<div class=\"jet-calendar-week__day-wrap\">\n\t\t<div class=\"jet-calendar-week__day-header\">\n\t\t\t<div class=\"jet-calendar-week__day-date\">19<\/div>\n\t\t<\/div>\n\t\t\t\t<div class=\"jet-calendar-week__day-content\">\n\t\t\t\t<\/div>\n\t<\/div>\n<\/td><\/tr><tr class=\"jet-calendar-week\"><td class=\"jet-calendar-week__day\">\n\t<div class=\"jet-calendar-week__day-wrap\">\n\t\t<div class=\"jet-calendar-week__day-header\">\n\t\t\t<div class=\"jet-calendar-week__day-date\">20<\/div>\n\t\t<\/div>\n\t\t\t\t<div class=\"jet-calendar-week__day-content\">\n\t\t\t\t<\/div>\n\t<\/div>\n<\/td><td class=\"jet-calendar-week__day\">\n\t<div class=\"jet-calendar-week__day-wrap\">\n\t\t<div class=\"jet-calendar-week__day-header\">\n\t\t\t<div class=\"jet-calendar-week__day-date\">21<\/div>\n\t\t<\/div>\n\t\t\t\t<div class=\"jet-calendar-week__day-content\">\n\t\t\t\t<\/div>\n\t<\/div>\n<\/td><td class=\"jet-calendar-week__day\">\n\t<div class=\"jet-calendar-week__day-wrap\">\n\t\t<div class=\"jet-calendar-week__day-header\">\n\t\t\t<div class=\"jet-calendar-week__day-date\">22<\/div>\n\t\t<\/div>\n\t\t\t\t<div class=\"jet-calendar-week__day-content\">\n\t\t\t\t<\/div>\n\t<\/div>\n<\/td><td class=\"jet-calendar-week__day\">\n\t<div class=\"jet-calendar-week__day-wrap\">\n\t\t<div class=\"jet-calendar-week__day-header\">\n\t\t\t<div class=\"jet-calendar-week__day-date\">23<\/div>\n\t\t<\/div>\n\t\t\t\t<div class=\"jet-calendar-week__day-content\">\n\t\t\t\t<\/div>\n\t<\/div>\n<\/td><td class=\"jet-calendar-week__day\">\n\t<div class=\"jet-calendar-week__day-wrap\">\n\t\t<div class=\"jet-calendar-week__day-header\">\n\t\t\t<div class=\"jet-calendar-week__day-date\">24<\/div>\n\t\t<\/div>\n\t\t\t\t<div class=\"jet-calendar-week__day-content\">\n\t\t\t\t<\/div>\n\t<\/div>\n<\/td><td class=\"jet-calendar-week__day\">\n\t<div class=\"jet-calendar-week__day-wrap\">\n\t\t<div class=\"jet-calendar-week__day-header\">\n\t\t\t<div class=\"jet-calendar-week__day-date\">25<\/div>\n\t\t<\/div>\n\t\t\t\t<div class=\"jet-calendar-week__day-content\">\n\t\t\t\t<\/div>\n\t<\/div>\n<\/td><td class=\"jet-calendar-week__day\">\n\t<div class=\"jet-calendar-week__day-wrap\">\n\t\t<div class=\"jet-calendar-week__day-header\">\n\t\t\t<div class=\"jet-calendar-week__day-date\">26<\/div>\n\t\t<\/div>\n\t\t\t\t<div class=\"jet-calendar-week__day-content\">\n\t\t\t\t<\/div>\n\t<\/div>\n<\/td><\/tr><tr class=\"jet-calendar-week\"><td class=\"jet-calendar-week__day\">\n\t<div class=\"jet-calendar-week__day-wrap\">\n\t\t<div class=\"jet-calendar-week__day-header\">\n\t\t\t<div class=\"jet-calendar-week__day-date\">27<\/div>\n\t\t<\/div>\n\t\t\t\t<div class=\"jet-calendar-week__day-content\">\n\t\t\t\t<\/div>\n\t<\/div>\n<\/td><td class=\"jet-calendar-week__day\">\n\t<div class=\"jet-calendar-week__day-wrap\">\n\t\t<div class=\"jet-calendar-week__day-header\">\n\t\t\t<div class=\"jet-calendar-week__day-date\">28<\/div>\n\t\t<\/div>\n\t\t\t\t<div class=\"jet-calendar-week__day-content\">\n\t\t\t\t<\/div>\n\t<\/div>\n<\/td><td class=\"jet-calendar-week__day\">\n\t<div class=\"jet-calendar-week__day-wrap\">\n\t\t<div class=\"jet-calendar-week__day-header\">\n\t\t\t<div class=\"jet-calendar-week__day-date\">29<\/div>\n\t\t<\/div>\n\t\t\t\t<div class=\"jet-calendar-week__day-content\">\n\t\t\t\t<\/div>\n\t<\/div>\n<\/td><td class=\"jet-calendar-week__day\">\n\t<div class=\"jet-calendar-week__day-wrap\">\n\t\t<div class=\"jet-calendar-week__day-header\">\n\t\t\t<div class=\"jet-calendar-week__day-date\">30<\/div>\n\t\t<\/div>\n\t\t\t\t<div class=\"jet-calendar-week__day-content\">\n\t\t\t\t<\/div>\n\t<\/div>\n<\/td><td class=\"jet-calendar-week__day day-pad\">\n\t<div class=\"jet-calendar-week__day-wrap\">\n\t\t<div class=\"jet-calendar-week__day-header\">\n\t\t\t<div class=\"jet-calendar-week__day-date\">1<\/div>\n\t\t<\/div>\n\t\t\t\t<div class=\"jet-calendar-week__day-content\">\n\t\t\t\t<\/div>\n\t<\/div>\n<\/td><td class=\"jet-calendar-week__day day-pad\">\n\t<div class=\"jet-calendar-week__day-wrap\">\n\t\t<div class=\"jet-calendar-week__day-header\">\n\t\t\t<div class=\"jet-calendar-week__day-date\">2<\/div>\n\t\t<\/div>\n\t\t\t\t<div class=\"jet-calendar-week__day-content\">\n\t\t\t\t<\/div>\n\t<\/div>\n<\/td><td class=\"jet-calendar-week__day day-pad\">\n\t<div class=\"jet-calendar-week__day-wrap\">\n\t\t<div class=\"jet-calendar-week__day-header\">\n\t\t\t<div class=\"jet-calendar-week__day-date\">3<\/div>\n\t\t<\/div>\n\t\t\t\t<div class=\"jet-calendar-week__day-content\">\n\t\t\t\t<\/div>\n\t<\/div>\n<\/td><\/tr><\/tbody><\/table><\/div>\t\t<\/div>\n\t\t\t\t<\/div>\n\t\t\t\t<div class=\"elementor-element elementor-element-d78c5e7 elementor-align-center elementor-widget elementor-widget-button\" data-id=\"d78c5e7\" data-element_type=\"widget\" data-widget_type=\"button.default\">\n\t\t\t\t<div class=\"elementor-widget-container\">\n\t\t\t\t\t<div class=\"elementor-button-wrapper\">\n\t\t\t<a class=\"elementor-button elementor-button-link elementor-size-xs\" href=\"https:\/\/webwp.igme.es\/pruebaigme\/en\/event-archive\/\">\n\t\t\t\t\t\t<span class=\"elementor-button-content-wrapper\">\n\t\t\t\t\t\t<span class=\"elementor-button-text\">View all events<\/span>\n\t\t<\/span>\n\t\t\t\t\t<\/a>\n\t\t<\/div>\n\t\t\t\t<\/div>\n\t\t\t\t<\/div>\n\t\t\t\t\t<\/div>\n\t\t<\/div>\n\t\t\t\t\t<\/div>\n\t\t<\/section>\n\t\t\t\t<\/div>\n\t\t","protected":false},"excerpt":{"rendered":"<p>octubre 2023 Lun Mar Mi\u00e9 Jue Vie S\u00e1b Dom 25 T\u00fanel Ordov\u00edcico de Asturias Ver Weekend Workshops Ver 26 T\u00fanel Ordov\u00edcico de Asturias Ver Weekend Workshops Ver 27 T\u00fanel Ordov\u00edcico de Asturias Ver Weekend Workshops Ver 28 T\u00fanel Ordov\u00edcico de Asturias Ver Weekend Workshops Ver 29 T\u00fanel Ordov\u00edcico de Asturias Ver Weekend Workshops Ver 30&#8230;<\/p>\n","protected":false},"author":1,"featured_media":9209,"parent":6620,"menu_order":0,"comment_status":"closed","ping_status":"closed","template":"","meta":{"_kad_post_transparent":"","_kad_post_title":"hide","_kad_post_layout":"fullwidth","_kad_post_sidebar_id":"","_kad_post_content_style":"unboxed","_kad_post_vertical_padding":"hide","_kad_post_feature":"hide","_kad_post_feature_position":"","_kad_post_header":false,"_kad_post_footer":false,"footnotes":""},"aioseo_notices":[],"_links":{"self":[{"href":"https:\/\/webwp.igme.es\/pruebaigme\/wp-json\/wp\/v2\/pages\/6624"}],"collection":[{"href":"https:\/\/webwp.igme.es\/pruebaigme\/wp-json\/wp\/v2\/pages"}],"about":[{"href":"https:\/\/webwp.igme.es\/pruebaigme\/wp-json\/wp\/v2\/types\/page"}],"author":[{"embeddable":true,"href":"https:\/\/webwp.igme.es\/pruebaigme\/wp-json\/wp\/v2\/users\/1"}],"replies":[{"embeddable":true,"href":"https:\/\/webwp.igme.es\/pruebaigme\/wp-json\/wp\/v2\/comments?post=6624"}],"version-history":[{"count":23,"href":"https:\/\/webwp.igme.es\/pruebaigme\/wp-json\/wp\/v2\/pages\/6624\/revisions"}],"predecessor-version":[{"id":23742,"href":"https:\/\/webwp.igme.es\/pruebaigme\/wp-json\/wp\/v2\/pages\/6624\/revisions\/23742"}],"up":[{"embeddable":true,"href":"https:\/\/webwp.igme.es\/pruebaigme\/wp-json\/wp\/v2\/pages\/6620"}],"wp:featuredmedia":[{"embeddable":true,"href":"https:\/\/webwp.igme.es\/pruebaigme\/wp-json\/wp\/v2\/media\/9209"}],"wp:attachment":[{"href":"https:\/\/webwp.igme.es\/pruebaigme\/wp-json\/wp\/v2\/media?parent=6624"}],"curies":[{"name":"wp","href":"https:\/\/api.w.org\/{rel}","templated":true}]}}